{"id":6779,"date":"2025-06-01T15:15:51","date_gmt":"2025-06-01T15:15:51","guid":{"rendered":"https:\/\/sinoextrud.com\/product\/aluminium-shop-front-extrusions\/"},"modified":"2025-06-24T06:11:40","modified_gmt":"2025-06-24T06:11:40","slug":"alumiiniumist-poefronti-ekstrusioonid","status":"publish","type":"product","link":"https:\/\/sinoextrud.com\/et\/product\/aluminium-shop-front-extrusions\/","title":{"rendered":"Alumiiniumist poefronti ekstrusioonid"},"content":{"rendered":"<h2>Toodete \u00fcksikasjad<\/h2>\n<table class=\"custom-table\">\n<tr>\n<td class=\"label\">Kuju:<\/td>\n<td>vaheseinaprofiil alumiiniumprofiil<\/td>\n<\/tr>\n<tr>\n<td class=\"label\">Temperament:<\/td>\n<td>T3-T8<\/td>\n<\/tr>\n<tr>\n<td class=\"label\">Sulam:<\/td>\n<td>Sulam<\/td>\n<\/tr>\n<tr>\n<td class=\"label\">Legeeriv koostisosa:<\/td>\n<td>6063<\/td>\n<\/tr>\n<tr>\n<td class=\"label\">Pinna viimistlemine:<\/td>\n<td>pulberv\u00e4rvitud, poleeritud, anodeeritud<\/td>\n<\/tr>\n<tr>\n<td class=\"label\">Au:<\/td>\n<td>Hiina Top 10 tarnija<\/td>\n<\/tr>\n<tr>\n<td class=\"label\">Muu viimistlus:<\/td>\n<td>Anodeerimine, liivapritsimine, pulberv\u00e4rvimine, poleerimine<\/td>\n<\/tr>\n<tr>\n<td class=\"label\">Kvaliteedigarantii:<\/td>\n<td>100% Hea toode enne saatmist<\/td>\n<\/tr>\n<tr>\n<td class=\"label\">Aktsepteeritav valuuta:<\/td>\n<td>USD, Hiina RMB, EUR<\/td>\n<\/tr>\n<tr>\n<td class=\"label\">Sertifitseerimine:<\/td>\n<td>ISO 9001<\/td>\n<\/tr>\n<tr>\n<td class=\"label\">HS-kood:<\/td>\n<td>760429900<\/td>\n<\/tr>\n<tr>\n<td class=\"label\">T\u00fc\u00fcp:<\/td>\n<td>Dekoratsioon Alumiiniumprofiil, ehitusraudtee<\/td>\n<\/tr>\n<tr>\n<td class=\"label\">Hinne:<\/td>\n<td>6000 seeria<\/td>\n<\/tr>\n<tr>\n<td class=\"label\">Toode:<\/td>\n<td>alumiiniumist ekstrusiooniprofiil<\/td>\n<\/tr>\n<tr>\n<td class=\"label\">T\u00f6\u00f6tlemine:<\/td>\n<td>Rafineeritud l\u00f5ikamine, freesimine, puurimine, stantsimine, C<\/td>\n<\/tr>\n<tr>\n<td class=\"label\">Klaasist klaasimine:<\/td>\n<td>8-12mm<\/td>\n<\/tr>\n<tr>\n<td class=\"label\">P\u00e4ritolu:<\/td>\n<td>Foshan, Guangdong.<\/td>\n<\/tr>\n<\/table>\n<h2>Meie tootmisbaas<\/h2>\n<h3>Tehase panoraam<\/h3>\n<p><img decoding=\"async\" src=\"\/wp-content\/uploads\/factory-01.webp\"\/><\/p>\n<h3>Alumiiniumvarraste tootmise t\u00f6\u00f6koda<\/h3>\n<p><img decoding=\"async\" src=\"\/wp-content\/uploads\/factory-02.webp\"\/><\/p>\n<p><img decoding=\"async\" src=\"\/wp-content\/uploads\/factory-03.webp\"\/><\/p>\n<h3>hallituse ladustamise ladu<\/h3>\n<p><img decoding=\"async\" src=\"\/wp-content\/uploads\/factory-04.webp\"\/><\/p>\n<h3>43 alumiiniumi ekstrusiooniliini (500-5500 tonni)<\/h3>\n<p><img decoding=\"async\" src=\"\/wp-content\/uploads\/factory-05.webp\"\/><\/p>\n<p><img decoding=\"async\" src=\"\/wp-content\/uploads\/factory-06.webp\"\/><\/p>\n<p><img decoding=\"async\" src=\"\/wp-content\/uploads\/factory-07.webp\"\/><\/p>\n<h3>Pulberv\u00e4rvimise t\u00f6\u00f6koda<\/h3>\n<p><img decoding=\"async\" src=\"\/wp-content\/uploads\/factory-09.webp\"\/><\/p>\n<h3>Anodiseerimise t\u00f6\u00f6koda<\/h3>\n<p><img decoding=\"async\" src=\"\/wp-content\/uploads\/factory-10.webp\"\/><\/p>\n<h3>S\u00fcgavt\u00f6\u00f6tlemise t\u00f6\u00f6tuba<\/h3>\n<p><img decoding=\"async\" src=\"\/wp-content\/uploads\/factory-11.webp\"\/><\/p>\n<h3>CNC-t\u00e4ppist\u00f6\u00f6tlemise t\u00f6\u00f6koda<\/h3>\n<p><img decoding=\"async\" src=\"\/wp-content\/uploads\/factory-11.5.webp\"\/><\/p>\n<h3>Valmistoodete ja ekspordi ladu<\/h3>\n<p><img decoding=\"async\" src=\"\/wp-content\/uploads\/factory-12.webp\"\/><\/p>\n<p><img decoding=\"async\" src=\"\/wp-content\/uploads\/factory-13.webp\"\/><\/p>\n<p><img decoding=\"async\" src=\"\/wp-content\/uploads\/factory-14.webp\"\/><\/p>\n<h2>KKK<\/h2>\n<p><p><b>1.Mis on alumiiniumist poefronti ekstrusioonid? <\/b><\/p>\n<p> Alumiiniumist poefronte on struktuursed alumiiniumprofiilid, mida kasutatakse kaubanduslike poefronte, sealhulgas uste, akende ja klaaside raamide ehitamiseks.<br \/>\n<\/p><br \/>\n<br \/>\n<p><b>2.Miks kasutada alumiiniumprofiile kaupluse foonide jaoks? <\/b><\/p>\n<p> Alumiinium on kerge, tugev, korrosioonikindel ja kohandatav, mist\u00f5ttu sobib see ideaalselt suure liiklusega kaubanduslikesse sissep\u00e4\u00e4sudesse ja vaateakendesse.<br \/>\n<\/p><br \/>\n<br \/>\n<p><b>3.Milliseid viimistlusviise on saadaval alumiiniumist poefronti profiilide jaoks? <\/b><\/p>\n<p> Levinud viimistlused on anodeerimine, pulberv\u00e4rvimine ja puidumass, mis pakuvad nii vastupidavust kui ka esteetilist paindlikkust.<br \/>\n<\/p><br \/>\n<br \/>\n<p><b>4.Kas alumiiniumist poefronti saab kohandada? <\/b><\/p>\n<p> Jah, profiile saab kohandada m\u00f5\u00f5tmete, v\u00e4rvi ja kujunduse poolest vastavalt arhitektuursetele n\u00f5uetele ja br\u00e4ndi vajadustele.<br \/>\n<\/p><br \/>\n<br \/>\n<p><b>5.Kas need profiilid sobivad kokku klaas- ja ukses\u00fcsteemidega? <\/b><\/p>\n<p> Kindlasti on alumiiniumist poefronte kavandatud nii, et need sobivad kokku erinevate klaaspaksuste ja ukse riistvaras\u00fcsteemidega.<br \/>\n<\/p><br \/>\n<br \/>\n<p><b>6.Kas alumiinium sobib v\u00e4lisseinte kasutamiseks? <\/b><\/p>\n<p> Jah, alumiiniumi loomulik korrosioonikindlus ja kaitsev viimistlus muudavad selle ideaalseks kaubanduslikeks v\u00e4lisrakendusteks.<br \/>\n<\/p><br \/>\n<br \/>\n<p><b>7.Millised ettev\u00f5tted kasutavad alumiiniumist poefronti? <\/b><\/p>\n<p> Jaekauplused, m\u00fc\u00fcgisaalid, b\u00fcroohooned, pangad ja restoranid kasutavad tavaliselt alumiiniumist fassaadis\u00fcsteeme, mis tagavad vastupidavuse ja stiilsuse.<br \/>\n<\/p><br \/>\n<br \/>\n<p><b>8.Kas alumiinium on j\u00e4tkusuutlik valik kaupluse fassaadi ehitamiseks? <\/b><\/p>\n<p> Jah, alumiinium on taaskasutatav ja toetab keskkonnas\u00f5braliku ehitamise algatusi, v\u00e4hendades keskkonnam\u00f5ju, pakkudes samas pikaajalist toimivust.<br \/>\n<\/p><br \/><\/p>","protected":false},"featured_media":6778,"template":"","categories":[67],"class_list":["post-6779","product","type-product","status-publish","has-post-thumbnail","hentry","category-architectural-aluminium-profile"],"meta_box":{"hilight_text_group":{"product_hilight_text":"<li>Engineered aluminum extrusions designed specifically for modern shop front systems<\/li>\r\r\n<li>Offers high structural strength and corrosion resistance for long-term durability<\/li>\r\r\n<li>Available in anodized, powder-coated, and custom finishes for premium aesthetics<\/li>\r\r\n<li>Compatible with glazing systems and door hardware for seamless installation<\/li>\r\r\n<li>Lightweight and easy to fabricate, reducing labor and installation time<\/li>","product_chanpin_blog":"<ul>\r\r\n<li><a href=\"https:\/\/sinoextrud.com\/t-slot-v-slot-differences\/\" target=\"_blank\">t slot vs v slot<\/a><\/li>\r\r\n<li><a href=\"https:\/\/sinoextrud.com\/what-is-4040-aluminium-extrud\/\" target=\"_blank\">4040 aluminium extrusion<\/a><\/li>\r\r\n<li><a href=\"https:\/\/sinoextrud.com\/what-is-4040-aluminium-extrud\/\" target=\"_blank\">aluminum extrusions for industrial racks<\/a><\/li>\r\r\n<li><a href=\"https:\/\/sinoextrud.com\/powder-coating-aluminium-process\/\" target=\"_blank\">powder coating aluminium<\/a><\/li>\r\r\n<li><a href=\"https:\/\/sinoextrud.com\/what-is-an-aluminium-strip-ceiling\/\" target=\"_blank\">aluminium strip ceiling<\/a><\/li>\r\r\n<li><a href=\"https:\/\/sinoextrud.com\/what-is-a-heat-sink\/\" target=\"_blank\">what is a heat sink<\/a><\/li>\r\r\n<\/ul>","product_chanpin_chanpin":"<li><a href=\"https:\/\/sinoextrud.com\/product\/anodizing-aluminium-section-sliding-window\/\" target=\"_blank\">Anodizing Aluminium Section Sliding Window<\/a><\/li>\r\n<li><a href=\"https:\/\/sinoextrud.com\/product\/wholesale-aluminium-extrusion-corner-profile\/\" target=\"_blank\">Wholesale Aluminium Extrusion Corner Profile<\/a><\/li>\r\n<li><a href=\"https:\/\/sinoextrud.com\/product\/anodizing-housings-large-aluminum-extrusions\/\" target=\"_blank\">Anodizing Housings Large Aluminum Extrusions<\/a><\/li>\r\n<li><a href=\"https:\/\/sinoextrud.com\/product\/aluminium-extrusion-profile-for-furniture-aluminum-profile-with-alloy-6063-t5-supplied-by-china-factory\/\" target=\"_blank\">Aluminium Extrusion Profile for Furniture Aluminum Profile With Alloy 6063 T5 Supplied By China Factory<\/a><\/li>\r\n<li><a href=\"https:\/\/sinoextrud.com\/product\/aluminium-shop-front-extrusions\/\" target=\"_blank\">Aluminium Shop Front Extrusions<\/a><\/li>\r\n<li><a href=\"https:\/\/sinoextrud.com\/product\/extruded-aluminum-handrail\/\" target=\"_blank\">Extruded Aluminum Handrail<\/a><\/li>\r\n<li><a href=\"https:\/\/sinoextrud.com\/product\/aluminum-mill-finish\/\" target=\"_blank\">Aluminum Mill Finish<\/a><\/li>\r\n<li><a href=\"https:\/\/sinoextrud.com\/product\/extruded-aluminum-profiles-prices-competitive-99-pure-aluminum-ingot-curtain-wall-aluminum-profile-extrusion-manufacturers\/\" target=\"_blank\">Extruded aluminum profiles prices competitive 99% pure aluminum ingot curtain wall aluminum profile extrusion manufacturers<\/a><\/li>\r\n<li><a href=\"https:\/\/sinoextrud.com\/product\/aluminium-sliding-door-profiles\/\" target=\"_blank\">Aluminium Sliding Door Profiles<\/a><\/li>\r\n<li><a href=\"https:\/\/sinoextrud.com\/product\/aluminium-extrusion-handles-for-closet\/\" target=\"_blank\">Aluminium Extrusion Handles for Closet<\/a><\/li>\r\n<li><a href=\"https:\/\/sinoextrud.com\/product\/aluminium-window-and-door-profiles\/\" target=\"_blank\">Aluminium Window And Door Profiles<\/a><\/li>"},"feature_list":[]},"_links":{"self":[{"href":"https:\/\/sinoextrud.com\/et\/wp-json\/wp\/v2\/product\/6779","targetHints":{"allow":["GET"]}}],"collection":[{"href":"https:\/\/sinoextrud.com\/et\/wp-json\/wp\/v2\/product"}],"about":[{"href":"https:\/\/sinoextrud.com\/et\/wp-json\/wp\/v2\/types\/product"}],"wp:featuredmedia":[{"embeddable":true,"href":"https:\/\/sinoextrud.com\/et\/wp-json\/wp\/v2\/media\/6778"}],"wp:attachment":[{"href":"https:\/\/sinoextrud.com\/et\/wp-json\/wp\/v2\/media?parent=6779"}],"wp:term":[{"taxonomy":"category","embeddable":true,"href":"https:\/\/sinoextrud.com\/et\/wp-json\/wp\/v2\/categories?post=6779"}],"curies":[{"name":"wp","href":"https:\/\/api.w.org\/{rel}","templated":true}]}}