{"id":6759,"date":"2025-06-01T14:52:13","date_gmt":"2025-06-01T14:52:13","guid":{"rendered":"https:\/\/sinoextrud.com\/product\/color-anodized-structural-aluminum-extrusions-profile-for-window-frame-extruded-aluminium-alloys-6063\/"},"modified":"2025-06-24T06:11:36","modified_gmt":"2025-06-24T06:11:36","slug":"varviga-anodeeritud-struktuuriline-alumiiniumprofiil-aknaraami-jaoks-pressitud-alumiiniumisulamid-6063","status":"publish","type":"product","link":"https:\/\/sinoextrud.com\/et\/product\/color-anodized-structural-aluminum-extrusions-profile-for-window-frame-extruded-aluminium-alloys-6063\/","title":{"rendered":"V\u00e4rvi anodeeritud struktuursed alumiiniumist ekstrusioonid profiil aknaraami jaoks pressitud alumiiniumisulamid 6063"},"content":{"rendered":"<h2>Toodete \u00fcksikasjad<\/h2>\n<table class=\"custom-table\">\n<tr>\n<td class=\"label\">Objekt:<\/td>\n<td> V\u00e4rvi anodeeritud struktuursed alumiiniumist ekstrusioonid profiil aknaraami jaoks pressitud alumiiniumisulamid 6063<\/td>\n<\/tr>\n<tr>\n<td class=\"label\">T\u00fc\u00fcp:<\/td>\n<td> struktuursed alumiiniumprofiilid<\/td>\n<\/tr>\n<tr>\n<td class=\"label\">Hinne:<\/td>\n<td> 6000 seeria<\/td>\n<\/tr>\n<tr>\n<td class=\"label\">aknaprussid:<\/td>\n<td> 80 seeria<\/td>\n<\/tr>\n<tr>\n<td class=\"label\">Pinna viimistlemine:<\/td>\n<td> V\u00e4rv anodeeritud h\u00f5be<\/td>\n<\/tr>\n<tr>\n<td class=\"label\">Sertifitseerimine:<\/td>\n<td> CE, ISO<\/td>\n<\/tr>\n<tr>\n<td class=\"label\">Kaubam\u00e4rk:<\/td>\n<td> Sinoextrud<\/td>\n<\/tr>\n<tr>\n<td class=\"label\">Spetsifikatsioon:<\/td>\n<td> OEM<\/td>\n<\/tr>\n<tr>\n<td class=\"label\">HS-kood:<\/td>\n<td> 7606125900<\/td>\n<\/tr>\n<tr>\n<td class=\"label\">Kuju:<\/td>\n<td> Sinoextrud 80 seeria<\/td>\n<\/tr>\n<tr>\n<td class=\"label\">Temperament:<\/td>\n<td> T3-T8<\/td>\n<\/tr>\n<tr>\n<td class=\"label\">Sulam:<\/td>\n<td> Sulam<\/td>\n<\/tr>\n<tr>\n<td class=\"label\">Legeeriv koostisosa:<\/td>\n<td> alumiinium ja alumiiniumisulamid 6063<\/td>\n<\/tr>\n<tr>\n<td class=\"label\">P\u00e4ritolu:<\/td>\n<td> Hiina<\/td>\n<\/tr>\n<\/table>\n<h2>Meie tootmisbaas<\/h2>\n<h3>Tehase panoraam<\/h3>\n<p><img decoding=\"async\" src=\"\/wp-content\/uploads\/factory-01.webp\"\/><\/p>\n<h3>Alumiiniumvarraste tootmise t\u00f6\u00f6koda<\/h3>\n<p><img decoding=\"async\" src=\"\/wp-content\/uploads\/factory-02.webp\"\/><\/p>\n<p><img decoding=\"async\" src=\"\/wp-content\/uploads\/factory-03.webp\"\/><\/p>\n<h3>hallituse ladustamise ladu<\/h3>\n<p><img decoding=\"async\" src=\"\/wp-content\/uploads\/factory-04.webp\"\/><\/p>\n<h3>43 alumiiniumi ekstrusiooniliini (500-5500 tonni)<\/h3>\n<p><img decoding=\"async\" src=\"\/wp-content\/uploads\/factory-05.webp\"\/><\/p>\n<p><img decoding=\"async\" src=\"\/wp-content\/uploads\/factory-06.webp\"\/><\/p>\n<p><img decoding=\"async\" src=\"\/wp-content\/uploads\/factory-07.webp\"\/><\/p>\n<h3>Pulberv\u00e4rvimise t\u00f6\u00f6koda<\/h3>\n<p><img decoding=\"async\" src=\"\/wp-content\/uploads\/factory-09.webp\"\/><\/p>\n<h3>Anodiseerimise t\u00f6\u00f6koda<\/h3>\n<p><img decoding=\"async\" src=\"\/wp-content\/uploads\/factory-10.webp\"\/><\/p>\n<h3>S\u00fcgavt\u00f6\u00f6tlemise t\u00f6\u00f6tuba<\/h3>\n<p><img decoding=\"async\" src=\"\/wp-content\/uploads\/factory-11.webp\"\/><\/p>\n<h3>CNC-t\u00e4ppist\u00f6\u00f6tlemise t\u00f6\u00f6koda<\/h3>\n<p><img decoding=\"async\" src=\"\/wp-content\/uploads\/factory-11.5.webp\"\/><\/p>\n<h3>Valmistoodete ja ekspordi ladu<\/h3>\n<p><img decoding=\"async\" src=\"\/wp-content\/uploads\/factory-12.webp\"\/><\/p>\n<p><img decoding=\"async\" src=\"\/wp-content\/uploads\/factory-13.webp\"\/><\/p>\n<p><img decoding=\"async\" src=\"\/wp-content\/uploads\/factory-14.webp\"\/><\/p>\n<h2>KKK<\/h2>\n<p><p><b>1.Mis on aknaraamide v\u00e4rviga anodeeritud struktuursed alumiiniumprofiilid? <\/b><\/p>\n<p> Need on 6063 sulamist valmistatud alumiiniumprofiilid, mis on anodeeritud eri v\u00e4rvides, et parandada vastupidavust ja visuaalset atraktiivsust aknaraamide kasutamisel.<br \/>\n<\/p><br \/>\n<br \/>\n<p><b>2.Miks kasutada aknaraamide jaoks 6063 pressitud alumiiniumisulameid? <\/b><\/p>\n<p> Sulam 6063 pakub suurep\u00e4rast korrosioonikindlust, pinnaviimistluse kvaliteeti ja tugevust, mist\u00f5ttu sobib see ideaalselt aknaraamide t\u00e4ppisprofiilide valmistamiseks.<br \/>\n<\/p><br \/>\n<br \/>\n<p><b>3.Mis on alumiiniumprofiilide v\u00e4rvilise anodeerimise eelis? <\/b><\/p>\n<p> V\u00e4rviline anodeerimine suurendab pinna k\u00f5vadust, kaitseb korrosiooni eest ja annab dekoratiivse viimistluse arhitektuurseks kasutamiseks.<br \/>\n<\/p><br \/>\n<br \/>\n<p><b>4.Kas need alumiiniumprofiilid sobivad aknaraamidele? <\/b><\/p>\n<p> Jah, v\u00e4rviga anodeeritud profiilid on UV- ja ilmastikukindlad, mist\u00f5ttu on need ideaalsed aknaraamide paigaldamiseks v\u00e4listingimustes.<br \/>\n<\/p><br \/>\n<br \/>\n<p><b>5.Kas ma saan tellida anodeeritud alumiiniumist aknaprofiilidele kohandatud v\u00e4rve? <\/b><\/p>\n<p> Kindlasti on saadaval kohandatud anodeeritud v\u00e4rvid, mis sobivad hoone esteetilisuse ja arhitektuurilise stiiliga.<br \/>\n<\/p><br \/>\n<br \/>\n<p><b>6.Kas anodeerimine on keskkonnas\u00f5bralik? <\/b><\/p>\n<p> Jah, anodeerimine on puhas ja ohutu protsess, mis toodab vastupidava, mittetoksilise ja taaskasutatava pinna ilma kahjulike heitmeteta.<br \/>\n<\/p><br \/>\n<br \/>\n<p><b>7.Kui kaua kestavad v\u00e4rviga anodeeritud alumiiniumist aknaprofiilid? <\/b><\/p>\n<p> N\u00f5uetekohase paigaldamise korral v\u00f5ivad anodeeritud alumiiniumprofiilid p\u00fcsida aastak\u00fcmneid ilma pleekimise, koorumise v\u00f5i korrosioonita.<br \/>\n<\/p><br \/>\n<br \/>\n<p><b>8.Millised viimistlusv\u00f5imalused on saadaval peale v\u00e4rvilise anodeerimise? <\/b><\/p>\n<p> Muude viimistluste hulka kuuluvad pulberv\u00e4rvimine, mehaaniline poleerimine ja harjamine, mis v\u00f5imaldab disaini ja funktsiooni t\u00e4iendavat kohandamist.<br \/>\n<\/p><br \/><\/p>","protected":false},"featured_media":6758,"template":"","categories":[67],"class_list":["post-6759","product","type-product","status-publish","has-post-thumbnail","hentry","category-architectural-aluminium-profile"],"meta_box":{"hilight_text_group":{"product_hilight_text":"<li>Made from premium 6063 extruded aluminum alloys for optimal strength and formability<\/li>\r\r\n<li>Color anodized finish enhances corrosion resistance and aesthetic appeal<\/li>\r\r\n<li>Designed specifically for window frame structures in architectural applications<\/li>\r\r\n<li>Durable and weather-resistant, suitable for long-term outdoor use<\/li>\r\r\n<li>Custom colors and profiles available to match various design requirements<\/li>","product_chanpin_blog":"<ul>\r\r\n<li><a href=\"https:\/\/sinoextrud.com\/t-slot-v-slot-differences\/\" target=\"_blank\">t slot vs v slot<\/a><\/li>\r\r\n<li><a href=\"https:\/\/sinoextrud.com\/what-is-4040-aluminium-extrud\/\" target=\"_blank\">4040 aluminium extrusion<\/a><\/li>\r\r\n<li><a href=\"https:\/\/sinoextrud.com\/what-is-4040-aluminium-extrud\/\" target=\"_blank\">aluminum extrusions for industrial racks<\/a><\/li>\r\r\n<li><a href=\"https:\/\/sinoextrud.com\/powder-coating-aluminium-process\/\" target=\"_blank\">powder coating aluminium<\/a><\/li>\r\r\n<li><a href=\"https:\/\/sinoextrud.com\/what-is-an-aluminium-strip-ceiling\/\" target=\"_blank\">aluminium strip ceiling<\/a><\/li>\r\r\n<li><a href=\"https:\/\/sinoextrud.com\/what-is-a-heat-sink\/\" target=\"_blank\">what is a heat sink<\/a><\/li>\r\r\n<\/ul>","product_chanpin_chanpin":"<li><a href=\"https:\/\/sinoextrud.com\/product\/powder-coating-aluminium-profiles-for-industrial\/\" target=\"_blank\">Powder Coating Aluminium Profiles For Industrial<\/a><\/li>\r\n<li><a href=\"https:\/\/sinoextrud.com\/product\/c-beam-v-slot-aluminium-profile\/\" target=\"_blank\">C Beam V Slot Aluminium Profile<\/a><\/li>\r\n<li><a href=\"https:\/\/sinoextrud.com\/product\/construction-aluminum-profile\/\" target=\"_blank\">Construction Aluminum Profile<\/a><\/li>\r\n<li><a href=\"https:\/\/sinoextrud.com\/product\/architectural-aluminum-profile\/\" target=\"_blank\">Architectural Aluminum Profile<\/a><\/li>\r\n<li><a href=\"https:\/\/sinoextrud.com\/product\/color-anodized-structural-aluminum-extrusions-profile-for-window-frame-extruded-aluminium-alloys-6063\/\" target=\"_blank\">Color Anodized structural aluminum extrusions Profile for Window Frame extruded aluminium alloys 6063<\/a><\/li>\r\n<li><a href=\"https:\/\/sinoextrud.com\/product\/building-material-aluminium-extrusion-profiles\/\" target=\"_blank\">Building Material Aluminium Extrusion Profiles<\/a><\/li>\r\n<li><a href=\"https:\/\/sinoextrud.com\/product\/expanded-metal-aluminium-profiles-partition-frame-for-bathroom-doors-busch-polish-light-top-a-grade\/\" target=\"_blank\">expanded metal aluminium profiles partition frame for bathroom doors busch polish light top a grade<\/a><\/li>\r\n<li><a href=\"https:\/\/sinoextrud.com\/product\/extude-aluminum-t-slot-and-v-slot-profile\/\" target=\"_blank\">Extude-Aluminum T Slot And V Slot Profile<\/a><\/li>\r\n<li><a href=\"https:\/\/sinoextrud.com\/product\/aluminium-square-tube-extrusion-profile-with-6063-t5-alloy-anodized-extruded-aluminium-profile\/\" target=\"_blank\">Aluminium Square Tube Extrusion Profile With 6063 T5 Alloy  Anodized Extruded Aluminium Profile<\/a><\/li>\r\n<li><a href=\"https:\/\/sinoextrud.com\/product\/aluminium-handrail-profiles\/\" target=\"_blank\">Aluminium Handrail Profiles<\/a><\/li>\r\n<li><a href=\"https:\/\/sinoextrud.com\/product\/aluminium-v-slot-extrusion\/\" target=\"_blank\">Aluminium V Slot Extrusion<\/a><\/li>"},"feature_list":[]},"_links":{"self":[{"href":"https:\/\/sinoextrud.com\/et\/wp-json\/wp\/v2\/product\/6759","targetHints":{"allow":["GET"]}}],"collection":[{"href":"https:\/\/sinoextrud.com\/et\/wp-json\/wp\/v2\/product"}],"about":[{"href":"https:\/\/sinoextrud.com\/et\/wp-json\/wp\/v2\/types\/product"}],"wp:featuredmedia":[{"embeddable":true,"href":"https:\/\/sinoextrud.com\/et\/wp-json\/wp\/v2\/media\/6758"}],"wp:attachment":[{"href":"https:\/\/sinoextrud.com\/et\/wp-json\/wp\/v2\/media?parent=6759"}],"wp:term":[{"taxonomy":"category","embeddable":true,"href":"https:\/\/sinoextrud.com\/et\/wp-json\/wp\/v2\/categories?post=6759"}],"curies":[{"name":"wp","href":"https:\/\/api.w.org\/{rel}","templated":true}]}}