{"id":6757,"date":"2025-06-01T14:48:38","date_gmt":"2025-06-01T14:48:38","guid":{"rendered":"https:\/\/sinoextrud.com\/product\/architectural-aluminum-profile\/"},"modified":"2025-06-24T06:11:36","modified_gmt":"2025-06-24T06:11:36","slug":"arhitektuurne-alumiiniumprofiil-2","status":"publish","type":"product","link":"https:\/\/sinoextrud.com\/et\/product\/architectural-aluminum-profile\/","title":{"rendered":"Arhitektuurne alumiiniumprofiil"},"content":{"rendered":"<h2>Toodete \u00fcksikasjad<\/h2>\n<table class=\"custom-table\">\n<tr>\n<td class=\"label\">Toote nimi<\/td>\n<td>Arhitektuurne alumiiniumprofiil<\/td>\n<\/tr>\n<tr>\n<td class=\"label\">Materjal<\/td>\n<td>6063-T5 alumiiniumsulam<\/td>\n<\/tr>\n<tr>\n<td class=\"label\">Laius<\/td>\n<td>10-300mm<\/td>\n<\/tr>\n<tr>\n<td class=\"label\">V\u00e4rviproov<\/td>\n<td>Tasuta<\/td>\n<\/tr>\n<tr>\n<td class=\"label\">\u00c4rit\u00fc\u00fcp<\/td>\n<td>Tehase otsem\u00fc\u00fck<\/td>\n<\/tr>\n<tr>\n<td class=\"label\">Garantii<\/td>\n<td>5 aastat<\/td>\n<\/tr>\n<tr>\n<td class=\"label\">Standardne pikkus:<\/td>\n<td>3m<\/td>\n<\/tr>\n<tr>\n<td class=\"label\">Temperament:<\/td>\n<td>T3-T8<\/td>\n<\/tr>\n<tr>\n<td class=\"label\">T\u00fc\u00fcp:<\/td>\n<td>Alumiiniumprofiil aknast ja uksest, kardinaprofiil, k\u00e4sipuu profiil jne.<\/td>\n<\/tr>\n<tr>\n<td class=\"label\">Eriteenistus:<\/td>\n<td>Pakutav kohandatud disain<\/td>\n<\/tr>\n<tr>\n<td class=\"label\">Kaubam\u00e4rk:<\/td>\n<td>Sinoextrud<\/td>\n<\/tr>\n<tr>\n<td class=\"label\">OEM:<\/td>\n<td>Pakutud.<\/td>\n<\/tr>\n<\/table>\n<h2>Meie tootmisbaas<\/h2>\n<h3>Tehase panoraam<\/h3>\n<p><img decoding=\"async\" src=\"\/wp-content\/uploads\/factory-01.webp\"\/><\/p>\n<h3>Alumiiniumvarraste tootmise t\u00f6\u00f6koda<\/h3>\n<p><img decoding=\"async\" src=\"\/wp-content\/uploads\/factory-02.webp\"\/><\/p>\n<p><img decoding=\"async\" src=\"\/wp-content\/uploads\/factory-03.webp\"\/><\/p>\n<h3>hallituse ladustamise ladu<\/h3>\n<p><img decoding=\"async\" src=\"\/wp-content\/uploads\/factory-04.webp\"\/><\/p>\n<h3>43 alumiiniumi ekstrusiooniliini (500-5500 tonni)<\/h3>\n<p><img decoding=\"async\" src=\"\/wp-content\/uploads\/factory-05.webp\"\/><\/p>\n<p><img decoding=\"async\" src=\"\/wp-content\/uploads\/factory-06.webp\"\/><\/p>\n<p><img decoding=\"async\" src=\"\/wp-content\/uploads\/factory-07.webp\"\/><\/p>\n<h3>Pulberv\u00e4rvimise t\u00f6\u00f6koda<\/h3>\n<p><img decoding=\"async\" src=\"\/wp-content\/uploads\/factory-09.webp\"\/><\/p>\n<h3>Anodiseerimise t\u00f6\u00f6koda<\/h3>\n<p><img decoding=\"async\" src=\"\/wp-content\/uploads\/factory-10.webp\"\/><\/p>\n<h3>S\u00fcgavt\u00f6\u00f6tlemise t\u00f6\u00f6tuba<\/h3>\n<p><img decoding=\"async\" src=\"\/wp-content\/uploads\/factory-11.webp\"\/><\/p>\n<h3>CNC-t\u00e4ppist\u00f6\u00f6tlemise t\u00f6\u00f6koda<\/h3>\n<p><img decoding=\"async\" src=\"\/wp-content\/uploads\/factory-11.5.webp\"\/><\/p>\n<h3>Valmistoodete ja ekspordi ladu<\/h3>\n<p><img decoding=\"async\" src=\"\/wp-content\/uploads\/factory-12.webp\"\/><\/p>\n<p><img decoding=\"async\" src=\"\/wp-content\/uploads\/factory-13.webp\"\/><\/p>\n<p><img decoding=\"async\" src=\"\/wp-content\/uploads\/factory-14.webp\"\/><\/p>\n<h2>KKK<\/h2>\n<p><p><b>1.Mis on arhitektuurne alumiiniumprofiil? <\/b><\/p>\n<p> Arhitektuurne alumiiniumprofiil on spetsiaalselt projekteeritud alumiiniumprofiil, mida kasutatakse ehitiste kujunduselementides, nagu fassaadid, aknad ja dekoratiivsed konstruktsioonid.<br \/>\n<\/p><br \/>\n<br \/>\n<p><b>2.Miks valida alumiiniumprofiilid arhitektuuriprojektide jaoks? <\/b><\/p>\n<p> Alumiiniumprofiilid pakuvad esteetilist mitmek\u00fclgsust, struktuurilist tugevust, korrosioonikindlust ja j\u00e4tkusuutlikkust, mist\u00f5ttu sobivad need ideaalselt moodsasse arhitektuuri.<br \/>\n<\/p><br \/>\n<br \/>\n<p><b>3.Kas arhitektuurseid alumiiniumprofiile saab v\u00e4rvilt ja kujult kohandada? <\/b><\/p>\n<p> Jah, need on saadaval mitmesuguste kuju-, v\u00e4rvi- ja pinnat\u00f6\u00f6tluste valikuga, et vastata konkreetsetele arhitektuurilistele vajadustele.<br \/>\n<\/p><br \/>\n<br \/>\n<p><b>4.Kas arhitektuursed alumiiniumprofiilid sobivad v\u00e4litingimustes kasutamiseks? <\/b><\/p>\n<p> Kindlasti on need korrosioonikindlad ja vastupidavad, mist\u00f5ttu sobivad need ideaalselt v\u00e4lisrakendusteks, nagu kardinad ja fassaadid.<br \/>\n<\/p><br \/>\n<br \/>\n<p><b>5.Millised viimistlused on saadaval arhitektuursete alumiiniumprofiilide jaoks? <\/b><\/p>\n<p> Tavalised viimistlusviisid on anodeerimine, pulberv\u00e4rvimine ja PVDF-kate, mis k\u00f5ik pakuvad erinevaid esteetilisi ja kaitseomadusi.<br \/>\n<\/p><br \/>\n<br \/>\n<p><b>6.Kuidas toetavad alumiiniumprofiilid s\u00e4\u00e4stvat arhitektuuri? <\/b><\/p>\n<p> Alumiinium on t\u00e4ielikult ringlussev\u00f5etav ja madala keskkonnaj\u00e4ljega, mis on koosk\u00f5las rohelise ehituse standardite ja s\u00e4\u00e4stva ehituse eesm\u00e4rkidega.<br \/>\n<\/p><br \/>\n<br \/>\n<p><b>7.Millised on arhitektuursete alumiiniumprofiilide t\u00fc\u00fcpilised rakendused? <\/b><\/p>\n<p> Neid profiile kasutatakse akna- ja ukseraamides, kardinate, p\u00e4ikesevarjude, piirded ja dekoratiivsete fassaadide valmistamiseks \u00e4ri- ja eluhoonetes.<br \/>\n<\/p><br \/>\n<br \/>\n<p><b>8.Kas arhitektuurseid alumiiniumprofiile on lihtne paigaldada? <\/b><\/p>\n<p> Jah, nende kerge olemus ja modulaarne konstruktsioon lihtsustavad paigaldamist ja v\u00e4hendavad t\u00f6\u00f6j\u00f5ukulusid arhitektuurses ehituses.<br \/>\n<\/p><br \/><\/p>","protected":false},"featured_media":6756,"template":"","categories":[67],"class_list":["post-6757","product","type-product","status-publish","has-post-thumbnail","hentry","category-architectural-aluminium-profile"],"meta_box":{"hilight_text_group":{"product_hilight_text":"<li>Precision-engineered aluminum profiles tailored for architectural applications<\/li>\r\r\n<li>Offers excellent strength-to-weight ratio for modern structural designs<\/li>\r\r\n<li>Customizable in shapes, finishes, and colors to match architectural aesthetics<\/li>\r\r\n<li>Corrosion-resistant and maintenance-free for long-term outdoor use<\/li>\r\r\n<li>Supports sustainable architecture through recyclable material use<\/li>","product_chanpin_blog":"<ul>\r\r\n<li><a href=\"https:\/\/sinoextrud.com\/t-slot-v-slot-differences\/\" target=\"_blank\">t slot vs v slot<\/a><\/li>\r\r\n<li><a href=\"https:\/\/sinoextrud.com\/what-is-4040-aluminium-extrud\/\" target=\"_blank\">4040 aluminium extrusion<\/a><\/li>\r\r\n<li><a href=\"https:\/\/sinoextrud.com\/what-is-4040-aluminium-extrud\/\" target=\"_blank\">aluminum extrusions for industrial racks<\/a><\/li>\r\r\n<li><a href=\"https:\/\/sinoextrud.com\/powder-coating-aluminium-process\/\" target=\"_blank\">powder coating aluminium<\/a><\/li>\r\r\n<li><a href=\"https:\/\/sinoextrud.com\/what-is-an-aluminium-strip-ceiling\/\" target=\"_blank\">aluminium strip ceiling<\/a><\/li>\r\r\n<li><a href=\"https:\/\/sinoextrud.com\/what-is-a-heat-sink\/\" target=\"_blank\">what is a heat sink<\/a><\/li>\r\r\n<\/ul>","product_chanpin_chanpin":"<li><a href=\"https:\/\/sinoextrud.com\/product\/aluminium-supplier-china-offer-aluminium-u-channel-extrusion-shapes-profile-for-show-enclosure-cabin\/\" target=\"_blank\">Aluminium Supplier China Offer Aluminium U Channel Extrusion Shapes Profile For Show Enclosure Cabin<\/a><\/li>\r\n<li><a href=\"https:\/\/sinoextrud.com\/product\/powder-coating-aluminium-profiles-for-industrial\/\" target=\"_blank\">Powder Coating Aluminium Profiles For Industrial<\/a><\/li>\r\n<li><a href=\"https:\/\/sinoextrud.com\/product\/c-beam-v-slot-aluminium-profile\/\" target=\"_blank\">C Beam V Slot Aluminium Profile<\/a><\/li>\r\n<li><a href=\"https:\/\/sinoextrud.com\/product\/construction-aluminum-profile\/\" target=\"_blank\">Construction Aluminum Profile<\/a><\/li>\r\n<li><a href=\"https:\/\/sinoextrud.com\/product\/architectural-aluminum-profile\/\" target=\"_blank\">Architectural Aluminum Profile<\/a><\/li>\r\n<li><a href=\"https:\/\/sinoextrud.com\/product\/color-anodized-structural-aluminum-extrusions-profile-for-window-frame-extruded-aluminium-alloys-6063\/\" target=\"_blank\">Color Anodized structural aluminum extrusions Profile for Window Frame extruded aluminium alloys 6063<\/a><\/li>\r\n<li><a href=\"https:\/\/sinoextrud.com\/product\/building-material-aluminium-extrusion-profiles\/\" target=\"_blank\">Building Material Aluminium Extrusion Profiles<\/a><\/li>\r\n<li><a href=\"https:\/\/sinoextrud.com\/product\/expanded-metal-aluminium-profiles-partition-frame-for-bathroom-doors-busch-polish-light-top-a-grade\/\" target=\"_blank\">expanded metal aluminium profiles partition frame for bathroom doors busch polish light top a grade<\/a><\/li>\r\n<li><a href=\"https:\/\/sinoextrud.com\/product\/extude-aluminum-t-slot-and-v-slot-profile\/\" target=\"_blank\">Extude-Aluminum T Slot And V Slot Profile<\/a><\/li>\r\n<li><a href=\"https:\/\/sinoextrud.com\/product\/aluminium-lightbox-extrusion\/\" target=\"_blank\">Aluminium Lightbox Extrusion<\/a><\/li>\r\n<li><a href=\"https:\/\/sinoextrud.com\/product\/aluminum-extrusion-cable-clamp-profile-cnc-custom-cable-cleat-aluminum-profile\/\" target=\"_blank\">Aluminum Extrusion Cable Clamp Profile CNC Custom Cable Cleat Aluminum Profile<\/a><\/li>"},"feature_list":[]},"_links":{"self":[{"href":"https:\/\/sinoextrud.com\/et\/wp-json\/wp\/v2\/product\/6757","targetHints":{"allow":["GET"]}}],"collection":[{"href":"https:\/\/sinoextrud.com\/et\/wp-json\/wp\/v2\/product"}],"about":[{"href":"https:\/\/sinoextrud.com\/et\/wp-json\/wp\/v2\/types\/product"}],"wp:featuredmedia":[{"embeddable":true,"href":"https:\/\/sinoextrud.com\/et\/wp-json\/wp\/v2\/media\/6756"}],"wp:attachment":[{"href":"https:\/\/sinoextrud.com\/et\/wp-json\/wp\/v2\/media?parent=6757"}],"wp:term":[{"taxonomy":"category","embeddable":true,"href":"https:\/\/sinoextrud.com\/et\/wp-json\/wp\/v2\/categories?post=6757"}],"curies":[{"name":"wp","href":"https:\/\/api.w.org\/{rel}","templated":true}]}}