{"id":6682,"date":"2025-05-30T09:35:09","date_gmt":"2025-05-30T09:35:09","guid":{"rendered":"https:\/\/sinoextrud.com\/product\/f-channel-aluminum-extrusion\/"},"modified":"2025-06-24T06:11:30","modified_gmt":"2025-06-24T06:11:30","slug":"f-kanali-alumiinium-ekstrusioon","status":"publish","type":"product","link":"https:\/\/sinoextrud.com\/et\/product\/f-channel-aluminum-extrusion\/","title":{"rendered":"F kanali alumiiniumi ekstrusioon"},"content":{"rendered":"<h2>Toodete \u00fcksikasjad<\/h2>\n<table class=\"custom-table\">\n<tr>\n<td class=\"label\">Kuju:<\/td>\n<td>F kuju alumiiniumprofiil<\/td>\n<\/tr>\n<tr>\n<td class=\"label\">Temperament:<\/td>\n<td>T3-T8<\/td>\n<\/tr>\n<tr>\n<td class=\"label\">Sulam:<\/td>\n<td>Sulam<\/td>\n<\/tr>\n<tr>\n<td class=\"label\">Legeeriv koostisosa:<\/td>\n<td>6463 jne.<\/td>\n<\/tr>\n<tr>\n<td class=\"label\">Pinna viimistlemine:<\/td>\n<td>poleerimine<\/td>\n<\/tr>\n<tr>\n<td class=\"label\">Au:<\/td>\n<td>SGS, ISO<\/td>\n<\/tr>\n<tr>\n<td class=\"label\">Muu viimistlus:<\/td>\n<td>Anodeerimine, puidurafineerimine, poleerimine<\/td>\n<\/tr>\n<tr>\n<td class=\"label\">HS-kood:<\/td>\n<td>760429900<\/td>\n<\/tr>\n<tr>\n<td class=\"label\">T\u00fc\u00fcp:<\/td>\n<td>showrrom poleerimine Alumiiniumprofiil<\/td>\n<\/tr>\n<tr>\n<td class=\"label\">T\u00f6\u00f6tlemine:<\/td>\n<td>Rafineeritud l\u00f5ikamine, puurimine, augustamine<\/td>\n<\/tr>\n<tr>\n<td class=\"label\">P\u00e4ritolu:<\/td>\n<td>Foshan, Guangdong.<\/td>\n<\/tr>\n<\/table>\n<h2>Meie tootmisbaas<\/h2>\n<h3>Tehase panoraam<\/h3>\n<p><img decoding=\"async\" src=\"\/wp-content\/uploads\/factory-01.webp\"\/><\/p>\n<h3>Alumiiniumvarraste tootmise t\u00f6\u00f6koda<\/h3>\n<p><img decoding=\"async\" src=\"\/wp-content\/uploads\/factory-02.webp\"\/><\/p>\n<p><img decoding=\"async\" src=\"\/wp-content\/uploads\/factory-03.webp\"\/><\/p>\n<h3>hallituse ladustamise ladu<\/h3>\n<p><img decoding=\"async\" src=\"\/wp-content\/uploads\/factory-04.webp\"\/><\/p>\n<h3>43 alumiiniumi ekstrusiooniliini (500-5500 tonni)<\/h3>\n<p><img decoding=\"async\" src=\"\/wp-content\/uploads\/factory-05.webp\"\/><\/p>\n<p><img decoding=\"async\" src=\"\/wp-content\/uploads\/factory-06.webp\"\/><\/p>\n<p><img decoding=\"async\" src=\"\/wp-content\/uploads\/factory-07.webp\"\/><\/p>\n<h3>Pulberv\u00e4rvimise t\u00f6\u00f6koda<\/h3>\n<p><img decoding=\"async\" src=\"\/wp-content\/uploads\/factory-09.webp\"\/><\/p>\n<h3>Anodiseerimise t\u00f6\u00f6koda<\/h3>\n<p><img decoding=\"async\" src=\"\/wp-content\/uploads\/factory-10.webp\"\/><\/p>\n<h3>S\u00fcgavt\u00f6\u00f6tlemise t\u00f6\u00f6tuba<\/h3>\n<p><img decoding=\"async\" src=\"\/wp-content\/uploads\/factory-11.webp\"\/><\/p>\n<h3>CNC-t\u00e4ppist\u00f6\u00f6tlemise t\u00f6\u00f6koda<\/h3>\n<p><img decoding=\"async\" src=\"\/wp-content\/uploads\/factory-11.5.webp\"\/><\/p>\n<h3>Valmistoodete ja ekspordi ladu<\/h3>\n<p><img decoding=\"async\" src=\"\/wp-content\/uploads\/factory-12.webp\"\/><\/p>\n<p><img decoding=\"async\" src=\"\/wp-content\/uploads\/factory-13.webp\"\/><\/p>\n<p><img decoding=\"async\" src=\"\/wp-content\/uploads\/factory-14.webp\"\/><\/p>\n<h2>KKK<\/h2>\n<p><p><b>1.Mis on F-kanali alumiiniumprofiil? <\/b><\/p>\n<p>See on F-kujulise ristl\u00f5ikega alumiiniumprofiil, mida kasutatakse paneelide ja plaatide servade toetamiseks, joondamiseks v\u00f5i viimistlemiseks.<br \/>\n<\/p><br \/>\n<br \/>\n<p><b>2.Millised on F-kanali ekstrusiooni tavalised rakendused? <\/b><\/p>\n<p>Neid kasutatakse kabinettides, ehituses, m\u00e4rgistuses, seinapaneelides ja raamis\u00fcsteemides.<br \/>\n<\/p><br \/>\n<br \/>\n<p><b>3.Miks valida F-kanalite profiilide jaoks alumiinium? <\/b><\/p>\n<p>Alumiinium on kerge, korrosioonikindel ja kergesti t\u00f6\u00f6deldav, mist\u00f5ttu sobib see ideaalselt nii funktsionaalseks kui ka esteetiliseks kasutamiseks.<br \/>\n<\/p><br \/>\n<br \/>\n<p><b>4.Kas F-kanali alumiiniumprofiile saab kohandada? <\/b><\/p>\n<p>Jah, neid saab valmistada kohandatud pikkuse, laiuse, paksuse ja viimistlusega, et need vastaksid konkreetsetele projektivajadustele.<br \/>\n<\/p><br \/>\n<br \/>\n<p><b>5.Kas F-kanali ekstrusioonid on ilmastikukindlad? <\/b><\/p>\n<p>Jah, anodeeritud v\u00f5i pulberv\u00e4rvitud pinnakattega tooted toimivad h\u00e4sti v\u00e4litingimustes v\u00f5i k\u00f5rge \u00f5huniiskusega tingimustes.<br \/>\n<\/p><br \/>\n<br \/>\n<p><b>6.Millised viimistlused on saadaval F-kanali profiilide jaoks? <\/b><\/p>\n<p>Saadaval on anodeeritud, harjatud, pulberv\u00e4rvitud ja freesitud viimistlus erinevate visuaalsete ja kaitsvate eesm\u00e4rkide saavutamiseks.<br \/>\n<\/p><br \/>\n<br \/>\n<p><b>7.Kas need profiilid toetavad paneeli servi kindlalt? <\/b><\/p>\n<p>Jah, F-kanalid on kavandatud nii, et need haarduvad ja kaitsevad kindlalt paneeli servi, v\u00e4ltides kahjustusi v\u00f5i nihkumist.<br \/>\n<\/p><br \/>\n<br \/>\n<p><b>8.Kas ma v\u00f5in kasutada F-kanali alumiiniumi koos klaaspaneelidega? <\/b><\/p>\n<p>Jah, paljud F-kanalite profiilid sobivad klaasiga, eriti dekoratiivsete v\u00f5i vaheseinte puhul.<br \/>\n<\/p><br \/>\n<br \/>\n<p><b>9.Kas neid ekstrusioone on lihtne paigaldada? <\/b><\/p>\n<p>Jah, need on m\u00f5eldud lihtsaks paigaldamiseks tavap\u00e4raste t\u00f6\u00f6riistadega ja neid saab kohapeal pikaks l\u00f5igata.<br \/>\n<\/p><br \/>\n<br \/>\n<p><b>10.Kas B2B-klientidele on kehtestatud minimaalne tellimusn\u00f5ue? <\/b><\/p>\n<p>Jah, enamik tootjaid n\u00f5uab kohandatud v\u00f5i hulgiostude puhul minimaalset tellimiskogust.<br \/>\n<\/p><br \/>\n<br \/>\n<p><b>11.Kas F-kanali profiilid saab anodeerida kohandatud v\u00e4rvides? <\/b><\/p>\n<p>Jah, eri v\u00e4rvi anodeerimine on saadaval, et t\u00e4ita br\u00e4ndi v\u00f5i disaini spetsifikatsioone.<br \/>\n<\/p><br \/>\n<br \/>\n<p><b>12.Kuidas puhastada F-kanali alumiiniumprofiile? <\/b><\/p>\n<p>Nende v\u00e4limuse ja toimimise s\u00e4ilitamiseks p\u00fchkige neid lihtsalt pehme puhastusvahendi ja pehme lapiga.<br \/>\n<\/p><br \/>\n<br \/>\n<p><b>13.Kas F-kanali alumiiniumprofiilid on keskkonnas\u00f5bralikud? <\/b><\/p>\n<p>Jah, alumiinium on taaskasutatav, mist\u00f5ttu on F-kanali profiilid keskkonnas\u00f5bralik valik.<br \/>\n<\/p><br \/>\n<br \/>\n<p><b>14.Kas tarnijad pakuvad tehnilisi jooniseid v\u00f5i CAD-faile? <\/b><\/p>\n<p>Jah, paljud tootjad pakuvad CAD-jooniseid, mis aitavad projekteerimisel ja integreerimisel.<br \/>\n<\/p><br \/>\n<br \/>\n<p><b>15.Milline on t\u00fc\u00fcpiline tootmisperiood? <\/b><\/p>\n<p>Tarneaeg on tavaliselt 2 kuni 5 n\u00e4dalat, s\u00f5ltuvalt kohandamisest ja tellimuse mahust.<br \/>\n<\/p><br \/><\/p>","protected":false},"featured_media":6681,"template":"","categories":[66],"class_list":["post-6682","product","type-product","status-publish","has-post-thumbnail","hentry","category-brushed-aluminum-profile"],"meta_box":{"hilight_text_group":{"product_hilight_text":"<li>High-strength aluminum alloy ensures structural stability and long-term use<\/li>\r\r\n<li>F-shaped profile ideal for panel mounting, edge protection, and trim applications<\/li>\r\r\n<li>Corrosion-resistant surface suitable for indoor and outdoor environments<\/li>\r\r\n<li>Customizable dimensions and finishes for various industrial and architectural uses<\/li>\r\r\n<li>Compatible with a wide range of materials including wood, plastic, and glass<\/li>","product_chanpin_blog":"<ul>\r\r\n<li><a href=\"https:\/\/sinoextrud.com\/t-slot-v-slot-differences\/\" target=\"_blank\">t slot vs v slot<\/a><\/li>\r\r\n<li><a href=\"https:\/\/sinoextrud.com\/what-is-4040-aluminium-extrud\/\" target=\"_blank\">4040 aluminium extrusion<\/a><\/li>\r\r\n<li><a href=\"https:\/\/sinoextrud.com\/what-is-4040-aluminium-extrud\/\" target=\"_blank\">aluminum extrusions for industrial racks<\/a><\/li>\r\r\n<li><a href=\"https:\/\/sinoextrud.com\/powder-coating-aluminium-process\/\" target=\"_blank\">powder coating aluminium<\/a><\/li>\r\r\n<li><a href=\"https:\/\/sinoextrud.com\/what-is-an-aluminium-strip-ceiling\/\" target=\"_blank\">aluminium strip ceiling<\/a><\/li>\r\r\n<li><a href=\"https:\/\/sinoextrud.com\/what-is-a-heat-sink\/\" target=\"_blank\">what is a heat sink<\/a><\/li>\r\r\n<\/ul>","product_chanpin_chanpin":"<li><a href=\"https:\/\/sinoextrud.com\/product\/aluminum-extrusion-aluminum-edge-trim-for-truck-body-cabins-profiles\/\" target=\"_blank\">Aluminum Extrusion Aluminum Edge Trim For Truck Body Cabins Profiles<\/a><\/li>\r\n<li><a href=\"https:\/\/sinoextrud.com\/product\/aluminum-extrusion-6063-powder-coating-aluminum-tile-roof-profile\/\" target=\"_blank\">Aluminum Extrusion 6063 Powder Coating Aluminum Tile Roof Profile<\/a><\/li>\r\n<li><a href=\"https:\/\/sinoextrud.com\/product\/brushed-aluminum-profiles\/\" target=\"_blank\">Brushed Aluminum Profiles<\/a><\/li>\r\n<li><a href=\"https:\/\/sinoextrud.com\/product\/aluminum-photo-frame-profile\/\" target=\"_blank\">Aluminum Photo Frame Profile<\/a><\/li>\r\n<li><a href=\"https:\/\/sinoextrud.com\/product\/f-channel-aluminum-extrusion\/\" target=\"_blank\">F Channel Aluminum Extrusion<\/a><\/li>\r\n<li><a href=\"https:\/\/sinoextrud.com\/product\/aluminum-glazing-extrusions\/\" target=\"_blank\">Aluminum Glazing Extrusions<\/a><\/li>\r\n<li><a href=\"https:\/\/sinoextrud.com\/product\/polished-aluminum-u-channel\/\" target=\"_blank\">Polished Aluminum U Channel<\/a><\/li>\r\n<li><a href=\"https:\/\/sinoextrud.com\/product\/mirror-like-polished-aluminium-extrusion-profiles\/\" target=\"_blank\">Mirror like Polished aluminium extrusion profiles<\/a><\/li>\r\n<li><a href=\"https:\/\/sinoextrud.com\/product\/polished-aluminium-profiles\/\" target=\"_blank\">Polished Aluminium Profiles<\/a><\/li>\r\n<li><a href=\"https:\/\/sinoextrud.com\/product\/powder-coated-wooden-grain-aluminium-shutter-profile\/\" target=\"_blank\">Powder Coated Wooden Grain Aluminium Shutter Profile<\/a><\/li>\r\n<li><a href=\"https:\/\/sinoextrud.com\/product\/aluminium-extrusion-wood-grain-aluminum-profile\/\" target=\"_blank\">Aluminium Extrusion Wood Grain Aluminum Profile<\/a><\/li>"},"feature_list":[]},"_links":{"self":[{"href":"https:\/\/sinoextrud.com\/et\/wp-json\/wp\/v2\/product\/6682","targetHints":{"allow":["GET"]}}],"collection":[{"href":"https:\/\/sinoextrud.com\/et\/wp-json\/wp\/v2\/product"}],"about":[{"href":"https:\/\/sinoextrud.com\/et\/wp-json\/wp\/v2\/types\/product"}],"wp:featuredmedia":[{"embeddable":true,"href":"https:\/\/sinoextrud.com\/et\/wp-json\/wp\/v2\/media\/6681"}],"wp:attachment":[{"href":"https:\/\/sinoextrud.com\/et\/wp-json\/wp\/v2\/media?parent=6682"}],"wp:term":[{"taxonomy":"category","embeddable":true,"href":"https:\/\/sinoextrud.com\/et\/wp-json\/wp\/v2\/categories?post=6682"}],"curies":[{"name":"wp","href":"https:\/\/api.w.org\/{rel}","templated":true}]}}