{"id":6680,"date":"2025-05-30T09:28:54","date_gmt":"2025-05-30T09:28:54","guid":{"rendered":"https:\/\/sinoextrud.com\/product\/aluminum-photo-frame-profile\/"},"modified":"2025-06-24T06:11:30","modified_gmt":"2025-06-24T06:11:30","slug":"alumiiniumist-pildiraami-profiil","status":"publish","type":"product","link":"https:\/\/sinoextrud.com\/et\/product\/aluminum-photo-frame-profile\/","title":{"rendered":"Alumiiniumist pildiraami profiil"},"content":{"rendered":"<h2>Toodete \u00fcksikasjad<\/h2>\n<table class=\"custom-table\">\n<tr>\n<td class=\"label\">Toote nimi<\/td>\n<td>Alumiiniumist pildiraami profiil<\/td>\n<\/tr>\n<tr>\n<td class=\"label\">Materjal<\/td>\n<td>6063, 6061, 6043, 6082 Alumiiniumsulam<\/td>\n<\/tr>\n<tr>\n<td class=\"label\">V\u00e4rv<\/td>\n<td>Kohandatud<\/td>\n<\/tr>\n<tr>\n<td class=\"label\">Hinne<\/td>\n<td>6000-seeria<\/td>\n<\/tr>\n<tr>\n<td class=\"label\">Paksus<\/td>\n<td>Kohandatud<\/td>\n<\/tr>\n<tr>\n<td class=\"label\">Kasutamine<\/td>\n<td>Kaunistus<\/td>\n<\/tr>\n<tr>\n<td class=\"label\">Temper<\/td>\n<td>T3-T8<\/td>\n<\/tr>\n<tr>\n<td class=\"label\">Pikkus<\/td>\n<td>Kohandatud<\/td>\n<\/tr>\n<tr>\n<td class=\"label\">Pinnat\u00f6\u00f6tlus<\/td>\n<td>Pulbriline pinnakate, Mill Finish, PVDF, anodeeritud, puidumass, poleeritud, harjatud jne.<\/td>\n<\/tr>\n<tr>\n<td class=\"label\">Orgin<\/td>\n<td>KINA<\/td>\n<\/tr>\n<tr>\n<td class=\"label\">Kas sulam v\u00f5i mitte<\/td>\n<td>Kas sulam on sulam<\/td>\n<\/tr>\n<tr>\n<td class=\"label\">Sadam<\/td>\n<td>Guangzhou, Shenzhen, Foshan<br \/>- Sisemine pakend: kaitsekile pinnal ilma logota iga t\u00fcki kohta.<br \/>-V\u00e4lispakend: veekindel k\u00e4sit\u00f6\u00f6paber, mis v\u00f5tab umbes 3%-5% brutokaalust.<br \/>-Sisemine pakend: kaitsev pol\u00fckott igale t\u00fckile.<br \/>-v\u00e4line pakend: puidust kaubaalused + rauast k\u00e4ru.<br \/>Kohandatud pakkimise taotlus saadaval.<\/td>\n<\/tr>\n<\/table>\n<h2>Meie tootmisbaas<\/h2>\n<h3>Tehase panoraam<\/h3>\n<p><img decoding=\"async\" src=\"\/wp-content\/uploads\/factory-01.webp\"\/><\/p>\n<h3>Alumiiniumvarraste tootmise t\u00f6\u00f6koda<\/h3>\n<p><img decoding=\"async\" src=\"\/wp-content\/uploads\/factory-02.webp\"\/><\/p>\n<p><img decoding=\"async\" src=\"\/wp-content\/uploads\/factory-03.webp\"\/><\/p>\n<h3>hallituse ladustamise ladu<\/h3>\n<p><img decoding=\"async\" src=\"\/wp-content\/uploads\/factory-04.webp\"\/><\/p>\n<h3>43 alumiiniumi ekstrusiooniliini (500-5500 tonni)<\/h3>\n<p><img decoding=\"async\" src=\"\/wp-content\/uploads\/factory-05.webp\"\/><\/p>\n<p><img decoding=\"async\" src=\"\/wp-content\/uploads\/factory-06.webp\"\/><\/p>\n<p><img decoding=\"async\" src=\"\/wp-content\/uploads\/factory-07.webp\"\/><\/p>\n<h3>Pulberv\u00e4rvimise t\u00f6\u00f6koda<\/h3>\n<p><img decoding=\"async\" src=\"\/wp-content\/uploads\/factory-09.webp\"\/><\/p>\n<h3>Anodiseerimise t\u00f6\u00f6koda<\/h3>\n<p><img decoding=\"async\" src=\"\/wp-content\/uploads\/factory-10.webp\"\/><\/p>\n<h3>S\u00fcgavt\u00f6\u00f6tlemise t\u00f6\u00f6tuba<\/h3>\n<p><img decoding=\"async\" src=\"\/wp-content\/uploads\/factory-11.webp\"\/><\/p>\n<h3>CNC-t\u00e4ppist\u00f6\u00f6tlemise t\u00f6\u00f6koda<\/h3>\n<p><img decoding=\"async\" src=\"\/wp-content\/uploads\/factory-11.5.webp\"\/><\/p>\n<h3>Valmistoodete ja ekspordi ladu<\/h3>\n<p><img decoding=\"async\" src=\"\/wp-content\/uploads\/factory-12.webp\"\/><\/p>\n<p><img decoding=\"async\" src=\"\/wp-content\/uploads\/factory-13.webp\"\/><\/p>\n<p><img decoding=\"async\" src=\"\/wp-content\/uploads\/factory-14.webp\"\/><\/p>\n<h2>KKK<\/h2>\n<p><p><b>1.Mis on alumiiniumist pildiraami profiil? <\/b><\/p>\n<p>See on pressitud alumiiniumprofiil, mis on m\u00f5eldud spetsiaalselt foto- v\u00f5i kunstiteose raamide kokkupanekuks, pakkudes elegantset ja moodsat v\u00e4limust.<br \/>\n<\/p><br \/>\n<br \/>\n<p><b>2.Miks valida alumiiniumprofiilid pildiraamidele? <\/b><\/p>\n<p>Alumiiniumprofiilid on kerged, vastupidavad ja pakuvad k\u00f5rgetasemelist viimistlust, mis parandab fotode ja kunstiteoste esitlust.<br \/>\n<\/p><br \/>\n<br \/>\n<p><b>3.Kas alumiiniumist pildiraami profiile saab kohandada? <\/b><\/p>\n<p>Jah, need on saadaval kohandatud pikkuse, v\u00e4rvi ja kujuga, et vastata erinevatele raamimisvajadustele.<br \/>\n<\/p><br \/>\n<br \/>\n<p><b>4.Kas alumiiniumist pildiraami profiilid on roostekindlad? <\/b><\/p>\n<p>Jah, need on loomulikult korrosioonikindlad ja sobivad pikaajaliseks kasutamiseks erinevates keskkondades.<br \/>\n<\/p><br \/>\n<br \/>\n<p><b>5.Millised viimistlused on saadaval alumiiniumraamiprofiilidele? <\/b><\/p>\n<p>Levinumad valikud on anodeeritud, harjatud, matt ja pulberv\u00e4rvitud viimistlused erinevates v\u00e4rvides.<br \/>\n<\/p><br \/>\n<br \/>\n<p><b>6.Kas alumiiniumist pildiraami profiilide kokkupanek on lihtne? <\/b><\/p>\n<p>Jah, profiilid on m\u00f5eldud kiireks ja turvaliseks kokkupanekuks, mist\u00f5ttu on need ideaalsed nii masstootmiseks kui ka koduseks kasutamiseks.<br \/>\n<\/p><br \/>\n<br \/>\n<p><b>7.Millise paksusega foto v\u00f5i kunstiteoseid need profiilid toetavad? <\/b><\/p>\n<p>Need sobivad eri paksusega, s\u00f5ltuvalt profiili kujundusest tavaliselt tavaprintidest kuni paigaldatud kunstiteosteni.<br \/>\n<\/p><br \/>\n<br \/>\n<p><b>8.Kas need profiilid sobivad kaubanduslikuks raamimiseks? <\/b><\/p>\n<p>Jah, neid kasutatakse laialdaselt galeriides, jaem\u00fc\u00fcgi v\u00e4ljapanekutes ja \u00e4rikeskkondades nende puhta v\u00e4limuse ja vastupidavuse t\u00f5ttu.<br \/>\n<\/p><br \/>\n<br \/>\n<p><b>9.Kas nad tulevad koos tarvikutega raami ehitamiseks? <\/b><\/p>\n<p>Enamik tarnijaid pakub sobivaid tarvikuid, nagu nurgad, tagaplaadid ja rippuvad riistad.<br \/>\n<\/p><br \/>\n<br \/>\n<p><b>10.Kas neid saab kasutada suurte raamide puhul? <\/b><\/p>\n<p>Jah, teatavad alumiiniumprofiilid on m\u00f5eldud suuremate raamide kandmiseks ilma v\u00e4\u00e4ndumise v\u00f5i paindumiseta.<br \/>\n<\/p><br \/>\n<br \/>\n<p><b>11.Kas alumiiniumist pildiraamiprofiilid on keskkonnas\u00f5bralikud? <\/b><\/p>\n<p>Jah, alumiinium on t\u00e4ielikult taaskasutatav, mist\u00f5ttu on need profiilid j\u00e4tkusuutlik valik raamimiseks.<br \/>\n<\/p><br \/>\n<br \/>\n<p><b>12.Kuidas hooldate alumiiniumist pildiraami profiile? <\/b><\/p>\n<p>P\u00fchkige pehme, niiske lapiga, et eemaldada tolm ja hoida pind puhas ja atraktiivne.<br \/>\n<\/p><br \/>\n<br \/>\n<p><b>13.Milline on tellimuste t\u00fc\u00fcpiline valmimisaeg? <\/b><\/p>\n<p>Tarneaeg on erinev, kuid standardtellimused t\u00e4idetakse tavaliselt 2-4 n\u00e4dala jooksul, s\u00f5ltuvalt kohandamisest.<br \/>\n<\/p><br \/>\n<br \/>\n<p><b>14.Kas tarnijad pakuvad hulgitellimuse allahindlusi? <\/b><\/p>\n<p>Jah, enamik tarnijaid pakuvad hulgi- v\u00f5i B2B-tellimuste puhul mahusoodustusi.<br \/>\n<\/p><br \/>\n<br \/>\n<p><b>15.Kas need profiilid sobivad kokku klaasimaterjalidega? <\/b><\/p>\n<p>Jah, need on m\u00f5eldud t\u00f6\u00f6tama koos erinevate klaaside, n\u00e4iteks akr\u00fc\u00fcl- v\u00f5i klaasiklaasiga.<br \/>\n<\/p><br \/><\/p>","protected":false},"featured_media":6679,"template":"","categories":[64],"class_list":["post-6680","product","type-product","status-publish","has-post-thumbnail","hentry","category-new-trend-aluminium-products"],"meta_box":{"hilight_text_group":{"product_hilight_text":"<li>Lightweight and durable aluminum construction for long-lasting frame support<\/li>\r\r\n<li>Precision-extruded profiles ensure easy assembly and professional finish<\/li>\r\r\n<li>Corrosion-resistant surface ideal for both indoor and outdoor display frames<\/li>\r\r\n<li>Available in various anodized and powder-coated finishes to match design themes<\/li>\r\r\n<li>Customizable sizes and shapes to suit diverse picture framing applications<\/li>","product_chanpin_blog":"<ul>\r\r\n<li><a href=\"https:\/\/sinoextrud.com\/t-slot-v-slot-differences\/\" target=\"_blank\">t slot vs v slot<\/a><\/li>\r\r\n<li><a href=\"https:\/\/sinoextrud.com\/what-is-4040-aluminium-extrud\/\" target=\"_blank\">4040 aluminium extrusion<\/a><\/li>\r\r\n<li><a href=\"https:\/\/sinoextrud.com\/what-is-4040-aluminium-extrud\/\" target=\"_blank\">aluminum extrusions for industrial racks<\/a><\/li>\r\r\n<li><a href=\"https:\/\/sinoextrud.com\/powder-coating-aluminium-process\/\" target=\"_blank\">powder coating aluminium<\/a><\/li>\r\r\n<li><a href=\"https:\/\/sinoextrud.com\/what-is-an-aluminium-strip-ceiling\/\" target=\"_blank\">aluminium strip ceiling<\/a><\/li>\r\r\n<li><a href=\"https:\/\/sinoextrud.com\/what-is-a-heat-sink\/\" target=\"_blank\">what is a heat sink<\/a><\/li>\r\r\n<\/ul>","product_chanpin_chanpin":"<li><a href=\"https:\/\/sinoextrud.com\/product\/aluminum-extrusion-baseboard-aluminum-skirting-profile\/\" target=\"_blank\">Aluminum Extrusion Baseboard Aluminum Skirting Profile<\/a><\/li>\r\n<li><a href=\"https:\/\/sinoextrud.com\/product\/aluminum-extrusion-aluminum-edge-trim-for-truck-body-cabins-profiles\/\" target=\"_blank\">Aluminum Extrusion Aluminum Edge Trim For Truck Body Cabins Profiles<\/a><\/li>\r\n<li><a href=\"https:\/\/sinoextrud.com\/product\/aluminum-extrusion-6063-powder-coating-aluminum-tile-roof-profile\/\" target=\"_blank\">Aluminum Extrusion 6063 Powder Coating Aluminum Tile Roof Profile<\/a><\/li>\r\n<li><a href=\"https:\/\/sinoextrud.com\/product\/brushed-aluminum-profiles\/\" target=\"_blank\">Brushed Aluminum Profiles<\/a><\/li>\r\n<li><a href=\"https:\/\/sinoextrud.com\/product\/aluminum-photo-frame-profile\/\" target=\"_blank\">Aluminum Photo Frame Profile<\/a><\/li>\r\n<li><a href=\"https:\/\/sinoextrud.com\/product\/f-channel-aluminum-extrusion\/\" target=\"_blank\">F Channel Aluminum Extrusion<\/a><\/li>\r\n<li><a href=\"https:\/\/sinoextrud.com\/product\/aluminum-glazing-extrusions\/\" target=\"_blank\">Aluminum Glazing Extrusions<\/a><\/li>\r\n<li><a href=\"https:\/\/sinoextrud.com\/product\/polished-aluminum-u-channel\/\" target=\"_blank\">Polished Aluminum U Channel<\/a><\/li>\r\n<li><a href=\"https:\/\/sinoextrud.com\/product\/mirror-like-polished-aluminium-extrusion-profiles\/\" target=\"_blank\">Mirror like Polished aluminium extrusion profiles<\/a><\/li>\r\n<li><a href=\"https:\/\/sinoextrud.com\/product\/aluminium-extrusion-pipe\/\" target=\"_blank\">Aluminium Extrusion Pipe<\/a><\/li>\r\n<li><a href=\"https:\/\/sinoextrud.com\/product\/aluminium-solar-frame-profile\/\" target=\"_blank\">Aluminium Solar Frame Profile<\/a><\/li>"},"feature_list":[]},"_links":{"self":[{"href":"https:\/\/sinoextrud.com\/et\/wp-json\/wp\/v2\/product\/6680","targetHints":{"allow":["GET"]}}],"collection":[{"href":"https:\/\/sinoextrud.com\/et\/wp-json\/wp\/v2\/product"}],"about":[{"href":"https:\/\/sinoextrud.com\/et\/wp-json\/wp\/v2\/types\/product"}],"wp:featuredmedia":[{"embeddable":true,"href":"https:\/\/sinoextrud.com\/et\/wp-json\/wp\/v2\/media\/6679"}],"wp:attachment":[{"href":"https:\/\/sinoextrud.com\/et\/wp-json\/wp\/v2\/media?parent=6680"}],"wp:term":[{"taxonomy":"category","embeddable":true,"href":"https:\/\/sinoextrud.com\/et\/wp-json\/wp\/v2\/categories?post=6680"}],"curies":[{"name":"wp","href":"https:\/\/api.w.org\/{rel}","templated":true}]}}