{"id":6675,"date":"2025-05-30T08:09:46","date_gmt":"2025-05-30T08:09:46","guid":{"rendered":"https:\/\/sinoextrud.com\/product\/aluminum-extrusion-6063-powder-coating-aluminum-tile-roof-profile\/"},"modified":"2025-06-24T06:11:29","modified_gmt":"2025-06-24T06:11:29","slug":"alumiinium-ekstrusioon-6063-pulbervarvimine-alumiiniumist-katuseprofiil","status":"publish","type":"product","link":"https:\/\/sinoextrud.com\/et\/product\/aluminum-extrusion-6063-powder-coating-aluminum-tile-roof-profile\/","title":{"rendered":"Alumiinium ekstrusioon 6063 pulberv\u00e4rvimine alumiiniumist katuseprofiil"},"content":{"rendered":"<h2>Toodete \u00fcksikasjad<\/h2>\n<table class=\"custom-table\">\n<tr>\n<td class=\"label\">Toote nimi<\/td>\n<td>Alumiinium ekstrusioon 6063 pulberv\u00e4rvimine alumiiniumist katuseprofiil<\/td>\n<\/tr>\n<tr>\n<td class=\"label\">Tootevalik<\/td>\n<td>Alumiinium ekstrusioon alumiiniumist katuseplaatide jaoks, katusekatuse profiilid, kerged katusematerjalid, vastupidavad katusekattev\u00f5imalused, ilmastikukindlad katusekatted 7. Pikaajalised katusekattelahendused 8. Kohandatavad katuseprofiilid 9. Energiat\u00f5husad katusekattematerjalid 10. Keskkonnas\u00f5bralikud katusekattev\u00f5imalused jne.<\/td>\n<\/tr>\n<tr>\n<td class=\"label\">Taotlus<\/td>\n<td>elamud, \u00e4rihooned ja t\u00f6\u00f6stusrajatised jne.<\/td>\n<\/tr>\n<tr>\n<td class=\"label\">Alumiiniumsulam<\/td>\n<td>6000 seeria, 6063<\/td>\n<\/tr>\n<tr>\n<td class=\"label\">Temper<\/td>\n<td>T5-T8<\/td>\n<\/tr>\n<tr>\n<td class=\"label\">Kuju<\/td>\n<td>kohandamine<\/td>\n<\/tr>\n<tr>\n<td class=\"label\">Paksus<\/td>\n<td>0.65mm, 0.8mm, 1.0mm<\/td>\n<\/tr>\n<tr>\n<td class=\"label\">Pikkus<\/td>\n<td>1-9m<\/td>\n<\/tr>\n<tr>\n<td class=\"label\">Pinnat\u00f6\u00f6tlus<\/td>\n<td>v\u00f5imsuskate v\u00f5i kohandamine<\/td>\n<\/tr>\n<tr>\n<td class=\"label\">CNC s\u00fcgavt\u00f6\u00f6tlemine<\/td>\n<td>l\u00f5ikamine, puurimine, mehaaniline t\u00f6\u00f6tlemine, stantsimine, painutamine, koputades jne.<\/td>\n<\/tr>\n<tr>\n<td class=\"label\">Sertifikaadid<\/td>\n<td>CE, ISO, SGS, TUV, ROHS<\/td>\n<\/tr>\n<tr>\n<td class=\"label\">Proovid<\/td>\n<td>tasuta proov. 1-3 p\u00e4eva jooksul toimetatakse teile.<\/td>\n<\/tr>\n<tr>\n<td class=\"label\">MOQ<\/td>\n<td>200 kg iga profiili kohta<\/td>\n<\/tr>\n<tr>\n<td class=\"label\">Tarneaeg<\/td>\n<td>Vormi v\u00e4ljat\u00f6\u00f6tamine ja n\u00e4idise konformatsioon on 12-15 p\u00e4eva, seej\u00e4rel tootmisperiood on 15-25 p\u00e4eva p\u00e4rast ostjalt tagatisraha saamist.<\/td>\n<\/tr>\n<tr>\n<td class=\"label\">Maksetingimused<\/td>\n<td>30% tagatisraha enne tootmist ja saldo enne saatmist.<\/td>\n<\/tr>\n<\/table>\n<h2>Meie tootmisbaas<\/h2>\n<h3>Tehase panoraam<\/h3>\n<p><img decoding=\"async\" src=\"\/wp-content\/uploads\/factory-01.webp\"\/><\/p>\n<h3>Alumiiniumvarraste tootmise t\u00f6\u00f6koda<\/h3>\n<p><img decoding=\"async\" src=\"\/wp-content\/uploads\/factory-02.webp\"\/><\/p>\n<p><img decoding=\"async\" src=\"\/wp-content\/uploads\/factory-03.webp\"\/><\/p>\n<h3>hallituse ladustamise ladu<\/h3>\n<p><img decoding=\"async\" src=\"\/wp-content\/uploads\/factory-04.webp\"\/><\/p>\n<h3>43 alumiiniumi ekstrusiooniliini (500-5500 tonni)<\/h3>\n<p><img decoding=\"async\" src=\"\/wp-content\/uploads\/factory-05.webp\"\/><\/p>\n<p><img decoding=\"async\" src=\"\/wp-content\/uploads\/factory-06.webp\"\/><\/p>\n<p><img decoding=\"async\" src=\"\/wp-content\/uploads\/factory-07.webp\"\/><\/p>\n<h3>Pulberv\u00e4rvimise t\u00f6\u00f6koda<\/h3>\n<p><img decoding=\"async\" src=\"\/wp-content\/uploads\/factory-09.webp\"\/><\/p>\n<h3>Anodiseerimise t\u00f6\u00f6koda<\/h3>\n<p><img decoding=\"async\" src=\"\/wp-content\/uploads\/factory-10.webp\"\/><\/p>\n<h3>S\u00fcgavt\u00f6\u00f6tlemise t\u00f6\u00f6tuba<\/h3>\n<p><img decoding=\"async\" src=\"\/wp-content\/uploads\/factory-11.webp\"\/><\/p>\n<h3>CNC-t\u00e4ppist\u00f6\u00f6tlemise t\u00f6\u00f6koda<\/h3>\n<p><img decoding=\"async\" src=\"\/wp-content\/uploads\/factory-11.5.webp\"\/><\/p>\n<h3>Valmistoodete ja ekspordi ladu<\/h3>\n<p><img decoding=\"async\" src=\"\/wp-content\/uploads\/factory-12.webp\"\/><\/p>\n<p><img decoding=\"async\" src=\"\/wp-content\/uploads\/factory-13.webp\"\/><\/p>\n<p><img decoding=\"async\" src=\"\/wp-content\/uploads\/factory-14.webp\"\/><\/p>\n<h2>KKK<\/h2>\n<p><p><b>1.Mis on alumiiniumist ekstrusioon 6063 pulberv\u00e4rvitud alumiiniumplaatide katuseprofiil?<\/b><\/p>\n<p>See on 6063 sulamist valmistatud alumiiniumprofiil, mis on pulberv\u00e4rvitud ja m\u00f5eldud kasutamiseks katusekattes\u00fcsteemides, et tagada vastupidavus ja esteetiline v\u00e4limus.<br \/>\n<\/p><br \/>\n<br \/>\n<p><b>2.Millised on 6063 pulberv\u00e4rvitud alumiiniumist katuseprofiilide peamised eelised?<\/b><\/p>\n<p>Nad pakuvad suurep\u00e4rast korrosioonikindlust, kerget tugevust, UV-kaitset, ilmastikukindlust ja siledat, kauakestvat viimistlust.<br \/>\n<\/p><br \/>\n<br \/>\n<p><b>3.Miks valida 6063 alumiiniumisulam katuseprofiilide jaoks?<\/b><\/p>\n<p>6063 sulam pakub h\u00e4id mehaanilisi omadusi, suurep\u00e4raseid pinnaviimistlusv\u00f5imalusi ja sobib ideaalselt v\u00e4lisarhitektuurilisteks rakendusteks, n\u00e4iteks katuste katmiseks.<br \/>\n<\/p><br \/>\n<br \/>\n<p><b>4.Can 6063 pulberv\u00e4rvitud alumiiniumist katuseprofiilid on kohandatud?<\/b><\/p>\n<p>Jah, neid saab kohandada kuju, suuruse, pulberv\u00e4rvi, tekstuuri ja pikkuse poolest, et need vastaksid konkreetsetele katusekatte disaini- ja toimivusn\u00f5uetele.<br \/>\n<\/p><br \/>\n<br \/>\n<p><b>5.Kuidas pulberv\u00e4rvimine parandab alumiiniumplaatide katuseprofiili j\u00f5udlust?<\/b><\/p>\n<p>Pulbriline pinnakate loob tugeva ja \u00fchtlase kaitsekihi, mis on vastupidav pleekimisele, l\u00f5henemisele, kriimustustele ja keskkonnakahjustustele.<br \/>\n<\/p><br \/>\n<br \/>\n<p><b>6.Kas 6063 pulberv\u00e4rvitud alumiiniumist katuseprofiilid sobivad k\u00f5ikidesse kliimatingimustesse?<\/b><\/p>\n<p>Jah, nad peavad vastu karmidele ilmastikutingimustele, UV-kiirgusele, niiskusele ja temperatuurik\u00f5ikumistele, tagades pikaajalised katuselahendused.<br \/>\n<\/p><br \/>\n<br \/>\n<p><b>7.Millised t\u00f6\u00f6stusharud kasutavad tavaliselt 6063 pulberv\u00e4rvitud alumiiniumist katuseprofiile?<\/b><\/p>\n<p>Ehitus-, arhitektuuri- ja katusefirmad kasutavad neid profiile vastupidavate ja atraktiivsete katuses\u00fcsteemide jaoks.<br \/>\n<\/p><br \/>\n<br \/>\n<p><b>8.Kuidas toetavad 6063 pulberv\u00e4rvitud alumiiniumist katuseprofiilid j\u00e4tkusuutlikku ehitust?<\/b><\/p>\n<p>Alumiinium on t\u00e4ielikult taaskasutatav ja pulberv\u00e4rvimine on keskkonnas\u00f5bralik viimistlus, mis pikendab toote kasutusiga, v\u00e4hendades hooldus- ja asendamisvajadust.<br \/>\n<\/p><br \/><\/p>","protected":false},"featured_media":6674,"template":"","categories":[64],"class_list":["post-6675","product","type-product","status-publish","has-post-thumbnail","hentry","category-new-trend-aluminium-products"],"meta_box":{"hilight_text_group":{"product_hilight_text":"<li>Made from durable 6063 aluminum alloy with excellent corrosion resistance<\/li>\r\r\n<li>Powder coating provides vibrant, long-lasting color and weather protection<\/li>\r\r\n<li>Precision extrusion ensures consistent dimensions for easy installation<\/li>\r\r\n<li>Lightweight design reduces structural load on roofing systems<\/li>\r\r\n<li>Supports custom profiles and bulk orders for diverse roofing projects<\/li>","product_chanpin_blog":"<ul>\r\r\n<li><a href=\"https:\/\/sinoextrud.com\/t-slot-v-slot-differences\/\" target=\"_blank\">t slot vs v slot<\/a><\/li>\r\r\n<li><a href=\"https:\/\/sinoextrud.com\/what-is-4040-aluminium-extrud\/\" target=\"_blank\">4040 aluminium extrusion<\/a><\/li>\r\r\n<li><a href=\"https:\/\/sinoextrud.com\/what-is-4040-aluminium-extrud\/\" target=\"_blank\">aluminum extrusions for industrial racks<\/a><\/li>\r\r\n<li><a href=\"https:\/\/sinoextrud.com\/powder-coating-aluminium-process\/\" target=\"_blank\">powder coating aluminium<\/a><\/li>\r\r\n<li><a href=\"https:\/\/sinoextrud.com\/what-is-an-aluminium-strip-ceiling\/\" target=\"_blank\">aluminium strip ceiling<\/a><\/li>\r\r\n<li><a href=\"https:\/\/sinoextrud.com\/what-is-a-heat-sink\/\" target=\"_blank\">what is a heat sink<\/a><\/li>\r\r\n<\/ul>","product_chanpin_chanpin":"<li><a href=\"https:\/\/sinoextrud.com\/product\/aluminum-extrusion-6063-anodized-wardrobe-clothes-rod-aluminum-profile\/\" target=\"_blank\">Aluminum Extrusion 6063 Anodized Wardrobe Clothes Rod Aluminum Profile<\/a><\/li>\r\n<li><a href=\"https:\/\/sinoextrud.com\/product\/aluminum-extrusion-6063-anodized-clothes-drive-airer-aluminum-rack-profile\/\" target=\"_blank\">Aluminum Extrusion 6063 Anodized Clothes Drive Airer Aluminum Rack Profile<\/a><\/li>\r\n<li><a href=\"https:\/\/sinoextrud.com\/product\/aluminum-extrusion-baseboard-aluminum-skirting-profile\/\" target=\"_blank\">Aluminum Extrusion Baseboard Aluminum Skirting Profile<\/a><\/li>\r\n<li><a href=\"https:\/\/sinoextrud.com\/product\/aluminum-extrusion-aluminum-edge-trim-for-truck-body-cabins-profiles\/\" target=\"_blank\">Aluminum Extrusion Aluminum Edge Trim For Truck Body Cabins Profiles<\/a><\/li>\r\n<li><a href=\"https:\/\/sinoextrud.com\/product\/aluminum-extrusion-6063-powder-coating-aluminum-tile-roof-profile\/\" target=\"_blank\">Aluminum Extrusion 6063 Powder Coating Aluminum Tile Roof Profile<\/a><\/li>\r\n<li><a href=\"https:\/\/sinoextrud.com\/product\/brushed-aluminum-profiles\/\" target=\"_blank\">Brushed Aluminum Profiles<\/a><\/li>\r\n<li><a href=\"https:\/\/sinoextrud.com\/product\/aluminum-photo-frame-profile\/\" target=\"_blank\">Aluminum Photo Frame Profile<\/a><\/li>\r\n<li><a href=\"https:\/\/sinoextrud.com\/product\/f-channel-aluminum-extrusion\/\" target=\"_blank\">F Channel Aluminum Extrusion<\/a><\/li>\r\n<li><a href=\"https:\/\/sinoextrud.com\/product\/aluminum-glazing-extrusions\/\" target=\"_blank\">Aluminum Glazing Extrusions<\/a><\/li>\r\n<li><a href=\"https:\/\/sinoextrud.com\/product\/aluminium-extrusion-enclosure\/\" target=\"_blank\">Aluminium Extrusion Enclosure<\/a><\/li>\r\n<li><a href=\"https:\/\/sinoextrud.com\/product\/aluminium-profile-corner-joint\/\" target=\"_blank\">Aluminium Profile Corner Joint<\/a><\/li>"},"feature_list":[]},"_links":{"self":[{"href":"https:\/\/sinoextrud.com\/et\/wp-json\/wp\/v2\/product\/6675","targetHints":{"allow":["GET"]}}],"collection":[{"href":"https:\/\/sinoextrud.com\/et\/wp-json\/wp\/v2\/product"}],"about":[{"href":"https:\/\/sinoextrud.com\/et\/wp-json\/wp\/v2\/types\/product"}],"wp:featuredmedia":[{"embeddable":true,"href":"https:\/\/sinoextrud.com\/et\/wp-json\/wp\/v2\/media\/6674"}],"wp:attachment":[{"href":"https:\/\/sinoextrud.com\/et\/wp-json\/wp\/v2\/media?parent=6675"}],"wp:term":[{"taxonomy":"category","embeddable":true,"href":"https:\/\/sinoextrud.com\/et\/wp-json\/wp\/v2\/categories?post=6675"}],"curies":[{"name":"wp","href":"https:\/\/api.w.org\/{rel}","templated":true}]}}