{"id":6671,"date":"2025-05-30T08:05:39","date_gmt":"2025-05-30T08:05:39","guid":{"rendered":"https:\/\/sinoextrud.com\/product\/aluminum-extrusion-baseboard-aluminum-skirting-profile\/"},"modified":"2025-06-24T06:11:28","modified_gmt":"2025-06-24T06:11:28","slug":"alumiinium-ekstrusioonist-alusplaat-alumiinium-liistuprofiil","status":"publish","type":"product","link":"https:\/\/sinoextrud.com\/et\/product\/aluminum-extrusion-baseboard-aluminum-skirting-profile\/","title":{"rendered":"Alumiinium ekstrusioon Baseboard Alumiinium Soomusprofiil"},"content":{"rendered":"<h2>Toodete \u00fcksikasjad<\/h2>\n<table class=\"custom-table\">\n<tr>\n<td class=\"label\">Toote nimi<\/td>\n<td>Alumiinium ekstrusioon Baseboard Alumiinium Soomusprofiil<\/td>\n<\/tr>\n<tr>\n<td class=\"label\">Br\u00e4nd<\/td>\n<td>Sinoextrud<\/td>\n<\/tr>\n<tr>\n<td class=\"label\">Hinne<\/td>\n<td>5052, 6061, 6063 alumiiniumisulamist<\/td>\n<\/tr>\n<tr>\n<td class=\"label\">Taotlus<\/td>\n<td>b\u00fcroohooned, jaem\u00fc\u00fcgipoed ja elamud, ehitusprojektid<\/td>\n<\/tr>\n<tr>\n<td class=\"label\">Suurus<\/td>\n<td>ruudukujuline, \u00fcmmargune, lame, nurk v\u00f5i kohandatud<\/td>\n<\/tr>\n<tr>\n<td class=\"label\">Pinnat\u00f6\u00f6tlus<\/td>\n<td>anodeeritud, puidumass, elektrikate, liivapritsimine, elektroforees, harjatud, poleerimine jne.<\/td>\n<\/tr>\n<tr>\n<td class=\"label\">CNC s\u00fcgavt\u00f6\u00f6tlemine<\/td>\n<td>Painutamine, keevitamine, keevitamine, stantsimine, l\u00f5ikamine jne.<\/td>\n<\/tr>\n<tr>\n<td class=\"label\">Mudeli number<\/td>\n<td>Lukustatav alumiiniumist liistud<\/td>\n<\/tr>\n<tr>\n<td class=\"label\">Standard<\/td>\n<td>Keskmine k\u00f5rge kvaliteet<\/td>\n<\/tr>\n<tr>\n<td class=\"label\">Garantii<\/td>\n<td>BV sertifikaat , SONCAPE , ISO:9001<\/td>\n<\/tr>\n<tr>\n<td class=\"label\">Proovid<\/td>\n<td>tasuta proov. 1-3 p\u00e4eva jooksul toimetatakse teile.<\/td>\n<\/tr>\n<tr>\n<td class=\"label\">MOQ<\/td>\n<td>200 kg iga profiili kohta<\/td>\n<\/tr>\n<tr>\n<td class=\"label\">Tarneaeg<\/td>\n<td>15-20 p\u00e4eva.<\/td>\n<\/tr>\n<tr>\n<td class=\"label\">Maksetingimused<\/td>\n<td>T\/T v\u00f5i L\/C.<br \/>, Foshan<\/td>\n<\/tr>\n<\/table>\n<h2>Meie tootmisbaas<\/h2>\n<h3>Tehase panoraam<\/h3>\n<p><img decoding=\"async\" src=\"\/wp-content\/uploads\/factory-01.webp\"\/><\/p>\n<h3>Alumiiniumvarraste tootmise t\u00f6\u00f6koda<\/h3>\n<p><img decoding=\"async\" src=\"\/wp-content\/uploads\/factory-02.webp\"\/><\/p>\n<p><img decoding=\"async\" src=\"\/wp-content\/uploads\/factory-03.webp\"\/><\/p>\n<h3>hallituse ladustamise ladu<\/h3>\n<p><img decoding=\"async\" src=\"\/wp-content\/uploads\/factory-04.webp\"\/><\/p>\n<h3>43 alumiiniumi ekstrusiooniliini (500-5500 tonni)<\/h3>\n<p><img decoding=\"async\" src=\"\/wp-content\/uploads\/factory-05.webp\"\/><\/p>\n<p><img decoding=\"async\" src=\"\/wp-content\/uploads\/factory-06.webp\"\/><\/p>\n<p><img decoding=\"async\" src=\"\/wp-content\/uploads\/factory-07.webp\"\/><\/p>\n<h3>Pulberv\u00e4rvimise t\u00f6\u00f6koda<\/h3>\n<p><img decoding=\"async\" src=\"\/wp-content\/uploads\/factory-09.webp\"\/><\/p>\n<h3>Anodiseerimise t\u00f6\u00f6koda<\/h3>\n<p><img decoding=\"async\" src=\"\/wp-content\/uploads\/factory-10.webp\"\/><\/p>\n<h3>S\u00fcgavt\u00f6\u00f6tlemise t\u00f6\u00f6tuba<\/h3>\n<p><img decoding=\"async\" src=\"\/wp-content\/uploads\/factory-11.webp\"\/><\/p>\n<h3>CNC-t\u00e4ppist\u00f6\u00f6tlemise t\u00f6\u00f6koda<\/h3>\n<p><img decoding=\"async\" src=\"\/wp-content\/uploads\/factory-11.5.webp\"\/><\/p>\n<h3>Valmistoodete ja ekspordi ladu<\/h3>\n<p><img decoding=\"async\" src=\"\/wp-content\/uploads\/factory-12.webp\"\/><\/p>\n<p><img decoding=\"async\" src=\"\/wp-content\/uploads\/factory-13.webp\"\/><\/p>\n<p><img decoding=\"async\" src=\"\/wp-content\/uploads\/factory-14.webp\"\/><\/p>\n<h2>KKK<\/h2>\n<p><p><b>1.Mis on alumiiniumist ekstrusioonplaat alumiiniumist liistuprofiil?<\/b><\/p>\n<p>See on alumiiniumprofiil, mida kasutatakse sokli- v\u00f5i \u00e4\u00e4risliistusena, et katta seinte ja p\u00f5randate vaheline vuuk, pakkudes kaitset ja dekoratiivset viimistlust.<br \/>\n<\/p><br \/>\n<br \/>\n<p><b>2.Millised on alumiiniumist pressitud sokli- ja liistuprofiilide peamised eelised?<\/b><\/p>\n<p>Nad pakuvad suurep\u00e4rast vastupidavust, korrosioonikindlust, kerget tugevust, lihtsat paigaldust ja elegantset, kaasaegset v\u00e4limust.<br \/>\n<\/p><br \/>\n<br \/>\n<p><b>3.Miks valida alumiiniumist liistuprofiilid traditsiooniliste materjalide asemel?<\/b><\/p>\n<p>Alumiiniumprofiilid on vastupidavad niiskusele, termiitidele, v\u00e4\u00e4ndumisele ja kulumisele, mist\u00f5ttu sobivad need ideaalselt suure liiklusega ja niisketes keskkondades, kus need on pikaajaliselt kasutatavad.<br \/>\n<\/p><br \/>\n<br \/>\n<p><b>4.Kas alumiiniumist ekstrusioonist p\u00f5randaplaadid on kohandatud?<\/b><\/p>\n<p>Jah, neid saab kohandada pikkuse, k\u00f5rguse, paksuse, v\u00e4rvi ja viimistluse poolest, et need sobiksid konkreetse sisekujunduse ja arhitektuuriliste n\u00f5uetega.<br \/>\n<\/p><br \/>\n<br \/>\n<p><b>5.Kuidas parandab alumiinium sokli- ja liistuprofiilide funktsionaalsust?<\/b><\/p>\n<p>Alumiinium pakub tugevat kaitset l\u00f6\u00f6kide ja kulumise vastu, s\u00e4ilitades samas roostevaba, kergesti puhastatava pinna.<br \/>\n<\/p><br \/>\n<br \/>\n<p><b>6.Kas alumiiniumist liistuprofiilid sobivad nii elamu- kui ka \u00e4riruumidesse?<\/b><\/p>\n<p>Jah, nende vastupidavus ja esteetilisus muudavad need sobivaks kodudesse, kontoritesse, jaem\u00fc\u00fcgiruumidesse ja t\u00f6\u00f6stushoonetesse.<br \/>\n<\/p><br \/>\n<br \/>\n<p><b>7.Millised t\u00f6\u00f6stusharud kasutavad tavaliselt alumiiniumist pressitud sokli- ja liistuprofiile?<\/b><\/p>\n<p>Ehituses, sisekujunduses, hotellinduses ja kaubandussektoris kasutatakse neid profiile funktsionaalsete ja dekoratiivsete siseviimistluste jaoks.<br \/>\n<\/p><br \/>\n<br \/>\n<p><b>8.Kuidas toetavad alumiiniumist ekstrusioonplaadid j\u00e4tkusuutlikke ehitustavasid?<\/b><\/p>\n<p>Alumiinium on t\u00e4ielikult taaskasutatav, vastupidav ning v\u00e4hendab hooldus- ja asendussagedust, edendades keskkonnas\u00f5bralikke ja kuluefektiivseid ehituslahendusi.<br \/>\n<\/p><br \/><\/p>","protected":false},"featured_media":6670,"template":"","categories":[64],"class_list":["post-6671","product","type-product","status-publish","has-post-thumbnail","hentry","category-new-trend-aluminium-products"],"meta_box":{"hilight_text_group":{"product_hilight_text":"<li>Durable aluminum baseboard with corrosion-resistant properties<\/li>\r\r\n<li>Lightweight design simplifies installation and reduces labor costs<\/li>\r\r\n<li>Precision extrusion ensures consistent dimensions and smooth finish<\/li>\r\r\n<li>Available in various sizes and finishes to match interior designs<\/li>\r\r\n<li>Supports bulk orders and custom profiles for diverse project requirements<\/li>","product_chanpin_blog":"<ul>\r\r\n<li><a href=\"https:\/\/sinoextrud.com\/t-slot-v-slot-differences\/\" target=\"_blank\">t slot vs v slot<\/a><\/li>\r\r\n<li><a href=\"https:\/\/sinoextrud.com\/what-is-4040-aluminium-extrud\/\" target=\"_blank\">4040 aluminium extrusion<\/a><\/li>\r\r\n<li><a href=\"https:\/\/sinoextrud.com\/what-is-4040-aluminium-extrud\/\" target=\"_blank\">aluminum extrusions for industrial racks<\/a><\/li>\r\r\n<li><a href=\"https:\/\/sinoextrud.com\/powder-coating-aluminium-process\/\" target=\"_blank\">powder coating aluminium<\/a><\/li>\r\r\n<li><a href=\"https:\/\/sinoextrud.com\/what-is-an-aluminium-strip-ceiling\/\" target=\"_blank\">aluminium strip ceiling<\/a><\/li>\r\r\n<li><a href=\"https:\/\/sinoextrud.com\/what-is-a-heat-sink\/\" target=\"_blank\">what is a heat sink<\/a><\/li>\r\r\n<\/ul>","product_chanpin_chanpin":"<li><a href=\"https:\/\/sinoextrud.com\/product\/custom-high-quality-6063-powder-coating-aluminum-pergola-profile\/\" target=\"_blank\">Custom High-quality 6063 Powder Coating Aluminum Pergola Profile<\/a><\/li>\r\n<li><a href=\"https:\/\/sinoextrud.com\/product\/china-high-quality-polishing-shower-enclosure-aluminum-extrusion-profile\/\" target=\"_blank\">China High-quality Polishing Shower Enclosure Aluminum Extrusion Profile<\/a><\/li>\r\n<li><a href=\"https:\/\/sinoextrud.com\/product\/aluminum-extrusion-6063-anodized-wardrobe-clothes-rod-aluminum-profile\/\" target=\"_blank\">Aluminum Extrusion 6063 Anodized Wardrobe Clothes Rod Aluminum Profile<\/a><\/li>\r\n<li><a href=\"https:\/\/sinoextrud.com\/product\/aluminum-extrusion-6063-anodized-clothes-drive-airer-aluminum-rack-profile\/\" target=\"_blank\">Aluminum Extrusion 6063 Anodized Clothes Drive Airer Aluminum Rack Profile<\/a><\/li>\r\n<li><a href=\"https:\/\/sinoextrud.com\/product\/aluminum-extrusion-baseboard-aluminum-skirting-profile\/\" target=\"_blank\">Aluminum Extrusion Baseboard Aluminum Skirting Profile<\/a><\/li>\r\n<li><a href=\"https:\/\/sinoextrud.com\/product\/aluminum-extrusion-aluminum-edge-trim-for-truck-body-cabins-profiles\/\" target=\"_blank\">Aluminum Extrusion Aluminum Edge Trim For Truck Body Cabins Profiles<\/a><\/li>\r\n<li><a href=\"https:\/\/sinoextrud.com\/product\/aluminum-extrusion-6063-powder-coating-aluminum-tile-roof-profile\/\" target=\"_blank\">Aluminum Extrusion 6063 Powder Coating Aluminum Tile Roof Profile<\/a><\/li>\r\n<li><a href=\"https:\/\/sinoextrud.com\/product\/brushed-aluminum-profiles\/\" target=\"_blank\">Brushed Aluminum Profiles<\/a><\/li>\r\n<li><a href=\"https:\/\/sinoextrud.com\/product\/aluminum-photo-frame-profile\/\" target=\"_blank\">Aluminum Photo Frame Profile<\/a><\/li>\r\n<li><a href=\"https:\/\/sinoextrud.com\/product\/aluminum-profile-solar-panel-wide-width\/\" target=\"_blank\">Aluminum Profile Solar Panel Wide Width<\/a><\/li>\r\n<li><a href=\"https:\/\/sinoextrud.com\/product\/telescopic-aluminium-square-tube\/\" target=\"_blank\">Telescopic Aluminium Square Tube<\/a><\/li>"},"feature_list":[]},"_links":{"self":[{"href":"https:\/\/sinoextrud.com\/et\/wp-json\/wp\/v2\/product\/6671","targetHints":{"allow":["GET"]}}],"collection":[{"href":"https:\/\/sinoextrud.com\/et\/wp-json\/wp\/v2\/product"}],"about":[{"href":"https:\/\/sinoextrud.com\/et\/wp-json\/wp\/v2\/types\/product"}],"wp:featuredmedia":[{"embeddable":true,"href":"https:\/\/sinoextrud.com\/et\/wp-json\/wp\/v2\/media\/6670"}],"wp:attachment":[{"href":"https:\/\/sinoextrud.com\/et\/wp-json\/wp\/v2\/media?parent=6671"}],"wp:term":[{"taxonomy":"category","embeddable":true,"href":"https:\/\/sinoextrud.com\/et\/wp-json\/wp\/v2\/categories?post=6671"}],"curies":[{"name":"wp","href":"https:\/\/api.w.org\/{rel}","templated":true}]}}