{"id":6666,"date":"2025-05-30T07:59:11","date_gmt":"2025-05-30T07:59:11","guid":{"rendered":"https:\/\/sinoextrud.com\/product\/aluminum-extrusion-6063-anodized-wardrobe-clothes-rod-aluminum-profile\/"},"modified":"2025-06-24T06:11:28","modified_gmt":"2025-06-24T06:11:28","slug":"alumiinium-ekstrusioon-6063-anodeeritud-garderoobi-riideid-varras-alumiiniumprofiili","status":"publish","type":"product","link":"https:\/\/sinoextrud.com\/et\/product\/aluminum-extrusion-6063-anodized-wardrobe-clothes-rod-aluminum-profile\/","title":{"rendered":"Alumiinium ekstrusioon 6063 anodeeritud garderoobi riideid Rod alumiinium profiili"},"content":{"rendered":"<h2>Toodete \u00fcksikasjad<\/h2>\n<table class=\"custom-table\">\n<tr>\n<td class=\"label\">Tooteartikkel:<\/td>\n<td>Alumiinium ekstrusioon 6063 anodeeritud garderoobi riideid Rod alumiinium profiili<\/td>\n<\/tr>\n<tr>\n<td class=\"label\">Materjal:<\/td>\n<td>6063 T5<\/td>\n<\/tr>\n<tr>\n<td class=\"label\">Kuju:<\/td>\n<td>kohandatud<\/td>\n<\/tr>\n<tr>\n<td class=\"label\">Sulam v\u00f5i mitte:<\/td>\n<td>Kas sulam on sulam<\/td>\n<\/tr>\n<tr>\n<td class=\"label\">Sallivus:<\/td>\n<td>\u00b11%<\/td>\n<\/tr>\n<tr>\n<td class=\"label\">Pinnat\u00f6\u00f6tlus:<\/td>\n<td>pulberv\u00e4rvimine, anodeeritud v\u00f5i kohandatud<\/td>\n<\/tr>\n<tr>\n<td class=\"label\">Tarneaeg:<\/td>\n<td>15-25 p\u00e4eva<\/td>\n<\/tr>\n<tr>\n<td class=\"label\">T\u00f6\u00f6tlemisteenus:<\/td>\n<td>Painutamine, saagimine, keevitamine, stantsimine, l\u00f5ikamine, puurimine, kokkupanek<\/td>\n<\/tr>\n<tr>\n<td class=\"label\">P\u00e4ritolukoht:<\/td>\n<td>Foshan, Guangdong<\/td>\n<\/tr>\n<tr>\n<td class=\"label\">Mudeli number:<\/td>\n<td>Riidekapp riidepulk alumiiniumprofiil, riidekapi raudtee alumiiniumprofiilid<\/td>\n<\/tr>\n<tr>\n<td class=\"label\">Pikkus:<\/td>\n<td>Kohandatud<\/td>\n<\/tr>\n<tr>\n<td class=\"label\">Br\u00e4ndi:<\/td>\n<td>Sinoextrud, Sinoextrud<\/td>\n<\/tr>\n<tr>\n<td class=\"label\">Temperament:<\/td>\n<td>T3-T8<\/td>\n<\/tr>\n<tr>\n<td class=\"label\">MOQ:<\/td>\n<td>200KG iga eseme kohta<\/td>\n<\/tr>\n<tr>\n<td class=\"label\">Makset\u00e4htaeg:<\/td>\n<td>L\/C T\/T (30% tagatisraha)<\/td>\n<\/tr>\n<tr>\n<td class=\"label\">Taotlus:<\/td>\n<td>elamu- ja \u00e4riruumid; kapid, garderoobid, k\u00f6\u00f6gid ja pesemisruumid<\/td>\n<\/tr>\n<\/table>\n<h2>Meie tootmisbaas<\/h2>\n<h3>Tehase panoraam<\/h3>\n<p><img decoding=\"async\" src=\"\/wp-content\/uploads\/factory-01.webp\"\/><\/p>\n<h3>Alumiiniumvarraste tootmise t\u00f6\u00f6koda<\/h3>\n<p><img decoding=\"async\" src=\"\/wp-content\/uploads\/factory-02.webp\"\/><\/p>\n<p><img decoding=\"async\" src=\"\/wp-content\/uploads\/factory-03.webp\"\/><\/p>\n<h3>hallituse ladustamise ladu<\/h3>\n<p><img decoding=\"async\" src=\"\/wp-content\/uploads\/factory-04.webp\"\/><\/p>\n<h3>43 alumiiniumi ekstrusiooniliini (500-5500 tonni)<\/h3>\n<p><img decoding=\"async\" src=\"\/wp-content\/uploads\/factory-05.webp\"\/><\/p>\n<p><img decoding=\"async\" src=\"\/wp-content\/uploads\/factory-06.webp\"\/><\/p>\n<p><img decoding=\"async\" src=\"\/wp-content\/uploads\/factory-07.webp\"\/><\/p>\n<h3>Pulberv\u00e4rvimise t\u00f6\u00f6koda<\/h3>\n<p><img decoding=\"async\" src=\"\/wp-content\/uploads\/factory-09.webp\"\/><\/p>\n<h3>Anodiseerimise t\u00f6\u00f6koda<\/h3>\n<p><img decoding=\"async\" src=\"\/wp-content\/uploads\/factory-10.webp\"\/><\/p>\n<h3>S\u00fcgavt\u00f6\u00f6tlemise t\u00f6\u00f6tuba<\/h3>\n<p><img decoding=\"async\" src=\"\/wp-content\/uploads\/factory-11.webp\"\/><\/p>\n<h3>CNC-t\u00e4ppist\u00f6\u00f6tlemise t\u00f6\u00f6koda<\/h3>\n<p><img decoding=\"async\" src=\"\/wp-content\/uploads\/factory-11.5.webp\"\/><\/p>\n<h3>Valmistoodete ja ekspordi ladu<\/h3>\n<p><img decoding=\"async\" src=\"\/wp-content\/uploads\/factory-12.webp\"\/><\/p>\n<p><img decoding=\"async\" src=\"\/wp-content\/uploads\/factory-13.webp\"\/><\/p>\n<p><img decoding=\"async\" src=\"\/wp-content\/uploads\/factory-14.webp\"\/><\/p>\n<h2>KKK<\/h2>\n<p><p><b>1.Mis on alumiinium ekstrusioon 6063 anodeeritud garderoobi riideid alumiiniumprofiil?<\/b><\/p>\n<p>See on 6063 sulamist valmistatud alumiiniumprofiil anodeeritud viimistlusega, mis on m\u00f5eldud spetsiaalselt garderoobi riidevardade jaoks, pakkudes tugevust ja vastupidavust.<br \/>\n<\/p><br \/>\n<br \/>\n<p><b>2.Millised on 6063 anodeeritud alumiiniumist garderoobi riideprofiilide peamised eelised?<\/b><\/p>\n<p>Nad pakuvad suurep\u00e4rast korrosioonikindlust, siledat pinna viimistlust, kerget tugevust, roostekindlust ja pikaajalist vastupidavust.<br \/>\n<\/p><br \/>\n<br \/>\n<p><b>3.Miks valida 6063 anodeeritud alumiiniumist riidevardad?<\/b><\/p>\n<p>6063 sulam pakub h\u00e4id mehaanilisi omadusi ja anodeerimine parandab pinna k\u00f5vadust, korrosioonikindlust ja esteetilist v\u00e4limust, mis on ideaalne garderoobirakenduste jaoks.<br \/>\n<\/p><br \/>\n<br \/>\n<p><b>4.Kas alumiiniumist ekstrusioonist riietusruumi riideprofiile saab kohandada?<\/b><\/p>\n<p>Jah, neid saab kohandada pikkuse, l\u00e4bim\u00f5\u00f5du, seinapaksuse, anodeerimisv\u00e4rvi ja pinnatekstuuri poolest, et vastata konkreetsetele garderoobi disainivajadustele.<br \/>\n<\/p><br \/>\n<br \/>\n<p><b>5.Kuidas parandab anodeeritud viimistlus riidevarda j\u00f5udlust?<\/b><\/p>\n<p>Anodeerimine annab kaitsekihi, mis on vastupidav kriimustustele, korrosioonile ja kulumisele, tagades sileda ja vastupidava pinna igap\u00e4evaseks kasutamiseks.<br \/>\n<\/p><br \/>\n<br \/>\n<p><b>6.Kas 6063 anodeeritud alumiiniumist r\u00f5ivaprofiilid sobivad elamu- ja \u00e4rir\u00f5ivakappide jaoks?<\/b><\/p>\n<p>Jah, neid kasutatakse laialdaselt nii elu- kui ka \u00e4riruumis t\u00e4nu nende tugevusele, vastupidavusele ja elegantsele viimistlusele.<br \/>\n<\/p><br \/>\n<br \/>\n<p><b>7.Millised t\u00f6\u00f6stusharud kasutavad tavaliselt 6063 anodeeritud alumiiniumist garderoobi riideprofiile?<\/b><\/p>\n<p>M\u00f6\u00f6blitootjad, sisekujundajad ja garderoobis\u00fcsteemide tarnijad kasutavad neid profiile kvaliteetsete ja usaldusv\u00e4\u00e4rsete garderoobilahenduste jaoks.<br \/>\n<\/p><br \/>\n<br \/>\n<p><b>8.Kuidas alumiinium ekstrusioon 6063 anodeeritud garderoobi riidevardad toetavad j\u00e4tkusuutlikku m\u00f6\u00f6blidisaini?<\/b><\/p>\n<p>Alumiinium on t\u00e4ielikult taaskasutatav ja anodeeritud viimistlus pikendab toote kasutusiga, v\u00e4hendades j\u00e4\u00e4tmete hulka ja edendades keskkonnas\u00f5bralikku m\u00f6\u00f6blitootmist.<br \/>\n<\/p><br \/><\/p>","protected":false},"featured_media":6665,"template":"","categories":[64],"class_list":["post-6666","product","type-product","status-publish","has-post-thumbnail","hentry","category-new-trend-aluminium-products"],"meta_box":{"hilight_text_group":{"product_hilight_text":"<li>Made from durable 6063 aluminum alloy with excellent strength<\/li>\r\r\n<li>Anodized finish enhances corrosion resistance and surface hardness<\/li>\r\r\n<li>Lightweight design ideal for wardrobe clothes rods and storage solutions<\/li>\r\r\n<li>Precision extrusion ensures smooth surface and consistent dimensions<\/li>\r\r\n<li>Supports custom lengths and bulk orders for large-scale projects<\/li>","product_chanpin_blog":"<ul>\r\r\n<li><a href=\"https:\/\/sinoextrud.com\/t-slot-v-slot-differences\/\" target=\"_blank\">t slot vs v slot<\/a><\/li>\r\r\n<li><a href=\"https:\/\/sinoextrud.com\/what-is-4040-aluminium-extrud\/\" target=\"_blank\">4040 aluminium extrusion<\/a><\/li>\r\r\n<li><a href=\"https:\/\/sinoextrud.com\/what-is-4040-aluminium-extrud\/\" target=\"_blank\">aluminum extrusions for industrial racks<\/a><\/li>\r\r\n<li><a href=\"https:\/\/sinoextrud.com\/powder-coating-aluminium-process\/\" target=\"_blank\">powder coating aluminium<\/a><\/li>\r\r\n<li><a href=\"https:\/\/sinoextrud.com\/what-is-an-aluminium-strip-ceiling\/\" target=\"_blank\">aluminium strip ceiling<\/a><\/li>\r\r\n<li><a href=\"https:\/\/sinoextrud.com\/what-is-a-heat-sink\/\" target=\"_blank\">what is a heat sink<\/a><\/li>\r\r\n<\/ul>","product_chanpin_chanpin":"<li><a href=\"https:\/\/sinoextrud.com\/product\/cnc-bending-aluminum-frame-profile-for-suitcase-luggage\/\" target=\"_blank\">CNC Bending Aluminum Frame Profile For Suitcase Luggage<\/a><\/li>\r\n<li><a href=\"https:\/\/sinoextrud.com\/product\/custom-high-quality-reinforced-aluminum-flood-planks-aluminum-flood-barrier-profiles\/\" target=\"_blank\">Custom High-quality Reinforced Aluminum Flood Planks Aluminum Flood Barrier Profiles<\/a><\/li>\r\n<li><a href=\"https:\/\/sinoextrud.com\/product\/custom-high-quality-6063-powder-coating-aluminum-pergola-profile\/\" target=\"_blank\">Custom High-quality 6063 Powder Coating Aluminum Pergola Profile<\/a><\/li>\r\n<li><a href=\"https:\/\/sinoextrud.com\/product\/china-high-quality-polishing-shower-enclosure-aluminum-extrusion-profile\/\" target=\"_blank\">China High-quality Polishing Shower Enclosure Aluminum Extrusion Profile<\/a><\/li>\r\n<li><a href=\"https:\/\/sinoextrud.com\/product\/aluminum-extrusion-6063-anodized-wardrobe-clothes-rod-aluminum-profile\/\" target=\"_blank\">Aluminum Extrusion 6063 Anodized Wardrobe Clothes Rod Aluminum Profile<\/a><\/li>\r\n<li><a href=\"https:\/\/sinoextrud.com\/product\/aluminum-extrusion-6063-anodized-clothes-drive-airer-aluminum-rack-profile\/\" target=\"_blank\">Aluminum Extrusion 6063 Anodized Clothes Drive Airer Aluminum Rack Profile<\/a><\/li>\r\n<li><a href=\"https:\/\/sinoextrud.com\/product\/aluminum-extrusion-baseboard-aluminum-skirting-profile\/\" target=\"_blank\">Aluminum Extrusion Baseboard Aluminum Skirting Profile<\/a><\/li>\r\n<li><a href=\"https:\/\/sinoextrud.com\/product\/aluminum-extrusion-aluminum-edge-trim-for-truck-body-cabins-profiles\/\" target=\"_blank\">Aluminum Extrusion Aluminum Edge Trim For Truck Body Cabins Profiles<\/a><\/li>\r\n<li><a href=\"https:\/\/sinoextrud.com\/product\/aluminum-extrusion-6063-powder-coating-aluminum-tile-roof-profile\/\" target=\"_blank\">Aluminum Extrusion 6063 Powder Coating Aluminum Tile Roof Profile<\/a><\/li>\r\n<li><a href=\"https:\/\/sinoextrud.com\/product\/extrusion-aluminium-tube-pipe-aluminum-polishing-style\/\" target=\"_blank\">Extrusion Aluminium Tube Pipe Aluminum Polishing Style<\/a><\/li>\r\n<li><a href=\"https:\/\/sinoextrud.com\/product\/customizable-minimalist-office-aluminum-partition-profiles\/\" target=\"_blank\">Customizable Minimalist Office Aluminum Partition Profiles<\/a><\/li>"},"feature_list":[]},"_links":{"self":[{"href":"https:\/\/sinoextrud.com\/et\/wp-json\/wp\/v2\/product\/6666","targetHints":{"allow":["GET"]}}],"collection":[{"href":"https:\/\/sinoextrud.com\/et\/wp-json\/wp\/v2\/product"}],"about":[{"href":"https:\/\/sinoextrud.com\/et\/wp-json\/wp\/v2\/types\/product"}],"wp:featuredmedia":[{"embeddable":true,"href":"https:\/\/sinoextrud.com\/et\/wp-json\/wp\/v2\/media\/6665"}],"wp:attachment":[{"href":"https:\/\/sinoextrud.com\/et\/wp-json\/wp\/v2\/media?parent=6666"}],"wp:term":[{"taxonomy":"category","embeddable":true,"href":"https:\/\/sinoextrud.com\/et\/wp-json\/wp\/v2\/categories?post=6666"}],"curies":[{"name":"wp","href":"https:\/\/api.w.org\/{rel}","templated":true}]}}