{"id":6655,"date":"2025-05-30T07:22:36","date_gmt":"2025-05-30T07:22:36","guid":{"rendered":"https:\/\/sinoextrud.com\/product\/cnc-bending-aluminum-frame-profile-for-suitcase-luggage\/"},"modified":"2025-06-24T06:11:26","modified_gmt":"2025-06-24T06:11:26","slug":"cnc-painutamine-alumiiniumist-raami-profiili-kohvri-pagasi-jaoks","status":"publish","type":"product","link":"https:\/\/sinoextrud.com\/et\/product\/cnc-bending-aluminum-frame-profile-for-suitcase-luggage\/","title":{"rendered":"CNC painutamine alumiiniumist raami profiili jaoks kohvri pagasi jaoks"},"content":{"rendered":"<h2>Toodete \u00fcksikasjad<\/h2>\n<table class=\"custom-table\">\n<tr>\n<td class=\"label\">Toote nimi<\/td>\n<td>CNC painutamine alumiiniumist raami profiili jaoks kohvri pagasi jaoks<\/td>\n<\/tr>\n<tr>\n<td class=\"label\">Materjal<\/td>\n<td>6000-seeria<\/td>\n<\/tr>\n<tr>\n<td class=\"label\">Taotlus<\/td>\n<td>Alumiiniumist reisipagas<\/td>\n<\/tr>\n<tr>\n<td class=\"label\">Alumiiniumi t\u00fc\u00fcbid<\/td>\n<td>Alumiiniumraami profiil, alumiiniumist painutusprofiil, kohandatud alumiiniumprofiil<\/td>\n<\/tr>\n<tr>\n<td class=\"label\">Pinnat\u00f6\u00f6tlus<\/td>\n<td>freesitud, anodeeritud, puidumass, pulberv\u00e4rvimine, liivapritsimine, elektroforeesimine, harjatud, poleerimine jne.<\/td>\n<\/tr>\n<tr>\n<td class=\"label\">CNC s\u00fcgavt\u00f6\u00f6tlemine<\/td>\n<td>l\u00f5ikamine, puurimine, mehaaniline t\u00f6\u00f6tlemine, l\u00f6\u00f6mine, painutamine, koputamine jne.<\/td>\n<\/tr>\n<tr>\n<td class=\"label\">Sertifikaadid<\/td>\n<td>CE, ISO, SGS, TUV, ROHS<\/td>\n<\/tr>\n<tr>\n<td class=\"label\">Proovid<\/td>\n<td>tasuta proov. 1-3 p\u00e4eva jooksul toimetatakse teile.<\/td>\n<\/tr>\n<tr>\n<td class=\"label\">MOQ<\/td>\n<td>Madalam MOQ<\/td>\n<\/tr>\n<tr>\n<td class=\"label\">Tarneaeg<\/td>\n<td>15-25 p\u00e4eva<\/td>\n<\/tr>\n<tr>\n<td class=\"label\">Maksetingimused<\/td>\n<td>30% tagatisraha enne tootmist ja saldo enne saatmist.<\/td>\n<\/tr>\n<\/table>\n<h2>Meie tootmisbaas<\/h2>\n<h3>Tehase panoraam<\/h3>\n<p><img decoding=\"async\" src=\"\/wp-content\/uploads\/factory-01.webp\"\/><\/p>\n<h3>Alumiiniumvarraste tootmise t\u00f6\u00f6koda<\/h3>\n<p><img decoding=\"async\" src=\"\/wp-content\/uploads\/factory-02.webp\"\/><\/p>\n<p><img decoding=\"async\" src=\"\/wp-content\/uploads\/factory-03.webp\"\/><\/p>\n<h3>hallituse ladustamise ladu<\/h3>\n<p><img decoding=\"async\" src=\"\/wp-content\/uploads\/factory-04.webp\"\/><\/p>\n<h3>43 alumiiniumi ekstrusiooniliini (500-5500 tonni)<\/h3>\n<p><img decoding=\"async\" src=\"\/wp-content\/uploads\/factory-05.webp\"\/><\/p>\n<p><img decoding=\"async\" src=\"\/wp-content\/uploads\/factory-06.webp\"\/><\/p>\n<p><img decoding=\"async\" src=\"\/wp-content\/uploads\/factory-07.webp\"\/><\/p>\n<h3>Pulberv\u00e4rvimise t\u00f6\u00f6koda<\/h3>\n<p><img decoding=\"async\" src=\"\/wp-content\/uploads\/factory-09.webp\"\/><\/p>\n<h3>Anodiseerimise t\u00f6\u00f6koda<\/h3>\n<p><img decoding=\"async\" src=\"\/wp-content\/uploads\/factory-10.webp\"\/><\/p>\n<h3>S\u00fcgavt\u00f6\u00f6tlemise t\u00f6\u00f6tuba<\/h3>\n<p><img decoding=\"async\" src=\"\/wp-content\/uploads\/factory-11.webp\"\/><\/p>\n<h3>CNC-t\u00e4ppist\u00f6\u00f6tlemise t\u00f6\u00f6koda<\/h3>\n<p><img decoding=\"async\" src=\"\/wp-content\/uploads\/factory-11.5.webp\"\/><\/p>\n<h3>Valmistoodete ja ekspordi ladu<\/h3>\n<p><img decoding=\"async\" src=\"\/wp-content\/uploads\/factory-12.webp\"\/><\/p>\n<p><img decoding=\"async\" src=\"\/wp-content\/uploads\/factory-13.webp\"\/><\/p>\n<p><img decoding=\"async\" src=\"\/wp-content\/uploads\/factory-14.webp\"\/><\/p>\n<h2>KKK<\/h2>\n<p><p><b>1.Mis on CNC painutamine alumiiniumist raamiprofiil kohvri pagasi jaoks?<\/b><\/p>\n<p>See on alumiiniumist pressitud alumiinium, mida kujundatakse CNC painutustehnoloogiaga, et moodustada vastupidavad ja kerged raamid kohvritele ja pagasile.<br \/>\n<\/p><br \/>\n<br \/>\n<p><b>2.Millised on pagasi tootmisel alumiiniumraamiprofiilide CNC painutamise peamised eelised?<\/b><\/p>\n<p>Need pakuvad suurt tugevuse ja kaalu suhet, t\u00e4pset painutust, korrosioonikindlust, l\u00f6\u00f6gikindlust ja t\u00e4iustatud esteetilist v\u00e4limust.<br \/>\n<\/p><br \/>\n<br \/>\n<p><b>3.Miks valida CNC painutamine alumiiniumist raamiprofiilide jaoks kohvrite tootmisel?<\/b><\/p>\n<p>CNC-paindmine tagab t\u00e4pse ja j\u00e4rjepideva vormimise minimaalse j\u00e4\u00e4tmemahuga, v\u00f5imaldades keerukaid konstruktsioone ja paremat struktuurilist terviklikkust.<br \/>\n<\/p><br \/>\n<br \/>\n<p><b>4.Kas CNC painutatud alumiiniumist raamiprofiile saab kohandada pagasi jaoks?<\/b><\/p>\n<p>Jah, neid saab kohandada sulami t\u00fc\u00fcbi, m\u00f5\u00f5tmete, painutusnurkade, pinnaviimistluse ja disaini poolest, et need vastaksid konkreetsetele kohvri n\u00f5uetele.<br \/>\n<\/p><br \/>\n<br \/>\n<p><b>5.Kuidas parandab alumiiniumraam kohvri vastupidavust?<\/b><\/p>\n<p>Alumiiniumraamid pakuvad tugevat struktuurilist tuge, on deformatsioonikindlad ja kaitsevad sisu, s\u00e4ilitades samas pagasi kerge kaalu.<br \/>\n<\/p><br \/>\n<br \/>\n<p><b>6.Kas CNC painutusega alumiiniumraamiprofiilid sobivad igat t\u00fc\u00fcpi pagasi jaoks?<\/b><\/p>\n<p>Jah, neid kasutatakse nii k\u00f5vakoorelises, pehmekoorelises kui ka h\u00fcbriidpakendite puhul, et suurendada vastupidavust ja stiili.<br \/>\n<\/p><br \/>\n<br \/>\n<p><b>7.Millised t\u00f6\u00f6stusharud kasutavad tavaliselt CNC painutavaid alumiiniumraamiprofiile?<\/b><\/p>\n<p>Pagasitootjad, reisikaupade ettev\u00f5tted ja luksuslike aksessuaaride kaubam\u00e4rgid kasutavad neid profiile kvaliteetsete ja vastupidavate toodete valmistamiseks.<br \/>\n<\/p><br \/>\n<br \/>\n<p><b>8.Kuidas toetavad CNC painutusega alumiiniumraamiprofiilid j\u00e4tkusuutlikku pagasi tootmist?<\/b><\/p>\n<p>Alumiinium on t\u00e4ielikult taaskasutatav ja CNC- painutamine v\u00e4hendab materjalij\u00e4\u00e4tmeid, edendades keskkonnas\u00f5bralikke ja t\u00f5husaid tootmismeetodeid.<br \/>\n<\/p><br \/><\/p>","protected":false},"featured_media":6654,"template":"","categories":[64],"class_list":["post-6655","product","type-product","status-publish","has-post-thumbnail","hentry","category-new-trend-aluminium-products"],"meta_box":{"hilight_text_group":{"product_hilight_text":"<li>Precision CNC bending ensures accurate and consistent frame profiles<\/li>\r\r\n<li>High-strength aluminum provides durable and lightweight suitcase frames<\/li>\r\r\n<li>Corrosion-resistant finish enhances longevity and aesthetic appeal<\/li>\r\r\n<li>Customizable designs to fit various luggage sizes and styles<\/li>\r\r\n<li>Supports bulk production with reliable quality and timely delivery<\/li>","product_chanpin_blog":"<ul>\r\r\n<li><a href=\"https:\/\/sinoextrud.com\/t-slot-v-slot-differences\/\" target=\"_blank\">t slot vs v slot<\/a><\/li>\r\r\n<li><a href=\"https:\/\/sinoextrud.com\/what-is-4040-aluminium-extrud\/\" target=\"_blank\">4040 aluminium extrusion<\/a><\/li>\r\r\n<li><a href=\"https:\/\/sinoextrud.com\/what-is-4040-aluminium-extrud\/\" target=\"_blank\">aluminum extrusions for industrial racks<\/a><\/li>\r\r\n<li><a href=\"https:\/\/sinoextrud.com\/powder-coating-aluminium-process\/\" target=\"_blank\">powder coating aluminium<\/a><\/li>\r\r\n<li><a href=\"https:\/\/sinoextrud.com\/what-is-an-aluminium-strip-ceiling\/\" target=\"_blank\">aluminium strip ceiling<\/a><\/li>\r\r\n<li><a href=\"https:\/\/sinoextrud.com\/what-is-a-heat-sink\/\" target=\"_blank\">what is a heat sink<\/a><\/li>\r\r\n<\/ul>","product_chanpin_chanpin":"<li><a href=\"https:\/\/sinoextrud.com\/product\/custom-high-quality-aluminum-shower-room-mirror-frame-aluminum-profile\/\" target=\"_blank\">Custom High-quality Aluminum Shower Room Mirror Frame Aluminum Profile<\/a><\/li>\r\n<li><a href=\"https:\/\/sinoextrud.com\/product\/20-year-warranty-6061-6063-aluminum-wood-grain-look-aluminum-extruded-square-rectangular-tube\/\" target=\"_blank\">20-Year Warranty 6061 6063 Aluminum Wood Grain Look Aluminum Extruded Square Rectangular Tube<\/a><\/li>\r\n<li><a href=\"https:\/\/sinoextrud.com\/product\/aluminum-h-shaped-connected-panels-profile-for-safe-non-slip-walkway-panel-temporary-ground-road\/\" target=\"_blank\">Aluminum H-shaped Connected Panels Profile For Safe Non-slip Walkway Panel Temporary Ground Road<\/a><\/li>\r\n<li><a href=\"https:\/\/sinoextrud.com\/product\/customizable-minimalist-office-aluminum-partition-profiles\/\" target=\"_blank\">Customizable Minimalist Office Aluminum Partition Profiles<\/a><\/li>\r\n<li><a href=\"https:\/\/sinoextrud.com\/product\/cnc-bending-aluminum-frame-profile-for-suitcase-luggage\/\" target=\"_blank\">CNC Bending Aluminum Frame Profile For Suitcase Luggage<\/a><\/li>\r\n<li><a href=\"https:\/\/sinoextrud.com\/product\/custom-high-quality-reinforced-aluminum-flood-planks-aluminum-flood-barrier-profiles\/\" target=\"_blank\">Custom High-quality Reinforced Aluminum Flood Planks Aluminum Flood Barrier Profiles<\/a><\/li>\r\n<li><a href=\"https:\/\/sinoextrud.com\/product\/custom-high-quality-6063-powder-coating-aluminum-pergola-profile\/\" target=\"_blank\">Custom High-quality 6063 Powder Coating Aluminum Pergola Profile<\/a><\/li>\r\n<li><a href=\"https:\/\/sinoextrud.com\/product\/china-high-quality-polishing-shower-enclosure-aluminum-extrusion-profile\/\" target=\"_blank\">China High-quality Polishing Shower Enclosure Aluminum Extrusion Profile<\/a><\/li>\r\n<li><a href=\"https:\/\/sinoextrud.com\/product\/aluminum-extrusion-6063-anodized-wardrobe-clothes-rod-aluminum-profile\/\" target=\"_blank\">Aluminum Extrusion 6063 Anodized Wardrobe Clothes Rod Aluminum Profile<\/a><\/li>\r\n<li><a href=\"https:\/\/sinoextrud.com\/product\/l-shaped-aluminum-trim\/\" target=\"_blank\">L Shaped Aluminum Trim<\/a><\/li>\r\n<li><a href=\"https:\/\/sinoextrud.com\/product\/commercial-handrail-systems\/\" target=\"_blank\">Commercial Handrail Systems<\/a><\/li>"},"feature_list":[]},"_links":{"self":[{"href":"https:\/\/sinoextrud.com\/et\/wp-json\/wp\/v2\/product\/6655","targetHints":{"allow":["GET"]}}],"collection":[{"href":"https:\/\/sinoextrud.com\/et\/wp-json\/wp\/v2\/product"}],"about":[{"href":"https:\/\/sinoextrud.com\/et\/wp-json\/wp\/v2\/types\/product"}],"wp:featuredmedia":[{"embeddable":true,"href":"https:\/\/sinoextrud.com\/et\/wp-json\/wp\/v2\/media\/6654"}],"wp:attachment":[{"href":"https:\/\/sinoextrud.com\/et\/wp-json\/wp\/v2\/media?parent=6655"}],"wp:term":[{"taxonomy":"category","embeddable":true,"href":"https:\/\/sinoextrud.com\/et\/wp-json\/wp\/v2\/categories?post=6655"}],"curies":[{"name":"wp","href":"https:\/\/api.w.org\/{rel}","templated":true}]}}