{"id":6640,"date":"2025-05-30T02:45:03","date_gmt":"2025-05-30T02:45:03","guid":{"rendered":"https:\/\/sinoextrud.com\/product\/china-factory-wholesale-6063-aluminum-fence-panels\/"},"modified":"2025-06-24T06:11:23","modified_gmt":"2025-06-24T06:11:23","slug":"hiina-tehase-hulgimuuk-6063-alumiiniumist-tarapaneelid","status":"publish","type":"product","link":"https:\/\/sinoextrud.com\/et\/product\/china-factory-wholesale-6063-aluminum-fence-panels\/","title":{"rendered":"Hiina tehase hulgim\u00fc\u00fck 6063 alumiiniumist aiapaneelid"},"content":{"rendered":"<h2>Toodete \u00fcksikasjad<\/h2>\n<table class=\"custom-table\">\n<tr>\n<td class=\"label\">Toote nimi<\/td>\n<td>Hiina tehase hulgim\u00fc\u00fck 6063 alumiiniumist aiapaneelid<\/td>\n<\/tr>\n<tr>\n<td class=\"label\">Materjal<\/td>\n<td>Kvaliteetne 6063 alumiiniumisulam<\/td>\n<\/tr>\n<tr>\n<td class=\"label\">M\u00f5\u00f5tmed<\/td>\n<td>Saadaval on kohandatavad suurused; standardsuurused on 6ft x 4ft, 8ft x 4ft jne.<\/td>\n<\/tr>\n<tr>\n<td class=\"label\">Kaal<\/td>\n<td>Kerge konstruktsioon lihtsaks k\u00e4sitsemiseks ja paigaldamiseks<\/td>\n<\/tr>\n<tr>\n<td class=\"label\">Disaini valikud<\/td>\n<td>Saadaval on erinevad stiilid, sealhulgas pikett-, privaatsus- ja dekoratiivsed disainilahendused.<\/td>\n<\/tr>\n<tr>\n<td class=\"label\">Pinnat\u00f6\u00f6tlus<\/td>\n<td>- Pulbriga katmine (erinevad v\u00e4rvid)<br \/>- Anodeerimine<br \/>- Puidutera viimistlus<\/td>\n<\/tr>\n<tr>\n<td class=\"label\">Vastupidavus<\/td>\n<td>- Korrosioonikindel<br \/>- Roostekindel<br \/>- UV-kindel<\/td>\n<\/tr>\n<tr>\n<td class=\"label\">Hooldus<\/td>\n<td>V\u00e4hene hooldusvajadus; lihtne puhastada seebi ja veega<\/td>\n<\/tr>\n<tr>\n<td class=\"label\">Paigaldamine<\/td>\n<td>Lihtne paigaldusprotsess; seda saavad paigaldada nii kodused entusiastid kui ka spetsialistid.<\/td>\n<\/tr>\n<tr>\n<td class=\"label\">Kvaliteedi tagamine<\/td>\n<td>- ISO 9001 sertifitseeritud<br \/>- CE-sertifikaat<br \/>- Range kvaliteedikontroll igas tootmisetapis<\/td>\n<\/tr>\n<tr>\n<td class=\"label\">Pakend<\/td>\n<td>- Pakitud kaitsvate materjalidega<br \/>- Pakitud tugevatesse karpidesse v\u00f5i kaubaalustesse<br \/>- Saadaval on kohandatud pakendamisv\u00f5imalused<\/td>\n<\/tr>\n<tr>\n<td class=\"label\">Juhtumisaeg<\/td>\n<td>Tavaliselt 15-30 p\u00e4eva s\u00f5ltuvalt tellimuse kogusest ja kohandamisest.<\/td>\n<\/tr>\n<tr>\n<td class=\"label\">Minimaalne tellimuse kogus<\/td>\n<td>10m2 v\u00f5i 6m (suuremate tellimuste puhul kokkuleppeliselt)<\/td>\n<\/tr>\n<tr>\n<td class=\"label\">Kohaletoimetamise v\u00f5imalused<\/td>\n<td>- Meretransport<br \/>- Lennutransport<br \/>- Express kohaletoimetamine saadaval<\/td>\n<\/tr>\n<tr>\n<td class=\"label\">\u00dclemaailmne ulatus<\/td>\n<td>Tooted tarnitakse P\u00f5hja-Ameerikasse, Euroopasse, Aasiasse ja teistesse piirkondadesse kogu maailmas.<\/td>\n<\/tr>\n<tr>\n<td class=\"label\">Klientide tagasiside<\/td>\n<td>K\u00f5rge kvaliteedi-, vastupidavuse ja klienditeeninduse hinnangud<\/td>\n<\/tr>\n<tr>\n<td class=\"label\">Miks valida meid<\/td>\n<td>- 30-aastane t\u00f6\u00f6stuskogemus<br \/>- ODM\/OEM teenused saadaval<br \/>- Konkurentsiv\u00f5imeline hinnakujundus<br \/>- P\u00fchendumine j\u00e4tkusuutlikkusele<\/td>\n<\/tr>\n<\/table>\n<h2>Meie tootmisbaas<\/h2>\n<h3>Tehase panoraam<\/h3>\n<p><img decoding=\"async\" src=\"\/wp-content\/uploads\/factory-01.webp\"\/><\/p>\n<h3>Alumiiniumvarraste tootmise t\u00f6\u00f6koda<\/h3>\n<p><img decoding=\"async\" src=\"\/wp-content\/uploads\/factory-02.webp\"\/><\/p>\n<p><img decoding=\"async\" src=\"\/wp-content\/uploads\/factory-03.webp\"\/><\/p>\n<h3>hallituse ladustamise ladu<\/h3>\n<p><img decoding=\"async\" src=\"\/wp-content\/uploads\/factory-04.webp\"\/><\/p>\n<h3>43 alumiiniumi ekstrusiooniliini (500-5500 tonni)<\/h3>\n<p><img decoding=\"async\" src=\"\/wp-content\/uploads\/factory-05.webp\"\/><\/p>\n<p><img decoding=\"async\" src=\"\/wp-content\/uploads\/factory-06.webp\"\/><\/p>\n<p><img decoding=\"async\" src=\"\/wp-content\/uploads\/factory-07.webp\"\/><\/p>\n<h3>Pulberv\u00e4rvimise t\u00f6\u00f6koda<\/h3>\n<p><img decoding=\"async\" src=\"\/wp-content\/uploads\/factory-09.webp\"\/><\/p>\n<h3>Anodiseerimise t\u00f6\u00f6koda<\/h3>\n<p><img decoding=\"async\" src=\"\/wp-content\/uploads\/factory-10.webp\"\/><\/p>\n<h3>S\u00fcgavt\u00f6\u00f6tlemise t\u00f6\u00f6tuba<\/h3>\n<p><img decoding=\"async\" src=\"\/wp-content\/uploads\/factory-11.webp\"\/><\/p>\n<h3>CNC-t\u00e4ppist\u00f6\u00f6tlemise t\u00f6\u00f6koda<\/h3>\n<p><img decoding=\"async\" src=\"\/wp-content\/uploads\/factory-11.5.webp\"\/><\/p>\n<h3>Valmistoodete ja ekspordi ladu<\/h3>\n<p><img decoding=\"async\" src=\"\/wp-content\/uploads\/factory-12.webp\"\/><\/p>\n<p><img decoding=\"async\" src=\"\/wp-content\/uploads\/factory-13.webp\"\/><\/p>\n<p><img decoding=\"async\" src=\"\/wp-content\/uploads\/factory-14.webp\"\/><\/p>\n<h2>KKK<\/h2>\n<p><p><b>1.Mis on Hiina tehase hulgim\u00fc\u00fck 6063 alumiiniumist aiapaneelid?<\/b><\/p>\n<p>Need on Hiinas valmistatud aiapaneelid, mis on valmistatud 6063 alumiiniumisulamist ja mida pakutakse hulgim\u00fc\u00fcgihinnaga erinevateks tara rakendusteks.<br \/>\n<\/p><br \/>\n<br \/>\n<p><b>2.Millised on 6063 alumiiniumist tarapaneelide peamised eelised?<\/b><\/p>\n<p>6063 alumiiniumpaneelid tagavad suurep\u00e4rase korrosioonikindluse, kerge tugevuse, hea keevitatavuse ja sileda pinnaviimistluse, mis sobib v\u00e4litingimustes kasutamiseks.<br \/>\n<\/p><br \/>\n<br \/>\n<p><b>3.Miks valida 6063 alumiiniumisulam aiapaneelide jaoks?<\/b><\/p>\n<p>6063 sulam pakub t\u00e4iuslikku tasakaalu tugevuse, korrosioonikindluse ja esteetilise v\u00e4limuse vahel, mis muudab selle ideaalseks vastupidavaks ja atraktiivseks tarandelahenduseks.<br \/>\n<\/p><br \/>\n<br \/>\n<p><b>4.Can Hiina tehase hulgim\u00fc\u00fck 6063 alumiiniumist aiapaneelid on kohandatud?<\/b><\/p>\n<p>Jah, neid saab kohandada suuruse, kujunduse, v\u00e4rvi, pinnaviimistluse ja katte poolest vastavalt konkreetsetele projekti- ja arhitektuurin\u00f5uetele.<br \/>\n<\/p><br \/>\n<br \/>\n<p><b>5.Kuidas on Hiina tehase hulgim\u00fc\u00fcgist ostjatele kasulik osta?<\/b><\/p>\n<p>Hiina tehastest hulgim\u00fc\u00fcgi ostmine pakub kuluefektiivset hinnakujundust, suurt kogust ja paindlikke kohandamisv\u00f5imalusi.<br \/>\n<\/p><br \/>\n<br \/>\n<p><b>6.Kas 6063 alumiiniumist aiapaneelid sobivad v\u00e4litingimustesse?<\/b><\/p>\n<p>Jah, 6063 alumiiniumpaneelid on vastupidavad roostetamisele, UV-kiirgusele ja karmidele ilmastikutingimustele, tagades pikaajalise toimivuse v\u00e4litingimustes.<br \/>\n<\/p><br \/>\n<br \/>\n<p><b>7.Millised t\u00f6\u00f6stusharud kasutavad tavaliselt 6063 alumiiniumist tarapaneele?<\/b><\/p>\n<p>Elamu-, \u00e4ri-, t\u00f6\u00f6stus- ja p\u00f5llumajandussektoris kasutatakse neid paneele turvalisuse, privaatsuse ja dekoratiivsete tarade jaoks.<br \/>\n<\/p><br \/>\n<br \/>\n<p><b>8.Kuidas toetavad 6063 alumiiniumist aiapaneelid j\u00e4tkusuutlikku ehitust?<\/b><\/p>\n<p>Alumiinium on 100% ringlussev\u00f5etav, kerge ja vastupidav, v\u00e4hendades keskkonnam\u00f5ju ja edendades keskkonnas\u00f5bralikke tarandelahendusi.<br \/>\n<\/p><br \/><\/p>","protected":false},"featured_media":6639,"template":"","categories":[64],"class_list":["post-6640","product","type-product","status-publish","has-post-thumbnail","hentry","category-new-trend-aluminium-products"],"meta_box":{"hilight_text_group":{"product_hilight_text":"<li>Wholesale pricing from a trusted China factory for cost-effective sourcing<\/li>\r\r\n<li>Made from durable 6063 aluminum alloy with excellent corrosion resistance<\/li>\r\r\n<li>Lightweight yet strong panels suitable for residential and commercial fencing<\/li>\r\r\n<li>Custom sizes and finishes available to meet diverse project needs<\/li>\r\r\n<li>Reliable bulk supply with consistent quality and timely delivery<\/li>","product_chanpin_blog":"<ul>\r\r\n<li><a href=\"https:\/\/sinoextrud.com\/t-slot-v-slot-differences\/\" target=\"_blank\">t slot vs v slot<\/a><\/li>\r\r\n<li><a href=\"https:\/\/sinoextrud.com\/what-is-4040-aluminium-extrud\/\" target=\"_blank\">4040 aluminium extrusion<\/a><\/li>\r\r\n<li><a href=\"https:\/\/sinoextrud.com\/what-is-4040-aluminium-extrud\/\" target=\"_blank\">aluminum extrusions for industrial racks<\/a><\/li>\r\r\n<li><a href=\"https:\/\/sinoextrud.com\/powder-coating-aluminium-process\/\" target=\"_blank\">powder coating aluminium<\/a><\/li>\r\r\n<li><a href=\"https:\/\/sinoextrud.com\/what-is-an-aluminium-strip-ceiling\/\" target=\"_blank\">aluminium strip ceiling<\/a><\/li>\r\r\n<li><a href=\"https:\/\/sinoextrud.com\/what-is-a-heat-sink\/\" target=\"_blank\">what is a heat sink<\/a><\/li>\r\r\n<\/ul>","product_chanpin_chanpin":"<li><a href=\"https:\/\/sinoextrud.com\/product\/aluminum-shower-door-frame-parts-u-channel\/\" target=\"_blank\">Aluminum Shower Door Frame Parts U-channel<\/a><\/li>\r\n<li><a href=\"https:\/\/sinoextrud.com\/product\/aluminium-extrusion-and-aluminium-profile\/\" target=\"_blank\">Aluminium Extrusion and Aluminium Profile<\/a><\/li>\r\n<li><a href=\"https:\/\/sinoextrud.com\/product\/telescopic-aluminium-square-tube\/\" target=\"_blank\">Telescopic Aluminium Square Tube<\/a><\/li>\r\n<li><a href=\"https:\/\/sinoextrud.com\/product\/customizable-bathroom-mirror-frame-bent-aluminum-profiles\/\" target=\"_blank\">Customizable Bathroom Mirror Frame Bent Aluminum Profiles<\/a><\/li>\r\n<li><a href=\"https:\/\/sinoextrud.com\/product\/china-factory-wholesale-6063-aluminum-fence-panels\/\" target=\"_blank\">China Factory Wholesale 6063 Aluminum Fence Panels<\/a><\/li>\r\n<li><a href=\"https:\/\/sinoextrud.com\/product\/aluminum-slatwall-panel-insert-profile\/\" target=\"_blank\">Aluminum Slatwall Panel Insert Profile<\/a><\/li>\r\n<li><a href=\"https:\/\/sinoextrud.com\/product\/custom-high-quality-aluminum-shower-room-mirror-frame-aluminum-profile\/\" target=\"_blank\">Custom High-quality Aluminum Shower Room Mirror Frame Aluminum Profile<\/a><\/li>\r\n<li><a href=\"https:\/\/sinoextrud.com\/product\/20-year-warranty-6061-6063-aluminum-wood-grain-look-aluminum-extruded-square-rectangular-tube\/\" target=\"_blank\">20-Year Warranty 6061 6063 Aluminum Wood Grain Look Aluminum Extruded Square Rectangular Tube<\/a><\/li>\r\n<li><a href=\"https:\/\/sinoextrud.com\/product\/aluminum-h-shaped-connected-panels-profile-for-safe-non-slip-walkway-panel-temporary-ground-road\/\" target=\"_blank\">Aluminum H-shaped Connected Panels Profile For Safe Non-slip Walkway Panel Temporary Ground Road<\/a><\/li>\r\n<li><a href=\"https:\/\/sinoextrud.com\/product\/aluminum-balustrade-handrail\/\" target=\"_blank\">Aluminum Balustrade Handrail<\/a><\/li>\r\n<li><a href=\"https:\/\/sinoextrud.com\/product\/roller-shutter-profiles-aluminum\/\" target=\"_blank\">Roller Shutter Profiles Aluminum<\/a><\/li>"},"feature_list":[]},"_links":{"self":[{"href":"https:\/\/sinoextrud.com\/et\/wp-json\/wp\/v2\/product\/6640","targetHints":{"allow":["GET"]}}],"collection":[{"href":"https:\/\/sinoextrud.com\/et\/wp-json\/wp\/v2\/product"}],"about":[{"href":"https:\/\/sinoextrud.com\/et\/wp-json\/wp\/v2\/types\/product"}],"wp:featuredmedia":[{"embeddable":true,"href":"https:\/\/sinoextrud.com\/et\/wp-json\/wp\/v2\/media\/6639"}],"wp:attachment":[{"href":"https:\/\/sinoextrud.com\/et\/wp-json\/wp\/v2\/media?parent=6640"}],"wp:term":[{"taxonomy":"category","embeddable":true,"href":"https:\/\/sinoextrud.com\/et\/wp-json\/wp\/v2\/categories?post=6640"}],"curies":[{"name":"wp","href":"https:\/\/api.w.org\/{rel}","templated":true}]}}