{"id":6634,"date":"2025-05-30T02:35:11","date_gmt":"2025-05-30T02:35:11","guid":{"rendered":"https:\/\/sinoextrud.com\/product\/aluminium-extrusion-and-aluminium-profile\/"},"modified":"2025-06-24T06:11:22","modified_gmt":"2025-06-24T06:11:22","slug":"alumiiniumi-ekstrusioon-ja-alumiiniumprofiil","status":"publish","type":"product","link":"https:\/\/sinoextrud.com\/et\/product\/aluminium-extrusion-and-aluminium-profile\/","title":{"rendered":"Alumiiniumi ekstrusioon ja alumiiniumprofiil"},"content":{"rendered":"<h2>Toodete \u00fcksikasjad<\/h2>\n<table class=\"custom-table\">\n<tr>\n<td class=\"label\">Toote t\u00fc\u00fcp<\/td>\n<td>alumiiniumi ekstrusioon ja alumiiniumprofiil<\/td>\n<\/tr>\n<tr>\n<td class=\"label\">Materjal<\/td>\n<td>kvaliteetne alumiiniumisulam<br \/>6000-seeria (6061, 6063, 6082 jne.)<br \/>Seeria 7000 (7001,7003,7005,7075 jne.)<\/td>\n<\/tr>\n<tr>\n<td class=\"label\">M\u00f5\u00f5tmed<\/td>\n<td>Saate kohandada selle pikkust, laiust, k\u00f5rgust, paksust jne.<\/td>\n<\/tr>\n<tr>\n<td class=\"label\">K\u00f5rge t\u00e4psusega kohandatud disain<\/td>\n<td>\u00b1 0,1 mm kuni \u00b1 0,03 mm<\/td>\n<\/tr>\n<tr>\n<td class=\"label\">Pinnat\u00f6\u00f6tlus<\/td>\n<td>puidumass, anodeerimine, poleerimine, harjamine, liivapritsimine, pulberv\u00e4rvimine, elektroforeesimine, PVDF-kate, fluoros\u00fcsinikkate jne (kuni 20-aastane garantii).<\/td>\n<\/tr>\n<tr>\n<td class=\"label\">CNC s\u00fcgavt\u00f6\u00f6tlemine<\/td>\n<td>freesimine, puurimine, puurimine, l\u00f5ikamine, lihvimine. Keermet\u00f6\u00f6tlus, hammasrataste t\u00f6\u00f6tlemine, kirjat\u00f6\u00f6tlus, graveerimine ja muud erit\u00f6\u00f6tlusprotsessid.<\/td>\n<\/tr>\n<tr>\n<td class=\"label\">Rakendused<\/td>\n<td>Saate kohandada konkreetsete vajaduste ja rakenduste jaoks.<\/td>\n<\/tr>\n<tr>\n<td class=\"label\">Alumiinium T-profiil<\/td>\n<td>standard T-profiil, raske T-profiil, kerge T-profiil, libisev T-profiil, konstruktsiooniline T-profiil, dekoratiivne T-profiil<\/td>\n<\/tr>\n<tr>\n<td class=\"label\">Alumiiniumist U-profiil<\/td>\n<td>standardne U-profiil, J-trim U-profiil, m\u00fctsi U-profiil, kohandatud U-profiil jne.<\/td>\n<\/tr>\n<tr>\n<td class=\"label\">Alumiinium I profiil<\/td>\n<td>standardne I-profiil, raske I-profiil, kooniline I-profiil, \u00fcmardatud servaga I-profiil, kohandatud I-profiil jne.<\/td>\n<\/tr>\n<tr>\n<td class=\"label\">Alumiiniumist nurgaprofiil<\/td>\n<td>t\u00e4isnurk, kaldnurk, \u00fcmardatud nurgaga nurk, v\u00f5rdse k\u00fcljega nurk, L-kujuline nurk jne.<\/td>\n<\/tr>\n<tr>\n<td class=\"label\">Alumiiniumist T-ava profiil<\/td>\n<td>t\u00fc\u00fcp 2020, t\u00fc\u00fcp 3030, t\u00fc\u00fcp 4040, t\u00fc\u00fcp 4545, t\u00fc\u00fcp 8080, 3030R (\u00fcmardatud nurkadega), 2020L (kaldservadega), 4080 (suurema ristl\u00f5ike tugevusega) jne.<\/td>\n<\/tr>\n<tr>\n<td class=\"label\">Alumiiniumprofiili pilu<\/td>\n<td>\u00fche pesa profiil, kahe pesa profiil, kolme pesa profiil, mitme pesa profiil, \u00fcmmargune pesa profiil, kerge pesa profiil, raske pesa profiil jne.<\/td>\n<\/tr>\n<tr>\n<td class=\"label\">Alumiiniumtorude profiilid<\/td>\n<td>\u00fcmmargune, poolringikujuline, ovaalne, ristk\u00fclikukujuline, ruudukujuline, kolmnurkne, paks seina, \u00f5huke seina, suur l\u00e4bim\u00f5\u00f5t, v\u00e4ike l\u00e4bim\u00f5\u00f5t, teleskoopiline jne.<\/td>\n<\/tr>\n<tr>\n<td class=\"label\">Alumiiniumist trapetsprofiil<\/td>\n<td>standardne trapetsprofiil, ribiline trapetsprofiil, isoleeritud trapetsprofiil, kumer trapetsprofiil, seisva \u00f5mblusega trapetsprofiil, perforeeritud trapetsprofiil, laineline trapetsprofiil.<\/td>\n<\/tr>\n<tr>\n<td class=\"label\">Alumiinium Insert profiil<\/td>\n<td>standardne sisestusprofiil, keermestatud sisestusprofiil, t-ava sisestusprofiil, kaabli sisestusprofiil, nurgapealse sisestusprofiil, libisev sisestusprofiil, liigendiga sisestusprofiil jne.<\/td>\n<\/tr>\n<tr>\n<td class=\"label\">Alumiiniumraami profiil<\/td>\n<td>v\u00e4\u00e4rtusraam, t-ava raam, ekraaniraam, l-kujuline raam, aknaraam, ukseraam, s\u00e4\u00e4sev\u00f5rk, raamis\u00fcsteem, struktuurne raamimine, v-ava raam, raam p\u00e4ikesepaneelide paigaldamiseks, peegelraam, klaasraam, uksekarkass, sektsioonraam, krohvlageraam, fotoraam, pildiraam, seinaraam, plakatiraam, snap-raam<\/td>\n<\/tr>\n<tr>\n<td class=\"label\">Arhitektuurne alumiiniumprofiil<\/td>\n<td>kardinaseina profiilid, akna- ja ukseprofiilid, vaheseinaprofiilid, k\u00e4sipuu- ja balustraadiprofiilid, fassaadiprofiilid, p\u00e4ikesepaneelide raamiprofiilid, katuseaknaprofiilid, rippprofiilid, puuetega kaldteede profiilid, struktuuriprofiilid jne.<\/td>\n<\/tr>\n<tr>\n<td class=\"label\">T\u00f6\u00f6stuslik alumiiniumprofiil<\/td>\n<td>profiilitarvikud, mootori korpusprofiilid, ekraaniprofiilid, led-valgustuse profiilid, elektroonikaprofiilid jne.<\/td>\n<\/tr>\n<tr>\n<td class=\"label\">Alumiinium klaasist profiil<\/td>\n<td>aknaraamiprofiilid, ukseraamiprofiilid, kardinaraamiprofiilid, vaheseinaprofiilid, kauplusev\u00e4ljakute profiilid, katuseakende raamiprofiilid, klaasist balustraadiprofiilid, klaasist katuseprofiilid, klaasist rippprofiilid, vitriinide ja vitriinakende profiilid.<\/td>\n<\/tr>\n<tr>\n<td class=\"label\">Alumiiniumist du\u0161iprofiil<\/td>\n<td>U-kanaliprofiilid, hingeprofiilid, p\u00e4isteprofiilid, nurgaprofiilid, seinakraanide profiilid, l\u00e4veprofiilid, k\u00e4epidemeprofiilid, tugirauad ja klambrid, kanaliprofiilid<\/td>\n<\/tr>\n<tr>\n<td class=\"label\">Alumiiniumm\u00f6\u00f6bli profiil<\/td>\n<td>raamiprofiilid, servaprofiilid, pressitud profiilid, k\u00e4eprofiilid, jalaprofiilid, liitusprofiilid, libisev s\u00fcsteemiprofiilid, mooduls\u00fcsteemiprofiilid, eriprofiilid<\/td>\n<\/tr>\n<tr>\n<td class=\"label\">LED-valgus Alumiiniumprofiil<\/td>\n<td>jahutusradiaator, raam v\u00f5i korpus, kinnitusklamber, valguspeegel v\u00f5i hajuti, kanal v\u00f5i rada jne.<\/td>\n<\/tr>\n<tr>\n<td class=\"label\">Alumiiniumist soojusalvesti<\/td>\n<td>soomustatud jahutusradiaator, pin fin jahutusradiaator, soojatoru jahutusradiaator, vortex jahutusradiaator, ventilaatori jahutusradiaator jne.<\/td>\n<\/tr>\n<tr>\n<td class=\"label\">Alumiiniumprofiil s\u00f5iduki jaoks<\/td>\n<td>1. kere konstruktsiooni raam- ja tugikomponendid: autode, veoautode, rongide, metroode ja muude transpordivahendite kered.<br \/>2. uksed ja aknaraamid<br \/>3. sisekujundus: armatuurlaud, keskkonsool, uksepiirded jne.<br \/>4. Rummud ja rattad<br \/>5. lennundus- ja laevakonstruktsioonid: tiivad, laevakere ja laevakonstruktsioonid jne.<\/td>\n<\/tr>\n<\/table>\n<h2>Meie tootmisbaas<\/h2>\n<h3>Tehase panoraam<\/h3>\n<p><img decoding=\"async\" src=\"\/wp-content\/uploads\/factory-01.webp\"\/><\/p>\n<h3>Alumiiniumvarraste tootmise t\u00f6\u00f6koda<\/h3>\n<p><img decoding=\"async\" src=\"\/wp-content\/uploads\/factory-02.webp\"\/><\/p>\n<p><img decoding=\"async\" src=\"\/wp-content\/uploads\/factory-03.webp\"\/><\/p>\n<h3>hallituse ladustamise ladu<\/h3>\n<p><img decoding=\"async\" src=\"\/wp-content\/uploads\/factory-04.webp\"\/><\/p>\n<h3>43 alumiiniumi ekstrusiooniliini (500-5500 tonni)<\/h3>\n<p><img decoding=\"async\" src=\"\/wp-content\/uploads\/factory-05.webp\"\/><\/p>\n<p><img decoding=\"async\" src=\"\/wp-content\/uploads\/factory-06.webp\"\/><\/p>\n<p><img decoding=\"async\" src=\"\/wp-content\/uploads\/factory-07.webp\"\/><\/p>\n<h3>Pulberv\u00e4rvimise t\u00f6\u00f6koda<\/h3>\n<p><img decoding=\"async\" src=\"\/wp-content\/uploads\/factory-09.webp\"\/><\/p>\n<h3>Anodiseerimise t\u00f6\u00f6koda<\/h3>\n<p><img decoding=\"async\" src=\"\/wp-content\/uploads\/factory-10.webp\"\/><\/p>\n<h3>S\u00fcgavt\u00f6\u00f6tlemise t\u00f6\u00f6tuba<\/h3>\n<p><img decoding=\"async\" src=\"\/wp-content\/uploads\/factory-11.webp\"\/><\/p>\n<h3>CNC-t\u00e4ppist\u00f6\u00f6tlemise t\u00f6\u00f6koda<\/h3>\n<p><img decoding=\"async\" src=\"\/wp-content\/uploads\/factory-11.5.webp\"\/><\/p>\n<h3>Valmistoodete ja ekspordi ladu<\/h3>\n<p><img decoding=\"async\" src=\"\/wp-content\/uploads\/factory-12.webp\"\/><\/p>\n<p><img decoding=\"async\" src=\"\/wp-content\/uploads\/factory-13.webp\"\/><\/p>\n<p><img decoding=\"async\" src=\"\/wp-content\/uploads\/factory-14.webp\"\/><\/p>\n<h2>KKK<\/h2>\n<p><p><b>1.Mis on alumiiniumi ekstrusioon ja alumiiniumprofiil?<\/b><\/p>\n<p>Alumiiniumi ekstrusioon on tootmisprotsess, mille k\u00e4igus luuakse alumiiniumprofiile, surudes alumiiniumisulamit l\u00e4bi vormitud matriitside, et moodustada erinevaid ristl\u00f5ikeid.<br \/>\n<\/p><br \/>\n<br \/>\n<p><b>2.Millised on alumiiniumi ekstrusiooni ja alumiiniumprofiilide peamised eelised?<\/b><\/p>\n<p>Nad pakuvad suurt tugevuse ja kaalu suhet, suurep\u00e4rast korrosioonikindlust, mitmek\u00fclgset disaini, t\u00e4pseid m\u00f5\u00f5tmeid ja lihtsat valmistamist mitmete rakenduste jaoks.<br \/>\n<\/p><br \/>\n<br \/>\n<p><b>3.Miks valida alumiiniumprofiilid, mis on toodetud ekstrusiooni teel?<\/b><\/p>\n<p>Ekstrusioon v\u00f5imaldab keerulisi kujundeid, tihedaid tolerantse ja \u00fchtlast kvaliteeti, v\u00f5imaldades kergete ja tugevate komponentide kasutamist sellistes t\u00f6\u00f6stusharudes nagu ehitus, autot\u00f6\u00f6stus ja elektroonika.<br \/>\n<\/p><br \/>\n<br \/>\n<p><b>4.Kas alumiiniumprofiile ja -profiile saab kohandada?<\/b><\/p>\n<p>Jah, neid saab kohandada sulami t\u00fc\u00fcbi, kuju, suuruse, pinnaviimistluse ja mehaaniliste omaduste poolest vastavalt projekti spetsiifilistele n\u00f5uetele.<br \/>\n<\/p><br \/>\n<br \/>\n<p><b>5.Kuidas parandab alumiiniumi ekstrusioon toote j\u00f5udlust?<\/b><\/p>\n<p>Protsess parandab materjali omadusi, tagab \u00fchtlase ristl\u00f5ike ja v\u00f5imaldab funktsionaalsete omaduste integreerimist, parandades vastupidavust ja funktsionaalsust.<br \/>\n<\/p><br \/>\n<br \/>\n<p><b>6.Kas alumiiniumprofiilid ja -profiilid sobivad v\u00e4litingimustes kasutamiseks?<\/b><\/p>\n<p>Jah, alumiiniumi loomulik korrosioonikindlus ja t\u00e4iendav pinnat\u00f6\u00f6tlus, nagu anodeerimine v\u00f5i pulberv\u00e4rvimine, muudavad need ideaalseks karmides keskkondades.<br \/>\n<\/p><br \/>\n<br \/>\n<p><b>7.Millised t\u00f6\u00f6stusharud kasutavad tavaliselt alumiiniumist ekstrusiooni ja alumiiniumprofiile?<\/b><\/p>\n<p>Ehitus-, auto-, lennundus-, elektroonika-, m\u00f6\u00f6bli- ja pakendit\u00f6\u00f6stuses kasutatakse neid profiile laialdaselt nende tugevuse ja kerguse t\u00f5ttu.<br \/>\n<\/p><br \/>\n<br \/>\n<p><b>8.Kuidas toetavad alumiiniumi ekstrusioon ja profiilid s\u00e4\u00e4stvat tootmist?<\/b><\/p>\n<p>Alumiinium on 100% taaskasutatav ilma omadusi kaotamata ning ekstrusioonil tekib minimaalselt j\u00e4\u00e4tmeid, mis aitab kaasa keskkonnas\u00f5bralikele tootmisprotsessidele.<br \/>\n<\/p><br \/><\/p>","protected":false},"featured_media":6633,"template":"","categories":[64],"class_list":["post-6634","product","type-product","status-publish","has-post-thumbnail","hentry","category-new-trend-aluminium-products"],"meta_box":{"hilight_text_group":{"product_hilight_text":"<li>High-precision extrusion ensures consistent dimensions and superior quality<\/li>\r\r\n<li>Wide range of aluminum profiles suitable for various industrial applications<\/li>\r\r\n<li>Lightweight and corrosion-resistant for long-lasting performance<\/li>\r\r\n<li>Customizable sizes, shapes, and surface finishes to meet project needs<\/li>\r\r\n<li>Reliable bulk supply with competitive pricing and timely delivery<\/li>","product_chanpin_blog":"<ul>\r\r\n<li><a href=\"https:\/\/sinoextrud.com\/t-slot-v-slot-differences\/\" target=\"_blank\">t slot vs v slot<\/a><\/li>\r\r\n<li><a href=\"https:\/\/sinoextrud.com\/what-is-4040-aluminium-extrud\/\" target=\"_blank\">4040 aluminium extrusion<\/a><\/li>\r\r\n<li><a href=\"https:\/\/sinoextrud.com\/what-is-4040-aluminium-extrud\/\" target=\"_blank\">aluminum extrusions for industrial racks<\/a><\/li>\r\r\n<li><a href=\"https:\/\/sinoextrud.com\/powder-coating-aluminium-process\/\" target=\"_blank\">powder coating aluminium<\/a><\/li>\r\r\n<li><a href=\"https:\/\/sinoextrud.com\/what-is-an-aluminium-strip-ceiling\/\" target=\"_blank\">aluminium strip ceiling<\/a><\/li>\r\r\n<li><a href=\"https:\/\/sinoextrud.com\/what-is-a-heat-sink\/\" target=\"_blank\">what is a heat sink<\/a><\/li>\r\r\n<\/ul>","product_chanpin_chanpin":"<li><a href=\"https:\/\/sinoextrud.com\/product\/wood-grain-aluminum-decking\/\" target=\"_blank\">Wood Grain Aluminum Decking<\/a><\/li>\r\n<li><a href=\"https:\/\/sinoextrud.com\/product\/weather-resistant-wood-grain-aluminum-profile\/\" target=\"_blank\">Weather Resistant Wood Grain Aluminum Profile<\/a><\/li>\r\n<li><a href=\"https:\/\/sinoextrud.com\/product\/aluminium-kitchen-cabinet-handles\/\" target=\"_blank\">Aluminium Kitchen Cabinet Handles<\/a><\/li>\r\n<li><a href=\"https:\/\/sinoextrud.com\/product\/aluminum-shower-door-frame-parts-u-channel\/\" target=\"_blank\">Aluminum Shower Door Frame Parts U-channel<\/a><\/li>\r\n<li><a href=\"https:\/\/sinoextrud.com\/product\/aluminium-extrusion-and-aluminium-profile\/\" target=\"_blank\">Aluminium Extrusion and Aluminium Profile<\/a><\/li>\r\n<li><a href=\"https:\/\/sinoextrud.com\/product\/telescopic-aluminium-square-tube\/\" target=\"_blank\">Telescopic Aluminium Square Tube<\/a><\/li>\r\n<li><a href=\"https:\/\/sinoextrud.com\/product\/customizable-bathroom-mirror-frame-bent-aluminum-profiles\/\" target=\"_blank\">Customizable Bathroom Mirror Frame Bent Aluminum Profiles<\/a><\/li>\r\n<li><a href=\"https:\/\/sinoextrud.com\/product\/china-factory-wholesale-6063-aluminum-fence-panels\/\" target=\"_blank\">China Factory Wholesale 6063 Aluminum Fence Panels<\/a><\/li>\r\n<li><a href=\"https:\/\/sinoextrud.com\/product\/aluminum-slatwall-panel-insert-profile\/\" target=\"_blank\">Aluminum Slatwall Panel Insert Profile<\/a><\/li>\r\n<li><a href=\"https:\/\/sinoextrud.com\/product\/aluminium-profile-for-shower-room\/\" target=\"_blank\">Aluminium Profile For Shower Room<\/a><\/li>\r\n<li><a href=\"https:\/\/sinoextrud.com\/product\/aluminium-extrusion-caravan-awning-aluminum-profile\/\" target=\"_blank\">Aluminium Extrusion Caravan Awning Aluminum Profile<\/a><\/li>"},"feature_list":[]},"_links":{"self":[{"href":"https:\/\/sinoextrud.com\/et\/wp-json\/wp\/v2\/product\/6634","targetHints":{"allow":["GET"]}}],"collection":[{"href":"https:\/\/sinoextrud.com\/et\/wp-json\/wp\/v2\/product"}],"about":[{"href":"https:\/\/sinoextrud.com\/et\/wp-json\/wp\/v2\/types\/product"}],"wp:featuredmedia":[{"embeddable":true,"href":"https:\/\/sinoextrud.com\/et\/wp-json\/wp\/v2\/media\/6633"}],"wp:attachment":[{"href":"https:\/\/sinoextrud.com\/et\/wp-json\/wp\/v2\/media?parent=6634"}],"wp:term":[{"taxonomy":"category","embeddable":true,"href":"https:\/\/sinoextrud.com\/et\/wp-json\/wp\/v2\/categories?post=6634"}],"curies":[{"name":"wp","href":"https:\/\/api.w.org\/{rel}","templated":true}]}}