{"id":6632,"date":"2025-05-30T02:33:02","date_gmt":"2025-05-30T02:33:02","guid":{"rendered":"https:\/\/sinoextrud.com\/product\/aluminum-shower-door-frame-parts-u-channel\/"},"modified":"2025-06-24T06:11:22","modified_gmt":"2025-06-24T06:11:22","slug":"alumiiniumist-dusiruumi-ukse-raami-osad-u-kanal","status":"publish","type":"product","link":"https:\/\/sinoextrud.com\/et\/product\/aluminum-shower-door-frame-parts-u-channel\/","title":{"rendered":"Alumiiniumist du\u0161iruumi ukse raami osad U-kanali"},"content":{"rendered":"<h2>Toodete \u00fcksikasjad<\/h2>\n<table class=\"custom-table\">\n<tr>\n<td class=\"label\">Punkti<\/td>\n<td>Alumiiniumist du\u0161iruumi ukse raami osad U-kanali<\/td>\n<\/tr>\n<tr>\n<td class=\"label\">Temper<\/td>\n<td>T3-T8<\/td>\n<\/tr>\n<tr>\n<td class=\"label\">Protsessi kulgemine<\/td>\n<td>Valuvormide arendamine - Alumiiniumplokid - kuumutamine - vormimine tooralumiiniumiga - pinnat\u00f6\u00f6tlus<\/td>\n<\/tr>\n<tr>\n<td class=\"label\">Sertifitseerimine<\/td>\n<td>CE, ISO, SGS, TUV<\/td>\n<\/tr>\n<tr>\n<td class=\"label\">Taotlus<\/td>\n<td>Ehitus, t\u00f6\u00f6stus<\/td>\n<\/tr>\n<tr>\n<td class=\"label\">Kuju<\/td>\n<td>U-kujuline<\/td>\n<\/tr>\n<tr>\n<td class=\"label\">Pinnat\u00f6\u00f6tlus<\/td>\n<td>Veski valmis, anodeeritud, Power coating, liivapritsimine, elektroforees, harjatud, poleerimine jne.<\/td>\n<\/tr>\n<tr>\n<td class=\"label\">V\u00e4rv<\/td>\n<td>Tuginedes klientide n\u00f5udmistele<\/td>\n<\/tr>\n<tr>\n<td class=\"label\">S\u00fcgav t\u00f6\u00f6tlemine<\/td>\n<td>L\u00f5ikamine, puurimine, mehaaniline t\u00f6\u00f6tlemine, l\u00f6\u00f6mine, painutamine, koputades jne.<\/td>\n<\/tr>\n<tr>\n<td class=\"label\">Garantii<\/td>\n<td>ISO: 9001, SONCAP, BV sertifikaat, TUV, SGS v\u00f5i klientide sertifikaat saadaval<\/td>\n<\/tr>\n<tr>\n<td class=\"label\">MOQ<\/td>\n<td>200 kg iga profiili kohta<\/td>\n<\/tr>\n<tr>\n<td class=\"label\">Tarneaeg<\/td>\n<td>Vormi v\u00e4ljat\u00f6\u00f6tamine ja n\u00e4idise kujundamine kestab 12-15 p\u00e4eva, seej\u00e4rel tootmine kestab 15-25 p\u00e4eva p\u00e4rast ostjalt tagatisraha saamist.<\/td>\n<\/tr>\n<tr>\n<td class=\"label\">Tasuta proovi<\/td>\n<td>1-3 p\u00e4eva saab saata<\/td>\n<\/tr>\n<\/table>\n<h2>Meie tootmisbaas<\/h2>\n<h3>Tehase panoraam<\/h3>\n<p><img decoding=\"async\" src=\"\/wp-content\/uploads\/factory-01.webp\"\/><\/p>\n<h3>Alumiiniumvarraste tootmise t\u00f6\u00f6koda<\/h3>\n<p><img decoding=\"async\" src=\"\/wp-content\/uploads\/factory-02.webp\"\/><\/p>\n<p><img decoding=\"async\" src=\"\/wp-content\/uploads\/factory-03.webp\"\/><\/p>\n<h3>hallituse ladustamise ladu<\/h3>\n<p><img decoding=\"async\" src=\"\/wp-content\/uploads\/factory-04.webp\"\/><\/p>\n<h3>43 alumiiniumi ekstrusiooniliini (500-5500 tonni)<\/h3>\n<p><img decoding=\"async\" src=\"\/wp-content\/uploads\/factory-05.webp\"\/><\/p>\n<p><img decoding=\"async\" src=\"\/wp-content\/uploads\/factory-06.webp\"\/><\/p>\n<p><img decoding=\"async\" src=\"\/wp-content\/uploads\/factory-07.webp\"\/><\/p>\n<h3>Pulberv\u00e4rvimise t\u00f6\u00f6koda<\/h3>\n<p><img decoding=\"async\" src=\"\/wp-content\/uploads\/factory-09.webp\"\/><\/p>\n<h3>Anodiseerimise t\u00f6\u00f6koda<\/h3>\n<p><img decoding=\"async\" src=\"\/wp-content\/uploads\/factory-10.webp\"\/><\/p>\n<h3>S\u00fcgavt\u00f6\u00f6tlemise t\u00f6\u00f6tuba<\/h3>\n<p><img decoding=\"async\" src=\"\/wp-content\/uploads\/factory-11.webp\"\/><\/p>\n<h3>CNC-t\u00e4ppist\u00f6\u00f6tlemise t\u00f6\u00f6koda<\/h3>\n<p><img decoding=\"async\" src=\"\/wp-content\/uploads\/factory-11.5.webp\"\/><\/p>\n<h3>Valmistoodete ja ekspordi ladu<\/h3>\n<p><img decoding=\"async\" src=\"\/wp-content\/uploads\/factory-12.webp\"\/><\/p>\n<p><img decoding=\"async\" src=\"\/wp-content\/uploads\/factory-13.webp\"\/><\/p>\n<p><img decoding=\"async\" src=\"\/wp-content\/uploads\/factory-14.webp\"\/><\/p>\n<h2>KKK<\/h2>\n<p><p><b>1.Mis on alumiiniumist du\u0161i ukse raami osad U-kanal?<\/b><\/p>\n<p>Need on alumiiniumist U-kujulised kanalid, mida kasutatakse du\u0161iruumi ukseraamide konstruktsioonielementidena klaaspaneelide kinnitamiseks ja stabiilsuse tagamiseks.<br \/>\n<\/p><br \/>\n<br \/>\n<p><b>2.Millised on alumiiniumist U-kanali du\u0161iruumi ukse raami osade peamised eelised?<\/b><\/p>\n<p>Nad pakuvad suurep\u00e4rast korrosioonikindlust, kerget tugevust, vastupidavust, lihtsat paigaldamist ja elegantset, kaasaegset viimistlust.<br \/>\n<\/p><br \/>\n<br \/>\n<p><b>3.Miks valida alumiiniumist U-kanalid du\u0161i ukse raamide jaoks?<\/b><\/p>\n<p>Alumiiniumist U-kanalid on vastupidavad niiskusele ja roostetamisele, tagades pikaajalise toimivuse niisketes vannitubades minimaalse hooldusega.<br \/>\n<\/p><br \/>\n<br \/>\n<p><b>4.Kas alumiiniumist du\u0161iruumi ukse U-kanaleid saab kohandada?<\/b><\/p>\n<p>Jah, neid saab kohandada suuruse, paksuse, pikkuse ja viimistluse poolest, et need sobiksid erinevate du\u0161iuste ja klaaspaneelide m\u00f5\u00f5tmetega.<br \/>\n<\/p><br \/>\n<br \/>\n<p><b>5.Kuidas parandab U-kanali konstruktsioon du\u0161\u0161i ukse funktsionaalsust?<\/b><\/p>\n<p>U-kuju hoiab klaaspaneelid kindlalt paigal, pakub struktuurset tuge ja aitab v\u00e4ltida vee lekkimist du\u0161ikabiinides.<br \/>\n<\/p><br \/>\n<br \/>\n<p><b>6.Kas alumiiniumist U-kanaliga du\u0161iukse raami osad sobivad igat t\u00fc\u00fcpi du\u0161iuste jaoks?<\/b><\/p>\n<p>Jah, need sobivad kokku raamitud, poolraamita ja raamita du\u0161\u0161iukses\u00fcsteemidega.<br \/>\n<\/p><br \/>\n<br \/>\n<p><b>7.Millised t\u00f6\u00f6stusharud kasutavad tavaliselt alumiiniumist du\u0161iruumi ukse U-kanali osi?<\/b><\/p>\n<p>Vannitoasisustuse tootjad, remondiettev\u00f5tted ja ehitusettev\u00f5tted kasutavad neid osi kvaliteetseks du\u0161\u0161i ukse kokkupanekuks.<br \/>\n<\/p><br \/>\n<br \/>\n<p><b>8.Kuidas toetavad alumiiniumist du\u0161iruumi ukse U-kanali osad j\u00e4tkusuutlikku vannitoadisaini?<\/b><\/p>\n<p>Alumiinium on 100% taaskasutatav ja vastupidav, v\u00e4hendades j\u00e4\u00e4tmeid ja asendusvajadust keskkonnas\u00f5braliku vannitoa renoveerimisel.<br \/>\n<\/p><br \/><\/p>","protected":false},"featured_media":6631,"template":"","categories":[64],"class_list":["post-6632","product","type-product","status-publish","has-post-thumbnail","hentry","category-new-trend-aluminium-products"],"meta_box":{"hilight_text_group":{"product_hilight_text":"<li>Durable aluminum U-channel designed for secure shower door framing<\/li>\r\r\n<li>Corrosion-resistant finish ensures long-lasting performance in wet environments<\/li>\r\r\n<li>Precision manufacturing provides easy installation and tight fit<\/li>\r\r\n<li>Lightweight yet strong for efficient handling and structural support<\/li>\r\r\n<li>Available in custom sizes and finishes to match various shower designs<\/li>","product_chanpin_blog":"<ul>\r\r\n<li><a href=\"https:\/\/sinoextrud.com\/t-slot-v-slot-differences\/\" target=\"_blank\">t slot vs v slot<\/a><\/li>\r\r\n<li><a href=\"https:\/\/sinoextrud.com\/what-is-4040-aluminium-extrud\/\" target=\"_blank\">4040 aluminium extrusion<\/a><\/li>\r\r\n<li><a href=\"https:\/\/sinoextrud.com\/what-is-4040-aluminium-extrud\/\" target=\"_blank\">aluminum extrusions for industrial racks<\/a><\/li>\r\r\n<li><a href=\"https:\/\/sinoextrud.com\/powder-coating-aluminium-process\/\" target=\"_blank\">powder coating aluminium<\/a><\/li>\r\r\n<li><a href=\"https:\/\/sinoextrud.com\/what-is-an-aluminium-strip-ceiling\/\" target=\"_blank\">aluminium strip ceiling<\/a><\/li>\r\r\n<li><a href=\"https:\/\/sinoextrud.com\/what-is-a-heat-sink\/\" target=\"_blank\">what is a heat sink<\/a><\/li>\r\r\n<\/ul>","product_chanpin_chanpin":"<li><a href=\"https:\/\/sinoextrud.com\/product\/aluminum-t-shape-transition-tile-trim\/\" target=\"_blank\">Aluminum T Shape Transition Tile Trim<\/a><\/li>\r\n<li><a href=\"https:\/\/sinoextrud.com\/product\/wood-grain-aluminum-decking\/\" target=\"_blank\">Wood Grain Aluminum Decking<\/a><\/li>\r\n<li><a href=\"https:\/\/sinoextrud.com\/product\/weather-resistant-wood-grain-aluminum-profile\/\" target=\"_blank\">Weather Resistant Wood Grain Aluminum Profile<\/a><\/li>\r\n<li><a href=\"https:\/\/sinoextrud.com\/product\/aluminium-kitchen-cabinet-handles\/\" target=\"_blank\">Aluminium Kitchen Cabinet Handles<\/a><\/li>\r\n<li><a href=\"https:\/\/sinoextrud.com\/product\/aluminum-shower-door-frame-parts-u-channel\/\" target=\"_blank\">Aluminum Shower Door Frame Parts U-channel<\/a><\/li>\r\n<li><a href=\"https:\/\/sinoextrud.com\/product\/aluminium-extrusion-and-aluminium-profile\/\" target=\"_blank\">Aluminium Extrusion and Aluminium Profile<\/a><\/li>\r\n<li><a href=\"https:\/\/sinoextrud.com\/product\/telescopic-aluminium-square-tube\/\" target=\"_blank\">Telescopic Aluminium Square Tube<\/a><\/li>\r\n<li><a href=\"https:\/\/sinoextrud.com\/product\/customizable-bathroom-mirror-frame-bent-aluminum-profiles\/\" target=\"_blank\">Customizable Bathroom Mirror Frame Bent Aluminum Profiles<\/a><\/li>\r\n<li><a href=\"https:\/\/sinoextrud.com\/product\/china-factory-wholesale-6063-aluminum-fence-panels\/\" target=\"_blank\">China Factory Wholesale 6063 Aluminum Fence Panels<\/a><\/li>\r\n<li><a href=\"https:\/\/sinoextrud.com\/product\/custom-3003-aluminum-tube-bending-coolant-tubes\/\" target=\"_blank\">Custom 3003 Aluminum Tube Bending Coolant Tubes<\/a><\/li>\r\n<li><a href=\"https:\/\/sinoextrud.com\/product\/aluminum-car-pedal-anodized-silver\/\" target=\"_blank\">Aluminum Car Pedal Anodized Silver<\/a><\/li>"},"feature_list":[]},"_links":{"self":[{"href":"https:\/\/sinoextrud.com\/et\/wp-json\/wp\/v2\/product\/6632","targetHints":{"allow":["GET"]}}],"collection":[{"href":"https:\/\/sinoextrud.com\/et\/wp-json\/wp\/v2\/product"}],"about":[{"href":"https:\/\/sinoextrud.com\/et\/wp-json\/wp\/v2\/types\/product"}],"wp:featuredmedia":[{"embeddable":true,"href":"https:\/\/sinoextrud.com\/et\/wp-json\/wp\/v2\/media\/6631"}],"wp:attachment":[{"href":"https:\/\/sinoextrud.com\/et\/wp-json\/wp\/v2\/media?parent=6632"}],"wp:term":[{"taxonomy":"category","embeddable":true,"href":"https:\/\/sinoextrud.com\/et\/wp-json\/wp\/v2\/categories?post=6632"}],"curies":[{"name":"wp","href":"https:\/\/api.w.org\/{rel}","templated":true}]}}