{"id":6630,"date":"2025-05-30T02:19:30","date_gmt":"2025-05-30T02:19:30","guid":{"rendered":"https:\/\/sinoextrud.com\/product\/aluminium-kitchen-cabinet-handles\/"},"modified":"2025-06-24T06:11:21","modified_gmt":"2025-06-24T06:11:21","slug":"alumiiniumist-koogikapi-kaepidemed","status":"publish","type":"product","link":"https:\/\/sinoextrud.com\/et\/product\/aluminium-kitchen-cabinet-handles\/","title":{"rendered":"Alumiiniumist k\u00f6\u00f6gikapi k\u00e4epidemed"},"content":{"rendered":"<h2>Toodete \u00fcksikasjad<\/h2>\n<table class=\"custom-table\">\n<tr>\n<td class=\"label\">Toote nimi<\/td>\n<td>Alumiiniumist k\u00f6\u00f6gikapi k\u00e4epidemed<\/td>\n<\/tr>\n<tr>\n<td class=\"label\">Alumiiniumsulam<\/td>\n<td>1000-seeria, 200-seeria, 3000-seeria, 5000-seeria, 6000-seeria, 7000-seeria<\/td>\n<\/tr>\n<tr>\n<td class=\"label\">Temper<\/td>\n<td>T3-T8<\/td>\n<\/tr>\n<tr>\n<td class=\"label\">Kuju<\/td>\n<td>kohandamine<\/td>\n<\/tr>\n<tr>\n<td class=\"label\">V\u00e4rv<\/td>\n<td>kohandamine<\/td>\n<\/tr>\n<tr>\n<td class=\"label\">Pinnat\u00f6\u00f6tlus<\/td>\n<td>freesitud, anodeeritud, puidumass, pulberv\u00e4rvimine, liivapritsimine, elektroforeesimine, harjatud, poleerimine jne.<\/td>\n<\/tr>\n<tr>\n<td class=\"label\">CNC s\u00fcgavt\u00f6\u00f6tlemine<\/td>\n<td>l\u00f5ikamine, puurimine, mehaaniline t\u00f6\u00f6tlemine, stantsimine, painutamine, koputades jne.<\/td>\n<\/tr>\n<tr>\n<td class=\"label\">Sertifikaadid<\/td>\n<td>CE, ISO, SGS, TUV, ROHS<\/td>\n<\/tr>\n<tr>\n<td class=\"label\">Proovid<\/td>\n<td>tasuta proov. 1-3 p\u00e4eva jooksul toimetatakse teile.<\/td>\n<\/tr>\n<tr>\n<td class=\"label\">MOQ<\/td>\n<td>200 kg iga profiili kohta<\/td>\n<\/tr>\n<tr>\n<td class=\"label\">Tarneaeg<\/td>\n<td>Vormi v\u00e4ljat\u00f6\u00f6tamine ja proovi kinnitamine kestab 12-15 p\u00e4eva, seej\u00e4rel tootmine kestab 15-25 p\u00e4eva p\u00e4rast ostjalt tagatisraha saamist.<\/td>\n<\/tr>\n<tr>\n<td class=\"label\">Maksetingimused<\/td>\n<td>30% tagatisraha enne tootmist ja saldo enne saatmist.<br \/>jne.<\/td>\n<\/tr>\n<\/table>\n<h2>Meie tootmisbaas<\/h2>\n<h3>Tehase panoraam<\/h3>\n<p><img decoding=\"async\" src=\"\/wp-content\/uploads\/factory-01.webp\"\/><\/p>\n<h3>Alumiiniumvarraste tootmise t\u00f6\u00f6koda<\/h3>\n<p><img decoding=\"async\" src=\"\/wp-content\/uploads\/factory-02.webp\"\/><\/p>\n<p><img decoding=\"async\" src=\"\/wp-content\/uploads\/factory-03.webp\"\/><\/p>\n<h3>hallituse ladustamise ladu<\/h3>\n<p><img decoding=\"async\" src=\"\/wp-content\/uploads\/factory-04.webp\"\/><\/p>\n<h3>43 alumiiniumi ekstrusiooniliini (500-5500 tonni)<\/h3>\n<p><img decoding=\"async\" src=\"\/wp-content\/uploads\/factory-05.webp\"\/><\/p>\n<p><img decoding=\"async\" src=\"\/wp-content\/uploads\/factory-06.webp\"\/><\/p>\n<p><img decoding=\"async\" src=\"\/wp-content\/uploads\/factory-07.webp\"\/><\/p>\n<h3>Pulberv\u00e4rvimise t\u00f6\u00f6koda<\/h3>\n<p><img decoding=\"async\" src=\"\/wp-content\/uploads\/factory-09.webp\"\/><\/p>\n<h3>Anodiseerimise t\u00f6\u00f6koda<\/h3>\n<p><img decoding=\"async\" src=\"\/wp-content\/uploads\/factory-10.webp\"\/><\/p>\n<h3>S\u00fcgavt\u00f6\u00f6tlemise t\u00f6\u00f6tuba<\/h3>\n<p><img decoding=\"async\" src=\"\/wp-content\/uploads\/factory-11.webp\"\/><\/p>\n<h3>CNC-t\u00e4ppist\u00f6\u00f6tlemise t\u00f6\u00f6koda<\/h3>\n<p><img decoding=\"async\" src=\"\/wp-content\/uploads\/factory-11.5.webp\"\/><\/p>\n<h3>Valmistoodete ja ekspordi ladu<\/h3>\n<p><img decoding=\"async\" src=\"\/wp-content\/uploads\/factory-12.webp\"\/><\/p>\n<p><img decoding=\"async\" src=\"\/wp-content\/uploads\/factory-13.webp\"\/><\/p>\n<p><img decoding=\"async\" src=\"\/wp-content\/uploads\/factory-14.webp\"\/><\/p>\n<h2>KKK<\/h2>\n<p><p><b>1.Mis on alumiiniumist k\u00f6\u00f6gikapi k\u00e4epidemed?<\/b><\/p>\n<p>Alumiiniumist k\u00f6\u00f6gikapi k\u00e4epidemed on alumiiniumist valmistatud riistvara, mida kasutatakse kapiuste ja sahtlite uste avamiseks ja sulgemiseks.<br \/>\n<\/p><br \/>\n<br \/>\n<p><b>2.Millised on alumiiniumist k\u00f6\u00f6gikapi k\u00e4epideme peamised eelised?<\/b><\/p>\n<p>Need pakuvad vastupidavust, kerget tugevust, korrosioonikindlust, kaasaegset esteetikat ja lihtsat hooldust k\u00f6\u00f6gikappide puhul.<br \/>\n<\/p><br \/>\n<br \/>\n<p><b>3.Miks valida k\u00f6\u00f6gikappide jaoks alumiiniumist k\u00e4epidemed teiste materjalide asemel?<\/b><\/p>\n<p>Alumiiniumist k\u00e4epidemed on rooste- ja korrosioonikindlad, neid on lihtne puhastada, nad on elegantse v\u00e4limusega ja v\u00f5rreldes teiste metallidega kuluefektiivsed.<br \/>\n<\/p><br \/>\n<br \/>\n<p><b>4.Kas alumiiniumist k\u00f6\u00f6gikapi k\u00e4epidemeid saab kohandada?<\/b><\/p>\n<p>Jah, neid saab kohandada suuruse, kuju, viimistluse, v\u00e4rvi ja kujunduse poolest, et need sobiksid erinevate k\u00f6\u00f6gistiilide ja funktsionaalsete vajadustega.<br \/>\n<\/p><br \/>\n<br \/>\n<p><b>5.Kuidas parandab alumiinium k\u00f6\u00f6gikapi k\u00e4epideme toimivust?<\/b><\/p>\n<p>Alumiinium pakub tugevat konstruktsiooni, on vastupidav kulumisele ja s\u00e4ilitab oma v\u00e4limuse ka niisketes k\u00f6\u00f6gikeskkondades.<br \/>\n<\/p><br \/>\n<br \/>\n<p><b>6.Kas alumiiniumist k\u00f6\u00f6gikappide k\u00e4epidemed sobivad k\u00f5ikidele k\u00f6\u00f6git\u00fc\u00fcpidele?<\/b><\/p>\n<p>Jah, need on mitmek\u00fclgsed ja sobivad t\u00e4nu erinevatele stiilidele ja viimistlustele nii modernse, traditsioonilise kui ka t\u00f6\u00f6stusliku k\u00f6\u00f6gi kujundusse.<br \/>\n<\/p><br \/>\n<br \/>\n<p><b>7.Millised t\u00f6\u00f6stusharud kasutavad tavaliselt alumiiniumist k\u00f6\u00f6gikapi k\u00e4epidemeid?<\/b><\/p>\n<p>M\u00f6\u00f6blitootjad, k\u00f6\u00f6gidisainerid, kodukaupmehed ja t\u00f6\u00f6v\u00f5tjad kasutavad alumiiniumist k\u00e4epidemeid kvaliteetsete kappide riistvara valmistamiseks.<br \/>\n<\/p><br \/>\n<br \/>\n<p><b>8.Kuidas toetavad alumiiniumist k\u00f6\u00f6gikappide k\u00e4epidemed j\u00e4tkusuutlikku k\u00f6\u00f6gi disaini?<\/b><\/p>\n<p>Alumiinium on 100% taaskasutatav, vastupidav ja v\u00e4hendab vajadust sagedase v\u00e4ljavahetamise j\u00e4rele, edendades keskkonnas\u00f5bralikku k\u00f6\u00f6gi renoveerimist.<br \/>\n<\/p><br \/><\/p>","protected":false},"featured_media":6629,"template":"","categories":[64],"class_list":["post-6630","product","type-product","status-publish","has-post-thumbnail","hentry","category-new-trend-aluminium-products"],"meta_box":{"hilight_text_group":{"product_hilight_text":"<li>High-quality aluminum handles provide durability and corrosion resistance<\/li>\r\r\n<li>Sleek and modern design enhances kitchen aesthetics<\/li>\r\r\n<li>Lightweight and easy to install for efficient cabinet assembly<\/li>\r\r\n<li>Available in various finishes and sizes to suit different styles<\/li>\r\r\n<li>Supports bulk orders with consistent quality and timely delivery<\/li>","product_chanpin_blog":"<ul>\r\r\n<li><a href=\"https:\/\/sinoextrud.com\/t-slot-v-slot-differences\/\" target=\"_blank\">t slot vs v slot<\/a><\/li>\r\r\n<li><a href=\"https:\/\/sinoextrud.com\/what-is-4040-aluminium-extrud\/\" target=\"_blank\">4040 aluminium extrusion<\/a><\/li>\r\r\n<li><a href=\"https:\/\/sinoextrud.com\/what-is-4040-aluminium-extrud\/\" target=\"_blank\">aluminum extrusions for industrial racks<\/a><\/li>\r\r\n<li><a href=\"https:\/\/sinoextrud.com\/powder-coating-aluminium-process\/\" target=\"_blank\">powder coating aluminium<\/a><\/li>\r\r\n<li><a href=\"https:\/\/sinoextrud.com\/what-is-an-aluminium-strip-ceiling\/\" target=\"_blank\">aluminium strip ceiling<\/a><\/li>\r\r\n<li><a href=\"https:\/\/sinoextrud.com\/what-is-a-heat-sink\/\" target=\"_blank\">what is a heat sink<\/a><\/li>\r\r\n<\/ul>","product_chanpin_chanpin":"<li><a href=\"https:\/\/sinoextrud.com\/product\/medical-instrument-aluminum-profile\/\" target=\"_blank\">Medical Instrument Aluminum Profile<\/a><\/li>\r\n<li><a href=\"https:\/\/sinoextrud.com\/product\/aluminum-t-shape-transition-tile-trim\/\" target=\"_blank\">Aluminum T Shape Transition Tile Trim<\/a><\/li>\r\n<li><a href=\"https:\/\/sinoextrud.com\/product\/wood-grain-aluminum-decking\/\" target=\"_blank\">Wood Grain Aluminum Decking<\/a><\/li>\r\n<li><a href=\"https:\/\/sinoextrud.com\/product\/weather-resistant-wood-grain-aluminum-profile\/\" target=\"_blank\">Weather Resistant Wood Grain Aluminum Profile<\/a><\/li>\r\n<li><a href=\"https:\/\/sinoextrud.com\/product\/aluminium-kitchen-cabinet-handles\/\" target=\"_blank\">Aluminium Kitchen Cabinet Handles<\/a><\/li>\r\n<li><a href=\"https:\/\/sinoextrud.com\/product\/aluminum-shower-door-frame-parts-u-channel\/\" target=\"_blank\">Aluminum Shower Door Frame Parts U-channel<\/a><\/li>\r\n<li><a href=\"https:\/\/sinoextrud.com\/product\/aluminium-extrusion-and-aluminium-profile\/\" target=\"_blank\">Aluminium Extrusion and Aluminium Profile<\/a><\/li>\r\n<li><a href=\"https:\/\/sinoextrud.com\/product\/telescopic-aluminium-square-tube\/\" target=\"_blank\">Telescopic Aluminium Square Tube<\/a><\/li>\r\n<li><a href=\"https:\/\/sinoextrud.com\/product\/customizable-bathroom-mirror-frame-bent-aluminum-profiles\/\" target=\"_blank\">Customizable Bathroom Mirror Frame Bent Aluminum Profiles<\/a><\/li>\r\n<li><a href=\"https:\/\/sinoextrud.com\/product\/special-aluminium-profiles-heat-sink-aluminum\/\" target=\"_blank\">Special Aluminium Profiles Heat Sink Aluminum<\/a><\/li>\r\n<li><a href=\"https:\/\/sinoextrud.com\/product\/natural-wood-grain-aluminium-square-tube\/\" target=\"_blank\">Natural Wood Grain Aluminium Square Tube<\/a><\/li>"},"feature_list":[]},"_links":{"self":[{"href":"https:\/\/sinoextrud.com\/et\/wp-json\/wp\/v2\/product\/6630","targetHints":{"allow":["GET"]}}],"collection":[{"href":"https:\/\/sinoextrud.com\/et\/wp-json\/wp\/v2\/product"}],"about":[{"href":"https:\/\/sinoextrud.com\/et\/wp-json\/wp\/v2\/types\/product"}],"wp:featuredmedia":[{"embeddable":true,"href":"https:\/\/sinoextrud.com\/et\/wp-json\/wp\/v2\/media\/6629"}],"wp:attachment":[{"href":"https:\/\/sinoextrud.com\/et\/wp-json\/wp\/v2\/media?parent=6630"}],"wp:term":[{"taxonomy":"category","embeddable":true,"href":"https:\/\/sinoextrud.com\/et\/wp-json\/wp\/v2\/categories?post=6630"}],"curies":[{"name":"wp","href":"https:\/\/api.w.org\/{rel}","templated":true}]}}