{"id":6618,"date":"2025-05-30T02:04:47","date_gmt":"2025-05-30T02:04:47","guid":{"rendered":"https:\/\/sinoextrud.com\/product\/purification-workshop-aluminum-profiles\/"},"modified":"2025-06-24T06:11:20","modified_gmt":"2025-06-24T06:11:20","slug":"puhastustookoja-alumiiniumprofiilid","status":"publish","type":"product","link":"https:\/\/sinoextrud.com\/et\/product\/purification-workshop-aluminum-profiles\/","title":{"rendered":"Puhastust\u00f6\u00f6koja alumiiniumprofiilid"},"content":{"rendered":"<h2>Toodete \u00fcksikasjad<\/h2>\n<table class=\"custom-table\">\n<tr>\n<td class=\"label\">Toote nimi<\/td>\n<td>Puhastust\u00f6\u00f6koja alumiiniumprofiilid<\/td>\n<\/tr>\n<tr>\n<td class=\"label\">Alumiiniumsulam<\/td>\n<td>1000-seeria, 200-seeria, 3000-seeria, 5000-seeria, 6000-seeria, 7000-seeria<\/td>\n<\/tr>\n<tr>\n<td class=\"label\">Temper<\/td>\n<td>T3-T8<\/td>\n<\/tr>\n<tr>\n<td class=\"label\">Kuju<\/td>\n<td>kohandamine<\/td>\n<\/tr>\n<tr>\n<td class=\"label\">V\u00e4rv<\/td>\n<td>kohandamine<\/td>\n<\/tr>\n<tr>\n<td class=\"label\">Pinnat\u00f6\u00f6tlus<\/td>\n<td>freesitud, anodeeritud, puidumass, elektripinnakate, liivapritsimine, elektroforees, harjatud, poleerimine jne.<\/td>\n<\/tr>\n<tr>\n<td class=\"label\">CNC s\u00fcgavt\u00f6\u00f6tlemine<\/td>\n<td>l\u00f5ikamine, puurimine, mehaaniline t\u00f6\u00f6tlemine, stantsimine, painutamine, koputades jne.<\/td>\n<\/tr>\n<tr>\n<td class=\"label\">Sertifikaadid<\/td>\n<td>CE, ISO, SGS, TUV, ROHS<\/td>\n<\/tr>\n<tr>\n<td class=\"label\">Proovid<\/td>\n<td>tasuta proov. 1-3 p\u00e4eva jooksul toimetatakse teile.<\/td>\n<\/tr>\n<tr>\n<td class=\"label\">MOQ<\/td>\n<td>200 kg iga profiili kohta<\/td>\n<\/tr>\n<tr>\n<td class=\"label\">Tarneaeg<\/td>\n<td>Vormi v\u00e4ljat\u00f6\u00f6tamine ja n\u00e4idise konformatsioon on 12-15 p\u00e4eva, seej\u00e4rel tootmisperiood on 15-25 p\u00e4eva p\u00e4rast ostjalt tagatisraha saamist.<\/td>\n<\/tr>\n<tr>\n<td class=\"label\">Maksetingimused<\/td>\n<td>30% tagatisraha enne tootmist ja saldo enne saatmist.<br \/>jne.<\/td>\n<\/tr>\n<\/table>\n<h2>Meie tootmisbaas<\/h2>\n<h3>Tehase panoraam<\/h3>\n<p><img decoding=\"async\" src=\"\/wp-content\/uploads\/factory-01.webp\"\/><\/p>\n<h3>Alumiiniumvarraste tootmise t\u00f6\u00f6koda<\/h3>\n<p><img decoding=\"async\" src=\"\/wp-content\/uploads\/factory-02.webp\"\/><\/p>\n<p><img decoding=\"async\" src=\"\/wp-content\/uploads\/factory-03.webp\"\/><\/p>\n<h3>hallituse ladustamise ladu<\/h3>\n<p><img decoding=\"async\" src=\"\/wp-content\/uploads\/factory-04.webp\"\/><\/p>\n<h3>43 alumiiniumi ekstrusiooniliini (500-5500 tonni)<\/h3>\n<p><img decoding=\"async\" src=\"\/wp-content\/uploads\/factory-05.webp\"\/><\/p>\n<p><img decoding=\"async\" src=\"\/wp-content\/uploads\/factory-06.webp\"\/><\/p>\n<p><img decoding=\"async\" src=\"\/wp-content\/uploads\/factory-07.webp\"\/><\/p>\n<h3>Pulberv\u00e4rvimise t\u00f6\u00f6koda<\/h3>\n<p><img decoding=\"async\" src=\"\/wp-content\/uploads\/factory-09.webp\"\/><\/p>\n<h3>Anodiseerimise t\u00f6\u00f6koda<\/h3>\n<p><img decoding=\"async\" src=\"\/wp-content\/uploads\/factory-10.webp\"\/><\/p>\n<h3>S\u00fcgavt\u00f6\u00f6tlemise t\u00f6\u00f6tuba<\/h3>\n<p><img decoding=\"async\" src=\"\/wp-content\/uploads\/factory-11.webp\"\/><\/p>\n<h3>CNC-t\u00e4ppist\u00f6\u00f6tlemise t\u00f6\u00f6koda<\/h3>\n<p><img decoding=\"async\" src=\"\/wp-content\/uploads\/factory-11.5.webp\"\/><\/p>\n<h3>Valmistoodete ja ekspordi ladu<\/h3>\n<p><img decoding=\"async\" src=\"\/wp-content\/uploads\/factory-12.webp\"\/><\/p>\n<p><img decoding=\"async\" src=\"\/wp-content\/uploads\/factory-13.webp\"\/><\/p>\n<p><img decoding=\"async\" src=\"\/wp-content\/uploads\/factory-14.webp\"\/><\/p>\n<h2>KKK<\/h2>\n<p><p><b>1.Mis on puhastust\u00f6\u00f6koja alumiiniumprofiilid?<\/b><\/p>\n<p>Puhastust\u00f6\u00f6koja alumiiniumprofiilid on spetsiaalselt projekteeritud alumiiniumprofiilid, mida kasutatakse puhastusruumides ja puhastuskeskkondades raamide, vaheseinte ja seadmete ehitamiseks.<br \/>\n<\/p><br \/>\n<br \/>\n<p><b>2.Millised on alumiiniumprofiilide kasutamise peamised eelised puhastust\u00f6\u00f6kodades?<\/b><\/p>\n<p>Nad pakuvad suurep\u00e4rast korrosioonikindlust, kerget tugevust, lihtsat kokkupanekut, siledaid pindu, mis h\u00f5lbustavad puhastamist, ja vastupidavust kemikaalidega kokkupuutele.<br \/>\n<\/p><br \/>\n<br \/>\n<p><b>3.Miks valida alumiiniumprofiilid puhtaruumi ja puhastust\u00f6\u00f6koja ehitamiseks?<\/b><\/p>\n<p>Alumiiniumprofiilid pakuvad h\u00fcgieenilisi pindu, struktuurilist stabiilsust, kohandatavaid konfiguratsioone ja vastavust puhtusnormidele.<br \/>\n<\/p><br \/>\n<br \/>\n<p><b>4.Kas puhastust\u00f6\u00f6koja alumiiniumprofiile saab kohandada?<\/b><\/p>\n<p>Jah, neid saab kohandada suuruse, kuju, sulamit\u00fc\u00fcbi, pinnaviimistluse ja moodulitena, et need vastaksid konkreetsetele puhastusruumide n\u00f5uetele.<br \/>\n<\/p><br \/>\n<br \/>\n<p><b>5.Kuidas parandavad alumiiniumprofiilid puhastust\u00f6\u00f6kodade tulemuslikkust?<\/b><\/p>\n<p>Need v\u00f5imaldavad paindlikke, \u00f5hukindlaid konstruktsioone, mis v\u00e4hendavad saastumisriski, toetades samal ajal vastupidavaid ja t\u00f5husaid t\u00f6\u00f6ruumide paigutusi.<br \/>\n<\/p><br \/>\n<br \/>\n<p><b>6.Kas alumiiniumprofiilid sobivad puhastust\u00f6\u00f6kodade karmidesse keskkondadesse?<\/b><\/p>\n<p>Jah, alumiinium on vastupidav niiskusele, kemikaalidele ja korrosioonile, mist\u00f5ttu sobib see ideaalselt steriilsete ja kontrollitud keskkondade s\u00e4ilitamiseks.<br \/>\n<\/p><br \/>\n<br \/>\n<p><b>7.Millised t\u00f6\u00f6stusharud kasutavad tavaliselt puhastust\u00f6\u00f6koja alumiiniumprofiile?<\/b><\/p>\n<p>Farmaatsia-, pooljuht-, biotehnoloogia-, toiduainet\u00f6\u00f6stus ja meditsiiniseadmete t\u00f6\u00f6stus tugineb nendele profiilidele puhasruumide infrastruktuuris.<br \/>\n<\/p><br \/>\n<br \/>\n<p><b>8.Kuidas toetavad puhastust\u00f6\u00f6koja alumiiniumprofiilid s\u00e4\u00e4stvat tootmist?<\/b><\/p>\n<p>Alumiinium on t\u00e4ielikult taaskasutatav ja selle vastupidavus v\u00e4hendab hooldust ja asendamist, edendades keskkonnas\u00f5bralikke ja kuluefektiivseid puhtaruumilahendusi.<br \/>\n<\/p><br \/><\/p>","protected":false},"featured_media":6617,"template":"","categories":[64],"class_list":["post-6618","product","type-product","status-publish","has-post-thumbnail","hentry","category-new-trend-aluminium-products"],"meta_box":{"hilight_text_group":{"product_hilight_text":"<li>High-quality aluminum profiles designed for cleanroom and purification workshop environments<\/li>\r\r\n<li>Corrosion-resistant and easy to clean surfaces meet hygiene standards<\/li>\r\r\n<li>Precision extrusion ensures consistent dimensions for modular assembly<\/li>\r\r\n<li>Lightweight yet strong, facilitating easy installation and durability<\/li>\r\r\n<li>Supports custom profiles and bulk orders tailored to specific project requirements<\/li>","product_chanpin_blog":"<ul>\r\r\n<li><a href=\"https:\/\/sinoextrud.com\/t-slot-v-slot-differences\/\" target=\"_blank\">t slot vs v slot<\/a><\/li>\r\r\n<li><a href=\"https:\/\/sinoextrud.com\/what-is-4040-aluminium-extrud\/\" target=\"_blank\">4040 aluminium extrusion<\/a><\/li>\r\r\n<li><a href=\"https:\/\/sinoextrud.com\/what-is-4040-aluminium-extrud\/\" target=\"_blank\">aluminum extrusions for industrial racks<\/a><\/li>\r\r\n<li><a href=\"https:\/\/sinoextrud.com\/powder-coating-aluminium-process\/\" target=\"_blank\">powder coating aluminium<\/a><\/li>\r\r\n<li><a href=\"https:\/\/sinoextrud.com\/what-is-an-aluminium-strip-ceiling\/\" target=\"_blank\">aluminium strip ceiling<\/a><\/li>\r\r\n<li><a href=\"https:\/\/sinoextrud.com\/what-is-a-heat-sink\/\" target=\"_blank\">what is a heat sink<\/a><\/li>\r\r\n<\/ul>","product_chanpin_chanpin":"<li><a href=\"https:\/\/sinoextrud.com\/product\/wood-grain-bamboo-aluminum-pipe\/\" target=\"_blank\">Wood Grain Bamboo Aluminum Pipe<\/a><\/li>\r\n<li><a href=\"https:\/\/sinoextrud.com\/product\/anodized-aluminum-eectronic-equipment-enclosure\/\" target=\"_blank\">Anodized Aluminum Eectronic Equipment Enclosure<\/a><\/li>\r\n<li><a href=\"https:\/\/sinoextrud.com\/product\/aluminum-shower-frame-parts\/\" target=\"_blank\">Aluminum Shower Frame Parts<\/a><\/li>\r\n<li><a href=\"https:\/\/sinoextrud.com\/product\/aluminum-skirting-board\/\" target=\"_blank\">Aluminum Skirting Board<\/a><\/li>\r\n<li><a href=\"https:\/\/sinoextrud.com\/product\/purification-workshop-aluminum-profiles\/\" target=\"_blank\">Purification Workshop Aluminum Profiles<\/a><\/li>\r\n<li><a href=\"https:\/\/sinoextrud.com\/product\/aluminium-cladding-wall-profile\/\" target=\"_blank\">Aluminium Cladding Wall Profile<\/a><\/li>\r\n<li><a href=\"https:\/\/sinoextrud.com\/product\/medical-instrument-aluminum-profile\/\" target=\"_blank\">Medical Instrument Aluminum Profile<\/a><\/li>\r\n<li><a href=\"https:\/\/sinoextrud.com\/product\/aluminum-t-shape-transition-tile-trim\/\" target=\"_blank\">Aluminum T Shape Transition Tile Trim<\/a><\/li>\r\n<li><a href=\"https:\/\/sinoextrud.com\/product\/wood-grain-aluminum-decking\/\" target=\"_blank\">Wood Grain Aluminum Decking<\/a><\/li>\r\n<li><a href=\"https:\/\/sinoextrud.com\/product\/aluminium-profile-glass-curtain-wall-system\/\" target=\"_blank\">Aluminium Profile Glass Curtain Wall System<\/a><\/li>\r\n<li><a href=\"https:\/\/sinoextrud.com\/product\/t-slot-extruded-aluminum-framing-systems\/\" target=\"_blank\">T Slot Extruded Aluminum Framing Systems<\/a><\/li>"},"feature_list":[]},"_links":{"self":[{"href":"https:\/\/sinoextrud.com\/et\/wp-json\/wp\/v2\/product\/6618","targetHints":{"allow":["GET"]}}],"collection":[{"href":"https:\/\/sinoextrud.com\/et\/wp-json\/wp\/v2\/product"}],"about":[{"href":"https:\/\/sinoextrud.com\/et\/wp-json\/wp\/v2\/types\/product"}],"wp:featuredmedia":[{"embeddable":true,"href":"https:\/\/sinoextrud.com\/et\/wp-json\/wp\/v2\/media\/6617"}],"wp:attachment":[{"href":"https:\/\/sinoextrud.com\/et\/wp-json\/wp\/v2\/media?parent=6618"}],"wp:term":[{"taxonomy":"category","embeddable":true,"href":"https:\/\/sinoextrud.com\/et\/wp-json\/wp\/v2\/categories?post=6618"}],"curies":[{"name":"wp","href":"https:\/\/api.w.org\/{rel}","templated":true}]}}