{"id":6616,"date":"2025-05-30T02:02:30","date_gmt":"2025-05-30T02:02:30","guid":{"rendered":"https:\/\/sinoextrud.com\/product\/aluminum-skirting-board\/"},"modified":"2025-06-24T06:11:14","modified_gmt":"2025-06-24T06:11:14","slug":"alumiiniumist-sokkel","status":"publish","type":"product","link":"https:\/\/sinoextrud.com\/et\/product\/aluminum-skirting-board\/","title":{"rendered":"Alumiiniumist \u00e4\u00e4ristuslaud"},"content":{"rendered":"<h2>Toodete \u00fcksikasjad<\/h2>\n<table class=\"custom-table\">\n<tr>\n<td class=\"label\">Toote nimi<\/td>\n<td>Alumiiniumist liistud<\/td>\n<\/tr>\n<tr>\n<td class=\"label\">Alumiiniumsulam<\/td>\n<td>5000 seeria (5052)<\/td>\n<\/tr>\n<tr>\n<td class=\"label\">Temper<\/td>\n<td>T3-T8<\/td>\n<\/tr>\n<tr>\n<td class=\"label\">Kuju<\/td>\n<td>kohandamine<\/td>\n<\/tr>\n<tr>\n<td class=\"label\">V\u00e4rv<\/td>\n<td>kohandamine<\/td>\n<\/tr>\n<tr>\n<td class=\"label\">Pikkus<\/td>\n<td>3000mm<\/td>\n<\/tr>\n<tr>\n<td class=\"label\">Suurus<\/td>\n<td>80mm<\/td>\n<\/tr>\n<tr>\n<td class=\"label\">Pinnat\u00f6\u00f6tlus<\/td>\n<td>anodeeritud, kolme happega oks\u00fcdeerimine, poleerimine<\/td>\n<\/tr>\n<tr>\n<td class=\"label\">CNC s\u00fcgavt\u00f6\u00f6tlemine<\/td>\n<td>l\u00f5ikamine, puurimine, mehaaniline t\u00f6\u00f6tlemine, stantsimine, painutamine, koputades jne.<\/td>\n<\/tr>\n<tr>\n<td class=\"label\">Sertifikaadid<\/td>\n<td>CE, ISO, SGS, TUV, ROHS<\/td>\n<\/tr>\n<tr>\n<td class=\"label\">Patent<\/td>\n<td>struktuuripatendid, v\u00e4limuspatendid ja kasulikud patendid<\/td>\n<\/tr>\n<tr>\n<td class=\"label\">Proovid<\/td>\n<td>tasuta proov. 1-3 p\u00e4eva jooksul toimetatakse teile.<\/td>\n<\/tr>\n<tr>\n<td class=\"label\">MOQ<\/td>\n<td>500m<\/td>\n<\/tr>\n<tr>\n<td class=\"label\">Tarneaeg<\/td>\n<td>25-30 p\u00e4eva p\u00e4rast ostja tagatisraha laekumist.<\/td>\n<\/tr>\n<tr>\n<td class=\"label\">Maksetingimused<\/td>\n<td>30% tagatisraha enne tootmist ja saldo enne saatmist.<br \/>jne.<\/td>\n<\/tr>\n<\/table>\n<h2>Meie tootmisbaas<\/h2>\n<h3>Tehase panoraam<\/h3>\n<p><img decoding=\"async\" src=\"\/wp-content\/uploads\/factory-01.webp\"\/><\/p>\n<h3>Alumiiniumvarraste tootmise t\u00f6\u00f6koda<\/h3>\n<p><img decoding=\"async\" src=\"\/wp-content\/uploads\/factory-02.webp\"\/><\/p>\n<p><img decoding=\"async\" src=\"\/wp-content\/uploads\/factory-03.webp\"\/><\/p>\n<h3>hallituse ladustamise ladu<\/h3>\n<p><img decoding=\"async\" src=\"\/wp-content\/uploads\/factory-04.webp\"\/><\/p>\n<h3>43 alumiiniumi ekstrusiooniliini (500-5500 tonni)<\/h3>\n<p><img decoding=\"async\" src=\"\/wp-content\/uploads\/factory-05.webp\"\/><\/p>\n<p><img decoding=\"async\" src=\"\/wp-content\/uploads\/factory-06.webp\"\/><\/p>\n<p><img decoding=\"async\" src=\"\/wp-content\/uploads\/factory-07.webp\"\/><\/p>\n<h3>Pulberv\u00e4rvimise t\u00f6\u00f6koda<\/h3>\n<p><img decoding=\"async\" src=\"\/wp-content\/uploads\/factory-09.webp\"\/><\/p>\n<h3>Anodiseerimise t\u00f6\u00f6koda<\/h3>\n<p><img decoding=\"async\" src=\"\/wp-content\/uploads\/factory-10.webp\"\/><\/p>\n<h3>S\u00fcgavt\u00f6\u00f6tlemise t\u00f6\u00f6tuba<\/h3>\n<p><img decoding=\"async\" src=\"\/wp-content\/uploads\/factory-11.webp\"\/><\/p>\n<h3>CNC-t\u00e4ppist\u00f6\u00f6tlemise t\u00f6\u00f6koda<\/h3>\n<p><img decoding=\"async\" src=\"\/wp-content\/uploads\/factory-11.5.webp\"\/><\/p>\n<h3>Valmistoodete ja ekspordi ladu<\/h3>\n<p><img decoding=\"async\" src=\"\/wp-content\/uploads\/factory-12.webp\"\/><\/p>\n<p><img decoding=\"async\" src=\"\/wp-content\/uploads\/factory-13.webp\"\/><\/p>\n<p><img decoding=\"async\" src=\"\/wp-content\/uploads\/factory-14.webp\"\/><\/p>\n<h2>KKK<\/h2>\n<p><p><b>1.Mis on alumiiniumist sokkel?<\/b><\/p>\n<p>Alumiiniumist sokkel on alumiiniumist valmistatud aluslaud, mida kasutatakse seina ja p\u00f5randa vahelise vuugi katmiseks, pakkudes kaitset ja dekoratiivset viimistlust.<br \/>\n<\/p><br \/>\n<br \/>\n<p><b>2.Millised on alumiiniumist liistude peamised eelised?<\/b><\/p>\n<p>Nad pakuvad suurep\u00e4rast vastupidavust, korrosioonikindlust, kerget tugevust, lihtsat hooldust ja elegantset, kaasaegset v\u00e4limust.<br \/>\n<\/p><br \/>\n<br \/>\n<p><b>3.Miks valida alumiiniumist liistud traditsiooniliste materjalide asemel?<\/b><\/p>\n<p>Alumiiniumist p\u00f5randaliistud on vastupidavad niiskusele, termiitidele ja v\u00e4\u00e4ndumisele, mist\u00f5ttu on need ideaalsed suure liiklusega ja niisketes keskkondades, kus nende kasutusiga on pikem.<br \/>\n<\/p><br \/>\n<br \/>\n<p><b>4.Kas alumiiniumist liistud saab kohandada?<\/b><\/p>\n<p>Jah, neid saab kohandada pikkuse, k\u00f5rguse, paksuse, v\u00e4rvi ja viimistluse poolest, et need sobiksid konkreetse sisekujunduse ja arhitektuurilise stiiliga.<br \/>\n<\/p><br \/>\n<br \/>\n<p><b>5.Kuidas parandab alumiinium liistude toimivust?<\/b><\/p>\n<p>Alumiinium pakub tugevat kaitset l\u00f6\u00f6kide ja kulumise vastu, s\u00e4ilitades samas puhta, roostevaba pinna, mida on lihtne puhastada.<br \/>\n<\/p><br \/>\n<br \/>\n<p><b>6.Kas alumiiniumist liistud sobivad nii elamu- kui ka \u00e4rikasutuseks?<\/b><\/p>\n<p>Jah, nende vastupidavus ja esteetilisus muudavad need sobivaks kodudesse, kontoritesse, jaem\u00fc\u00fcgiruumidesse ja t\u00f6\u00f6stusruumidesse.<br \/>\n<\/p><br \/>\n<br \/>\n<p><b>7.Millised t\u00f6\u00f6stusharud kasutavad tavaliselt alumiiniumist liistud?<\/b><\/p>\n<p>Ehituses, sisekujunduses, hotellinduses ja \u00e4rihoonete sektoris kasutatakse alumiiniumist liistusid funktsionaalsetel ja dekoratiivsetel eesm\u00e4rkidel.<br \/>\n<\/p><br \/>\n<br \/>\n<p><b>8.Kuidas toetavad alumiiniumist liistud j\u00e4tkusuutlikke ehitustavasid?<\/b><\/p>\n<p>Alumiinium on t\u00e4ielikult taaskasutatav ja vastupidav, v\u00e4hendades j\u00e4\u00e4tmeid ja asendusvajadust, aidates kaasa keskkonnas\u00f5bralikule ehitusele ja disainile.<br \/>\n<\/p><br \/><\/p>","protected":false},"featured_media":6615,"template":"","categories":[64],"class_list":["post-6616","product","type-product","status-publish","has-post-thumbnail","hentry","category-new-trend-aluminium-products"],"meta_box":{"hilight_text_group":{"product_hilight_text":"<li>Durable aluminum construction resists moisture, impact, and corrosion<\/li>\r\r\n<li>Lightweight design allows for easy installation and handling<\/li>\r\r\n<li>Sleek finish enhances interior aesthetics and complements modern designs<\/li>\r\r\n<li>Custom lengths and profiles available to fit various spaces<\/li>\r\r\n<li>Low maintenance and long-lasting, ideal for commercial and residential use<\/li>","product_chanpin_blog":"<ul>\r\r\n<li><a href=\"https:\/\/sinoextrud.com\/t-slot-v-slot-differences\/\" target=\"_blank\">t slot vs v slot<\/a><\/li>\r\r\n<li><a href=\"https:\/\/sinoextrud.com\/what-is-4040-aluminium-extrud\/\" target=\"_blank\">4040 aluminium extrusion<\/a><\/li>\r\r\n<li><a href=\"https:\/\/sinoextrud.com\/what-is-4040-aluminium-extrud\/\" target=\"_blank\">aluminum extrusions for industrial racks<\/a><\/li>\r\r\n<li><a href=\"https:\/\/sinoextrud.com\/powder-coating-aluminium-process\/\" target=\"_blank\">powder coating aluminium<\/a><\/li>\r\r\n<li><a href=\"https:\/\/sinoextrud.com\/what-is-an-aluminium-strip-ceiling\/\" target=\"_blank\">aluminium strip ceiling<\/a><\/li>\r\r\n<li><a href=\"https:\/\/sinoextrud.com\/what-is-a-heat-sink\/\" target=\"_blank\">what is a heat sink<\/a><\/li>\r\r\n<\/ul>","product_chanpin_chanpin":"<li><a href=\"https:\/\/sinoextrud.com\/product\/glass-balcony-railing-aluminum-u-channel-design\/\" target=\"_blank\">Glass Balcony Railing Aluminum U Channel Design<\/a><\/li>\r\n<li><a href=\"https:\/\/sinoextrud.com\/product\/wood-grain-bamboo-aluminum-pipe\/\" target=\"_blank\">Wood Grain Bamboo Aluminum Pipe<\/a><\/li>\r\n<li><a href=\"https:\/\/sinoextrud.com\/product\/anodized-aluminum-eectronic-equipment-enclosure\/\" target=\"_blank\">Anodized Aluminum Eectronic Equipment Enclosure<\/a><\/li>\r\n<li><a href=\"https:\/\/sinoextrud.com\/product\/aluminum-shower-frame-parts\/\" target=\"_blank\">Aluminum Shower Frame Parts<\/a><\/li>\r\n<li><a href=\"https:\/\/sinoextrud.com\/product\/aluminum-skirting-board\/\" target=\"_blank\">Aluminum Skirting Board<\/a><\/li>\r\n<li><a href=\"https:\/\/sinoextrud.com\/product\/purification-workshop-aluminum-profiles\/\" target=\"_blank\">Purification Workshop Aluminum Profiles<\/a><\/li>\r\n<li><a href=\"https:\/\/sinoextrud.com\/product\/aluminium-cladding-wall-profile\/\" target=\"_blank\">Aluminium Cladding Wall Profile<\/a><\/li>\r\n<li><a href=\"https:\/\/sinoextrud.com\/product\/medical-instrument-aluminum-profile\/\" target=\"_blank\">Medical Instrument Aluminum Profile<\/a><\/li>\r\n<li><a href=\"https:\/\/sinoextrud.com\/product\/aluminum-t-shape-transition-tile-trim\/\" target=\"_blank\">Aluminum T Shape Transition Tile Trim<\/a><\/li>\r\n<li><a href=\"https:\/\/sinoextrud.com\/product\/aluminum-extrusion-frame\/\" target=\"_blank\">Aluminum Extrusion Frame<\/a><\/li>\r\n<li><a href=\"https:\/\/sinoextrud.com\/product\/aluminum-shower-door-frame-parts-u-channel\/\" target=\"_blank\">Aluminum Shower Door Frame Parts U-channel<\/a><\/li>"},"feature_list":[]},"_links":{"self":[{"href":"https:\/\/sinoextrud.com\/et\/wp-json\/wp\/v2\/product\/6616","targetHints":{"allow":["GET"]}}],"collection":[{"href":"https:\/\/sinoextrud.com\/et\/wp-json\/wp\/v2\/product"}],"about":[{"href":"https:\/\/sinoextrud.com\/et\/wp-json\/wp\/v2\/types\/product"}],"wp:featuredmedia":[{"embeddable":true,"href":"https:\/\/sinoextrud.com\/et\/wp-json\/wp\/v2\/media\/6615"}],"wp:attachment":[{"href":"https:\/\/sinoextrud.com\/et\/wp-json\/wp\/v2\/media?parent=6616"}],"wp:term":[{"taxonomy":"category","embeddable":true,"href":"https:\/\/sinoextrud.com\/et\/wp-json\/wp\/v2\/categories?post=6616"}],"curies":[{"name":"wp","href":"https:\/\/api.w.org\/{rel}","templated":true}]}}