{"id":6575,"date":"2025-05-29T09:19:01","date_gmt":"2025-05-29T09:19:01","guid":{"rendered":"https:\/\/sinoextrud.com\/product\/wood-grain-aluminium-extrusion-profile-for-furnitures-decoration\/"},"modified":"2025-06-24T06:11:11","modified_gmt":"2025-06-24T06:11:11","slug":"puidumassist-alumiiniumist-ekstrusiooniprofiil-moobli-kaunistamiseks","status":"publish","type":"product","link":"https:\/\/sinoextrud.com\/et\/product\/wood-grain-aluminium-extrusion-profile-for-furnitures-decoration\/","title":{"rendered":"Puidutera alumiiniumist ekstrusiooniprofiil m\u00f6\u00f6bli kaunistamiseks"},"content":{"rendered":"<h2>Toodete \u00fcksikasjad<\/h2>\n<table class=\"custom-table\">\n<tr>\n<td class=\"label\">Objekt: \uff1a<\/td>\n<td>Puidutera alumiiniumist ekstrusiooniprofiil m\u00f6\u00f6bli kaunistamiseks<\/td>\n<\/tr>\n<tr>\n<td class=\"label\">Kuju:<\/td>\n<td> Kohandatud<\/td>\n<\/tr>\n<tr>\n<td class=\"label\">Temperament:<\/td>\n<td> T3-T8<\/td>\n<\/tr>\n<tr>\n<td class=\"label\">Sulam:<\/td>\n<td> Sulam<\/td>\n<\/tr>\n<tr>\n<td class=\"label\">Hinne:<\/td>\n<td> 6000 seeria<\/td>\n<\/tr>\n<tr>\n<td class=\"label\">Spetsifikatsioon:<\/td>\n<td> 1m-9m v\u00f5i kohandatud suurus<\/td>\n<\/tr>\n<tr>\n<td class=\"label\">P\u00e4ritolu:<\/td>\n<td> Foshan, Hiina<\/td>\n<\/tr>\n<tr>\n<td class=\"label\">T\u00fc\u00fcp:<\/td>\n<td> Akna ja ukse alumiiniumprofiil, puidumassist alumiiniumprofiil, alumiiniumprofiil kaunistamiseks, alumiiniumprofiil soojussalvesti, alumiiniumprofiil klaasseina, alumiiniumprofiil transpordiks, alumiiniumm\u00f6\u00f6bel, alumiiniumprofiilid puidumassist, alumiiniumist ekstrusiooniprofiil<\/td>\n<\/tr>\n<\/table>\n<h2>Meie tootmisbaas<\/h2>\n<h3>Tehase panoraam<\/h3>\n<p><img decoding=\"async\" src=\"\/wp-content\/uploads\/factory-01.webp\"\/><\/p>\n<h3>Alumiiniumvarraste tootmise t\u00f6\u00f6koda<\/h3>\n<p><img decoding=\"async\" src=\"\/wp-content\/uploads\/factory-02.webp\"\/><\/p>\n<p><img decoding=\"async\" src=\"\/wp-content\/uploads\/factory-03.webp\"\/><\/p>\n<h3>hallituse ladustamise ladu<\/h3>\n<p><img decoding=\"async\" src=\"\/wp-content\/uploads\/factory-04.webp\"\/><\/p>\n<h3>43 alumiiniumi ekstrusiooniliini (500-5500 tonni)<\/h3>\n<p><img decoding=\"async\" src=\"\/wp-content\/uploads\/factory-05.webp\"\/><\/p>\n<p><img decoding=\"async\" src=\"\/wp-content\/uploads\/factory-06.webp\"\/><\/p>\n<p><img decoding=\"async\" src=\"\/wp-content\/uploads\/factory-07.webp\"\/><\/p>\n<h3>Pulberv\u00e4rvimise t\u00f6\u00f6koda<\/h3>\n<p><img decoding=\"async\" src=\"\/wp-content\/uploads\/factory-09.webp\"\/><\/p>\n<h3>Anodiseerimise t\u00f6\u00f6koda<\/h3>\n<p><img decoding=\"async\" src=\"\/wp-content\/uploads\/factory-10.webp\"\/><\/p>\n<h3>S\u00fcgavt\u00f6\u00f6tlemise t\u00f6\u00f6tuba<\/h3>\n<p><img decoding=\"async\" src=\"\/wp-content\/uploads\/factory-11.webp\"\/><\/p>\n<h3>CNC-t\u00e4ppist\u00f6\u00f6tlemise t\u00f6\u00f6koda<\/h3>\n<p><img decoding=\"async\" src=\"\/wp-content\/uploads\/factory-11.5.webp\"\/><\/p>\n<h3>Valmistoodete ja ekspordi ladu<\/h3>\n<p><img decoding=\"async\" src=\"\/wp-content\/uploads\/factory-12.webp\"\/><\/p>\n<p><img decoding=\"async\" src=\"\/wp-content\/uploads\/factory-13.webp\"\/><\/p>\n<p><img decoding=\"async\" src=\"\/wp-content\/uploads\/factory-14.webp\"\/><\/p>\n<h2>KKK<\/h2>\n<p><p><b>1.Mis on puidumaterjalist alumiiniumist ekstrusiooniprofiil m\u00f6\u00f6bli kaunistamiseks?<\/b><\/p>\n<p>See on puidumassiga alumiiniumist ekstrusioon, mis on m\u00f5eldud spetsiaalselt dekoratiivseteks rakendusteks m\u00f6\u00f6blitootmises.<br \/>\n<\/p><br \/>\n<br \/>\n<p><b>2.Millised on m\u00f6\u00f6blile m\u00f5eldud puidumassiga alumiiniumprofiilide peamised eelised?<\/b><\/p>\n<p>Nad pakuvad suurep\u00e4rast vastupidavust, kerget tugevust, korrosioonikindlust, madalat hooldust ja realistlikku puidu v\u00e4limust.<br \/>\n<\/p><br \/>\n<br \/>\n<p><b>3.Miks valida m\u00f6\u00f6bli kaunistamiseks naturaalse puidu asemel puidutr\u00fckis alumiiniumist ekstrusiooni?<\/b><\/p>\n<p>Alumiiniumprofiilid taluvad v\u00e4\u00e4ndumist, niiskust ja putukaid ning vajavad v\u00e4hem hooldust, pakkudes samas loodusliku puidu elegantset v\u00e4limust.<br \/>\n<\/p><br \/>\n<br \/>\n<p><b>4.Kas puidumassist alumiiniumprofiile saab m\u00f6\u00f6bli jaoks kohandada?<\/b><\/p>\n<p>Jah, neid saab kohandada suuruse, kuju, puidutekstuuri, v\u00e4rvi ja viimistluse poolest, et need vastaksid konkreetsetele m\u00f6\u00f6blidisaini n\u00f5uetele.<br \/>\n<\/p><br \/>\n<br \/>\n<p><b>5.Kuidas parandab puidumassiivi viimistlus alumiiniumprofiili m\u00f6\u00f6bli kaunistamisel?<\/b><\/p>\n<p>Viimistlus annab autentse puidu esteetika, s\u00e4ilitades samal ajal alumiiniumi tugevuse, vastupidavuse ja lihtsa puhastatavuse.<br \/>\n<\/p><br \/>\n<br \/>\n<p><b>6.Kas puidumassist alumiiniumist pressprofiilid sobivad siseruumides kasutamiseks?<\/b><\/p>\n<p>Jah, need on ideaalsed sisem\u00f6\u00f6bliks, pakkudes kauakestvat ilu ning vastupidavust kulumisele ja keskkonnateguritele.<br \/>\n<\/p><br \/>\n<br \/>\n<p><b>7.Millised t\u00f6\u00f6stusharud kasutavad m\u00f6\u00f6bli jaoks tavaliselt puidumassiivseid alumiiniumist ekstrusiooniprofiile?<\/b><\/p>\n<p>M\u00f6\u00f6blitootjad, sisekujundajad ja sisustusettev\u00f5tted kasutavad neid profiile nende stiili ja funktsionaalsuse kombinatsiooni t\u00f5ttu.<br \/>\n<\/p><br \/>\n<br \/>\n<p><b>8.Kuidas toetavad puidumaterjalist alumiiniumist ekstrusiooniprofiilid s\u00e4\u00e4stvat m\u00f6\u00f6blitootmist?<\/b><\/p>\n<p>Alumiinium on t\u00e4ielikult taaskasutatav ja puidutooniga viimistlus pakub keskkonnas\u00f5bralikku alternatiivi puidule, v\u00e4hendades keskkonnam\u00f5ju ja metsade h\u00e4vitamist.<br \/>\n<\/p><br \/><\/p>","protected":false},"featured_media":6574,"template":"","categories":[65],"class_list":["post-6575","product","type-product","status-publish","has-post-thumbnail","hentry","category-wooden-grained-aluminum-profile"],"meta_box":{"hilight_text_group":{"product_hilight_text":"<li>Wood grain finish offers natural wood aesthetics with aluminum durability<\/li>\r\r\n<li>Precision extrusion ensures consistent profiles for furniture decoration<\/li>\r\r\n<li>Lightweight and corrosion-resistant for long-lasting furniture components<\/li>\r\r\n<li>Easy to fabricate, cut, and install for custom furniture designs<\/li>\r\r\n<li>Supports bulk orders and OEM customization for diverse project needs<\/li>","product_chanpin_blog":"<ul>\r\r\n<li><a href=\"https:\/\/sinoextrud.com\/t-slot-v-slot-differences\/\" target=\"_blank\">t slot vs v slot<\/a><\/li>\r\r\n<li><a href=\"https:\/\/sinoextrud.com\/what-is-4040-aluminium-extrud\/\" target=\"_blank\">4040 aluminium extrusion<\/a><\/li>\r\r\n<li><a href=\"https:\/\/sinoextrud.com\/what-is-4040-aluminium-extrud\/\" target=\"_blank\">aluminum extrusions for industrial racks<\/a><\/li>\r\r\n<li><a href=\"https:\/\/sinoextrud.com\/powder-coating-aluminium-process\/\" target=\"_blank\">powder coating aluminium<\/a><\/li>\r\r\n<li><a href=\"https:\/\/sinoextrud.com\/what-is-an-aluminium-strip-ceiling\/\" target=\"_blank\">aluminium strip ceiling<\/a><\/li>\r\r\n<li><a href=\"https:\/\/sinoextrud.com\/what-is-a-heat-sink\/\" target=\"_blank\">what is a heat sink<\/a><\/li>\r\r\n<\/ul>","product_chanpin_chanpin":"<li><a href=\"https:\/\/sinoextrud.com\/product\/extruded-aluminum-wood-grain-tube-profile\/\" target=\"_blank\">Extruded Aluminum Wood Grain Tube Profile<\/a><\/li>\r\n<li><a href=\"https:\/\/sinoextrud.com\/product\/wood-grain-aluminum-box-section\/\" target=\"_blank\">Wood Grain Aluminum Box Section<\/a><\/li>\r\n<li><a href=\"https:\/\/sinoextrud.com\/product\/wood-grain-false-ceiling-aluminium-profiles\/\" target=\"_blank\">Wood Grain False Ceiling Aluminium Profiles<\/a><\/li>\r\n<li><a href=\"https:\/\/sinoextrud.com\/product\/wood-grain-finish-extruded-architectural-use-aluminium-profile\/\" target=\"_blank\">Wood grain finish extruded architectural use aluminium profile<\/a><\/li>\r\n<li><a href=\"https:\/\/sinoextrud.com\/product\/wood-grain-aluminium-extrusion-profile-for-furnitures-decoration\/\" target=\"_blank\">Wood Grain Aluminium Extrusion Profile for Furnitures Decoration<\/a><\/li>\r\n<li><a href=\"https:\/\/sinoextrud.com\/product\/wood-grain-finish-aluminium-profiles\/\" target=\"_blank\">Wood Grain Finish Aluminium Profiles<\/a><\/li>\r\n<li><a href=\"https:\/\/sinoextrud.com\/product\/hot-selling-high-quality-powder-coating-wood-grain-single-sided-aluminum-plate\/\" target=\"_blank\">Hot Selling High-quality Powder Coating Wood Grain Single-sided Aluminum Plate<\/a><\/li>\r\n<li><a href=\"https:\/\/sinoextrud.com\/product\/anodized-extrusion-precise-round-square-aluminum-tube\/\" target=\"_blank\">Anodized Extrusion Precise Round Square Aluminum Tube<\/a><\/li>\r\n<li><a href=\"https:\/\/sinoextrud.com\/product\/custom-aluminum-fluorocarbon-wood-grain-fence\/\" target=\"_blank\">Custom Aluminum Fluorocarbon Wood Grain Fence<\/a><\/li>\r\n<li><a href=\"https:\/\/sinoextrud.com\/product\/custom-industrial-extruded-aluminum-alloy\/\" target=\"_blank\">Custom Industrial Extruded Aluminum Alloy<\/a><\/li>\r\n<li><a href=\"https:\/\/sinoextrud.com\/product\/aluminum-profile-shutter\/\" target=\"_blank\">Aluminum Profile Shutter<\/a><\/li>"},"feature_list":[]},"_links":{"self":[{"href":"https:\/\/sinoextrud.com\/et\/wp-json\/wp\/v2\/product\/6575","targetHints":{"allow":["GET"]}}],"collection":[{"href":"https:\/\/sinoextrud.com\/et\/wp-json\/wp\/v2\/product"}],"about":[{"href":"https:\/\/sinoextrud.com\/et\/wp-json\/wp\/v2\/types\/product"}],"wp:featuredmedia":[{"embeddable":true,"href":"https:\/\/sinoextrud.com\/et\/wp-json\/wp\/v2\/media\/6574"}],"wp:attachment":[{"href":"https:\/\/sinoextrud.com\/et\/wp-json\/wp\/v2\/media?parent=6575"}],"wp:term":[{"taxonomy":"category","embeddable":true,"href":"https:\/\/sinoextrud.com\/et\/wp-json\/wp\/v2\/categories?post=6575"}],"curies":[{"name":"wp","href":"https:\/\/api.w.org\/{rel}","templated":true}]}}