{"id":6569,"date":"2025-05-29T09:06:46","date_gmt":"2025-05-29T09:06:46","guid":{"rendered":"https:\/\/sinoextrud.com\/product\/wood-grain-aluminum-box-section\/"},"modified":"2025-06-24T06:11:11","modified_gmt":"2025-06-24T06:11:11","slug":"puidumassist-alumiiniumist-kastiprofiil","status":"publish","type":"product","link":"https:\/\/sinoextrud.com\/et\/product\/wood-grain-aluminum-box-section\/","title":{"rendered":"Puidutera-alumiiniumist kasti sektsioon"},"content":{"rendered":"<h2>Toodete \u00fcksikasjad<\/h2>\n<table class=\"custom-table\">\n<tr>\n<td class=\"label\">Toote nimi<\/td>\n<td>Puidust alumiiniumist kastiosa<\/td>\n<\/tr>\n<tr>\n<td class=\"label\">Materjal<\/td>\n<td>6063, 6061, 6463, 6082 Alumiiniumsulam<\/td>\n<\/tr>\n<tr>\n<td class=\"label\">Garantii<\/td>\n<td>V\u00e4litingimustes ilmastikukindlus puidumass, Aksu ja Menphis puidumass, imporditud ilmastikukindel puidumass, 10-aastane garantii, 15-aastane garantii V\u00e4litingimustes kasutatav puidumass, millel on k\u00f5rge ilmastikukindlus.<\/td>\n<\/tr>\n<tr>\n<td class=\"label\">V\u00e4rv<\/td>\n<td>Kohandatud<\/td>\n<\/tr>\n<tr>\n<td class=\"label\">Hinne<\/td>\n<td>6000-seeria<\/td>\n<\/tr>\n<tr>\n<td class=\"label\">Paksus<\/td>\n<td>Kohandatud<\/td>\n<\/tr>\n<tr>\n<td class=\"label\">Kasutamine<\/td>\n<td>Kaunistus<\/td>\n<\/tr>\n<tr>\n<td class=\"label\">Temper<\/td>\n<td>T3-T8<\/td>\n<\/tr>\n<tr>\n<td class=\"label\">Pikkus<\/td>\n<td>Kohandatud<\/td>\n<\/tr>\n<tr>\n<td class=\"label\">Pinnat\u00f6\u00f6tlus<\/td>\n<td>Pulbriline pinnakate, Mill Finish, PVDF, anodeeritud, puidumass, poleeritud, harjatud jne.<\/td>\n<\/tr>\n<tr>\n<td class=\"label\">Orgin<\/td>\n<td>KINA<\/td>\n<\/tr>\n<tr>\n<td class=\"label\">Kas sulam v\u00f5i mitte<\/td>\n<td>Kas sulam on sulam<\/td>\n<\/tr>\n<tr>\n<td class=\"label\">Sadam<\/td>\n<td>Guangzhou, Shenzhen, Foshan<\/td>\n<\/tr>\n<\/table>\n<h2>Meie tootmisbaas<\/h2>\n<h3>Tehase panoraam<\/h3>\n<p><img decoding=\"async\" src=\"\/wp-content\/uploads\/factory-01.webp\"\/><\/p>\n<h3>Alumiiniumvarraste tootmise t\u00f6\u00f6koda<\/h3>\n<p><img decoding=\"async\" src=\"\/wp-content\/uploads\/factory-02.webp\"\/><\/p>\n<p><img decoding=\"async\" src=\"\/wp-content\/uploads\/factory-03.webp\"\/><\/p>\n<h3>hallituse ladustamise ladu<\/h3>\n<p><img decoding=\"async\" src=\"\/wp-content\/uploads\/factory-04.webp\"\/><\/p>\n<h3>43 alumiiniumi ekstrusiooniliini (500-5500 tonni)<\/h3>\n<p><img decoding=\"async\" src=\"\/wp-content\/uploads\/factory-05.webp\"\/><\/p>\n<p><img decoding=\"async\" src=\"\/wp-content\/uploads\/factory-06.webp\"\/><\/p>\n<p><img decoding=\"async\" src=\"\/wp-content\/uploads\/factory-07.webp\"\/><\/p>\n<h3>Pulberv\u00e4rvimise t\u00f6\u00f6koda<\/h3>\n<p><img decoding=\"async\" src=\"\/wp-content\/uploads\/factory-09.webp\"\/><\/p>\n<h3>Anodiseerimise t\u00f6\u00f6koda<\/h3>\n<p><img decoding=\"async\" src=\"\/wp-content\/uploads\/factory-10.webp\"\/><\/p>\n<h3>S\u00fcgavt\u00f6\u00f6tlemise t\u00f6\u00f6tuba<\/h3>\n<p><img decoding=\"async\" src=\"\/wp-content\/uploads\/factory-11.webp\"\/><\/p>\n<h3>CNC-t\u00e4ppist\u00f6\u00f6tlemise t\u00f6\u00f6koda<\/h3>\n<p><img decoding=\"async\" src=\"\/wp-content\/uploads\/factory-11.5.webp\"\/><\/p>\n<h3>Valmistoodete ja ekspordi ladu<\/h3>\n<p><img decoding=\"async\" src=\"\/wp-content\/uploads\/factory-12.webp\"\/><\/p>\n<p><img decoding=\"async\" src=\"\/wp-content\/uploads\/factory-13.webp\"\/><\/p>\n<p><img decoding=\"async\" src=\"\/wp-content\/uploads\/factory-14.webp\"\/><\/p>\n<h2>KKK<\/h2>\n<p><p><b>1.Mis on puidust alumiiniumkarbi sektsioon?<\/b><\/p>\n<p>Puidumustriga alumiiniumist kastiprofiil on \u00f5\u00f5nes alumiiniumprofiil, mille pinnaviimistlus j\u00e4ljendab loodusliku puidu v\u00e4limust ja tekstuuri, \u00fchendades tugevuse ja esteetilisuse.<br \/>\n<\/p><br \/>\n<br \/>\n<p><b>2.Millised on puidumassist alumiiniumist kastiprofiilide peamised eelised?<\/b><\/p>\n<p>Nad pakuvad suurep\u00e4rast korrosioonikindlust, kerget tugevust, v\u00e4hest hooldust ja autentset puidu v\u00e4limust, mis sobib nii konstruktsiooniliseks kui ka dekoratiivseks kasutamiseks.<br \/>\n<\/p><br \/>\n<br \/>\n<p><b>3.Miks valida puidumassist alumiiniumist kastiprofiilid naturaalse puidu asemel?<\/b><\/p>\n<p>Alumiiniumist kastiprofiilid on vastupidavad m\u00e4danemisele, putukatele, niiskusele ja v\u00e4\u00e4ndumisele, pakkudes pikemat vastupidavust ja lihtsamat hooldust, j\u00e4ljendades samal ajal puidu loomulikku ilu.<br \/>\n<\/p><br \/>\n<br \/>\n<p><b>4.Kas puidumassist alumiiniumkarbi sektsioone saab kohandada?<\/b><\/p>\n<p>Jah, neid saab kohandada suuruse, seinapaksuse, puidumustri, v\u00e4rvi ja pikkuse poolest vastavalt konkreetsetele arhitektuurilistele ja struktuurilistele n\u00f5uetele.<br \/>\n<\/p><br \/>\n<br \/>\n<p><b>5. kuidas puidumassiivi viimistlus parandab alumiiniumkarbi sektsioone?<\/b><\/p>\n<p>Viimistlus annab realistliku puidu tekstuuri ja v\u00e4rvi, s\u00e4ilitades samal ajal alumiiniumi vastupidavuse, roostekindluse ja kerguse.<br \/>\n<\/p><br \/>\n<br \/>\n<p><b>6.Kas puidumassist alumiiniumist kastiprofiilid sobivad v\u00e4litingimustes kasutamiseks?<\/b><\/p>\n<p>Jah, need taluvad UV-kiirgust, niiskust ja karmi ilmastikum\u00f5ju, mist\u00f5ttu on need ideaalsed v\u00e4lisvooderduse, tarade ja konstruktsiooniliste rakenduste jaoks.<br \/>\n<\/p><br \/>\n<br \/>\n<p><b>7.Millised t\u00f6\u00f6stusharud kasutavad tavaliselt puidumassist alumiiniumist kastiprofiile?<\/b><\/p>\n<p>Ehituses, m\u00f6\u00f6blitootmises, sisekujunduses ja maastikuehituses kasutatakse neid profiile nende esteetilisuse ja tugevuse kombinatsiooni t\u00f5ttu.<br \/>\n<\/p><br \/>\n<br \/>\n<p><b>8.Kuidas toetavad puidumassiivsed alumiiniumkastiprofiilid j\u00e4tkusuutlikku ehitust?<\/b><\/p>\n<p>Alumiinium on t\u00e4ielikult taaskasutatav ja puidutooniga viimistlus on keskkonnas\u00f5bralik alternatiiv puidule, v\u00e4hendades keskkonnam\u00f5ju ja metsade h\u00e4vitamist.<br \/>\n<\/p><br \/><\/p>","protected":false},"featured_media":6568,"template":"","categories":[65],"class_list":["post-6569","product","type-product","status-publish","has-post-thumbnail","hentry","category-wooden-grained-aluminum-profile"],"meta_box":{"hilight_text_group":{"product_hilight_text":"<li>Wood grain finish delivers natural wood appearance with aluminum durability<\/li>\r\r\n<li>Box section design provides strong structural support and rigidity<\/li>\r\r\n<li>Lightweight and corrosion-resistant for long-lasting outdoor use<\/li>\r\r\n<li>Precision extrusion ensures consistent dimensions and surface quality<\/li>\r\r\n<li>Custom sizes and bulk orders available to meet project demands<\/li>","product_chanpin_blog":"<ul>\r\r\n<li><a href=\"https:\/\/sinoextrud.com\/t-slot-v-slot-differences\/\" target=\"_blank\">t slot vs v slot<\/a><\/li>\r\r\n<li><a href=\"https:\/\/sinoextrud.com\/what-is-4040-aluminium-extrud\/\" target=\"_blank\">4040 aluminium extrusion<\/a><\/li>\r\r\n<li><a href=\"https:\/\/sinoextrud.com\/what-is-4040-aluminium-extrud\/\" target=\"_blank\">aluminum extrusions for industrial racks<\/a><\/li>\r\r\n<li><a href=\"https:\/\/sinoextrud.com\/powder-coating-aluminium-process\/\" target=\"_blank\">powder coating aluminium<\/a><\/li>\r\r\n<li><a href=\"https:\/\/sinoextrud.com\/what-is-an-aluminium-strip-ceiling\/\" target=\"_blank\">aluminium strip ceiling<\/a><\/li>\r\r\n<li><a href=\"https:\/\/sinoextrud.com\/what-is-a-heat-sink\/\" target=\"_blank\">what is a heat sink<\/a><\/li>\r\r\n<\/ul>","product_chanpin_chanpin":"<li><a href=\"https:\/\/sinoextrud.com\/product\/wood-finish-aluminum-tube\/\" target=\"_blank\">Wood Finish Aluminum Tube<\/a><\/li>\r\n<li><a href=\"https:\/\/sinoextrud.com\/product\/3d-wood-grain-aluminium-battens\/\" target=\"_blank\">3D Wood Grain Aluminium Battens<\/a><\/li>\r\n<li><a href=\"https:\/\/sinoextrud.com\/product\/commercial-handrail-systems\/\" target=\"_blank\">Commercial Handrail Systems<\/a><\/li>\r\n<li><a href=\"https:\/\/sinoextrud.com\/product\/extruded-aluminum-wood-grain-tube-profile\/\" target=\"_blank\">Extruded Aluminum Wood Grain Tube Profile<\/a><\/li>\r\n<li><a href=\"https:\/\/sinoextrud.com\/product\/wood-grain-aluminum-box-section\/\" target=\"_blank\">Wood Grain Aluminum Box Section<\/a><\/li>\r\n<li><a href=\"https:\/\/sinoextrud.com\/product\/wood-grain-false-ceiling-aluminium-profiles\/\" target=\"_blank\">Wood Grain False Ceiling Aluminium Profiles<\/a><\/li>\r\n<li><a href=\"https:\/\/sinoextrud.com\/product\/wood-grain-finish-extruded-architectural-use-aluminium-profile\/\" target=\"_blank\">Wood grain finish extruded architectural use aluminium profile<\/a><\/li>\r\n<li><a href=\"https:\/\/sinoextrud.com\/product\/wood-grain-aluminium-extrusion-profile-for-furnitures-decoration\/\" target=\"_blank\">Wood Grain Aluminium Extrusion Profile for Furnitures Decoration<\/a><\/li>\r\n<li><a href=\"https:\/\/sinoextrud.com\/product\/wood-grain-finish-aluminium-profiles\/\" target=\"_blank\">Wood Grain Finish Aluminium Profiles<\/a><\/li>\r\n<li><a href=\"https:\/\/sinoextrud.com\/product\/extruded-aluminium-profile-for-triangle-and-rectangle-pipe-with-6063-alloy-anodized-mill-finish-surface\/\" target=\"_blank\">Extruded Aluminium Profile For Triangle And Rectangle Pipe With 6063 Alloy Anodized Mill Finish Surface<\/a><\/li>\r\n<li><a href=\"https:\/\/sinoextrud.com\/product\/led-aluminum-profile-strip-heatsink\/\" target=\"_blank\">Led Aluminum Profile Strip Heatsink<\/a><\/li>"},"feature_list":[]},"_links":{"self":[{"href":"https:\/\/sinoextrud.com\/et\/wp-json\/wp\/v2\/product\/6569","targetHints":{"allow":["GET"]}}],"collection":[{"href":"https:\/\/sinoextrud.com\/et\/wp-json\/wp\/v2\/product"}],"about":[{"href":"https:\/\/sinoextrud.com\/et\/wp-json\/wp\/v2\/types\/product"}],"wp:featuredmedia":[{"embeddable":true,"href":"https:\/\/sinoextrud.com\/et\/wp-json\/wp\/v2\/media\/6568"}],"wp:attachment":[{"href":"https:\/\/sinoextrud.com\/et\/wp-json\/wp\/v2\/media?parent=6569"}],"wp:term":[{"taxonomy":"category","embeddable":true,"href":"https:\/\/sinoextrud.com\/et\/wp-json\/wp\/v2\/categories?post=6569"}],"curies":[{"name":"wp","href":"https:\/\/api.w.org\/{rel}","templated":true}]}}