{"id":6559,"date":"2025-05-29T08:51:23","date_gmt":"2025-05-29T08:51:23","guid":{"rendered":"https:\/\/sinoextrud.com\/product\/wood-look-aluminium-battens\/"},"modified":"2025-06-24T06:11:09","modified_gmt":"2025-06-24T06:11:09","slug":"puidu-valimusega-alumiiniumist-latid","status":"publish","type":"product","link":"https:\/\/sinoextrud.com\/et\/product\/wood-look-aluminium-battens\/","title":{"rendered":"Puidust alumiiniumist latid"},"content":{"rendered":"<h2>Toodete \u00fcksikasjad<\/h2>\n<table class=\"custom-table\">\n<tr>\n<td class=\"label\">Pealkiri<\/td>\n<td>Puidust alumiiniumist latid<\/td>\n<\/tr>\n<tr>\n<td class=\"label\">Materjal<\/td>\n<td>alumiiniumisulam<\/td>\n<\/tr>\n<tr>\n<td class=\"label\">Pinnat\u00f6\u00f6tlus ja garantii<\/td>\n<td>tavaline puidur\u00f5huv\u00e4rvi pihustamine (10 aastat), AKSU spetsiaalne puidur\u00f5huv\u00e4rvi pihustamine (15 aastat)<\/td>\n<\/tr>\n<tr>\n<td class=\"label\">Laius<\/td>\n<td>tavaliselt 2 tolli (umbes 5 cm), 3 tolli (umbes 7,6 cm) v\u00f5i 4 tolli (umbes 10 cm). v\u00f5tab vastu eritellimusi.<\/td>\n<\/tr>\n<tr>\n<td class=\"label\">Pikkus<\/td>\n<td>tavaliselt 10 jalga (umbes 3 meetrit) v\u00f5i 12 jalga (umbes 3,6 meetrit). v\u00f5tab vastu eritellimusi.<\/td>\n<\/tr>\n<tr>\n<td class=\"label\">Paksus<\/td>\n<td>tavaliselt 0,02 tolli (umbes 0,5 mm) kuni 0,08 tolli (umbes 2 mm). v\u00f5tab vastu eritellimusi.<\/td>\n<\/tr>\n<tr>\n<td class=\"label\">V\u00e4rv<\/td>\n<td>naturaalne, selge, realistlik puidutekstuuri imitatsioon, n\u00e4iteks puidu v\u00e4limus, mahagonilahendus, kirsipuu v\u00e4limus, p\u00e4hklipuu v\u00e4limus jne.<\/td>\n<\/tr>\n<tr>\n<td class=\"label\">Paigaldusmeetod<\/td>\n<td>Tavalised paigaldusmeetodid on kruvid, konksud jne.<\/td>\n<\/tr>\n<\/table>\n<h2>Meie tootmisbaas<\/h2>\n<h3>Tehase panoraam<\/h3>\n<p><img decoding=\"async\" src=\"\/wp-content\/uploads\/factory-01.webp\"\/><\/p>\n<h3>Alumiiniumvarraste tootmise t\u00f6\u00f6koda<\/h3>\n<p><img decoding=\"async\" src=\"\/wp-content\/uploads\/factory-02.webp\"\/><\/p>\n<p><img decoding=\"async\" src=\"\/wp-content\/uploads\/factory-03.webp\"\/><\/p>\n<h3>hallituse ladustamise ladu<\/h3>\n<p><img decoding=\"async\" src=\"\/wp-content\/uploads\/factory-04.webp\"\/><\/p>\n<h3>43 alumiiniumi ekstrusiooniliini (500-5500 tonni)<\/h3>\n<p><img decoding=\"async\" src=\"\/wp-content\/uploads\/factory-05.webp\"\/><\/p>\n<p><img decoding=\"async\" src=\"\/wp-content\/uploads\/factory-06.webp\"\/><\/p>\n<p><img decoding=\"async\" src=\"\/wp-content\/uploads\/factory-07.webp\"\/><\/p>\n<h3>Pulberv\u00e4rvimise t\u00f6\u00f6koda<\/h3>\n<p><img decoding=\"async\" src=\"\/wp-content\/uploads\/factory-09.webp\"\/><\/p>\n<h3>Anodiseerimise t\u00f6\u00f6koda<\/h3>\n<p><img decoding=\"async\" src=\"\/wp-content\/uploads\/factory-10.webp\"\/><\/p>\n<h3>S\u00fcgavt\u00f6\u00f6tlemise t\u00f6\u00f6tuba<\/h3>\n<p><img decoding=\"async\" src=\"\/wp-content\/uploads\/factory-11.webp\"\/><\/p>\n<h3>CNC-t\u00e4ppist\u00f6\u00f6tlemise t\u00f6\u00f6koda<\/h3>\n<p><img decoding=\"async\" src=\"\/wp-content\/uploads\/factory-11.5.webp\"\/><\/p>\n<h3>Valmistoodete ja ekspordi ladu<\/h3>\n<p><img decoding=\"async\" src=\"\/wp-content\/uploads\/factory-12.webp\"\/><\/p>\n<p><img decoding=\"async\" src=\"\/wp-content\/uploads\/factory-13.webp\"\/><\/p>\n<p><img decoding=\"async\" src=\"\/wp-content\/uploads\/factory-14.webp\"\/><\/p>\n<h2>KKK<\/h2>\n<p><p><b>1.Mis on puidu v\u00e4limusega alumiiniumist latid?<\/b><\/p>\n<p>Puitmaterjali v\u00e4limusega alumiiniumliistud on alumiiniumribad, mille pinnaviimistlus j\u00e4ljendab looduslikku puidumaterjali, mida kasutatakse dekoratiivseks fassaadiks ja arhitektuursete detailide kujundamiseks.<br \/>\n<\/p><br \/>\n<br \/>\n<p><b>2.Millised on puidu v\u00e4limusega alumiiniumist latikate peamised eelised?<\/b><\/p>\n<p>Need pakuvad suurep\u00e4rast korrosioonikindlust, kerget tugevust, v\u00e4hest hooldust ja realistlikku puidu v\u00e4limust, mis sobib nii sise- kui ka v\u00e4litingimustes kasutamiseks.<br \/>\n<\/p><br \/>\n<br \/>\n<p><b>3.Miks valida puidu v\u00e4limusega alumiiniumist latid ehtsa puidu asemel?<\/b><\/p>\n<p>Alumiiniumist liistud on vastupidavad m\u00e4danemisele, putukatele, v\u00e4\u00e4ndumisele ja ilmastikukahjustustele, pakkudes pikemat vastupidavust ja v\u00e4hem hooldust, s\u00e4ilitades samal ajal loomuliku puidu v\u00e4limuse.<br \/>\n<\/p><br \/>\n<br \/>\n<p><b>4.Kas puidu v\u00e4limusega alumiiniumist latte saab kohandada?<\/b><\/p>\n<p>Jah, neid saab kohandada suuruse, v\u00e4rvi, puidutekstuuri, viimistluse ja pikkuse poolest, et need vastaksid konkreetsetele disaini- ja arhitektuurin\u00f5uetele.<br \/>\n<\/p><br \/>\n<br \/>\n<p><b>5.Kuidas parandab puidu v\u00e4limuse viimistlus alumiiniumist latte?<\/b><\/p>\n<p>Viimistlus annab autentse puidu esteetika, s\u00e4ilitades samal ajal alumiiniumi vastupidavuse, ilmastikukindluse ja lihtsa puhastatavuse.<br \/>\n<\/p><br \/>\n<br \/>\n<p><b>6.Kas puidu v\u00e4limusega alumiiniumist latid sobivad v\u00e4litingimustes kasutamiseks?<\/b><\/p>\n<p>Jah, need on kavandatud taluma UV-kiirgust, niiskust ja temperatuurik\u00f5ikumisi, mist\u00f5ttu on need ideaalsed v\u00e4lisvooderduseks ja varjestuseks.<br \/>\n<\/p><br \/>\n<br \/>\n<p><b>7.Millised t\u00f6\u00f6stusharud kasutavad tavaliselt puidu v\u00e4limusega alumiiniumist latte?<\/b><\/p>\n<p>Ehitus-, maastikuehitus-, sisekujundus- ja arhitektuurib\u00fcrood kasutavad neid latte nende ilu ja j\u00f5udluse segu t\u00f5ttu.<br \/>\n<\/p><br \/>\n<br \/>\n<p><b>8.Kuidas toetavad puidu v\u00e4limusega alumiiniumist latid s\u00e4\u00e4stvat disaini?<\/b><\/p>\n<p>Alumiinium on t\u00e4ielikult taaskasutatav ja puidu v\u00e4limusega viimistlus pakub keskkonnas\u00f5bralikku alternatiivi puidule, v\u00e4hendades keskkonnam\u00f5ju ja metsade h\u00e4vitamist.<br \/>\n<\/p><br \/><\/p>","protected":false},"featured_media":6558,"template":"","categories":[65],"class_list":["post-6559","product","type-product","status-publish","has-post-thumbnail","hentry","category-wooden-grained-aluminum-profile"],"meta_box":{"hilight_text_group":{"product_hilight_text":"<li>Wood look finish offers natural aesthetic with durable aluminum strength<\/li>\r\r\n<li>Resistant to weather, rot, insects, and requires minimal maintenance<\/li>\r\r\n<li>Lightweight design facilitates easy handling and installation<\/li>\r\r\n<li>Ideal for architectural and decorative applications in indoor and outdoor spaces<\/li>\r\r\n<li>Custom sizes and finishes available to suit project requirements<\/li>","product_chanpin_blog":"<ul>\r\r\n<li><a href=\"https:\/\/sinoextrud.com\/t-slot-v-slot-differences\/\" target=\"_blank\">t slot vs v slot<\/a><\/li>\r\r\n<li><a href=\"https:\/\/sinoextrud.com\/what-is-4040-aluminium-extrud\/\" target=\"_blank\">4040 aluminium extrusion<\/a><\/li>\r\r\n<li><a href=\"https:\/\/sinoextrud.com\/what-is-4040-aluminium-extrud\/\" target=\"_blank\">aluminum extrusions for industrial racks<\/a><\/li>\r\r\n<li><a href=\"https:\/\/sinoextrud.com\/powder-coating-aluminium-process\/\" target=\"_blank\">powder coating aluminium<\/a><\/li>\r\r\n<li><a href=\"https:\/\/sinoextrud.com\/what-is-an-aluminium-strip-ceiling\/\" target=\"_blank\">aluminium strip ceiling<\/a><\/li>\r\r\n<li><a href=\"https:\/\/sinoextrud.com\/what-is-a-heat-sink\/\" target=\"_blank\">what is a heat sink<\/a><\/li>\r\r\n<\/ul>","product_chanpin_chanpin":"<li><a href=\"https:\/\/sinoextrud.com\/product\/wood-look-aluminum-soffit\/\" target=\"_blank\">Wood Look Aluminum Soffit<\/a><\/li>\r\n<li><a href=\"https:\/\/sinoextrud.com\/product\/wood-look-aluminium-slats\/\" target=\"_blank\">Wood Look Aluminium Slats<\/a><\/li>\r\n<li><a href=\"https:\/\/sinoextrud.com\/product\/natural-wood-grain-aluminium-square-tube\/\" target=\"_blank\">Natural Wood Grain Aluminium Square Tube<\/a><\/li>\r\n<li><a href=\"https:\/\/sinoextrud.com\/product\/wood-look-aluminium-cladding\/\" target=\"_blank\">Wood Look Aluminium Cladding<\/a><\/li>\r\n<li><a href=\"https:\/\/sinoextrud.com\/product\/wood-look-aluminium-battens\/\" target=\"_blank\">Wood Look Aluminium Battens<\/a><\/li>\r\n<li><a href=\"https:\/\/sinoextrud.com\/product\/wood-finish-aluminum-tube\/\" target=\"_blank\">Wood Finish Aluminum Tube<\/a><\/li>\r\n<li><a href=\"https:\/\/sinoextrud.com\/product\/3d-wood-grain-aluminium-battens\/\" target=\"_blank\">3D Wood Grain Aluminium Battens<\/a><\/li>\r\n<li><a href=\"https:\/\/sinoextrud.com\/product\/commercial-handrail-systems\/\" target=\"_blank\">Commercial Handrail Systems<\/a><\/li>\r\n<li><a href=\"https:\/\/sinoextrud.com\/product\/extruded-aluminum-wood-grain-tube-profile\/\" target=\"_blank\">Extruded Aluminum Wood Grain Tube Profile<\/a><\/li>\r\n<li><a href=\"https:\/\/sinoextrud.com\/product\/extruded-aluminum-tubing-shapes-supplier\/\" target=\"_blank\">Extruded Aluminum Tubing Shapes Supplier<\/a><\/li>\r\n<li><a href=\"https:\/\/sinoextrud.com\/product\/40x40-aluminium-extrusion\/\" target=\"_blank\">40\u00c3\u201440 Aluminium Extrusion<\/a><\/li>"},"feature_list":[]},"_links":{"self":[{"href":"https:\/\/sinoextrud.com\/et\/wp-json\/wp\/v2\/product\/6559","targetHints":{"allow":["GET"]}}],"collection":[{"href":"https:\/\/sinoextrud.com\/et\/wp-json\/wp\/v2\/product"}],"about":[{"href":"https:\/\/sinoextrud.com\/et\/wp-json\/wp\/v2\/types\/product"}],"wp:featuredmedia":[{"embeddable":true,"href":"https:\/\/sinoextrud.com\/et\/wp-json\/wp\/v2\/media\/6558"}],"wp:attachment":[{"href":"https:\/\/sinoextrud.com\/et\/wp-json\/wp\/v2\/media?parent=6559"}],"wp:term":[{"taxonomy":"category","embeddable":true,"href":"https:\/\/sinoextrud.com\/et\/wp-json\/wp\/v2\/categories?post=6559"}],"curies":[{"name":"wp","href":"https:\/\/api.w.org\/{rel}","templated":true}]}}