{"id":6551,"date":"2025-05-29T08:03:14","date_gmt":"2025-05-29T08:03:14","guid":{"rendered":"https:\/\/sinoextrud.com\/product\/wood-look-aluminum-soffit\/"},"modified":"2025-06-24T06:11:08","modified_gmt":"2025-06-24T06:11:08","slug":"puidu-valimusega-alumiiniumist-sokkel","status":"publish","type":"product","link":"https:\/\/sinoextrud.com\/et\/product\/wood-look-aluminum-soffit\/","title":{"rendered":"Puidust alumiiniumist sokkel"},"content":{"rendered":"<h2>Toodete \u00fcksikasjad<\/h2>\n<table class=\"custom-table\">\n<tr>\n<td class=\"label\">Materjal<\/td>\n<td>k\u00f5rge kvaliteediga alumiiniumisulam<\/td>\n<\/tr>\n<tr>\n<td class=\"label\">Pinnat\u00f6\u00f6tlus ja garantii<\/td>\n<td>tavaline puidur\u00f5huv\u00e4rvi pihustamine (10 aastat), AKSU spetsiaalne puidur\u00f5huv\u00e4rvi pihustamine (15 aastat)<\/td>\n<\/tr>\n<tr>\n<td class=\"label\">Pikkus<\/td>\n<td>tavaliselt 10 jalga (umbes 3 meetrit) v\u00f5i 12 jalga (umbes 3,6 meetrit). Pikkust saab kohandada.<\/td>\n<\/tr>\n<tr>\n<td class=\"label\">Laius<\/td>\n<td>tavaliselt 6 tolli (umbes 15 cm). aktsepteerib eritellimusi. Saate kohandada laiust.<\/td>\n<\/tr>\n<tr>\n<td class=\"label\">Paksus<\/td>\n<td>tavaliselt 0,019 tolli (umbes 0,48 mm) v\u00f5i 0,024 tolli (umbes 0,61 mm). Paksust saab kohandada.<\/td>\n<\/tr>\n<tr>\n<td class=\"label\">V\u00e4rv<\/td>\n<td>puidu v\u00e4limus, mahagoni v\u00e4limus, kirsipuu v\u00e4limus, p\u00e4hklipuu v\u00e4limus jne.<\/td>\n<\/tr>\n<tr>\n<td class=\"label\">Paigaldusmeetod<\/td>\n<td>Paigaldatakse maja r\u00e4\u00e4stale soones\u00fcsteemi v\u00f5i riputuss\u00fcsteemi abil.<\/td>\n<\/tr>\n<tr>\n<td class=\"label\">Omadused<\/td>\n<td>See peab vastu keemilisele korrosioonile, f\u00fc\u00fcsilistele kriimustustele, veele, tulekahjule ja pleekimisele.<\/td>\n<\/tr>\n<\/table>\n<h2>Meie tootmisbaas<\/h2>\n<h3>Tehase panoraam<\/h3>\n<p><img decoding=\"async\" src=\"\/wp-content\/uploads\/factory-01.webp\"\/><\/p>\n<h3>Alumiiniumvarraste tootmise t\u00f6\u00f6koda<\/h3>\n<p><img decoding=\"async\" src=\"\/wp-content\/uploads\/factory-02.webp\"\/><\/p>\n<\/p>\n<p><img decoding=\"async\" src=\"\/wp-content\/uploads\/factory-03.webp\"\/><\/p>\n<h3>hallituse ladustamise ladu<\/h3>\n<p><img decoding=\"async\" src=\"\/wp-content\/uploads\/factory-04.webp\"\/><\/p>\n<h3>43 alumiiniumi ekstrusiooniliini (500-5500 tonni)<\/h3>\n<p><img decoding=\"async\" src=\"\/wp-content\/uploads\/factory-05.webp\"\/><\/p>\n<p><img decoding=\"async\" src=\"\/wp-content\/uploads\/factory-06.webp\"\/><\/p>\n<p><img decoding=\"async\" src=\"\/wp-content\/uploads\/factory-07.webp\"\/><\/p>\n<h3>Pulberv\u00e4rvimise t\u00f6\u00f6koda<\/h3>\n<p><img decoding=\"async\" src=\"\/wp-content\/uploads\/factory-09.webp\"\/><\/p>\n<h3>Anodiseerimise t\u00f6\u00f6koda<\/h3>\n<p><img decoding=\"async\" src=\"\/wp-content\/uploads\/factory-10.webp\"\/><\/p>\n<h3>S\u00fcgavt\u00f6\u00f6tlemise t\u00f6\u00f6tuba<\/h3>\n<p><img decoding=\"async\" src=\"\/wp-content\/uploads\/factory-11.webp\"\/><\/p>\n<h3>CNC-t\u00e4ppist\u00f6\u00f6tlemise t\u00f6\u00f6koda<\/h3>\n<p><img decoding=\"async\" src=\"\/wp-content\/uploads\/factory-11.5.webp\"\/><\/p>\n<h3>Valmistoodete ja ekspordi ladu<\/h3>\n<p><img decoding=\"async\" src=\"\/wp-content\/uploads\/factory-12.webp\"\/><\/p>\n<p><img decoding=\"async\" src=\"\/wp-content\/uploads\/factory-13.webp\"\/><\/p>\n<p><img decoding=\"async\" src=\"\/wp-content\/uploads\/factory-14.webp\"\/><\/p>\n<h2>KKK<\/h2>\n<p><b>1.Mis on puidu v\u00e4limusega alumiiniumist soffit?<\/b><\/p>\n<p>Puidust alumiiniumist sokkel on alumiiniumpaneel, mis on kavandatud j\u00e4ljendama loodusliku puidu v\u00e4limust ja mida kasutatakse katuser\u00e4\u00e4stas ja katuse allservas.\n<\/p>\n<p><\/p>\n<p><b>2.Millised on puidu v\u00e4limusega alumiiniumist sokli peamised eelised?<\/b><\/p>\n<p>See pakub suurep\u00e4rast vastupidavust, korrosioonikindlust, madalat hooldust ja realistlikku puidumassi, mis suurendab arhitektuurset esteetikat.\n<\/p>\n<p><\/p>\n<p><b>3.Miks valida puidu v\u00e4limusega alumiiniumist sokkel t\u00f5elise puidu asemel?<\/b><\/p>\n<p>Alumiiniumist sokkel on vastupidav m\u00e4danemisele, putukatele, niiskusele ja v\u00e4\u00e4ndumisele, mis tagab pikema eluea ja v\u00e4iksema hoolduse v\u00f5rreldes loodusliku puiduga.\n<\/p>\n<p><\/p>\n<p><b>4.Kas puidu v\u00e4limusega alumiiniumist soffitsid saab kohandada?<\/b><\/p>\n<p>Jah, neid saab kohandada suuruse, puidutekstuuri, v\u00e4rvi ja viimistluse poolest, et need vastaksid konkreetsetele disainieelistustele ja arhitektuurilistele stiilidele.\n<\/p>\n<p><\/p>\n<p><b>5.Kuidas parandab puidu v\u00e4limusega viimistlus alumiiniumist softi j\u00f5udlust?<\/b><\/p>\n<p>Viimistlus annab naturaalse puidu esteetika, s\u00e4ilitades samal ajal alumiiniumi tugevuse, ilmastikukindluse ja lihtsa puhastatavuse.\n<\/p>\n<p><\/p>\n<p><b>6.Kas puidu v\u00e4limusega alumiiniumist sokkel sobivad v\u00e4litingimustes kasutamiseks?<\/b><\/p>\n<p>Kindlasti on need kavandatud taluma UV-kiirgust, niiskust ja temperatuurik\u00f5ikumisi, mist\u00f5ttu on need ideaalsed v\u00e4lisseinte paigaldamiseks.\n<\/p>\n<p><\/p>\n<p><b>7.Millised t\u00f6\u00f6stusharud kasutavad tavaliselt puidu v\u00e4limusega alumiiniumist sokke?<\/b><\/p>\n<p>Elamuehituses, \u00e4rihoonetes ja arhitektuurib\u00fcroodes kasutatakse neid sokke nende ilu ja vastupidavuse kombinatsiooni t\u00f5ttu.\n<\/p>\n<p><\/p>\n<p><b>8.Kuidas toetab puidu v\u00e4limusega alumiiniumist sokkel s\u00e4\u00e4stvat ehitustava?<\/b><\/p>\n<p>Alumiinium on 100% taaskasutatav ja puidu v\u00e4limusega viimistlus pakub keskkonnas\u00f5bralikku alternatiivi ehtsale puidule, v\u00e4hendades metsade raadamist ja keskkonnam\u00f5ju.\n<\/p>\n<p><\/p>","protected":false},"featured_media":6550,"template":"","categories":[65],"class_list":["post-6551","product","type-product","status-publish","has-post-thumbnail","hentry","category-wooden-grained-aluminum-profile"],"meta_box":{"hilight_text_group":{"product_hilight_text":"<li>Wood look finish offers natural aesthetic with low maintenance benefits<\/li>\r\r\n<li>Durable aluminum construction resists rot, insects, and weather damage<\/li>\r\r\n<li>Lightweight and easy to install for efficient soffit applications<\/li>\r\r\n<li>Corrosion-resistant and suitable for various outdoor environments<\/li>\r\r\n<li>Available in custom sizes and colors to match architectural styles<\/li>","product_chanpin_blog":"<ul>\r\r\n<li><a href=\"https:\/\/sinoextrud.com\/t-slot-v-slot-differences\/\" target=\"_blank\">t slot vs v slot<\/a><\/li>\r\r\n<li><a href=\"https:\/\/sinoextrud.com\/what-is-4040-aluminium-extrud\/\" target=\"_blank\">4040 aluminium extrusion<\/a><\/li>\r\r\n<li><a href=\"https:\/\/sinoextrud.com\/what-is-4040-aluminium-extrud\/\" target=\"_blank\">aluminum extrusions for industrial racks<\/a><\/li>\r\r\n<li><a href=\"https:\/\/sinoextrud.com\/powder-coating-aluminium-process\/\" target=\"_blank\">powder coating aluminium<\/a><\/li>\r\r\n<li><a href=\"https:\/\/sinoextrud.com\/what-is-an-aluminium-strip-ceiling\/\" target=\"_blank\">aluminium strip ceiling<\/a><\/li>\r\r\n<li><a href=\"https:\/\/sinoextrud.com\/what-is-a-heat-sink\/\" target=\"_blank\">what is a heat sink<\/a><\/li>\r\r\n<\/ul>","product_chanpin_chanpin":"<li><a href=\"https:\/\/sinoextrud.com\/product\/fluorocarbon-coating-aluminium-extrusions-anti-fluorite-pvdf-aluminium-profile\/\" target=\"_blank\">Fluorocarbon coating aluminium extrusions Anti fluorite PVDF aluminium profile<\/a><\/li>\r\n<li><a href=\"https:\/\/sinoextrud.com\/product\/pvdf-coating-aluminum-profile\/\" target=\"_blank\">PVDF Coating Aluminum Profile<\/a><\/li>\r\n<li><a href=\"https:\/\/sinoextrud.com\/product\/custom-wood-grain-aluminium-profiles\/\" target=\"_blank\">Custom Wood Grain Aluminium Profiles<\/a><\/li>\r\n<li><a href=\"https:\/\/sinoextrud.com\/product\/wood-grain-aluminum-square-hollow-profile\/\" target=\"_blank\">Wood Grain Aluminum Square Hollow Profile<\/a><\/li>\r\n<li><a href=\"https:\/\/sinoextrud.com\/product\/wood-look-aluminum-soffit\/\" target=\"_blank\">Wood Look Aluminum Soffit<\/a><\/li>\r\n<li><a href=\"https:\/\/sinoextrud.com\/product\/wood-look-aluminium-slats\/\" target=\"_blank\">Wood Look Aluminium Slats<\/a><\/li>\r\n<li><a href=\"https:\/\/sinoextrud.com\/product\/natural-wood-grain-aluminium-square-tube\/\" target=\"_blank\">Natural Wood Grain Aluminium Square Tube<\/a><\/li>\r\n<li><a href=\"https:\/\/sinoextrud.com\/product\/wood-look-aluminium-cladding\/\" target=\"_blank\">Wood Look Aluminium Cladding<\/a><\/li>\r\n<li><a href=\"https:\/\/sinoextrud.com\/product\/wood-look-aluminium-battens\/\" target=\"_blank\">Wood Look Aluminium Battens<\/a><\/li>\r\n<li><a href=\"https:\/\/sinoextrud.com\/product\/cnc-aluminum-bar-profile-for-instrument\/\" target=\"_blank\">CNC Aluminum Bar Profile For Instrument<\/a><\/li>\r\n<li><a href=\"https:\/\/sinoextrud.com\/product\/aluminium-window-extrusion-profile\/\" target=\"_blank\">Aluminium Window Extrusion Profile<\/a><\/li>"},"feature_list":[]},"_links":{"self":[{"href":"https:\/\/sinoextrud.com\/et\/wp-json\/wp\/v2\/product\/6551","targetHints":{"allow":["GET"]}}],"collection":[{"href":"https:\/\/sinoextrud.com\/et\/wp-json\/wp\/v2\/product"}],"about":[{"href":"https:\/\/sinoextrud.com\/et\/wp-json\/wp\/v2\/types\/product"}],"wp:featuredmedia":[{"embeddable":true,"href":"https:\/\/sinoextrud.com\/et\/wp-json\/wp\/v2\/media\/6550"}],"wp:attachment":[{"href":"https:\/\/sinoextrud.com\/et\/wp-json\/wp\/v2\/media?parent=6551"}],"wp:term":[{"taxonomy":"category","embeddable":true,"href":"https:\/\/sinoextrud.com\/et\/wp-json\/wp\/v2\/categories?post=6551"}],"curies":[{"name":"wp","href":"https:\/\/api.w.org\/{rel}","templated":true}]}}