{"id":6537,"date":"2025-05-29T07:16:20","date_gmt":"2025-05-29T07:16:20","guid":{"rendered":"https:\/\/sinoextrud.com\/product\/eco-friendly-water-borne-fluorocarbon-spraying-decorative-aluminum-profile-for-outdoor-project\/"},"modified":"2025-06-24T06:11:06","modified_gmt":"2025-06-24T06:11:06","slug":"keskkonnasobralik-veepohine-fluorosusivesiniku-pihustamine-dekoratiivne-alumiiniumprofiil-valisprojektile","status":"publish","type":"product","link":"https:\/\/sinoextrud.com\/et\/product\/eco-friendly-water-borne-fluorocarbon-spraying-decorative-aluminum-profile-for-outdoor-project\/","title":{"rendered":"ECO-S\u00f5bralik vee baasil fluoros\u00fcsivesiniku pihustamine dekoratiivsed alumiiniumprofiil Outdoor Project"},"content":{"rendered":"<h2>Toodete \u00fcksikasjad<\/h2>\n<table class=\"custom-table\">\n<tr>\n<td class=\"label\">Objekt:<\/td>\n<td>ECO-s\u00f5bralik vee baasil fluoros\u00fcsivesiniku pihustamine dekoratiivne alumiiniumprofiil v\u00e4lisprojektile<\/td>\n<\/tr>\n<tr>\n<td class=\"label\">Temperament:<\/td>\n<td>T3-T8<\/td>\n<\/tr>\n<tr>\n<td class=\"label\">Kuju:<\/td>\n<td>kohandatud<\/td>\n<\/tr>\n<tr>\n<td class=\"label\">Sallivus:<\/td>\n<td>\u00b10,5%<\/td>\n<\/tr>\n<tr>\n<td class=\"label\">Funktsioon:<\/td>\n<td>Veekindel, ilmastikukindel, kokkupuute suhtes<\/td>\n<\/tr>\n<tr>\n<td class=\"label\">Tarneaeg:<\/td>\n<td>25-30 p\u00e4eva<\/td>\n<\/tr>\n<tr>\n<td class=\"label\">Makset\u00e4htaeg:<\/td>\n<td>T \/ T (30% tagatisraha), L \/ C<\/td>\n<\/tr>\n<tr>\n<td class=\"label\">Sadam:<\/td>\n<td>Guangzhou, Shenzhen<\/td>\n<\/tr>\n<tr>\n<td class=\"label\">T\u00fc\u00fcp:<\/td>\n<td>\u00d6kos\u00f5bralik<\/td>\n<\/tr>\n<tr>\n<td class=\"label\">Hinne:<\/td>\n<td>6000 seeria 6063<\/td>\n<\/tr>\n<tr>\n<td class=\"label\">P\u00e4ritolukoht:<\/td>\n<td>Foshan, Guangdong<\/td>\n<\/tr>\n<tr>\n<td class=\"label\">Sulam v\u00f5i mitte:<\/td>\n<td>Kas sulam<\/td>\n<\/tr>\n<tr>\n<td class=\"label\">Br\u00e4ndi:<\/td>\n<td>Sinoextrud, Sinoextrud<\/td>\n<\/tr>\n<tr>\n<td class=\"label\">Pinnat\u00f6\u00f6tlus:<\/td>\n<td>pulberv\u00e4rvimine<\/td>\n<\/tr>\n<tr>\n<td class=\"label\">MOQ:<\/td>\n<td>200KG<\/td>\n<\/tr>\n<tr>\n<td class=\"label\">T\u00f6\u00f6tlemisteenus:<\/td>\n<td>CNC-t\u00f6\u00f6tlemine<\/td>\n<\/tr>\n<tr>\n<td class=\"label\">Pikkus::<\/td>\n<td>Max 7.3m v\u00f5i kohandatud<\/td>\n<\/tr>\n<tr>\n<td class=\"label\">Kasutamine:<\/td>\n<td>V\u00e4litingimustes<\/td>\n<\/tr>\n<\/table>\n<h2>Meie tootmisbaas<\/h2>\n<h3>Tehase panoraam<\/h3>\n<p><img decoding=\"async\" src=\"\/wp-content\/uploads\/factory-01.webp\"\/><\/p>\n<h3>Alumiiniumvarraste tootmise t\u00f6\u00f6koda<\/h3>\n<p><img decoding=\"async\" src=\"\/wp-content\/uploads\/factory-02.webp\"\/><\/p>\n<p><img decoding=\"async\" src=\"\/wp-content\/uploads\/factory-03.webp\"\/><\/p>\n<h3>hallituse ladustamise ladu<\/h3>\n<p><img decoding=\"async\" src=\"\/wp-content\/uploads\/factory-04.webp\"\/><\/p>\n<h3>43 alumiiniumi ekstrusiooniliini (500-5500 tonni)<\/h3>\n<p><img decoding=\"async\" src=\"\/wp-content\/uploads\/factory-05.webp\"\/><\/p>\n<p><img decoding=\"async\" src=\"\/wp-content\/uploads\/factory-06.webp\"\/><\/p>\n<p><img decoding=\"async\" src=\"\/wp-content\/uploads\/factory-07.webp\"\/><\/p>\n<h3>Pulberv\u00e4rvimise t\u00f6\u00f6koda<\/h3>\n<p><img decoding=\"async\" src=\"\/wp-content\/uploads\/factory-09.webp\"\/><\/p>\n<h3>Anodiseerimise t\u00f6\u00f6koda<\/h3>\n<p><img decoding=\"async\" src=\"\/wp-content\/uploads\/factory-10.webp\"\/><\/p>\n<h3>S\u00fcgavt\u00f6\u00f6tlemise t\u00f6\u00f6tuba<\/h3>\n<p><img decoding=\"async\" src=\"\/wp-content\/uploads\/factory-11.webp\"\/><\/p>\n<h3>CNC-t\u00e4ppist\u00f6\u00f6tlemise t\u00f6\u00f6koda<\/h3>\n<p><img decoding=\"async\" src=\"\/wp-content\/uploads\/factory-11.5.webp\"\/><\/p>\n<h3>Valmistoodete ja ekspordi ladu<\/h3>\n<p><img decoding=\"async\" src=\"\/wp-content\/uploads\/factory-12.webp\"\/><\/p>\n<p><img decoding=\"async\" src=\"\/wp-content\/uploads\/factory-13.webp\"\/><\/p>\n<p><img decoding=\"async\" src=\"\/wp-content\/uploads\/factory-14.webp\"\/><\/p>\n<h2>KKK<\/h2>\n<p><p><b>1.Mis on ECO-Friendly veep\u00f5hine fluoros\u00fcsivesiniku pihustamine dekoratiivne alumiiniumprofiil?<\/b><\/p>\n<p>See on alumiiniumist ekstrusioon, mida on t\u00f6\u00f6deldud keskkonnas\u00f5braliku, veep\u00f5hise fluoros\u00fcsinikkattega, mis annab dekoratiivse viimistluse ja suurep\u00e4rase kaitse v\u00e4lisprojektidele.<br \/>\n<\/p><br \/>\n<br \/>\n<p><b>2.Millised on alumiiniumprofiilide veep\u00f5hise fluoros\u00fcsiniku pihustamise peamised eelised?<\/b><\/p>\n<p>See kate pakub suurep\u00e4rast korrosioonikindlust, UV-kaitset, elavat v\u00e4rvip\u00fcsivust ja v\u00e4ikest keskkonnam\u00f5ju t\u00e4nu oma veep\u00f5hisele koostisele.<br \/>\n<\/p><br \/>\n<br \/>\n<p><b>3.Miks valida ECO-s\u00f5bralik veep\u00f5hine fluoros\u00fcsivesiniku pihustamine traditsiooniliste pinnakatete asemel?<\/b><\/p>\n<p>Veep\u00f5hine fluoros\u00fcsivesiniku pihustamine v\u00e4hendab LO\u00dc-de heitkoguseid, on t\u00f6\u00f6tajatele ohutum ja vastab rangetele keskkonnaalastele eeskirjadele, s\u00e4ilitades samal ajal suure vastupidavuse.<br \/>\n<\/p><br \/>\n<br \/>\n<p><b>4.Kas veega pihustatud alumiiniumprofiile saab kohandada?<\/b><\/p>\n<p>Jah, neid saab kohandada v\u00e4rvi, tekstuuri, l\u00e4ike taseme ja profiili kuju poolest, et need vastaksid konkreetsetele disaini- ja tulemuslikkuse vajadustele.<br \/>\n<\/p><br \/>\n<br \/>\n<p><b>5.Kuidas parandab veep\u00f5hine fluoros\u00fcsivesiniku pihustamine alumiiniumprofiili toimivust v\u00e4listingimustes?<\/b><\/p>\n<p>Pinnakate tagab suurep\u00e4rase ilmastikukindluse, takistab pleekimist ja kriidistumist ning pikendab alumiiniumprofiilide kasutusiga karmides tingimustes.<br \/>\n<\/p><br \/>\n<br \/>\n<p><b>6.Kas ECO-s\u00f5bralikud veep\u00f5hised fluoros\u00fcsiniku pihustatud alumiiniumprofiilid sobivad k\u00f5ikide v\u00e4lisprojektide jaoks?<\/b><\/p>\n<p>Jah, need sobivad ideaalselt arhitektuursete fassaadide, v\u00e4lism\u00f6\u00f6bli, viitade ja muude rakenduste jaoks, mis n\u00f5uavad vastupidavat ja dekoratiivset viimistlust.<br \/>\n<\/p><br \/>\n<br \/>\n<p><b>7. millistele t\u00f6\u00f6stusharudele on kasulik kasutada ECO-s\u00f5bralikke veep\u00f5hiseid fluoros\u00fcsivesinikuga pihustatud alumiiniumprofiile?<\/b><\/p>\n<p>Ehituses, arhitektuuris, v\u00e4lism\u00f6\u00f6bli tootmises ja m\u00e4rgistuses kasutatakse neid profiile nende j\u00e4tkusuutlikkuse ja vastupidavuse kombinatsiooni t\u00f5ttu.<br \/>\n<\/p><br \/>\n<br \/>\n<p><b>8.Kuidas toetab veep\u00f5hine fluoros\u00fcsivesiniku pihustamine s\u00e4\u00e4stvaid ehitustavasid?<\/b><\/p>\n<p>See v\u00e4hendab kahjulikke heitkoguseid, kasutab v\u00e4hem ohtlikke kemikaale ja toodab vastupidavaid katteid, mis v\u00e4hendavad hoolduse ja vahetamise sagedust.<br \/>\n<\/p><br \/><\/p>","protected":false},"featured_media":6536,"template":"","categories":[63],"class_list":["post-6537","product","type-product","status-publish","has-post-thumbnail","hentry","category-fluorocarbon-coating-profile"],"meta_box":{"hilight_text_group":{"product_hilight_text":"<li>Eco-friendly water-borne fluorocarbon spraying reduces environmental impact<\/li>\r\r\n<li>Provides durable and vibrant decorative finish for outdoor aluminum profiles<\/li>\r\r\n<li>Excellent weather and UV resistance for long-term outdoor use<\/li>\r\r\n<li>High-quality extrusion ensures precise dimensions and structural integrity<\/li>\r\r\n<li>Ideal for sustainable architectural projects with bulk order support<\/li>","product_chanpin_blog":"<ul>\r\r\n<li><a href=\"https:\/\/sinoextrud.com\/t-slot-v-slot-differences\/\" target=\"_blank\">t slot vs v slot<\/a><\/li>\r\r\n<li><a href=\"https:\/\/sinoextrud.com\/what-is-4040-aluminium-extrud\/\" target=\"_blank\">4040 aluminium extrusion<\/a><\/li>\r\r\n<li><a href=\"https:\/\/sinoextrud.com\/what-is-4040-aluminium-extrud\/\" target=\"_blank\">aluminum extrusions for industrial racks<\/a><\/li>\r\r\n<li><a href=\"https:\/\/sinoextrud.com\/powder-coating-aluminium-process\/\" target=\"_blank\">powder coating aluminium<\/a><\/li>\r\r\n<li><a href=\"https:\/\/sinoextrud.com\/what-is-an-aluminium-strip-ceiling\/\" target=\"_blank\">aluminium strip ceiling<\/a><\/li>\r\r\n<li><a href=\"https:\/\/sinoextrud.com\/what-is-a-heat-sink\/\" target=\"_blank\">what is a heat sink<\/a><\/li>\r\r\n<\/ul>","product_chanpin_chanpin":"<li><a href=\"https:\/\/sinoextrud.com\/product\/alu-squ-tube-in-wood-grain-painting\/\" target=\"_blank\">Alu squ tube In Wood Grain Painting<\/a><\/li>\r\n<li><a href=\"https:\/\/sinoextrud.com\/product\/aluminium-extrusion-press-line-profile-wooden-grained-coating-color-oem\/\" target=\"_blank\">Aluminium Extrusion Press Line profile wooden grained coating color OEM for Door Curtain Wall Ceiling<\/a><\/li>\r\n<li><a href=\"https:\/\/sinoextrud.com\/product\/pvdf-coating-aluminum-profile-curtain-wall\/\" target=\"_blank\">PVDF Coating Aluminum profile Curtain Wall<\/a><\/li>\r\n<li><a href=\"https:\/\/sinoextrud.com\/product\/soundproofed-watertigh\/\" target=\"_blank\">Soundproofed Watertight Wind resistant occulting frame powder coated Facade Cladding and Glass wall aluminium profile<\/a><\/li>\r\n<li><a href=\"https:\/\/sinoextrud.com\/product\/eco-friendly-water-borne-fluorocarbon-spraying-decorative-aluminum-profile-for-outdoor-project\/\" target=\"_blank\">ECO-Friendly Water-borne Fluorocarbon Spraying Decorative Aluminum Profile For Outdoor Project<\/a><\/li>\r\n<li><a href=\"https:\/\/sinoextrud.com\/product\/fluorocarbon-coated-aluminium-extrusions\/\" target=\"_blank\">Fluorocarbon Coated Aluminium Extrusions<\/a><\/li>\r\n<li><a href=\"https:\/\/sinoextrud.com\/product\/aluminum-rectangular-tubing-for-wooden-horizontal-aluminum-fence-panels-system\/\" target=\"_blank\">aluminum rectangular tubing for wooden horizontal aluminum fence panels system<\/a><\/li>\r\n<li><a href=\"https:\/\/sinoextrud.com\/product\/fluorocarbon-coating-aluminium-extrusions-anti-fluorite-pvdf-aluminium-profile\/\" target=\"_blank\">Fluorocarbon coating aluminium extrusions Anti fluorite PVDF aluminium profile<\/a><\/li>\r\n<li><a href=\"https:\/\/sinoextrud.com\/product\/pvdf-coating-aluminum-profile\/\" target=\"_blank\">PVDF Coating Aluminum Profile<\/a><\/li>\r\n<li><a href=\"https:\/\/sinoextrud.com\/product\/aluminium-extrusion-linear-rail-china-factory\/\" target=\"_blank\">Aluminium Extrusion Linear Rail China Factory<\/a><\/li>\r\n<li><a href=\"https:\/\/sinoextrud.com\/product\/aluminium-profile-bracket\/\" target=\"_blank\">Aluminium Profile Bracket<\/a><\/li>"},"feature_list":[]},"_links":{"self":[{"href":"https:\/\/sinoextrud.com\/et\/wp-json\/wp\/v2\/product\/6537","targetHints":{"allow":["GET"]}}],"collection":[{"href":"https:\/\/sinoextrud.com\/et\/wp-json\/wp\/v2\/product"}],"about":[{"href":"https:\/\/sinoextrud.com\/et\/wp-json\/wp\/v2\/types\/product"}],"wp:featuredmedia":[{"embeddable":true,"href":"https:\/\/sinoextrud.com\/et\/wp-json\/wp\/v2\/media\/6536"}],"wp:attachment":[{"href":"https:\/\/sinoextrud.com\/et\/wp-json\/wp\/v2\/media?parent=6537"}],"wp:term":[{"taxonomy":"category","embeddable":true,"href":"https:\/\/sinoextrud.com\/et\/wp-json\/wp\/v2\/categories?post=6537"}],"curies":[{"name":"wp","href":"https:\/\/api.w.org\/{rel}","templated":true}]}}