{"id":6535,"date":"2025-05-29T07:07:27","date_gmt":"2025-05-29T07:07:27","guid":{"rendered":"https:\/\/sinoextrud.com\/product\/soundproofed-watertight-wind-resistant-occulting-frame-powder-coated-facade-cladding-and-glass-wall-aluminium-profile\/"},"modified":"2025-06-24T06:11:05","modified_gmt":"2025-06-24T06:11:05","slug":"helikindlad-veekindlad","status":"publish","type":"product","link":"https:\/\/sinoextrud.com\/et\/product\/soundproofed-watertigh\/","title":{"rendered":"Helikindel veekindel tuulekindel okultatsiooniraam pulbriga kaetud fassaadi fassaadi katte ja klaasseina alumiiniumprofiiliga"},"content":{"rendered":"<h2>Toodete \u00fcksikasjad<\/h2>\n<table class=\"custom-table\">\n<tr>\n<td class=\"label\">Pealkiri<\/td>\n<td>Helikindel veekindel tuulekindel okultatsiooniraam pulbriga kaetud fassaadi fassaadi katte ja klaasseina alumiiniumprofiiliga<\/td>\n<\/tr>\n<\/table>\n<h2>Meie tootmisbaas<\/h2>\n<h3>Tehase panoraam<\/h3>\n<p><img decoding=\"async\" src=\"\/wp-content\/uploads\/factory-01.webp\"\/><\/p>\n<h3>Alumiiniumvarraste tootmise t\u00f6\u00f6koda<\/h3>\n<p><img decoding=\"async\" src=\"\/wp-content\/uploads\/factory-02.webp\"\/><\/p>\n<\/p>\n<p><img decoding=\"async\" src=\"\/wp-content\/uploads\/factory-03.webp\"\/><\/p>\n<h3>hallituse ladustamise ladu<\/h3>\n<p><img decoding=\"async\" src=\"\/wp-content\/uploads\/factory-04.webp\"\/><\/p>\n<h3>43 alumiiniumi ekstrusiooniliini (500-5500 tonni)<\/h3>\n<p><img decoding=\"async\" src=\"\/wp-content\/uploads\/factory-05.webp\"\/><\/p>\n<p><img decoding=\"async\" src=\"\/wp-content\/uploads\/factory-06.webp\"\/><\/p>\n<p><img decoding=\"async\" src=\"\/wp-content\/uploads\/factory-07.webp\"\/><\/p>\n<h3>Pulberv\u00e4rvimise t\u00f6\u00f6koda<\/h3>\n<p><img decoding=\"async\" src=\"\/wp-content\/uploads\/factory-09.webp\"\/><\/p>\n<h3>Anodiseerimise t\u00f6\u00f6koda<\/h3>\n<p><img decoding=\"async\" src=\"\/wp-content\/uploads\/factory-10.webp\"\/><\/p>\n<h3>S\u00fcgavt\u00f6\u00f6tlemise t\u00f6\u00f6tuba<\/h3>\n<p><img decoding=\"async\" src=\"\/wp-content\/uploads\/factory-11.webp\"\/><\/p>\n<h3>CNC-t\u00e4ppist\u00f6\u00f6tlemise t\u00f6\u00f6koda<\/h3>\n<p><img decoding=\"async\" src=\"\/wp-content\/uploads\/factory-11.5.webp\"\/><\/p>\n<h3>Valmistoodete ja ekspordi ladu<\/h3>\n<p><img decoding=\"async\" src=\"\/wp-content\/uploads\/factory-12.webp\"\/><\/p>\n<p><img decoding=\"async\" src=\"\/wp-content\/uploads\/factory-13.webp\"\/><\/p>\n<p><img decoding=\"async\" src=\"\/wp-content\/uploads\/factory-14.webp\"\/><\/p>\n<h2>KKK<\/h2>\n<p><b>1.Millised on helikindlate alumiiniumfassaadide fassaadide peamisteks eelisteks?<\/b><\/p>\n<p>Helikindlad alumiiniumfassaadide fassaadis\u00fcsteemid v\u00e4hendavad oluliselt m\u00fcrasaastet, suurendades elu- ja \u00e4rihoonete sisemugavust.\n<\/p>\n<p><\/p>\n<p><b>2.Kuidas parandab veekindel alumiiniumprofiil hoone toimivust?<\/b><\/p>\n<p>Veekindlad alumiiniumprofiilid takistavad vee sissetungi, kaitstes hoone v\u00e4lispiiret ja parandades konstruktsiooni pikaealisust k\u00f5ikides ilmastikutingimustes.\n<\/p>\n<p><\/p>\n<p><b>3.Miks valida k\u00f5rghoonete jaoks tuulekindlad alumiiniumist klaasseinas\u00fcsteemid?<\/b><\/p>\n<p>Tuulekindlad alumiiniumklaasist seinas\u00fcsteemid tagavad tugeva tuulega kokkupuutuvate k\u00f5rgete hoonete parema konstruktsioonilise terviklikkuse ja ohutuse.\n<\/p>\n<p><\/p>\n<p><b>4.Millised on fassaadis\u00fcsteemide puhul varjatud raami konstruktsiooni eelised?<\/b><\/p>\n<p>Varjatud raamidisain pakub elegantset, kaasaegset v\u00e4limust, varjates raami, toetades minimalistlikku arhitektuurset esteetikat.\n<\/p>\n<p><\/p>\n<p><b>5. kuidas pulberv\u00e4rvimine suurendab alumiiniumprofiili vastupidavust?<\/b><\/p>\n<p>Alumiiniumprofiilide pulberv\u00e4rvimine lisab korrosioonikindla viimistluse, mis tagab v\u00e4rvide pikaajalise s\u00e4ilimise ja vastupidavuse karmidele keskkonnatingimustele.\n<\/p>\n<p><\/p>\n<p><b>6.Kas alumiiniumist fassaadivooderdus on keskkonnas\u00f5bralik?<\/b><\/p>\n<p>Jah, alumiiniumist fassaadipaneelid on kerged, taaskasutatavad ja energiat\u00f5husad, mist\u00f5ttu on see kaasaegse ehituse jaoks j\u00e4tkusuutlik valik.\n<\/p>\n<p><\/p>\n<p><b>7.Millistele projektidele on modulaarsed alumiiniumprofiils\u00fcsteemid kasulikud?<\/b><\/p>\n<p>Modulaarsed alumiiniumprofiils\u00fcsteemid sobivad ideaalselt \u00e4ri-, elamu- ja t\u00f6\u00f6stusprojektidesse, mis n\u00f5uavad kiiret ja t\u00f5husat paigaldamist ning lihtsat hooldust.\n<\/p>\n<p><\/p>\n<p><b>8.Kas neid alumiiniumprofiile saab kasutada nii klaasist kui ka metallist kardinaseintega?<\/b><\/p>\n<p>Jah, alumiiniumprofiilid sobivad kokku nii klaasist kui ka metallist kardinaseintega, pakkudes paindlikkust erinevate arhitektuursete rakenduste jaoks.\n<\/p>\n<p><\/p>","protected":false},"featured_media":6533,"template":"","categories":[63],"class_list":["post-6535","product","type-product","status-publish","has-post-thumbnail","hentry","category-fluorocarbon-coating-profile"],"meta_box":{"hilight_text_group":{"product_hilight_text":"<li>High sealing performance: soundproof and watertight for enhanced comfort and weather resistance<\/li>\r\r\n<li>Strong wind resistance: suitable for high-rise and extreme weather conditions<\/li>\r\r\n<li>Occulting frame design: delivers a modern, minimalist architectural aesthetic<\/li>\r\r\n<li>Powder-coated surface: corrosion-resistant and durable with long-lasting appearance<\/li>\r\r\n<li>Modular system: easy installation and maintenance for improved construction efficiency<\/li>\r\r\n<li>Compatible with glass and metal curtain walls: versatile for various building types<\/li>\r\r\n<li>Aluminum profile: lightweight, high-strength, and environmentally friendly<\/li>","product_chanpin_blog":"<ul>\r\r\n<li><a href=\"https:\/\/sinoextrud.com\/t-slot-v-slot-differences\/\" target=\"_blank\">t slot vs v slot<\/a><\/li>\r\r\n<li><a href=\"https:\/\/sinoextrud.com\/what-is-4040-aluminium-extrud\/\" target=\"_blank\">4040 aluminium extrusion<\/a><\/li>\r\r\n<li><a href=\"https:\/\/sinoextrud.com\/what-is-4040-aluminium-extrud\/\" target=\"_blank\">aluminum extrusions for industrial racks<\/a><\/li>\r\r\n<li><a href=\"https:\/\/sinoextrud.com\/powder-coating-aluminium-process\/\" target=\"_blank\">powder coating aluminium<\/a><\/li>\r\r\n<li><a href=\"https:\/\/sinoextrud.com\/what-is-an-aluminium-strip-ceiling\/\" target=\"_blank\">aluminium strip ceiling<\/a><\/li>\r\r\n<li><a href=\"https:\/\/sinoextrud.com\/what-is-a-heat-sink\/\" target=\"_blank\">what is a heat sink<\/a><\/li>\r\r\n<\/ul>","product_chanpin_chanpin":"<li><a href=\"https:\/\/sinoextrud.com\/product\/aluminum-square-tube-in-wooden-grain\/\" target=\"_blank\">Aluminum Square Tube In Wooden Grain<\/a><\/li>\r\n<li><a href=\"https:\/\/sinoextrud.com\/product\/alu-squ-tube-in-wood-grain-painting\/\" target=\"_blank\">Alu squ tube In Wood Grain Painting<\/a><\/li>\r\n<li><a href=\"https:\/\/sinoextrud.com\/product\/aluminium-extrusion-press-line-profile-wooden-grained-coating-color-oem\/\" target=\"_blank\">Aluminium Extrusion Press Line profile wooden grained coating color OEM for Door Curtain Wall Ceiling<\/a><\/li>\r\n<li><a href=\"https:\/\/sinoextrud.com\/product\/pvdf-coating-aluminum-profile-curtain-wall\/\" target=\"_blank\">PVDF Coating Aluminum profile Curtain Wall<\/a><\/li>\r\n<li><a href=\"https:\/\/sinoextrud.com\/product\/soundproofed-watertigh\/\" target=\"_blank\">Soundproofed Watertight Wind resistant occulting frame powder coated Facade Cladding and Glass wall aluminium profile<\/a><\/li>\r\n<li><a href=\"https:\/\/sinoextrud.com\/product\/eco-friendly-water-borne-fluorocarbon-spraying-decorative-aluminum-profile-for-outdoor-project\/\" target=\"_blank\">ECO-Friendly Water-borne Fluorocarbon Spraying Decorative Aluminum Profile For Outdoor Project<\/a><\/li>\r\n<li><a href=\"https:\/\/sinoextrud.com\/product\/fluorocarbon-coated-aluminium-extrusions\/\" target=\"_blank\">Fluorocarbon Coated Aluminium Extrusions<\/a><\/li>\r\n<li><a href=\"https:\/\/sinoextrud.com\/product\/aluminum-rectangular-tubing-for-wooden-horizontal-aluminum-fence-panels-system\/\" target=\"_blank\">aluminum rectangular tubing for wooden horizontal aluminum fence panels system<\/a><\/li>\r\n<li><a href=\"https:\/\/sinoextrud.com\/product\/fluorocarbon-coating-aluminium-extrusions-anti-fluorite-pvdf-aluminium-profile\/\" target=\"_blank\">Fluorocarbon coating aluminium extrusions Anti fluorite PVDF aluminium profile<\/a><\/li>\r\n<li><a href=\"https:\/\/sinoextrud.com\/product\/curved-extruded-aluminum-6063-alloy-anodizing\/\" target=\"_blank\">Curved Extruded Aluminum 6063 Alloy Anodizing<\/a><\/li>\r\n<li><a href=\"https:\/\/sinoextrud.com\/product\/aluminum-profile-solar-panel-structure\/\" target=\"_blank\">Aluminum Profile Solar Panel Structure<\/a><\/li>"},"feature_list":[]},"_links":{"self":[{"href":"https:\/\/sinoextrud.com\/et\/wp-json\/wp\/v2\/product\/6535","targetHints":{"allow":["GET"]}}],"collection":[{"href":"https:\/\/sinoextrud.com\/et\/wp-json\/wp\/v2\/product"}],"about":[{"href":"https:\/\/sinoextrud.com\/et\/wp-json\/wp\/v2\/types\/product"}],"wp:featuredmedia":[{"embeddable":true,"href":"https:\/\/sinoextrud.com\/et\/wp-json\/wp\/v2\/media\/6533"}],"wp:attachment":[{"href":"https:\/\/sinoextrud.com\/et\/wp-json\/wp\/v2\/media?parent=6535"}],"wp:term":[{"taxonomy":"category","embeddable":true,"href":"https:\/\/sinoextrud.com\/et\/wp-json\/wp\/v2\/categories?post=6535"}],"curies":[{"name":"wp","href":"https:\/\/api.w.org\/{rel}","templated":true}]}}