{"id":6522,"date":"2025-05-29T06:41:52","date_gmt":"2025-05-29T06:41:52","guid":{"rendered":"https:\/\/sinoextrud.com\/product\/elictrophoresis-matte-gold-aluminium-profile-cad-download-section-price-per-ton-extrusions-for-windows-and-doors-construction\/"},"modified":"2025-06-24T06:11:04","modified_gmt":"2025-06-24T06:11:04","slug":"elictrophoresis-matt-kuldne-alumiiniumprofiil-cad","status":"publish","type":"product","link":"https:\/\/sinoextrud.com\/et\/product\/elictrophoresis-matte-gold-aluminium-profile-cad\/","title":{"rendered":"Elictrophoresis matt kuldne alumiiniumprofiil cad download sektsiooni hind tonni kohta ekstrusioonid akende ja uste ehitamiseks"},"content":{"rendered":"<h2>Toodete \u00fcksikasjad<\/h2>\n<table class=\"custom-table\">\n<tr>\n<td class=\"label\">Objekt:<\/td>\n<td> Elictrophoresis matt kuldne alumiiniumprofiil cad download sektsiooni hind tonni kohta ekstrusioonid akende ja uste ehitamiseks<\/td>\n<\/tr>\n<tr>\n<td class=\"label\">Kuju:<\/td>\n<td> akende ja uste ehitus alumiiniumprofiil<\/td>\n<\/tr>\n<tr>\n<td class=\"label\">Temperament:<\/td>\n<td> T3-T8<\/td>\n<\/tr>\n<tr>\n<td class=\"label\">Sulam:<\/td>\n<td> Sulam<\/td>\n<\/tr>\n<tr>\n<td class=\"label\">Legeeriv koostisosa:<\/td>\n<td> 6063<\/td>\n<\/tr>\n<tr>\n<td class=\"label\">Poleeritud alumiiniumprofiil:<\/td>\n<td> Elictrophoresis matt kuld<\/td>\n<\/tr>\n<tr>\n<td class=\"label\">Kaubam\u00e4rk:<\/td>\n<td> Sinoextrud<\/td>\n<\/tr>\n<tr>\n<td class=\"label\">P\u00e4ritolu:<\/td>\n<td> Hiina<\/td>\n<\/tr>\n<tr>\n<td class=\"label\">T\u00fc\u00fcp:<\/td>\n<td> alumiiniumprofiil uste ja akende jaoks<\/td>\n<\/tr>\n<tr>\n<td class=\"label\">Hinne:<\/td>\n<td> 6000 seeria<\/td>\n<\/tr>\n<tr>\n<td class=\"label\">alumiiniumprofiilid:<\/td>\n<td> 55 seeria<\/td>\n<\/tr>\n<tr>\n<td class=\"label\">Pinna viimistlemine:<\/td>\n<td> Anoodiline oks\u00fcdeerimine<\/td>\n<\/tr>\n<tr>\n<td class=\"label\">Sertifitseerimine:<\/td>\n<td> CE, ISO<\/td>\n<\/tr>\n<tr>\n<td class=\"label\">Suurus:<\/td>\n<td> Sama mis Sinoextrud<\/td>\n<\/tr>\n<tr>\n<td class=\"label\">Spetsifikatsioon:<\/td>\n<td> SGS<\/td>\n<\/tr>\n<tr>\n<td class=\"label\">HS-kood:<\/td>\n<td> 76042900<\/td>\n<\/tr>\n<\/table>\n<h2>Meie tootmisbaas<\/h2>\n<h3>Tehase panoraam<\/h3>\n<p><img decoding=\"async\" src=\"\/wp-content\/uploads\/factory-01.webp\"\/><\/p>\n<h3>Alumiiniumvarraste tootmise t\u00f6\u00f6koda<\/h3>\n<p><img decoding=\"async\" src=\"\/wp-content\/uploads\/factory-02.webp\"\/><\/p>\n<\/p>\n<p><img decoding=\"async\" src=\"\/wp-content\/uploads\/factory-03.webp\"\/><\/p>\n<h3>hallituse ladustamise ladu<\/h3>\n<p><img decoding=\"async\" src=\"\/wp-content\/uploads\/factory-04.webp\"\/><\/p>\n<h3>43 alumiiniumi ekstrusiooniliini (500-5500 tonni)<\/h3>\n<p><img decoding=\"async\" src=\"\/wp-content\/uploads\/factory-05.webp\"\/><\/p>\n<p><img decoding=\"async\" src=\"\/wp-content\/uploads\/factory-06.webp\"\/><\/p>\n<p><img decoding=\"async\" src=\"\/wp-content\/uploads\/factory-07.webp\"\/><\/p>\n<h3>Pulberv\u00e4rvimise t\u00f6\u00f6koda<\/h3>\n<p><img decoding=\"async\" src=\"\/wp-content\/uploads\/factory-09.webp\"\/><\/p>\n<h3>Anodiseerimise t\u00f6\u00f6koda<\/h3>\n<p><img decoding=\"async\" src=\"\/wp-content\/uploads\/factory-10.webp\"\/><\/p>\n<h3>S\u00fcgavt\u00f6\u00f6tlemise t\u00f6\u00f6tuba<\/h3>\n<p><img decoding=\"async\" src=\"\/wp-content\/uploads\/factory-11.webp\"\/><\/p>\n<h3>CNC-t\u00e4ppist\u00f6\u00f6tlemise t\u00f6\u00f6koda<\/h3>\n<p><img decoding=\"async\" src=\"\/wp-content\/uploads\/factory-11.5.webp\"\/><\/p>\n<h3>Valmistoodete ja ekspordi ladu<\/h3>\n<p><img decoding=\"async\" src=\"\/wp-content\/uploads\/factory-12.webp\"\/><\/p>\n<p><img decoding=\"async\" src=\"\/wp-content\/uploads\/factory-13.webp\"\/><\/p>\n<p><img decoding=\"async\" src=\"\/wp-content\/uploads\/factory-14.webp\"\/><\/p>\n<h2>KKK<\/h2>\n<p><b>1.Milleks kasutatakse akende ja uste ehitamisel elektroforeesiga mattkuldset alumiiniumprofiili?<\/b><\/p>\n<p>Seda kasutatakse vastupidavate ja esteetiliselt meeldivate akna- ja ukseraamide valmistamiseks, mis on korrosioonikindlad ja stiilne mattkuldne viimistlus.\n<\/p>\n<p><\/p>\n<p><b>2.Millised on elektroforeesi mattkuldsete alumiiniumprofiilide peamised eelised?<\/b><\/p>\n<p>Need pakuvad suurep\u00e4rast korrosioonikaitset, \u00fchtlast katet, kriimustuskindlust, UV-stabiilsust ja esmaklassilist matt kuldset v\u00e4limust.\n<\/p>\n<p><\/p>\n<p><b>3.Kas ma saan alla laadida CAD l\u00f5igud elektroforeesi mattkuldsete alumiiniumprofiilide jaoks?<\/b><\/p>\n<p>Jah, paljud tarnijad pakuvad CAD-allalaadimisi t\u00e4pseks projekteerimiseks ja integreerimiseks arhitektuuri- ja ehitusprojektidesse.\n<\/p>\n<p><\/p>\n<p><b>4.Milline on t\u00fc\u00fcpiline hind tonni kohta elektroforeesi mattkuldsete alumiiniumprofiilide puhul?<\/b><\/p>\n<p>Hinnad varieeruvad s\u00f5ltuvalt tarnijast ja turutingimustest, kuid on t\u00e4nu t\u00f5husale tootmisele ja materjalide hankimisele konkurentsiv\u00f5imelised, pakkudes kuluefektiivseid lahendusi suurte projektide jaoks.\n<\/p>\n<p><\/p>\n<p><b>5.Kuidas parandab elektroforeesiga katmine mattkullast alumiiniumprofiili?<\/b><\/p>\n<p>Elektroforeesiga kaetud pind tagab \u00fchtlase katvuse, tugeva haardumise ja pikaajalise vastupidavuse, v\u00e4ltides koorumist ja tuhmumist v\u00e4liskasutuses.\n<\/p>\n<p><\/p>\n<p><b>6.Kas elektroforeesi mattkuldsed alumiiniumprofiilid sobivad v\u00e4litingimustes kasutamiseks?<\/b><\/p>\n<p>Jah, nende korrosioonikindlus ja UV-kaitse muudavad need ideaalseks karmidele ilmastikutingimustele avatud v\u00e4lisakende ja -uste jaoks.\n<\/p>\n<p><\/p>\n<p><b>7.Kuidas on elektroforeeritud mattkuldsetest alumiiniumprofiilidest kasu akna- ja uksekonstruktsioonile?<\/b><\/p>\n<p>Need parandavad konstruktsiooni terviklikkust, v\u00e4hendavad hooldust ja lisavad esmaklassilist esteetikat, mis suurendab hoone v\u00e4\u00e4rtust.\n<\/p>\n<p><\/p>\n<p><b>8.Kust ma leian t\u00e4pseid CAD-faile elektroforeesi mattkuldsete alumiiniumprofiilide jaoks?<\/b><\/p>\n<p>CAD-failid on tavaliselt saadaval tootjate veebisaitidel v\u00f5i tarnijate taotlusel, et aidata arhitektidel ja inseneridel projekti planeerimisel.\n<\/p>\n<p><\/p>\n<p><b>9.Kuidas m\u00f5jutab tonnihind elektroforeesi mattkuldsete alumiiniumprofiilide ostmist?<\/b><\/p>\n<p>Tonnihinna m\u00f5istmine aitab ostjatel t\u00f5husalt eelarvet koostada, pidada l\u00e4bir\u00e4\u00e4kimisi paremate pakkumiste \u00fcle ning kavandada akende ja uste projektide materjalin\u00f5udeid.\n<\/p>\n<p><\/p>\n<p><b>10.Millised t\u00f6\u00f6stusharud kasutavad elektroforeesi mattkuldseid alumiiniumprofiile?<\/b><\/p>\n<p>Arhitektuurne ehitus, elamute ja \u00e4ritegevuse akende ja uste tootmine ning sisekujundust\u00f6\u00f6stus kasutavad neid ekstrusioone tavaliselt nende vastupidavuse ja elegantse viimistluse t\u00f5ttu.\n<\/p>\n<p><\/p>","protected":false},"featured_media":6521,"template":"","categories":[62],"class_list":["post-6522","product","type-product","status-publish","has-post-thumbnail","hentry","category-electrophoresis-aluminum-profile"],"meta_box":{"hilight_text_group":{"product_hilight_text":"<li>Matte gold electrophoresis finish offers elegant appearance and corrosion resistance<\/li>\r\r\n<li>High-quality aluminum extrusions tailored for windows and doors construction<\/li>\r\r\n<li>Accurate CAD files available for precise design and integration<\/li>\r\r\n<li>Competitive price per ton with reliable bulk supply<\/li>\r\r\n<li>Supports custom profiles and fast delivery for large-scale projects<\/li>","product_chanpin_blog":"<ul>\r\r\n<li><a href=\"https:\/\/sinoextrud.com\/t-slot-v-slot-differences\/\" target=\"_blank\">t slot vs v slot<\/a><\/li>\r\r\n<li><a href=\"https:\/\/sinoextrud.com\/what-is-4040-aluminium-extrud\/\" target=\"_blank\">4040 aluminium extrusion<\/a><\/li>\r\r\n<li><a href=\"https:\/\/sinoextrud.com\/what-is-4040-aluminium-extrud\/\" target=\"_blank\">aluminum extrusions for industrial racks<\/a><\/li>\r\r\n<li><a href=\"https:\/\/sinoextrud.com\/powder-coating-aluminium-process\/\" target=\"_blank\">powder coating aluminium<\/a><\/li>\r\r\n<li><a href=\"https:\/\/sinoextrud.com\/what-is-an-aluminium-strip-ceiling\/\" target=\"_blank\">aluminium strip ceiling<\/a><\/li>\r\r\n<li><a href=\"https:\/\/sinoextrud.com\/what-is-a-heat-sink\/\" target=\"_blank\">what is a heat sink<\/a><\/li>\r\r\n<\/ul>","product_chanpin_chanpin":"<li><a href=\"https:\/\/sinoextrud.com\/product\/electrophoresis-surface-aluminum-profiles\/\" target=\"_blank\">Electrophoresis Surface Aluminum Profiles<\/a><\/li>\r\n<li><a href=\"https:\/\/sinoextrud.com\/product\/golden-electrophoresis-aluminum-profile\/\" target=\"_blank\">Golden Electrophoresis Aluminum Profile<\/a><\/li>\r\n<li><a href=\"https:\/\/sinoextrud.com\/product\/aluminum-profile-with-pvdf-coating\/\" target=\"_blank\">Aluminum Profile With PVDF Coating<\/a><\/li>\r\n<li><a href=\"https:\/\/sinoextrud.com\/product\/electrophoresis-aluminum-profile-wood-grain\/\" target=\"_blank\">Electrophoresis Aluminum Profile Wood Grain<\/a><\/li>\r\n<li><a href=\"https:\/\/sinoextrud.com\/product\/elictrophoresis-matte-gold-aluminium-profile-cad\/\" target=\"_blank\">Elictrophoresis matte gold aluminium profile cad download section price per ton extrusions for windows and doors construction<\/a><\/li>\r\n<li><a href=\"https:\/\/sinoextrud.com\/product\/electrophoretic-wood-surface-aluminum-square-pipe\/\" target=\"_blank\">Electrophoretic wood surface-aluminum Square Pipe<\/a><\/li>\r\n<li><a href=\"https:\/\/sinoextrud.com\/product\/aluminum-square-tube-in-wooden-grain\/\" target=\"_blank\">Aluminum Square Tube In Wooden Grain<\/a><\/li>\r\n<li><a href=\"https:\/\/sinoextrud.com\/product\/alu-squ-tube-in-wood-grain-painting\/\" target=\"_blank\">Alu squ tube In Wood Grain Painting<\/a><\/li>\r\n<li><a href=\"https:\/\/sinoextrud.com\/product\/aluminium-extrusion-press-line-profile-wooden-grained-coating-color-oem\/\" target=\"_blank\">Aluminium Extrusion Press Line profile wooden grained coating color OEM for Door Curtain Wall Ceiling<\/a><\/li>\r\n<li><a href=\"https:\/\/sinoextrud.com\/product\/aluminium-6063\/\" target=\"_blank\">Aluminium 6063<\/a><\/li>\r\n<li><a href=\"https:\/\/sinoextrud.com\/product\/aluminum-alloy-profile\/\" target=\"_blank\">Aluminum Alloy Profile<\/a><\/li>"},"feature_list":[]},"_links":{"self":[{"href":"https:\/\/sinoextrud.com\/et\/wp-json\/wp\/v2\/product\/6522","targetHints":{"allow":["GET"]}}],"collection":[{"href":"https:\/\/sinoextrud.com\/et\/wp-json\/wp\/v2\/product"}],"about":[{"href":"https:\/\/sinoextrud.com\/et\/wp-json\/wp\/v2\/types\/product"}],"wp:featuredmedia":[{"embeddable":true,"href":"https:\/\/sinoextrud.com\/et\/wp-json\/wp\/v2\/media\/6521"}],"wp:attachment":[{"href":"https:\/\/sinoextrud.com\/et\/wp-json\/wp\/v2\/media?parent=6522"}],"wp:term":[{"taxonomy":"category","embeddable":true,"href":"https:\/\/sinoextrud.com\/et\/wp-json\/wp\/v2\/categories?post=6522"}],"curies":[{"name":"wp","href":"https:\/\/api.w.org\/{rel}","templated":true}]}}