{"id":6516,"date":"2025-05-29T06:28:30","date_gmt":"2025-05-29T06:28:30","guid":{"rendered":"https:\/\/sinoextrud.com\/product\/golden-electrophoresis-aluminum-profile\/"},"modified":"2025-06-24T06:11:04","modified_gmt":"2025-06-24T06:11:04","slug":"kuldne-elektroforeesi-alumiiniumprofiil","status":"publish","type":"product","link":"https:\/\/sinoextrud.com\/et\/product\/golden-electrophoresis-aluminum-profile\/","title":{"rendered":"Kuldne elektroforeesi alumiiniumprofiil"},"content":{"rendered":"<h2>Toodete \u00fcksikasjad<\/h2>\n<table class=\"custom-table\">\n<tr>\n<td class=\"label\">Punkti<\/td>\n<td>Kuldne elektroforeesi alumiiniumprofiil<\/td>\n<\/tr>\n<tr>\n<td class=\"label\">Materjal<\/td>\n<td>6000-seeria alumiinium<\/td>\n<\/tr>\n<tr>\n<td class=\"label\">Temper<\/td>\n<td>T4, T5, T6<\/td>\n<\/tr>\n<tr>\n<td class=\"label\">Suurus \/ paksus<\/td>\n<td>\u00dcldine profiilide paksus: 0,8-5,0 mm, pikkus: 3m-6m;<br \/>Anodeeritud kaitsekile paksus: 8~25 um, pulberv\u00e4rvimine: 40 ~ 120 um.<\/td>\n<\/tr>\n<tr>\n<td class=\"label\">Kuju<\/td>\n<td>kohandatud<\/td>\n<\/tr>\n<tr>\n<td class=\"label\">Taotlus<\/td>\n<td>M\u00f6\u00f6bel, aknad ja uksed, dekoratsioonid, t\u00f6\u00f6stus, ehitus jne.<\/td>\n<\/tr>\n<tr>\n<td class=\"label\">Pinnat\u00f6\u00f6tlus<\/td>\n<td>Veski, pulberv\u00e4rvimine, anodeeritud, PVDF, puidumass, poleeritud, harjatud jne.<\/td>\n<\/tr>\n<tr>\n<td class=\"label\">V\u00e4rvid<\/td>\n<td>Ref pulberv\u00e4rvi leht ja kohandatud v\u00e4rvi saadaval<\/td>\n<\/tr>\n<tr>\n<td class=\"label\">S\u00fcgav protsess<\/td>\n<td>CNC, puurimine, freesimine, l\u00f5ikamine, keevitamine, painutamine, kokkupanek<\/td>\n<\/tr>\n<tr>\n<td class=\"label\">MOQ<\/td>\n<td>200 kg iga artikli kohta<\/td>\n<\/tr>\n<tr>\n<td class=\"label\">PackingDetails<\/td>\n<td>(1) Sees: pakitud plastist kaitsekilega, mis kaitseb iga t\u00fckki.<\/td>\n<\/tr>\n<tr>\n<td class=\"label\"><\/td>\n<td>(2) V\u00e4ljaspool: M\u00e4hkida kimbud veekindla k\u00e4sit\u00f6\u00f6paberi abil.<\/td>\n<\/tr>\n<tr>\n<td class=\"label\">Deliverytime<\/td>\n<td>(1) DieDevelopingandSampletesting:12-18 p\u00e4eva.<\/td>\n<\/tr>\n<tr>\n<td class=\"label\"><\/td>\n<td>(2) Massitootmine l\u00f5petatud: 20-30 p\u00e4eva p\u00e4rast seda, kui ostja on n\u00e4idise kinnitanud.<\/td>\n<\/tr>\n<tr>\n<td class=\"label\">FOB sadam<\/td>\n<td>FOB SHENZHEN \/ GUANGZHOU \/ FOSHAN<\/td>\n<\/tr>\n<tr>\n<td class=\"label\">maksetingimused<\/td>\n<td>T\/T 30% hoiuse eest, saldo enne saatmist.<\/td>\n<\/tr>\n<tr>\n<td class=\"label\">settlementterm<\/td>\n<td>Tasu l\u00f5pliku tegeliku kaalu v\u00f5i teoreetilise kaalu alusel.<\/td>\n<\/tr>\n<tr>\n<td class=\"label\">tootmisv\u00f5imsus<\/td>\n<td>5000 tonni kuus, 60000 tonni aastas.<\/td>\n<\/tr>\n<tr>\n<td class=\"label\">Sertifikaat ja standard<\/td>\n<td>CQM, SGS, CE, BV, SONCAP \/ GB, ISO, JIS, AS, NZS, QUALICOAT, QUOLANOD saadaval.<\/td>\n<\/tr>\n<\/table>\n<h2>Meie tootmisbaas<\/h2>\n<h3>Tehase panoraam<\/h3>\n<p><img decoding=\"async\" src=\"\/wp-content\/uploads\/factory-01.webp\"\/><\/p>\n<h3>Alumiiniumvarraste tootmise t\u00f6\u00f6koda<\/h3>\n<p><img decoding=\"async\" src=\"\/wp-content\/uploads\/factory-02.webp\"\/><\/p>\n<\/p>\n<p><img decoding=\"async\" src=\"\/wp-content\/uploads\/factory-03.webp\"\/><\/p>\n<h3>hallituse ladustamise ladu<\/h3>\n<p><img decoding=\"async\" src=\"\/wp-content\/uploads\/factory-04.webp\"\/><\/p>\n<h3>43 alumiiniumi ekstrusiooniliini (500-5500 tonni)<\/h3>\n<p><img decoding=\"async\" src=\"\/wp-content\/uploads\/factory-05.webp\"\/><\/p>\n<p><img decoding=\"async\" src=\"\/wp-content\/uploads\/factory-06.webp\"\/><\/p>\n<p><img decoding=\"async\" src=\"\/wp-content\/uploads\/factory-07.webp\"\/><\/p>\n<h3>Pulberv\u00e4rvimise t\u00f6\u00f6koda<\/h3>\n<p><img decoding=\"async\" src=\"\/wp-content\/uploads\/factory-09.webp\"\/><\/p>\n<h3>Anodiseerimise t\u00f6\u00f6koda<\/h3>\n<p><img decoding=\"async\" src=\"\/wp-content\/uploads\/factory-10.webp\"\/><\/p>\n<h3>S\u00fcgavt\u00f6\u00f6tlemise t\u00f6\u00f6tuba<\/h3>\n<p><img decoding=\"async\" src=\"\/wp-content\/uploads\/factory-11.webp\"\/><\/p>\n<h3>CNC-t\u00e4ppist\u00f6\u00f6tlemise t\u00f6\u00f6koda<\/h3>\n<p><img decoding=\"async\" src=\"\/wp-content\/uploads\/factory-11.5.webp\"\/><\/p>\n<h3>Valmistoodete ja ekspordi ladu<\/h3>\n<p><img decoding=\"async\" src=\"\/wp-content\/uploads\/factory-12.webp\"\/><\/p>\n<p><img decoding=\"async\" src=\"\/wp-content\/uploads\/factory-13.webp\"\/><\/p>\n<p><img decoding=\"async\" src=\"\/wp-content\/uploads\/factory-14.webp\"\/><\/p>\n<h2>KKK<\/h2>\n<p><b>1.Mis on kuldne elektroforeesi alumiiniumprofiil?<\/b><\/p>\n<p>Kuldne elektroforeesiga alumiiniumprofiil on alumiiniumist pressprofiil, mis on kaetud kuldse v\u00e4rvusega elektroforeesiga, mis pakub t\u00e4iustatud korrosioonikindlust ja luksuslikku v\u00e4limust.\n<\/p>\n<p><\/p>\n<p><b>2.Millised on kuldse elektroforeesi alumiiniumprofiili peamised eelised?<\/b><\/p>\n<p>Need pakuvad suurep\u00e4rast korrosioonikindlust, \u00fchtlast katet, tugevat haardumist, UV-kaitset ja atraktiivset kuldset viimistlust, mis kestab aastaid.\n<\/p>\n<p><\/p>\n<p><b>3.Miks valida alumiiniumprofiilide elektroforeesiga katmine?<\/b><\/p>\n<p>Elektroforeesikate tagab keeruliste kujude \u00fchtlase katvuse, parema vastupidavuse ning vastupidavuse koorumisele ja pleekimisele v\u00f5rreldes traditsiooniliste katetega.\n<\/p>\n<p><\/p>\n<p><b>4.Kas kuldne elektroforeesi alumiiniumprofiil saab kohandada?<\/b><\/p>\n<p>Jah, neid profiile saab kohandada kuju, suuruse, sulami t\u00fc\u00fcbi ja elektroforeetilise v\u00e4rvi intensiivsuse poolest, et vastata konkreetsetele disaini- ja funktsionaalsetele n\u00f5uetele.\n<\/p>\n<p><\/p>\n<p><b>5.Kuidas parandab kuldne elektroforeesiviimistlus alumiiniumprofiili j\u00f5udlust?<\/b><\/p>\n<p>Viimistlus moodustab kaitsva kihi, mis kaitseb oks\u00fcdeerumise, kriimustuste ja keskkonnakahjustuste eest, s\u00e4ilitades samas esteetilise v\u00e4limuse.\n<\/p>\n<p><\/p>\n<p><b>6.Kas kuldsed elektroforeesiga alumiiniumprofiilid sobivad v\u00e4litingimustes kasutamiseks?<\/b><\/p>\n<p>Jah, elektroforeetiline kate tagab suurep\u00e4rase ilmastikukindluse, UV-stabiilsuse ja korrosioonikaitse v\u00e4lisrakendustes.\n<\/p>\n<p><\/p>\n<p><b>7.Millised t\u00f6\u00f6stusharud kasutavad tavaliselt kuldset elektroforeesi alumiiniumprofiili?<\/b><\/p>\n<p>Arhitektuuri-, sisekujundus-, auto- ja elektroonikat\u00f6\u00f6stus kasutab neid profiile nende vastupidavuse ja elegantse kuldse v\u00e4limuse kombinatsiooni t\u00f5ttu.\n<\/p>\n<p><\/p>\n<p><b>8.Kuidas toetab kuldne elektroforeesiga alumiiniumprofiil s\u00e4\u00e4stvat tootmist?<\/b><\/p>\n<p>Elektroforeetiline protsess on keskkonnas\u00f5bralik ja v\u00e4hese heitega ning alumiinium on t\u00e4ielikult taaskasutatav, mis soodustab s\u00e4\u00e4stvat tootmist ja v\u00e4hendab keskkonnam\u00f5ju.\n<\/p>\n<p><\/p>","protected":false},"featured_media":6515,"template":"","categories":[62],"class_list":["post-6516","product","type-product","status-publish","has-post-thumbnail","hentry","category-electrophoresis-aluminum-profile"],"meta_box":{"hilight_text_group":{"product_hilight_text":"<li>Elegant golden electrophoresis finish enhances visual appeal and luxury<\/li>\r\r\n<li>Provides excellent corrosion resistance and surface durability<\/li>\r\r\n<li>High-quality aluminum profile with precise extrusion dimensions<\/li>\r\r\n<li>Ideal for premium architectural and decorative applications<\/li>\r\r\n<li>Supports custom sizes and bulk orders with consistent quality<\/li>","product_chanpin_blog":"<ul>\r\r\n<li><a href=\"https:\/\/sinoextrud.com\/t-slot-v-slot-differences\/\" target=\"_blank\">t slot vs v slot<\/a><\/li>\r\r\n<li><a href=\"https:\/\/sinoextrud.com\/what-is-4040-aluminium-extrud\/\" target=\"_blank\">4040 aluminium extrusion<\/a><\/li>\r\r\n<li><a href=\"https:\/\/sinoextrud.com\/what-is-4040-aluminium-extrud\/\" target=\"_blank\">aluminum extrusions for industrial racks<\/a><\/li>\r\r\n<li><a href=\"https:\/\/sinoextrud.com\/powder-coating-aluminium-process\/\" target=\"_blank\">powder coating aluminium<\/a><\/li>\r\r\n<li><a href=\"https:\/\/sinoextrud.com\/what-is-an-aluminium-strip-ceiling\/\" target=\"_blank\">aluminium strip ceiling<\/a><\/li>\r\r\n<li><a href=\"https:\/\/sinoextrud.com\/what-is-a-heat-sink\/\" target=\"_blank\">what is a heat sink<\/a><\/li>\r\r\n<\/ul>","product_chanpin_chanpin":"<li><a href=\"https:\/\/sinoextrud.com\/product\/aluminium-6063\/\" target=\"_blank\">Aluminium 6063<\/a><\/li>\r\n<li><a href=\"https:\/\/sinoextrud.com\/product\/extrusion-aluminum-profile-for-powder-coating-window-and-door-alloy-6063\/\" target=\"_blank\">Extrusion Aluminum Profile For Powder Coating Window and Door Alloy 6063<\/a><\/li>\r\n<li><a href=\"https:\/\/sinoextrud.com\/product\/electrophoretic-grain-square-tube-rosewood\/\" target=\"_blank\">Electrophoretic Grain Square Tube Rosewood<\/a><\/li>\r\n<li><a href=\"https:\/\/sinoextrud.com\/product\/electrophoresis-surface-aluminum-profiles\/\" target=\"_blank\">Electrophoresis Surface Aluminum Profiles<\/a><\/li>\r\n<li><a href=\"https:\/\/sinoextrud.com\/product\/golden-electrophoresis-aluminum-profile\/\" target=\"_blank\">Golden Electrophoresis Aluminum Profile<\/a><\/li>\r\n<li><a href=\"https:\/\/sinoextrud.com\/product\/aluminum-profile-with-pvdf-coating\/\" target=\"_blank\">Aluminum Profile With PVDF Coating<\/a><\/li>\r\n<li><a href=\"https:\/\/sinoextrud.com\/product\/electrophoresis-aluminum-profile-wood-grain\/\" target=\"_blank\">Electrophoresis Aluminum Profile Wood Grain<\/a><\/li>\r\n<li><a href=\"https:\/\/sinoextrud.com\/product\/elictrophoresis-matte-gold-aluminium-profile-cad\/\" target=\"_blank\">Elictrophoresis matte gold aluminium profile cad download section price per ton extrusions for windows and doors construction<\/a><\/li>\r\n<li><a href=\"https:\/\/sinoextrud.com\/product\/electrophoretic-wood-surface-aluminum-square-pipe\/\" target=\"_blank\">Electrophoretic wood surface-aluminum Square Pipe<\/a><\/li>\r\n<li><a href=\"https:\/\/sinoextrud.com\/product\/extrude-6000-series-aluminium-bar\/\" target=\"_blank\">Extrude 6000 Series Aluminium bar<\/a><\/li>\r\n<li><a href=\"https:\/\/sinoextrud.com\/product\/cnc-machining-aluminum-signal-plate\/\" target=\"_blank\">CNC Machining Aluminum Signal Plate<\/a><\/li>"},"feature_list":[]},"_links":{"self":[{"href":"https:\/\/sinoextrud.com\/et\/wp-json\/wp\/v2\/product\/6516","targetHints":{"allow":["GET"]}}],"collection":[{"href":"https:\/\/sinoextrud.com\/et\/wp-json\/wp\/v2\/product"}],"about":[{"href":"https:\/\/sinoextrud.com\/et\/wp-json\/wp\/v2\/types\/product"}],"wp:featuredmedia":[{"embeddable":true,"href":"https:\/\/sinoextrud.com\/et\/wp-json\/wp\/v2\/media\/6515"}],"wp:attachment":[{"href":"https:\/\/sinoextrud.com\/et\/wp-json\/wp\/v2\/media?parent=6516"}],"wp:term":[{"taxonomy":"category","embeddable":true,"href":"https:\/\/sinoextrud.com\/et\/wp-json\/wp\/v2\/categories?post=6516"}],"curies":[{"name":"wp","href":"https:\/\/api.w.org\/{rel}","templated":true}]}}