{"id":6514,"date":"2025-05-29T04:00:39","date_gmt":"2025-05-29T04:00:39","guid":{"rendered":"https:\/\/sinoextrud.com\/product\/electrophoresis-surface-aluminum-profiles\/"},"modified":"2025-06-24T06:11:03","modified_gmt":"2025-06-24T06:11:03","slug":"elektroforeesi-pinnal-alumiiniumprofiilid","status":"publish","type":"product","link":"https:\/\/sinoextrud.com\/et\/product\/electrophoresis-surface-aluminum-profiles\/","title":{"rendered":"Elektroforeesi pinnal alumiiniumprofiilid"},"content":{"rendered":"<h2>Toodete \u00fcksikasjad<\/h2>\n<table class=\"custom-table\">\n<tr>\n<td class=\"label\">Mudel nr.:<\/td>\n<td>6000-seeria<\/td>\n<\/tr>\n<tr>\n<td class=\"label\">Pinna viimistlemine:<\/td>\n<td>Puidutera, kohandatud<\/td>\n<\/tr>\n<tr>\n<td class=\"label\">Legeeriv koostisosa:<\/td>\n<td>6063<\/td>\n<\/tr>\n<tr>\n<td class=\"label\">Sertifitseerimine:<\/td>\n<td>CE, SGS, ISO, CIQ, ROHS, TUV<\/td>\n<\/tr>\n<tr>\n<td class=\"label\">Br\u00e4ndi:<\/td>\n<td>Sinoextrud<\/td>\n<\/tr>\n<tr>\n<td class=\"label\">Materjal:<\/td>\n<td>6063-T5, 6061-T6, 6082<\/td>\n<\/tr>\n<tr>\n<td class=\"label\">Pinnat\u00f6\u00f6tlus:<\/td>\n<td>Elektroforees<\/td>\n<\/tr>\n<tr>\n<td class=\"label\">S\u00fcgav protsess:<\/td>\n<td>CNC, puurimine, keermestamine, augustamine, l\u00f5ikamine, painutamine<\/td>\n<\/tr>\n<tr>\n<td class=\"label\">V\u00e4rv:<\/td>\n<td>puidutera (saadaval on erinevad v\u00e4rvid)<\/td>\n<\/tr>\n<tr>\n<td class=\"label\">N\u00e4ide:<\/td>\n<td>saadaval<\/td>\n<\/tr>\n<tr>\n<td class=\"label\">Toode:<\/td>\n<td>Alumiiniumprofiil<\/td>\n<\/tr>\n<tr>\n<td class=\"label\">Laadimissadam:<\/td>\n<td>Foshan, Guangdong, Hiina<\/td>\n<\/tr>\n<tr>\n<td class=\"label\">Maksmine:<\/td>\n<td>T \/ T 30% deposiidiks, saldo enne tarnimist<\/td>\n<\/tr>\n<tr>\n<td class=\"label\">P\u00e4ritolu:<\/td>\n<td>Hiina<\/td>\n<\/tr>\n<tr>\n<td class=\"label\">HS-kood:<\/td>\n<td>7604210000<\/td>\n<\/tr>\n<\/table>\n<h2>Meie tootmisbaas<\/h2>\n<h3>Tehase panoraam<\/h3>\n<p><img decoding=\"async\" src=\"\/wp-content\/uploads\/factory-01.webp\"\/><\/p>\n<h3>Alumiiniumvarraste tootmise t\u00f6\u00f6koda<\/h3>\n<p><img decoding=\"async\" src=\"\/wp-content\/uploads\/factory-02.webp\"\/><\/p>\n<\/p>\n<p><img decoding=\"async\" src=\"\/wp-content\/uploads\/factory-03.webp\"\/><\/p>\n<h3>hallituse ladustamise ladu<\/h3>\n<p><img decoding=\"async\" src=\"\/wp-content\/uploads\/factory-04.webp\"\/><\/p>\n<h3>43 alumiiniumi ekstrusiooniliini (500-5500 tonni)<\/h3>\n<p><img decoding=\"async\" src=\"\/wp-content\/uploads\/factory-05.webp\"\/><\/p>\n<p><img decoding=\"async\" src=\"\/wp-content\/uploads\/factory-06.webp\"\/><\/p>\n<p><img decoding=\"async\" src=\"\/wp-content\/uploads\/factory-07.webp\"\/><\/p>\n<h3>Pulberv\u00e4rvimise t\u00f6\u00f6koda<\/h3>\n<p><img decoding=\"async\" src=\"\/wp-content\/uploads\/factory-09.webp\"\/><\/p>\n<h3>Anodiseerimise t\u00f6\u00f6koda<\/h3>\n<p><img decoding=\"async\" src=\"\/wp-content\/uploads\/factory-10.webp\"\/><\/p>\n<h3>S\u00fcgavt\u00f6\u00f6tlemise t\u00f6\u00f6tuba<\/h3>\n<p><img decoding=\"async\" src=\"\/wp-content\/uploads\/factory-11.webp\"\/><\/p>\n<h3>CNC-t\u00e4ppist\u00f6\u00f6tlemise t\u00f6\u00f6koda<\/h3>\n<p><img decoding=\"async\" src=\"\/wp-content\/uploads\/factory-11.5.webp\"\/><\/p>\n<h3>Valmistoodete ja ekspordi ladu<\/h3>\n<p><img decoding=\"async\" src=\"\/wp-content\/uploads\/factory-12.webp\"\/><\/p>\n<p><img decoding=\"async\" src=\"\/wp-content\/uploads\/factory-13.webp\"\/><\/p>\n<p><img decoding=\"async\" src=\"\/wp-content\/uploads\/factory-14.webp\"\/><\/p>\n<h2>KKK<\/h2>\n<p><b>1.Mis on elektroforeesi pinnal alumiiniumprofiilid?<\/b><\/p>\n<p>Elektroforeesiga pinnatud alumiiniumprofiilid on alumiiniumprofiilid, mida on t\u00f6\u00f6deldud elektroforeesiga, mis annab \u00fchtlase, vastupidava ja korrosioonikindla pinna.\n<\/p>\n<p><\/p>\n<p><b>2.Millised on elektroforeesipinna alumiiniumprofiilide peamised eelised?<\/b><\/p>\n<p>Need pakuvad suurep\u00e4rast korrosioonikindlust, \u00fchtlast kattekihi paksust, tugevat nakkuvust ja t\u00e4iustatud pinnaviimistlust, mis sobib keeruliste kujude ja keeruliste profiilide jaoks.\n<\/p>\n<p><\/p>\n<p><b>3.Miks valida elektroforeesiga katmine traditsiooniliste viimistlusmeetodite asemel?<\/b><\/p>\n<p>Elektroforeesiga katmine tagab \u00fchtlase katvuse k\u00f5ikidel pindadel, sealhulgas s\u00fcvendite ja servade puhul, v\u00e4hendab defekte ja pakub paremat korrosioonikaitset kui pulberv\u00e4rvimine v\u00f5i anodeerimine.\n<\/p>\n<p><\/p>\n<p><b>4.Kas elektroforeesi pinna alumiiniumprofiile saab kohandada?<\/b><\/p>\n<p>Jah, neid profiile saab kohandada sulami klassi, suuruse, kuju ja elektroforeetilise katte v\u00e4rvi j\u00e4rgi, et vastata konkreetsetele rakendus- ja disainivajadustele.\n<\/p>\n<p><\/p>\n<p><b>5.Kuidas parandab elektroforeesit\u00f6\u00f6tlus alumiiniumprofiili vastupidavust?<\/b><\/p>\n<p>Elektroforeetiline kate moodustab tihedalt seotud kaitsekile, mis on vastupidav roostele, UV-kahjustustele, keemilisele kokkupuutele ja mehaanilisele kulumisele.\n<\/p>\n<p><\/p>\n<p><b>6.Kas elektroforeesipinna alumiiniumprofiilid sobivad v\u00e4litingimustes kasutamiseks?<\/b><\/p>\n<p>Jah, need on suurep\u00e4rase vastupidavusega ilmastiku, niiskuse ja keskkonnasaasteainete suhtes, mist\u00f5ttu sobivad need ideaalselt v\u00e4lisarhitektuuris ja t\u00f6\u00f6stuses kasutamiseks.\n<\/p>\n<p><\/p>\n<p><b>7.Millised t\u00f6\u00f6stusharud saavad k\u00f5ige rohkem kasu elektroforeesi pinnal alumiiniumprofiilidest?<\/b><\/p>\n<p>Ehitus-, auto-, elektroonika- ja m\u00f6\u00f6blit\u00f6\u00f6stus kasutab neid profiile nende vastupidavuse, p\u00fcsiva viimistluse ja korrosioonikindluse t\u00f5ttu.\n<\/p>\n<p><\/p>\n<p><b>8.Kuidas toetab elektroforeesipinna alumiiniumprofiilide j\u00e4tkusuutlikku tootmist?<\/b><\/p>\n<p>Elektroforeetiline protsess on keskkonnas\u00f5bralik ja madala LO\u00dc-heitega ning alumiinium on t\u00e4ielikult taaskasutatav, mis soodustab keskkonnas\u00f5bralikke tootmisviise.\n<\/p>\n<p><\/p>","protected":false},"featured_media":6513,"template":"","categories":[62],"class_list":["post-6514","product","type-product","status-publish","has-post-thumbnail","hentry","category-electrophoresis-aluminum-profile"],"meta_box":{"hilight_text_group":{"product_hilight_text":"<li>Electrophoresis surface treatment offers superior corrosion resistance<\/li>\r\r\n<li>Provides smooth, uniform coating with enhanced adhesion<\/li>\r\r\n<li>Improves durability and aesthetic appeal of aluminum profiles<\/li>\r\r\n<li>Suitable for architectural, automotive, and industrial applications<\/li>\r\r\n<li>Supports custom sizes, shapes, and bulk order fulfillment<\/li>","product_chanpin_blog":"<ul>\r\r\n<li><a href=\"https:\/\/sinoextrud.com\/t-slot-v-slot-differences\/\" target=\"_blank\">t slot vs v slot<\/a><\/li>\r\r\n<li><a href=\"https:\/\/sinoextrud.com\/what-is-4040-aluminium-extrud\/\" target=\"_blank\">4040 aluminium extrusion<\/a><\/li>\r\r\n<li><a href=\"https:\/\/sinoextrud.com\/what-is-4040-aluminium-extrud\/\" target=\"_blank\">aluminum extrusions for industrial racks<\/a><\/li>\r\r\n<li><a href=\"https:\/\/sinoextrud.com\/powder-coating-aluminium-process\/\" target=\"_blank\">powder coating aluminium<\/a><\/li>\r\r\n<li><a href=\"https:\/\/sinoextrud.com\/what-is-an-aluminium-strip-ceiling\/\" target=\"_blank\">aluminium strip ceiling<\/a><\/li>\r\r\n<li><a href=\"https:\/\/sinoextrud.com\/what-is-a-heat-sink\/\" target=\"_blank\">what is a heat sink<\/a><\/li>\r\r\n<\/ul>","product_chanpin_chanpin":"<li><a href=\"https:\/\/sinoextrud.com\/product\/customized-powder-coated-tube-decorative-anodized-aluminum-louver-fence-panel-for-modern-garden\/\" target=\"_blank\">Customized Powder Coated Tube Decorative Anodized Aluminum Louver Fence Panel For Modern Garden<\/a><\/li>\r\n<li><a href=\"https:\/\/sinoextrud.com\/product\/aluminium-6063\/\" target=\"_blank\">Aluminium 6063<\/a><\/li>\r\n<li><a href=\"https:\/\/sinoextrud.com\/product\/extrusion-aluminum-profile-for-powder-coating-window-and-door-alloy-6063\/\" target=\"_blank\">Extrusion Aluminum Profile For Powder Coating Window and Door Alloy 6063<\/a><\/li>\r\n<li><a href=\"https:\/\/sinoextrud.com\/product\/electrophoretic-grain-square-tube-rosewood\/\" target=\"_blank\">Electrophoretic Grain Square Tube Rosewood<\/a><\/li>\r\n<li><a href=\"https:\/\/sinoextrud.com\/product\/electrophoresis-surface-aluminum-profiles\/\" target=\"_blank\">Electrophoresis Surface Aluminum Profiles<\/a><\/li>\r\n<li><a href=\"https:\/\/sinoextrud.com\/product\/golden-electrophoresis-aluminum-profile\/\" target=\"_blank\">Golden Electrophoresis Aluminum Profile<\/a><\/li>\r\n<li><a href=\"https:\/\/sinoextrud.com\/product\/aluminum-profile-with-pvdf-coating\/\" target=\"_blank\">Aluminum Profile With PVDF Coating<\/a><\/li>\r\n<li><a href=\"https:\/\/sinoextrud.com\/product\/electrophoresis-aluminum-profile-wood-grain\/\" target=\"_blank\">Electrophoresis Aluminum Profile Wood Grain<\/a><\/li>\r\n<li><a href=\"https:\/\/sinoextrud.com\/product\/elictrophoresis-matte-gold-aluminium-profile-cad\/\" target=\"_blank\">Elictrophoresis matte gold aluminium profile cad download section price per ton extrusions for windows and doors construction<\/a><\/li>\r\n<li><a href=\"https:\/\/sinoextrud.com\/product\/aluminium-extrusion-c-beam\/\" target=\"_blank\">Aluminium Extrusion C Beam<\/a><\/li>\r\n<li><a href=\"https:\/\/sinoextrud.com\/product\/wood-grain-false-ceiling-aluminium-profiles\/\" target=\"_blank\">Wood Grain False Ceiling Aluminium Profiles<\/a><\/li>"},"feature_list":[]},"_links":{"self":[{"href":"https:\/\/sinoextrud.com\/et\/wp-json\/wp\/v2\/product\/6514","targetHints":{"allow":["GET"]}}],"collection":[{"href":"https:\/\/sinoextrud.com\/et\/wp-json\/wp\/v2\/product"}],"about":[{"href":"https:\/\/sinoextrud.com\/et\/wp-json\/wp\/v2\/types\/product"}],"wp:featuredmedia":[{"embeddable":true,"href":"https:\/\/sinoextrud.com\/et\/wp-json\/wp\/v2\/media\/6513"}],"wp:attachment":[{"href":"https:\/\/sinoextrud.com\/et\/wp-json\/wp\/v2\/media?parent=6514"}],"wp:term":[{"taxonomy":"category","embeddable":true,"href":"https:\/\/sinoextrud.com\/et\/wp-json\/wp\/v2\/categories?post=6514"}],"curies":[{"name":"wp","href":"https:\/\/api.w.org\/{rel}","templated":true}]}}