{"id":6512,"date":"2025-05-29T03:58:11","date_gmt":"2025-05-29T03:58:11","guid":{"rendered":"https:\/\/sinoextrud.com\/product\/electrophoretic-grain-square-tube-rosewood\/"},"modified":"2025-06-24T06:11:03","modified_gmt":"2025-06-24T06:11:03","slug":"elektroforeetiline-tera-ruudukujuline-toru-roosipuu","status":"publish","type":"product","link":"https:\/\/sinoextrud.com\/et\/product\/electrophoretic-grain-square-tube-rosewood\/","title":{"rendered":"Elektroforeetiline tera Square Tube roosipuu"},"content":{"rendered":"<h2>Toodete \u00fcksikasjad<\/h2>\n<table class=\"custom-table\">\n<tr>\n<td class=\"label\">Mudel nr.:<\/td>\n<td>6000-seeriaelektroforeetiline tera ruudukujuline toru roosipuu<\/td>\n<\/tr>\n<tr>\n<td class=\"label\">Pinna viimistlemine:<\/td>\n<td>Puidutera, kohandatud<\/td>\n<\/tr>\n<tr>\n<td class=\"label\">Legeeriv koostisosa:<\/td>\n<td>6063<\/td>\n<\/tr>\n<tr>\n<td class=\"label\">Sertifitseerimine:<\/td>\n<td>CE, SONCAP, ISO, CIQ, ROHS, TUV, SGS<\/td>\n<\/tr>\n<tr>\n<td class=\"label\">Poleeritud alumiiniumprofiil:<\/td>\n<td>Mehhaaniline poleerimine<\/td>\n<\/tr>\n<tr>\n<td class=\"label\">Materjal:<\/td>\n<td>6063-T5, 6061-T6, 6463-T5, 7075-T6, 6082.<\/td>\n<\/tr>\n<tr>\n<td class=\"label\">Pinnat\u00f6\u00f6tlus:<\/td>\n<td>Elektroforees<\/td>\n<\/tr>\n<tr>\n<td class=\"label\">S\u00fcgav protsess:<\/td>\n<td>CNC, puurimine, keermestamine, augustamine, l\u00f5ikamine, painutamine<\/td>\n<\/tr>\n<tr>\n<td class=\"label\">V\u00e4rv:<\/td>\n<td>puidutera (saadaval on erinevad v\u00e4rvid)<\/td>\n<\/tr>\n<tr>\n<td class=\"label\">Garantii:<\/td>\n<td>10-20 aastat<\/td>\n<\/tr>\n<tr>\n<td class=\"label\">Toode:<\/td>\n<td>Alumiiniumprofiil<\/td>\n<\/tr>\n<tr>\n<td class=\"label\">Laadimissadam:<\/td>\n<td>Foshan, Guangdong, Hiina<\/td>\n<\/tr>\n<tr>\n<td class=\"label\">Maksmine:<\/td>\n<td>T \/ T 30% deposiidiks, saldo enne tarnimist<\/td>\n<\/tr>\n<tr>\n<td class=\"label\">P\u00e4ritolu:<\/td>\n<td>Hiina<\/td>\n<\/tr>\n<tr>\n<td class=\"label\">HS-kood:<\/td>\n<td>7604210000<\/td>\n<\/tr>\n<\/table>\n<h2>Meie tootmisbaas<\/h2>\n<h3>Tehase panoraam<\/h3>\n<p><img decoding=\"async\" src=\"\/wp-content\/uploads\/factory-01.webp\"\/><\/p>\n<h3>Alumiiniumvarraste tootmise t\u00f6\u00f6koda<\/h3>\n<p><img decoding=\"async\" src=\"\/wp-content\/uploads\/factory-02.webp\"\/><\/p>\n<p><img decoding=\"async\" src=\"\/wp-content\/uploads\/factory-03.webp\"\/><\/p>\n<h3>hallituse ladustamise ladu<\/h3>\n<p><img decoding=\"async\" src=\"\/wp-content\/uploads\/factory-04.webp\"\/><\/p>\n<h3>43 alumiiniumi ekstrusiooniliini (500-5500 tonni)<\/h3>\n<p><img decoding=\"async\" src=\"\/wp-content\/uploads\/factory-05.webp\"\/><\/p>\n<p><img decoding=\"async\" src=\"\/wp-content\/uploads\/factory-06.webp\"\/><\/p>\n<p><img decoding=\"async\" src=\"\/wp-content\/uploads\/factory-07.webp\"\/><\/p>\n<h3>Pulberv\u00e4rvimise t\u00f6\u00f6koda<\/h3>\n<p><img decoding=\"async\" src=\"\/wp-content\/uploads\/factory-09.webp\"\/><\/p>\n<h3>Anodiseerimise t\u00f6\u00f6koda<\/h3>\n<p><img decoding=\"async\" src=\"\/wp-content\/uploads\/factory-10.webp\"\/><\/p>\n<h3>S\u00fcgavt\u00f6\u00f6tlemise t\u00f6\u00f6tuba<\/h3>\n<p><img decoding=\"async\" src=\"\/wp-content\/uploads\/factory-11.webp\"\/><\/p>\n<h3>CNC-t\u00e4ppist\u00f6\u00f6tlemise t\u00f6\u00f6koda<\/h3>\n<p><img decoding=\"async\" src=\"\/wp-content\/uploads\/factory-11.5.webp\"\/><\/p>\n<h3>Valmistoodete ja ekspordi ladu<\/h3>\n<p><img decoding=\"async\" src=\"\/wp-content\/uploads\/factory-12.webp\"\/><\/p>\n<p><img decoding=\"async\" src=\"\/wp-content\/uploads\/factory-13.webp\"\/><\/p>\n<p><img decoding=\"async\" src=\"\/wp-content\/uploads\/factory-14.webp\"\/><\/p>\n<h2>KKK<\/h2>\n<p><p><b>1.Milleks kasutatakse elektroforeetilist ruudukujulist roosipuud?<\/b><\/p>\n<p>Elektroforeetilise teraga ruudukujuline roosipuu kasutatakse m\u00f6\u00f6blis, sisekujunduses, aknaraamides ja arhitektuuris oma esteetilise puidulaadse v\u00e4limuse ja vastupidavuse t\u00f5ttu.<br \/>\n<\/p><br \/>\n<br \/>\n<p><b>2.Millised on elektroforeetilise tera ruudukujulise toru roosipuu peamised eelised?<\/b><\/p>\n<p>See pakub suurep\u00e4rast korrosioonikindlust, kriimustuskindlust ning \u00fchtlase v\u00e4rvi ja tekstuuriga naturaalset roosipuidust viimistlust.<br \/>\n<\/p><br \/>\n<br \/>\n<p><b>3.Miks valida elektroforeetiline kate roosipuu tera ruudukujulisele torule?<\/b><\/p>\n<p>Elektroforeetiline kate tagab sileda, \u00fchtlase ja tugeva haardumisega pinna, mis suurendab vastupidavust ja takistab aja jooksul koorumist v\u00f5i tuhmumist.<br \/>\n<\/p><br \/>\n<br \/>\n<p><b>4.Kas elektroforeetiline tera ruudukujuline toru roosipuu saab kohandada?<\/b><\/p>\n<p>Jah, neid torusid saab kohandada suuruse, seinapaksuse, teramustri ja v\u00e4rvi intensiivsuse poolest, et need vastaksid konkreetsetele disainin\u00f5uetele.<br \/>\n<\/p><br \/>\n<br \/>\n<p><b>5.Kuidas parandab elektroforeetiline tera viimistlus kandiliste torude j\u00f5udlust?<\/b><\/p>\n<p>Viimistlus lisab t\u00e4iendava kaitsekihi korrosiooni ja kulumise vastu, s\u00e4ilitades samal ajal naturaalse puidumassi visuaalse atraktiivsuse.<br \/>\n<\/p><br \/>\n<br \/>\n<p><b>6.Kas elektroforeetiline tera ruudukujulised torud roosipuu sobivad v\u00e4litingimustes kasutamiseks?<\/b><\/p>\n<p>Jah, t\u00e4nu korrosioonikindlusele ja UV-kaitsele sobivad need torud ideaalselt v\u00e4lism\u00f6\u00f6bli ja arhitektuurielementide jaoks.<br \/>\n<\/p><br \/>\n<br \/>\n<p><b>7.Kuidas toetab elektroforeetiline ruudukujuline roosipuu j\u00e4tkusuutlikku disaini?<\/b><\/p>\n<p>Alumiiniumsubstraadid on 100% taaskasutatavad ja elektroforeetiline katmisprotsess on keskkonnas\u00f5bralik, mis teeb sellest tootest j\u00e4tkusuutliku alternatiivi ehtsale puidule.<br \/>\n<\/p><br \/>\n<br \/>\n<p><b>8.Millised t\u00f6\u00f6stusharud kasutavad tavaliselt elektroforeetilist tera ruudukujulise toruposeti?<\/b><\/p>\n<p>M\u00f6\u00f6blitootjad, sisekujundajad, ehitusfirmad ja arhitektuurib\u00fcrood kasutavad seda toodet selle ilu, tugevuse ja pikaealisuse kombinatsiooni t\u00f5ttu.<br \/>\n<\/p><br \/><\/p>","protected":false},"featured_media":6511,"template":"","categories":[62],"class_list":["post-6512","product","type-product","status-publish","has-post-thumbnail","hentry","category-electrophoresis-aluminum-profile"],"meta_box":{"hilight_text_group":{"product_hilight_text":"<li>Electrophoretic coating enhances corrosion resistance and surface durability<\/li>\r\r\n<li>Grain texture provides an elegant rosewood finish for premium aesthetics<\/li>\r\r\n<li>High-quality square tube design ensures structural strength<\/li>\r\r\n<li>Ideal for decorative applications in architecture and furniture<\/li>\r\r\n<li>Supports custom sizes and bulk orders with consistent quality<\/li>","product_chanpin_blog":"<ul>\r\r\n<li><a href=\"https:\/\/sinoextrud.com\/t-slot-v-slot-differences\/\" target=\"_blank\">t slot vs v slot<\/a><\/li>\r\r\n<li><a href=\"https:\/\/sinoextrud.com\/what-is-4040-aluminium-extrud\/\" target=\"_blank\">4040 aluminium extrusion<\/a><\/li>\r\r\n<li><a href=\"https:\/\/sinoextrud.com\/what-is-4040-aluminium-extrud\/\" target=\"_blank\">aluminum extrusions for industrial racks<\/a><\/li>\r\r\n<li><a href=\"https:\/\/sinoextrud.com\/powder-coating-aluminium-process\/\" target=\"_blank\">powder coating aluminium<\/a><\/li>\r\r\n<li><a href=\"https:\/\/sinoextrud.com\/what-is-an-aluminium-strip-ceiling\/\" target=\"_blank\">aluminium strip ceiling<\/a><\/li>\r\r\n<li><a href=\"https:\/\/sinoextrud.com\/what-is-a-heat-sink\/\" target=\"_blank\">what is a heat sink<\/a><\/li>\r\r\n<\/ul>","product_chanpin_chanpin":"<li><a href=\"https:\/\/sinoextrud.com\/product\/powder-coating-surface-aluminum-profile\/\" target=\"_blank\">Powder Coating Surface Aluminum Profile<\/a><\/li>\r\n<li><a href=\"https:\/\/sinoextrud.com\/product\/customized-powder-coated-tube-decorative-anodized-aluminum-louver-fence-panel-for-modern-garden\/\" target=\"_blank\">Customized Powder Coated Tube Decorative Anodized Aluminum Louver Fence Panel For Modern Garden<\/a><\/li>\r\n<li><a href=\"https:\/\/sinoextrud.com\/product\/aluminium-6063\/\" target=\"_blank\">Aluminium 6063<\/a><\/li>\r\n<li><a href=\"https:\/\/sinoextrud.com\/product\/extrusion-aluminum-profile-for-powder-coating-window-and-door-alloy-6063\/\" target=\"_blank\">Extrusion Aluminum Profile For Powder Coating Window and Door Alloy 6063<\/a><\/li>\r\n<li><a href=\"https:\/\/sinoextrud.com\/product\/electrophoretic-grain-square-tube-rosewood\/\" target=\"_blank\">Electrophoretic Grain Square Tube Rosewood<\/a><\/li>\r\n<li><a href=\"https:\/\/sinoextrud.com\/product\/electrophoresis-surface-aluminum-profiles\/\" target=\"_blank\">Electrophoresis Surface Aluminum Profiles<\/a><\/li>\r\n<li><a href=\"https:\/\/sinoextrud.com\/product\/golden-electrophoresis-aluminum-profile\/\" target=\"_blank\">Golden Electrophoresis Aluminum Profile<\/a><\/li>\r\n<li><a href=\"https:\/\/sinoextrud.com\/product\/aluminum-profile-with-pvdf-coating\/\" target=\"_blank\">Aluminum Profile With PVDF Coating<\/a><\/li>\r\n<li><a href=\"https:\/\/sinoextrud.com\/product\/electrophoresis-aluminum-profile-wood-grain\/\" target=\"_blank\">Electrophoresis Aluminum Profile Wood Grain<\/a><\/li>\r\n<li><a href=\"https:\/\/sinoextrud.com\/product\/architectural-aluminum-profile\/\" target=\"_blank\">Architectural Aluminum Profile<\/a><\/li>\r\n<li><a href=\"https:\/\/sinoextrud.com\/product\/40-x-40-aluminium-extrusion\/\" target=\"_blank\">40 X 40 Aluminium Extrusion<\/a><\/li>"},"feature_list":[]},"_links":{"self":[{"href":"https:\/\/sinoextrud.com\/et\/wp-json\/wp\/v2\/product\/6512","targetHints":{"allow":["GET"]}}],"collection":[{"href":"https:\/\/sinoextrud.com\/et\/wp-json\/wp\/v2\/product"}],"about":[{"href":"https:\/\/sinoextrud.com\/et\/wp-json\/wp\/v2\/types\/product"}],"wp:featuredmedia":[{"embeddable":true,"href":"https:\/\/sinoextrud.com\/et\/wp-json\/wp\/v2\/media\/6511"}],"wp:attachment":[{"href":"https:\/\/sinoextrud.com\/et\/wp-json\/wp\/v2\/media?parent=6512"}],"wp:term":[{"taxonomy":"category","embeddable":true,"href":"https:\/\/sinoextrud.com\/et\/wp-json\/wp\/v2\/categories?post=6512"}],"curies":[{"name":"wp","href":"https:\/\/api.w.org\/{rel}","templated":true}]}}