{"id":6508,"date":"2025-05-29T03:51:22","date_gmt":"2025-05-29T03:51:22","guid":{"rendered":"https:\/\/sinoextrud.com\/product\/aluminium-6063\/"},"modified":"2025-06-24T06:11:03","modified_gmt":"2025-06-24T06:11:03","slug":"alumiinium-6063","status":"publish","type":"product","link":"https:\/\/sinoextrud.com\/et\/product\/aluminium-6063\/","title":{"rendered":"Alumiinium 6063"},"content":{"rendered":"<h2>Toodete \u00fcksikasjad<\/h2>\n<table class=\"custom-table\">\n<tr>\n<td class=\"label\">Mudel nr.:<\/td>\n<td> r\u00f6\u00f6pmel alumiinium 6063<\/td>\n<\/tr>\n<tr>\n<td class=\"label\">T\u00fc\u00fcp:<\/td>\n<td> alumiiniumist kardinate rada<\/td>\n<\/tr>\n<tr>\n<td class=\"label\">Pinna seisund:<\/td>\n<td> pulberv\u00e4rvimine valge<\/td>\n<\/tr>\n<tr>\n<td class=\"label\">suurus:<\/td>\n<td> 25*10mm, 1.0mm paksus<\/td>\n<\/tr>\n<tr>\n<td class=\"label\">Pikkus:<\/td>\n<td> 5,8 miljonit tk kohta<\/td>\n<\/tr>\n<tr>\n<td class=\"label\">Pakett:<\/td>\n<td> \u00fckshaaval \u00fcks koht PE firmale, 50 tk \u00fcks kimp, kohandatud<\/td>\n<\/tr>\n<tr>\n<td class=\"label\">Laevasadam:<\/td>\n<td> FOB Guangzhou<\/td>\n<\/tr>\n<tr>\n<td class=\"label\">Spetsifikatsioon:<\/td>\n<td> SGS ISO GB standard<\/td>\n<\/tr>\n<tr>\n<td class=\"label\">HS-kood:<\/td>\n<td> 76042990<\/td>\n<\/tr>\n<tr>\n<td class=\"label\">Originaal:<\/td>\n<td> Foshan Hiina<\/td>\n<\/tr>\n<tr>\n<td class=\"label\">Tootmisv\u00f5ime:<\/td>\n<td> 3000,000 kg\/kuu<\/td>\n<\/tr>\n<\/table>\n<h2>Meie tootmisbaas<\/h2>\n<h3>Tehase panoraam<\/h3>\n<p><img decoding=\"async\" src=\"\/wp-content\/uploads\/factory-01.webp\"\/><\/p>\n<h3>Alumiiniumvarraste tootmise t\u00f6\u00f6koda<\/h3>\n<p><img decoding=\"async\" src=\"\/wp-content\/uploads\/factory-02.webp\"\/><\/p>\n<p><img decoding=\"async\" src=\"\/wp-content\/uploads\/factory-03.webp\"\/><\/p>\n<h3>hallituse ladustamise ladu<\/h3>\n<p><img decoding=\"async\" src=\"\/wp-content\/uploads\/factory-04.webp\"\/><\/p>\n<h3>43 alumiiniumi ekstrusiooniliini (500-5500 tonni)<\/h3>\n<p><img decoding=\"async\" src=\"\/wp-content\/uploads\/factory-05.webp\"\/><\/p>\n<p><img decoding=\"async\" src=\"\/wp-content\/uploads\/factory-06.webp\"\/><\/p>\n<p><img decoding=\"async\" src=\"\/wp-content\/uploads\/factory-07.webp\"\/><\/p>\n<h3>Pulberv\u00e4rvimise t\u00f6\u00f6koda<\/h3>\n<p><img decoding=\"async\" src=\"\/wp-content\/uploads\/factory-09.webp\"\/><\/p>\n<h3>Anodiseerimise t\u00f6\u00f6koda<\/h3>\n<p><img decoding=\"async\" src=\"\/wp-content\/uploads\/factory-10.webp\"\/><\/p>\n<h3>S\u00fcgavt\u00f6\u00f6tlemise t\u00f6\u00f6tuba<\/h3>\n<p><img decoding=\"async\" src=\"\/wp-content\/uploads\/factory-11.webp\"\/><\/p>\n<h3>CNC-t\u00e4ppist\u00f6\u00f6tlemise t\u00f6\u00f6koda<\/h3>\n<p><img decoding=\"async\" src=\"\/wp-content\/uploads\/factory-11.5.webp\"\/><\/p>\n<h3>Valmistoodete ja ekspordi ladu<\/h3>\n<p><img decoding=\"async\" src=\"\/wp-content\/uploads\/factory-12.webp\"\/><\/p>\n<p><img decoding=\"async\" src=\"\/wp-content\/uploads\/factory-13.webp\"\/><\/p>\n<p><img decoding=\"async\" src=\"\/wp-content\/uploads\/factory-14.webp\"\/><\/p>\n<h2>KKK<\/h2>\n<p><p><b>1.What on alumiinium 6063 kasutatakse?<\/b><\/p>\n<p>Alumiinium 6063 kasutatakse laialdaselt arhitektuurirakendustes, aknaraamides, ukseraamides ja autoosades t\u00e4nu oma suurep\u00e4rasele korrosioonikindlusele ja headele mehaanilistele omadustele.<br \/>\n<\/p><br \/>\n<br \/>\n<p><b>2.Millised on alumiinium 6063 peamised eelised?<\/b><\/p>\n<p>Alumiinium 6063 pakub k\u00f5rget korrosioonikindlust, head pinnaviimistlust, suurep\u00e4rast ekstrusiooniv\u00f5imet ja head tugevuse ja kaalu suhet, mist\u00f5ttu on see ideaalne konstruktsiooniliseks ja dekoratiivseks kasutuseks.<br \/>\n<\/p><br \/>\n<br \/>\n<p><b>3.Miks valida alumiinium 6063 teiste alumiiniumisulamite asemel?<\/b><\/p>\n<p>6063 sulam pakub paremat pinnaviimistlust ja anodeerimisv\u00f5imalusi, mist\u00f5ttu sobib see ideaalselt esteetilisteks rakendusteks ning on h\u00e4sti keevitatav ja m\u00f5\u00f5dukalt tugev.<br \/>\n<\/p><br \/>\n<br \/>\n<p><b>4.Kas alumiinium 6063 saab kohandada?<\/b><\/p>\n<p>Jah, alumiiniumi 6063 saab pressida erinevatesse kujudesse, suurustesse ja paksustesse ning seda saab anodeerida v\u00f5i pulberv\u00e4rvida erinevate viimistluste ja rakenduste jaoks.<br \/>\n<\/p><br \/>\n<br \/>\n<p><b>5.Millised pinnat\u00f6\u00f6tlused on saadaval alumiinium 6063 jaoks?<\/b><\/p>\n<p>Tavalised pinnat\u00f6\u00f6tlused on anodeerimine, pulberv\u00e4rvimine ja poleerimine, mis parandavad korrosioonikindlust, vastupidavust ja esteetilist v\u00e4limust.<br \/>\n<\/p><br \/>\n<br \/>\n<p><b>6.Kas alumiinium 6063 sobib v\u00e4litingimustes kasutamiseks?<\/b><\/p>\n<p>Jah, alumiinium 6063 on suurep\u00e4rase ilmastikukindlusega, eriti kui see on anodeeritud v\u00f5i pulberv\u00e4rvitud, mist\u00f5ttu on see ideaalne v\u00e4litingimustes kasutamiseks arhitektuuri- ja ehituskonstruktsioonides.<br \/>\n<\/p><br \/>\n<br \/>\n<p><b>7.Kuidas toetab alumiinium 6063 j\u00e4tkusuutlikku tootmist?<\/b><\/p>\n<p>Alumiinium 6063 on 100% ringlussev\u00f5etav ja vajab ringlussev\u00f5tuks v\u00e4hem energiat, toetades keskkonnas\u00f5bralikku tootmist ja v\u00e4hendades keskkonnam\u00f5ju.<br \/>\n<\/p><br \/>\n<br \/>\n<p><b>8.Millised t\u00f6\u00f6stusharud kasutavad tavaliselt alumiinium 6063?<\/b><\/p>\n<p>Sellised t\u00f6\u00f6stusharud nagu ehitus, autot\u00f6\u00f6stus, lennundus, elektroonika ja m\u00f6\u00f6blitootmine kasutavad alumiinium 6063 oma tugevuse, viimistluse ja mitmek\u00fclgsuse t\u00f5ttu.<br \/>\n<\/p><br \/><\/p>","protected":false},"featured_media":6507,"template":"","categories":[61],"class_list":["post-6508","product","type-product","status-publish","has-post-thumbnail","hentry","category-powder-coating-aluminum-profile"],"meta_box":{"hilight_text_group":{"product_hilight_text":"<li>High-strength 6063 aluminum alloy suitable for structural applications<\/li>\r\r\n<li>Excellent corrosion resistance for indoor and outdoor use<\/li>\r\r\n<li>Good machinability and weldability for versatile fabrication<\/li>\r\r\n<li>Available in various profiles, sizes, and surface finishes<\/li>\r\r\n<li>Supports bulk orders with consistent quality and timely delivery<\/li>","product_chanpin_blog":"<ul>\r\r\n<li><a href=\"https:\/\/sinoextrud.com\/t-slot-v-slot-differences\/\" target=\"_blank\">t slot vs v slot<\/a><\/li>\r\r\n<li><a href=\"https:\/\/sinoextrud.com\/what-is-4040-aluminium-extrud\/\" target=\"_blank\">4040 aluminium extrusion<\/a><\/li>\r\r\n<li><a href=\"https:\/\/sinoextrud.com\/what-is-4040-aluminium-extrud\/\" target=\"_blank\">aluminum extrusions for industrial racks<\/a><\/li>\r\r\n<li><a href=\"https:\/\/sinoextrud.com\/powder-coating-aluminium-process\/\" target=\"_blank\">powder coating aluminium<\/a><\/li>\r\r\n<li><a href=\"https:\/\/sinoextrud.com\/what-is-an-aluminium-strip-ceiling\/\" target=\"_blank\">aluminium strip ceiling<\/a><\/li>\r\r\n<li><a href=\"https:\/\/sinoextrud.com\/what-is-a-heat-sink\/\" target=\"_blank\">what is a heat sink<\/a><\/li>\r\r\n<\/ul>","product_chanpin_chanpin":"<li><a href=\"https:\/\/sinoextrud.com\/product\/aluminium-extrusion-profile-with-pvdf-coating\/\" target=\"_blank\">Aluminium Extrusion Profile With PVDF Coating<\/a><\/li>\r\n<li><a href=\"https:\/\/sinoextrud.com\/product\/powder-coated-extrusions-aluminum-corrosion-resistant-for-10-years-in-door\/\" target=\"_blank\">Powder Coated Extrusions Aluminum Corrosion Resistant For 10 Years In Door<\/a><\/li>\r\n<li><a href=\"https:\/\/sinoextrud.com\/product\/powder-coating-surface-aluminum-profile\/\" target=\"_blank\">Powder Coating Surface Aluminum Profile<\/a><\/li>\r\n<li><a href=\"https:\/\/sinoextrud.com\/product\/customized-powder-coated-tube-decorative-anodized-aluminum-louver-fence-panel-for-modern-garden\/\" target=\"_blank\">Customized Powder Coated Tube Decorative Anodized Aluminum Louver Fence Panel For Modern Garden<\/a><\/li>\r\n<li><a href=\"https:\/\/sinoextrud.com\/product\/aluminium-6063\/\" target=\"_blank\">Aluminium 6063<\/a><\/li>\r\n<li><a href=\"https:\/\/sinoextrud.com\/product\/extrusion-aluminum-profile-for-powder-coating-window-and-door-alloy-6063\/\" target=\"_blank\">Extrusion Aluminum Profile For Powder Coating Window and Door Alloy 6063<\/a><\/li>\r\n<li><a href=\"https:\/\/sinoextrud.com\/product\/electrophoretic-grain-square-tube-rosewood\/\" target=\"_blank\">Electrophoretic Grain Square Tube Rosewood<\/a><\/li>\r\n<li><a href=\"https:\/\/sinoextrud.com\/product\/electrophoresis-surface-aluminum-profiles\/\" target=\"_blank\">Electrophoresis Surface Aluminum Profiles<\/a><\/li>\r\n<li><a href=\"https:\/\/sinoextrud.com\/product\/golden-electrophoresis-aluminum-profile\/\" target=\"_blank\">Golden Electrophoresis Aluminum Profile<\/a><\/li>\r\n<li><a href=\"https:\/\/sinoextrud.com\/product\/500-degree-brightness-polished-aluminum-profile\/\" target=\"_blank\">500 Degree Brightness Polished Aluminum Profile<\/a><\/li>\r\n<li><a href=\"https:\/\/sinoextrud.com\/product\/6463-electroplated-finish-shower-enclosure-aluminum-profile\/\" target=\"_blank\">6463 Electroplated Finish Shower Enclosure Aluminum Profile<\/a><\/li>"},"feature_list":[]},"_links":{"self":[{"href":"https:\/\/sinoextrud.com\/et\/wp-json\/wp\/v2\/product\/6508","targetHints":{"allow":["GET"]}}],"collection":[{"href":"https:\/\/sinoextrud.com\/et\/wp-json\/wp\/v2\/product"}],"about":[{"href":"https:\/\/sinoextrud.com\/et\/wp-json\/wp\/v2\/types\/product"}],"wp:featuredmedia":[{"embeddable":true,"href":"https:\/\/sinoextrud.com\/et\/wp-json\/wp\/v2\/media\/6507"}],"wp:attachment":[{"href":"https:\/\/sinoextrud.com\/et\/wp-json\/wp\/v2\/media?parent=6508"}],"wp:term":[{"taxonomy":"category","embeddable":true,"href":"https:\/\/sinoextrud.com\/et\/wp-json\/wp\/v2\/categories?post=6508"}],"curies":[{"name":"wp","href":"https:\/\/api.w.org\/{rel}","templated":true}]}}