{"id":6478,"date":"2025-05-29T02:56:35","date_gmt":"2025-05-29T02:56:35","guid":{"rendered":"https:\/\/sinoextrud.com\/product\/china-aluminum-extrusion-6061-6063-anodized-aluminum-pipe\/"},"modified":"2025-06-24T06:10:59","modified_gmt":"2025-06-24T06:10:59","slug":"hiina-alumiinium-ekstrusioon-6061-6063-anodeeritud-alumiinium-toru","status":"publish","type":"product","link":"https:\/\/sinoextrud.com\/et\/product\/china-aluminum-extrusion-6061-6063-anodized-aluminum-pipe\/","title":{"rendered":"Hiina alumiiniumist ekstrusioon 6061 6063 anodeeritud alumiinium toru"},"content":{"rendered":"<h2>Toodete \u00fcksikasjad<\/h2>\n<table class=\"custom-table\">\n<tr>\n<td class=\"label\">Punkti<\/td>\n<td>Hiina alumiiniumi ekstrusioon 6061 6063 anodeeritud alumiinium toru tarnija<\/td>\n<\/tr>\n<tr>\n<td class=\"label\">Alumiiniumsulam nr.<\/td>\n<td>6061, 6063 jne<\/td>\n<\/tr>\n<tr>\n<td class=\"label\">Kuumt\u00f6\u00f6tlus<\/td>\n<td>T4, T5, T6<\/td>\n<\/tr>\n<tr>\n<td class=\"label\">Kuju<\/td>\n<td>Nelinurkne toru \/ Ristk\u00fclikukujuline toru \/ \u00dcmmargune toru \/ Ovaalne toru \/ Kolmnurkne toru \/ Trapetsikujuline toru \/ Poolringikujuline toru \/ Spetsiaalne kohandatud toru<\/td>\n<\/tr>\n<tr>\n<td class=\"label\">Pinna viimistlus<\/td>\n<td>freesitud, anodeeritud, puidumass, elektripinnakate, liivapritsimine, elektroforees, harjatud, poleerimine jne.<\/td>\n<\/tr>\n<tr>\n<td class=\"label\">CNC s\u00fcgavt\u00f6\u00f6tlemine<\/td>\n<td>l\u00f5ikamine, puurimine, mehaaniline t\u00f6\u00f6tlemine, stantsimine, painutamine, koputades jne.<\/td>\n<\/tr>\n<tr>\n<td class=\"label\">Hallitus<\/td>\n<td>Tuhanded olemasolevad vormid laos<\/td>\n<\/tr>\n<tr>\n<td class=\"label\">Kuju<\/td>\n<td>\u00fcmmargune, ruudukujuline, ristk\u00fclikukujuline, ovaalne<\/td>\n<\/tr>\n<tr>\n<td class=\"label\">Pikkus<\/td>\n<td>kohandatud<\/td>\n<\/tr>\n<tr>\n<td class=\"label\">Pakend<\/td>\n<td>kohandatud<\/td>\n<\/tr>\n<\/table>\n<h2>Meie tootmisbaas<\/h2>\n<h3>Tehase panoraam<\/h3>\n<p><img decoding=\"async\" src=\"\/wp-content\/uploads\/factory-01.webp\"\/><\/p>\n<h3>Alumiiniumvarraste tootmise t\u00f6\u00f6koda<\/h3>\n<p><img decoding=\"async\" src=\"\/wp-content\/uploads\/factory-02.webp\"\/><\/p>\n<p><img decoding=\"async\" src=\"\/wp-content\/uploads\/factory-03.webp\"\/><\/p>\n<h3>hallituse ladustamise ladu<\/h3>\n<p><img decoding=\"async\" src=\"\/wp-content\/uploads\/factory-04.webp\"\/><\/p>\n<h3>43 alumiiniumi ekstrusiooniliini (500-5500 tonni)<\/h3>\n<p><img decoding=\"async\" src=\"\/wp-content\/uploads\/factory-05.webp\"\/><\/p>\n<p><img decoding=\"async\" src=\"\/wp-content\/uploads\/factory-06.webp\"\/><\/p>\n<p><img decoding=\"async\" src=\"\/wp-content\/uploads\/factory-07.webp\"\/><\/p>\n<h3>Pulberv\u00e4rvimise t\u00f6\u00f6koda<\/h3>\n<p><img decoding=\"async\" src=\"\/wp-content\/uploads\/factory-09.webp\"\/><\/p>\n<h3>Anodiseerimise t\u00f6\u00f6koda<\/h3>\n<p><img decoding=\"async\" src=\"\/wp-content\/uploads\/factory-10.webp\"\/><\/p>\n<h3>S\u00fcgavt\u00f6\u00f6tlemise t\u00f6\u00f6tuba<\/h3>\n<p><img decoding=\"async\" src=\"\/wp-content\/uploads\/factory-11.webp\"\/><\/p>\n<h3>CNC-t\u00e4ppist\u00f6\u00f6tlemise t\u00f6\u00f6koda<\/h3>\n<p><img decoding=\"async\" src=\"\/wp-content\/uploads\/factory-11.5.webp\"\/><\/p>\n<h3>Valmistoodete ja ekspordi ladu<\/h3>\n<p><img decoding=\"async\" src=\"\/wp-content\/uploads\/factory-12.webp\"\/><\/p>\n<p><img decoding=\"async\" src=\"\/wp-content\/uploads\/factory-13.webp\"\/><\/p>\n<p><img decoding=\"async\" src=\"\/wp-content\/uploads\/factory-14.webp\"\/><\/p>\n<h2>KKK<\/h2>\n<p><p><b>1.Mis tooteid pakub Hiina alumiiniumi ekstrusioon 6061 6063 anodeeritud alumiiniumtorude tarnija?<\/b><\/p>\n<p>Nad pakuvad kvaliteetseid 6061 ja 6063 alumiiniumtorusid anodeeritud viimistlusega, mis sobivad ehitus-, auto-, mere- ja t\u00f6\u00f6stusrakenduste jaoks.<br \/>\n<\/p><br \/>\n<br \/>\n<p><b>2.Millised on 6061 ja 6063 anodeeritud alumiiniumtorude eelised?<\/b><\/p>\n<p>6061 ja 6063 sulamid pakuvad suurep\u00e4rast korrosioonikindlust, head mehaanilist tugevust ning anodeeritud pind suurendab vastupidavust ja esteetilist atraktiivsust.<br \/>\n<\/p><br \/>\n<br \/>\n<p><b>3.Miks valida Hiina alumiiniumist ekstrusiooni tarnija 6061 ja 6063 anodeeritud alumiiniumtorude jaoks?<\/b><\/p>\n<p>Hiina tarnijad pakuvad konkurentsiv\u00f5imelist hinnakujundust, arenenud tootmistehnoloogiat ja kiiret tootmisv\u00f5imsust, s\u00e4ilitades samas rahvusvahelised kvaliteedistandardid.<br \/>\n<\/p><br \/>\n<br \/>\n<p><b>4.Kas 6061 ja 6063 anodeeritud alumiiniumtorusid saab kohandada?<\/b><\/p>\n<p>Jah, tarnijad pakuvad kohandatud torude l\u00e4bim\u00f5\u00f5tu, seinapaksust, pikkust ja anodeeritud v\u00e4rvi, et vastata konkreetsetele projektin\u00f5uetele.<br \/>\n<\/p><br \/>\n<br \/>\n<p><b>5.Milline pinnat\u00f6\u00f6tlus on saadaval alumiiniumtorude jaoks Hiina tarnijatelt?<\/b><\/p>\n<p>Lisaks anodeerimisele v\u00f5ivad tarnijad pakkuda korrosioonikindluse ja visuaalse kvaliteedi parandamiseks ka pulberv\u00e4rvimist, poleerimist ja freesimist.<br \/>\n<\/p><br \/>\n<br \/>\n<p><b>6.Kas 6061 ja 6063 anodeeritud alumiiniumtorud sobivad v\u00e4litingimustes kasutamiseks?<\/b><\/p>\n<p>Jah, anodeeritud pinnakatted pakuvad suurep\u00e4rast kaitset UV-kiirguse, niiskuse ja karmide ilmastikuolude eest, mist\u00f5ttu on need torud ideaalsed v\u00e4litingimustes kasutamiseks.<br \/>\n<\/p><br \/>\n<br \/>\n<p><b>7.Kuidas toetab Hiina alumiiniumi ekstrusiooni tarnijalt hankimine j\u00e4tkusuutlikku tootmist?<\/b><\/p>\n<p>Hiina tarnijad kasutavad j\u00e4\u00e4tmete v\u00e4hendamiseks taaskasutatavat alumiiniumi ja t\u00e4iustatud ekstrusiooniprotsesse, mis toetavad keskkonnas\u00f5bralikku tootmist.<br \/>\n<\/p><br \/>\n<br \/>\n<p><b>8.Millised t\u00f6\u00f6stusharud kasutavad tavaliselt 6061 ja 6063 anodeeritud alumiiniumtorusid Hiina tarnijatelt?<\/b><\/p>\n<p>Ehitus-, auto-, mere-, elektroonika- ja m\u00f6\u00f6blit\u00f6\u00f6stus tuginevad nendele torudele nende tugevuse, vastupidavuse ja korrosioonikindluse t\u00f5ttu.<br \/>\n<\/p><br \/><\/p>","protected":false},"featured_media":6477,"template":"","categories":[60],"class_list":["post-6478","product","type-product","status-publish","has-post-thumbnail","hentry","category-general-tubes-and-bars"],"meta_box":{"hilight_text_group":{"product_hilight_text":"<li>Leading China supplier of 6061 and 6063 anodized aluminum pipes<\/li>\r\r\n<li>High-quality anodizing process enhances corrosion resistance and surface durability<\/li>\r\r\n<li>Wide range of sizes and custom specifications available<\/li>\r\r\n<li>Competitive pricing with reliable bulk supply and timely delivery<\/li>\r\r\n<li>Supports OEM services and customized extrusion solutions<\/li>","product_chanpin_blog":"<ul>\r\r\n<li><a href=\"https:\/\/sinoextrud.com\/t-slot-v-slot-differences\/\" target=\"_blank\">t slot vs v slot<\/a><\/li>\r\r\n<li><a href=\"https:\/\/sinoextrud.com\/what-is-4040-aluminium-extrud\/\" target=\"_blank\">4040 aluminium extrusion<\/a><\/li>\r\r\n<li><a href=\"https:\/\/sinoextrud.com\/what-is-4040-aluminium-extrud\/\" target=\"_blank\">aluminum extrusions for industrial racks<\/a><\/li>\r\r\n<li><a href=\"https:\/\/sinoextrud.com\/powder-coating-aluminium-process\/\" target=\"_blank\">powder coating aluminium<\/a><\/li>\r\r\n<li><a href=\"https:\/\/sinoextrud.com\/what-is-an-aluminium-strip-ceiling\/\" target=\"_blank\">aluminium strip ceiling<\/a><\/li>\r\r\n<li><a href=\"https:\/\/sinoextrud.com\/what-is-a-heat-sink\/\" target=\"_blank\">what is a heat sink<\/a><\/li>\r\r\n<\/ul>","product_chanpin_chanpin":"<li><a href=\"https:\/\/sinoextrud.com\/product\/6063-aluminum-pipe-fire-hydrant-aluminum-profile\/\" target=\"_blank\">6063 Aluminum Pipe Fire Hydrant Aluminum Profile<\/a><\/li>\r\n<li><a href=\"https:\/\/sinoextrud.com\/product\/aluminum-extrusion-electrophoresis-aluminum-tube\/\" target=\"_blank\">Aluminum Extrusion Electrophoresis Aluminum Tube<\/a><\/li>\r\n<li><a href=\"https:\/\/sinoextrud.com\/product\/aluminum-square-tube-powder-coating-6063-t5-extruded-profiles\/\" target=\"_blank\">aluminum square tube powder coating 6063 t5 extruded profiles<\/a><\/li>\r\n<li><a href=\"https:\/\/sinoextrud.com\/product\/custom-large-diameter-extruded-aluminum-pipe\/\" target=\"_blank\">Custom Large Diameter Extruded Aluminum Pipe<\/a><\/li>\r\n<li><a href=\"https:\/\/sinoextrud.com\/product\/china-aluminum-extrusion-6061-6063-anodized-aluminum-pipe\/\" target=\"_blank\">China Aluminum Extrusion 6061 6063 Anodized Aluminum Pipe<\/a><\/li>\r\n<li><a href=\"https:\/\/sinoextrud.com\/product\/anodized-aluminum-tubes\/\" target=\"_blank\">Anodized Aluminum Tubes<\/a><\/li>\r\n<li><a href=\"https:\/\/sinoextrud.com\/product\/6061-oval-aluminum-tubing\/\" target=\"_blank\">6061 Oval Aluminum Tubing<\/a><\/li>\r\n<li><a href=\"https:\/\/sinoextrud.com\/product\/extruded-aluminum-rectangular-tubing\/\" target=\"_blank\">Extruded Aluminum Rectangular Tubing<\/a><\/li>\r\n<li><a href=\"https:\/\/sinoextrud.com\/product\/power-coating-standard-aluminium-profiles\/\" target=\"_blank\">Power Coating Standard Aluminium Profiles<\/a><\/li>\r\n<li><a href=\"https:\/\/sinoextrud.com\/product\/aluminum-glazing-extrusions\/\" target=\"_blank\">Aluminum Glazing Extrusions<\/a><\/li>\r\n<li><a href=\"https:\/\/sinoextrud.com\/product\/10-series-golden-aluminum-extrusion-profiles\/\" target=\"_blank\">10 Series Golden Aluminum Extrusion Profiles<\/a><\/li>"},"feature_list":[]},"_links":{"self":[{"href":"https:\/\/sinoextrud.com\/et\/wp-json\/wp\/v2\/product\/6478","targetHints":{"allow":["GET"]}}],"collection":[{"href":"https:\/\/sinoextrud.com\/et\/wp-json\/wp\/v2\/product"}],"about":[{"href":"https:\/\/sinoextrud.com\/et\/wp-json\/wp\/v2\/types\/product"}],"wp:featuredmedia":[{"embeddable":true,"href":"https:\/\/sinoextrud.com\/et\/wp-json\/wp\/v2\/media\/6477"}],"wp:attachment":[{"href":"https:\/\/sinoextrud.com\/et\/wp-json\/wp\/v2\/media?parent=6478"}],"wp:term":[{"taxonomy":"category","embeddable":true,"href":"https:\/\/sinoextrud.com\/et\/wp-json\/wp\/v2\/categories?post=6478"}],"curies":[{"name":"wp","href":"https:\/\/api.w.org\/{rel}","templated":true}]}}