{"id":6476,"date":"2025-05-29T02:54:41","date_gmt":"2025-05-29T02:54:41","guid":{"rendered":"https:\/\/sinoextrud.com\/product\/custom-large-diameter-extruded-aluminum-pipe\/"},"modified":"2025-06-24T06:10:59","modified_gmt":"2025-06-24T06:10:59","slug":"kohandatud-suure-labimooduga-pressitud-alumiiniumtoru","status":"publish","type":"product","link":"https:\/\/sinoextrud.com\/et\/product\/custom-large-diameter-extruded-aluminum-pipe\/","title":{"rendered":"Kohandatud suure l\u00e4bim\u00f5\u00f5duga pressitud alumiiniumtoru"},"content":{"rendered":"<h2>Toodete \u00fcksikasjad<\/h2>\n<table class=\"custom-table\">\n<tr>\n<td class=\"label\">Toote nimi<\/td>\n<td>Kohandatud suure l\u00e4bim\u00f5\u00f5duga pressitud alumiiniumtorude tootja<\/td>\n<\/tr>\n<tr>\n<td class=\"label\">Tootevalik<\/td>\n<td>alumiinium ekstrusioonid suure l\u00e4bim\u00f5\u00f5duga alumiiniumtoru, suure l\u00e4bim\u00f5\u00f5duga alumiiniumtoru, suure l\u00e4bim\u00f5\u00f5duga alumiiniumtorud, suured alumiiniumtorud, suured alumiiniumtorud, alumiiniumtoru suure l\u00e4bim\u00f5\u00f5duga, suur alumiiniumtoru, suur alumiiniumtoru jne.<\/td>\n<\/tr>\n<tr>\n<td class=\"label\">Sobivad s\u00fcsteemid T\u00fc\u00fcbid<\/td>\n<td>keevitatud torude, nafta- ja gaasitorude, veetorude ja k\u00f5rgsurveanumate jne tootmine.<\/td>\n<\/tr>\n<tr>\n<td class=\"label\">Materjal<\/td>\n<td>alumiiniumsulam 6061, 6063, 3003, 7003, 7075<\/td>\n<\/tr>\n<tr>\n<td class=\"label\">Pinnat\u00f6\u00f6tlus<\/td>\n<td>freesitud, anodeeritud, puidumass, elektripinnakate, liivapritsimine, elektroforees, harjatud, poleerimine jne.<\/td>\n<\/tr>\n<tr>\n<td class=\"label\">CNC s\u00fcgavt\u00f6\u00f6tlemine<\/td>\n<td>l\u00f5ikamine, puurimine, mehaaniline t\u00f6\u00f6tlemine, stantsimine, painutamine, keermestamine jne.<\/td>\n<\/tr>\n<tr>\n<td class=\"label\">L\u00e4bim\u00f5\u00f5t<\/td>\n<td>Kuni 300mm<\/td>\n<\/tr>\n<tr>\n<td class=\"label\">Pikkus<\/td>\n<td>1-9 meetrit v\u00f5i CNC-l\u00f5ikus vastavalt vajadusele.<\/td>\n<\/tr>\n<tr>\n<td class=\"label\">Garantii<\/td>\n<td>20 aastat<\/td>\n<\/tr>\n<tr>\n<td class=\"label\">Tarneaeg<\/td>\n<td>Tavaliselt 15-25 p\u00e4eva<\/td>\n<\/tr>\n<tr>\n<td class=\"label\">Maksetingimused<\/td>\n<td>30% tagatisraha enne tootmist ja saldo enne saatmist.<\/td>\n<\/tr>\n<\/table>\n<h2>Meie tootmisbaas<\/h2>\n<h3>Tehase panoraam<\/h3>\n<p><img decoding=\"async\" src=\"\/wp-content\/uploads\/factory-01.webp\"\/><\/p>\n<h3>Alumiiniumvarraste tootmise t\u00f6\u00f6koda<\/h3>\n<p><img decoding=\"async\" src=\"\/wp-content\/uploads\/factory-02.webp\"\/><\/p>\n<p><img decoding=\"async\" src=\"\/wp-content\/uploads\/factory-03.webp\"\/><\/p>\n<h3>hallituse ladustamise ladu<\/h3>\n<p><img decoding=\"async\" src=\"\/wp-content\/uploads\/factory-04.webp\"\/><\/p>\n<h3>43 alumiiniumi ekstrusiooniliini (500-5500 tonni)<\/h3>\n<p><img decoding=\"async\" src=\"\/wp-content\/uploads\/factory-05.webp\"\/><\/p>\n<p><img decoding=\"async\" src=\"\/wp-content\/uploads\/factory-06.webp\"\/><\/p>\n<p><img decoding=\"async\" src=\"\/wp-content\/uploads\/factory-07.webp\"\/><\/p>\n<h3>Pulberv\u00e4rvimise t\u00f6\u00f6koda<\/h3>\n<p><img decoding=\"async\" src=\"\/wp-content\/uploads\/factory-09.webp\"\/><\/p>\n<h3>Anodiseerimise t\u00f6\u00f6koda<\/h3>\n<p><img decoding=\"async\" src=\"\/wp-content\/uploads\/factory-10.webp\"\/><\/p>\n<h3>S\u00fcgavt\u00f6\u00f6tlemise t\u00f6\u00f6tuba<\/h3>\n<p><img decoding=\"async\" src=\"\/wp-content\/uploads\/factory-11.webp\"\/><\/p>\n<h3>CNC-t\u00e4ppist\u00f6\u00f6tlemise t\u00f6\u00f6koda<\/h3>\n<p><img decoding=\"async\" src=\"\/wp-content\/uploads\/factory-11.5.webp\"\/><\/p>\n<h3>Valmistoodete ja ekspordi ladu<\/h3>\n<p><img decoding=\"async\" src=\"\/wp-content\/uploads\/factory-12.webp\"\/><\/p>\n<p><img decoding=\"async\" src=\"\/wp-content\/uploads\/factory-13.webp\"\/><\/p>\n<p><img decoding=\"async\" src=\"\/wp-content\/uploads\/factory-14.webp\"\/><\/p>\n<h2>KKK<\/h2>\n<p><p><b>1.Milliseid teenuseid pakub kohandatud suure l\u00e4bim\u00f5\u00f5duga pressitud alumiiniumtorude tootja?<\/b><\/p>\n<p>Nad pakuvad kohandatud suure l\u00e4bim\u00f5\u00f5duga alumiiniumtorusid spetsiifiliste l\u00e4bim\u00f5\u00f5tude, seinapaksuste, sulamite ja pikkustega, et vastata unikaalsetele projektin\u00f5uetele.<br \/>\n<\/p><br \/>\n<br \/>\n<p><b>2.Millised on peamised eelised kohandatud suure l\u00e4bim\u00f5\u00f5duga pressitud alumiiniumtorude kasutamisel?<\/b><\/p>\n<p>Kohandatud torud pakuvad t\u00e4pseid m\u00f5\u00f5tmeid, suurep\u00e4rast tugevuse ja kaalu suhet, suurep\u00e4rast korrosioonikindlust ja suuremat vastupidavust n\u00f5udlike rakenduste jaoks.<br \/>\n<\/p><br \/>\n<br \/>\n<p><b>3.Miks valida suure l\u00e4bim\u00f5\u00f5duga pressitud alumiiniumtorude jaoks kohandatud tootja?<\/b><\/p>\n<p>Tellimustootjad tagavad kvaliteedikontrolli, disaini paindlikkuse ning v\u00f5ime t\u00e4ita rangeid t\u00f6\u00f6stusstandardeid ja unikaalseid tehnilisi spetsifikatsioone.<br \/>\n<\/p><br \/>\n<br \/>\n<p><b>4.Can kohandatud suure l\u00e4bim\u00f5\u00f5duga pressitud alumiiniumtorude viimistletud pinnat\u00f6\u00f6tlus?<\/b><\/p>\n<p>Jah, korrosioonikindluse, esteetika ja kulumiskindluse parandamiseks on v\u00f5imalik kasutada anodeerimist, pulberv\u00e4rvimist ja poleerimist.<br \/>\n<\/p><br \/>\n<br \/>\n<p><b>5.Millised t\u00f6\u00f6stusharud saavad kasu kohandatud suure l\u00e4bim\u00f5\u00f5duga pressitud alumiiniumtorudest?<\/b><\/p>\n<p>Sellised t\u00f6\u00f6stusharud nagu lennundus, nafta ja gaas, merendus, ehitus ja transport tuginevad alumiiniumtorudele kriitilistes struktuuri- ja vedelikuvedude transpordirakendustes.<br \/>\n<\/p><br \/>\n<br \/>\n<p><b>6.Kuidas parandab kohandatud ekstrusioon suure l\u00e4bim\u00f5\u00f5duga alumiiniumtorude j\u00f5udlust?<\/b><\/p>\n<p>Kohandatud ekstrusioon v\u00f5imaldab \u00fchtlast seinapaksust, optimeeritud sulamivalikut ja t\u00e4pseid tolerantse, mis parandavad mehaanilisi omadusi ja pikaealisust.<br \/>\n<\/p><br \/>\n<br \/>\n<p><b>7.Kas kohandatud suure l\u00e4bim\u00f5\u00f5duga pressitud alumiiniumtorud on kulut\u00f5husad?<\/b><\/p>\n<p>Ehkki esialgsed kulud v\u00f5ivad olla suuremad kui standardtorude puhul, v\u00e4hendab kohandamine j\u00e4\u00e4tmeid, parandab sobivust ja v\u00e4hendab hooldust, mille tulemuseks on pikaajaline kulude kokkuhoid.<br \/>\n<\/p><br \/>\n<br \/>\n<p><b>8.Kuidas toetavad kohandatud suure l\u00e4bim\u00f5\u00f5duga pressitud alumiiniumtorud s\u00e4\u00e4stvat tootmist?<\/b><\/p>\n<p>Need torud on valmistatud taaskasutatavast alumiiniumist ja v\u00e4hendavad materjalij\u00e4\u00e4tmeid t\u00e4nu t\u00e4psele pressimisele, edendades keskkonnas\u00f5bralikke tootmisviise.<br \/>\n<\/p><br \/><\/p>","protected":false},"featured_media":6475,"template":"","categories":[60],"class_list":["post-6476","product","type-product","status-publish","has-post-thumbnail","hentry","category-general-tubes-and-bars"],"meta_box":{"hilight_text_group":{"product_hilight_text":"<li>Specializes in custom large diameter aluminum pipes tailored to project needs<\/li>\r\r\n<li>Uses high-quality alloys for superior strength and corrosion resistance<\/li>\r\r\n<li>Advanced extrusion technology ensures precise dimensions and surface finish<\/li>\r\r\n<li>Supports bulk orders with consistent quality and timely delivery<\/li>\r\r\n<li>Offers flexible customization including sizes, wall thicknesses, and finishes<\/li>","product_chanpin_blog":"<ul>\r\r\n<li><a href=\"https:\/\/sinoextrud.com\/t-slot-v-slot-differences\/\" target=\"_blank\">t slot vs v slot<\/a><\/li>\r\r\n<li><a href=\"https:\/\/sinoextrud.com\/what-is-4040-aluminium-extrud\/\" target=\"_blank\">4040 aluminium extrusion<\/a><\/li>\r\r\n<li><a href=\"https:\/\/sinoextrud.com\/what-is-4040-aluminium-extrud\/\" target=\"_blank\">aluminum extrusions for industrial racks<\/a><\/li>\r\r\n<li><a href=\"https:\/\/sinoextrud.com\/powder-coating-aluminium-process\/\" target=\"_blank\">powder coating aluminium<\/a><\/li>\r\r\n<li><a href=\"https:\/\/sinoextrud.com\/what-is-an-aluminium-strip-ceiling\/\" target=\"_blank\">aluminium strip ceiling<\/a><\/li>\r\r\n<li><a href=\"https:\/\/sinoextrud.com\/what-is-a-heat-sink\/\" target=\"_blank\">what is a heat sink<\/a><\/li>\r\r\n<\/ul>","product_chanpin_chanpin":"<li><a href=\"https:\/\/sinoextrud.com\/product\/triangle-champagne-aluminum-extruded-tube\/\" target=\"_blank\">Triangle Champagne Aluminum Extruded Tube<\/a><\/li>\r\n<li><a href=\"https:\/\/sinoextrud.com\/product\/6063-aluminum-pipe-fire-hydrant-aluminum-profile\/\" target=\"_blank\">6063 Aluminum Pipe Fire Hydrant Aluminum Profile<\/a><\/li>\r\n<li><a href=\"https:\/\/sinoextrud.com\/product\/aluminum-extrusion-electrophoresis-aluminum-tube\/\" target=\"_blank\">Aluminum Extrusion Electrophoresis Aluminum Tube<\/a><\/li>\r\n<li><a href=\"https:\/\/sinoextrud.com\/product\/aluminum-square-tube-powder-coating-6063-t5-extruded-profiles\/\" target=\"_blank\">aluminum square tube powder coating 6063 t5 extruded profiles<\/a><\/li>\r\n<li><a href=\"https:\/\/sinoextrud.com\/product\/custom-large-diameter-extruded-aluminum-pipe\/\" target=\"_blank\">Custom Large Diameter Extruded Aluminum Pipe<\/a><\/li>\r\n<li><a href=\"https:\/\/sinoextrud.com\/product\/china-aluminum-extrusion-6061-6063-anodized-aluminum-pipe\/\" target=\"_blank\">China Aluminum Extrusion 6061 6063 Anodized Aluminum Pipe<\/a><\/li>\r\n<li><a href=\"https:\/\/sinoextrud.com\/product\/anodized-aluminum-tubes\/\" target=\"_blank\">Anodized Aluminum Tubes<\/a><\/li>\r\n<li><a href=\"https:\/\/sinoextrud.com\/product\/6061-oval-aluminum-tubing\/\" target=\"_blank\">6061 Oval Aluminum Tubing<\/a><\/li>\r\n<li><a href=\"https:\/\/sinoextrud.com\/product\/extruded-aluminum-rectangular-tubing\/\" target=\"_blank\">Extruded Aluminum Rectangular Tubing<\/a><\/li>\r\n<li><a href=\"https:\/\/sinoextrud.com\/product\/aluminium-picture-frame-extrusions\/\" target=\"_blank\">Aluminium Picture Frame Extrusions<\/a><\/li>\r\n<li><a href=\"https:\/\/sinoextrud.com\/product\/custom-industrial-aluminum-profiles\/\" target=\"_blank\">Custom Industrial Aluminum Profiles<\/a><\/li>"},"feature_list":[]},"_links":{"self":[{"href":"https:\/\/sinoextrud.com\/et\/wp-json\/wp\/v2\/product\/6476","targetHints":{"allow":["GET"]}}],"collection":[{"href":"https:\/\/sinoextrud.com\/et\/wp-json\/wp\/v2\/product"}],"about":[{"href":"https:\/\/sinoextrud.com\/et\/wp-json\/wp\/v2\/types\/product"}],"wp:featuredmedia":[{"embeddable":true,"href":"https:\/\/sinoextrud.com\/et\/wp-json\/wp\/v2\/media\/6475"}],"wp:attachment":[{"href":"https:\/\/sinoextrud.com\/et\/wp-json\/wp\/v2\/media?parent=6476"}],"wp:term":[{"taxonomy":"category","embeddable":true,"href":"https:\/\/sinoextrud.com\/et\/wp-json\/wp\/v2\/categories?post=6476"}],"curies":[{"name":"wp","href":"https:\/\/api.w.org\/{rel}","templated":true}]}}