{"id":6464,"date":"2025-05-29T02:33:57","date_gmt":"2025-05-29T02:33:57","guid":{"rendered":"https:\/\/sinoextrud.com\/product\/aluminium-bars\/"},"modified":"2025-06-24T06:10:57","modified_gmt":"2025-06-24T06:10:57","slug":"alumiiniumvarraste","status":"publish","type":"product","link":"https:\/\/sinoextrud.com\/et\/product\/aluminium-bars\/","title":{"rendered":"Alumiiniumvarraste"},"content":{"rendered":"<h2>Toodete \u00fcksikasjad<\/h2>\n<table class=\"custom-table\">\n<tr>\n<td class=\"label\">Punkti<\/td>\n<td>Alumiiniumtoru,alumiiniumtoru,alumiinium \u00fcmar toru profiil,alumiinium nelinurkne toru profiil,alumiinium kolmnurkne toru, alumiiniumvarraste.<\/td>\n<\/tr>\n<tr>\n<td class=\"label\">Materjal<\/td>\n<td>6000seriesAlumiinium<\/td>\n<\/tr>\n<tr>\n<td class=\"label\">Temper<\/td>\n<td>T4,T5,T6<\/td>\n<\/tr>\n<tr>\n<td class=\"label\">Suurus\/paksus<\/td>\n<td>\u00dcldised profiilid paksus0,8-5,0 mm, pikkus1m-9m v\u00f5i kohandatud saadaval; anodeeritud kaitsekile paksus8~20um, pulberv\u00e4rvimine40~120um.<\/td>\n<\/tr>\n<tr>\n<td class=\"label\">Kuju<\/td>\n<td>ruudukujuline, \u00fcmmargune, ristk\u00fclikukujuline, kolmnurk, kohandatud<\/td>\n<\/tr>\n<tr>\n<td class=\"label\">Taotlus<\/td>\n<td>Infom\u00f6\u00f6bel,aknad ja uksed,dekoratsioonid,t\u00f6\u00f6stus,ehitus ja varsti<\/td>\n<\/tr>\n<tr>\n<td class=\"label\">Surfacetreatment<\/td>\n<td>pulberv\u00e4rvimine, anodeeritud, puidurajoon, elektroforees, harjatud, poleerimine ja varsti.<\/td>\n<\/tr>\n<tr>\n<td class=\"label\">MOQ<\/td>\n<td>200 kg iga artikli kohta<\/td>\n<\/tr>\n<tr>\n<td class=\"label\">PackingDetails<\/td>\n<td>(1) Sees: pakitud plastist kaitsekilega, mis kaitseb iga t\u00fckki.<\/td>\n<\/tr>\n<tr>\n<td class=\"label\"><\/td>\n<td>(2) V\u00e4ljaspool: Pakendage kimpud veekindla paberi abil.<\/td>\n<\/tr>\n<tr>\n<td class=\"label\">Deliverytime<\/td>\n<td>(1) DieDevelopingandSampletesting: 10-15 p\u00e4eva.<\/td>\n<\/tr>\n<tr>\n<td class=\"label\"><\/td>\n<td>(2) Massitootmine on l\u00f5pule viidud: 20-30 p\u00e4eva p\u00e4rast seda, kui ostja on proovi kinnitanud.<\/td>\n<\/tr>\n<tr>\n<td class=\"label\">FOBPort<\/td>\n<td>Guangzhou, Foshan, Shenzhen<\/td>\n<\/tr>\n<tr>\n<td class=\"label\">maksetingimused<\/td>\n<td>T\/T,30%downpaymentwhilebalanceshallbepayoffforedelivery<\/td>\n<\/tr>\n<tr>\n<td class=\"label\">settlementterm<\/td>\n<td>Tasu l\u00f5pliku tegeliku kaalu v\u00f5i teoreetilise kaalu j\u00e4rgi.<\/td>\n<\/tr>\n<tr>\n<td class=\"label\">tootmisv\u00f5imsus<\/td>\n<td>2400-3000Metrictonespermonth<\/td>\n<\/tr>\n<tr>\n<td class=\"label\">T\u00f6\u00f6tlemine<\/td>\n<td>P\u00e4ring-mustri v\u00f5i CAD-joonise (kliendi poolt) -CAD-joonis (meie firma) -joonise kinnitamine -vormi valmistamine-mustri vormimine-mustri t\u00e4itmine-massitootmine-kontroll-tarnimine-tarnimine<\/td>\n<\/tr>\n<tr>\n<td class=\"label\">Sertifitseerimisv\u00f5imalus:<\/td>\n<td>ISO:9001, SONCAP, BVC-sertifikaat v\u00f5i kliendi sertifikaat on saadaval.<\/td>\n<\/tr>\n<tr>\n<td class=\"label\">Garantii<\/td>\n<td>Pinnav\u00e4rv v\u00f5ib olla parim 10-20 aastat kestev sisekasutuses.<\/td>\n<\/tr>\n<\/table>\n<h2>Meie tootmisbaas<\/h2>\n<h3>Tehase panoraam<\/h3>\n<p><img decoding=\"async\" src=\"\/wp-content\/uploads\/factory-01.webp\"\/><\/p>\n<h3>Alumiiniumvarraste tootmise t\u00f6\u00f6koda<\/h3>\n<p><img decoding=\"async\" src=\"\/wp-content\/uploads\/factory-02.webp\"\/><\/p>\n<\/p>\n<p><img decoding=\"async\" src=\"\/wp-content\/uploads\/factory-03.webp\"\/><\/p>\n<h3>hallituse ladustamise ladu<\/h3>\n<p><img decoding=\"async\" src=\"\/wp-content\/uploads\/factory-04.webp\"\/><\/p>\n<h3>43 alumiiniumi ekstrusiooniliini (500-5500 tonni)<\/h3>\n<p><img decoding=\"async\" src=\"\/wp-content\/uploads\/factory-05.webp\"\/><\/p>\n<p><img decoding=\"async\" src=\"\/wp-content\/uploads\/factory-06.webp\"\/><\/p>\n<p><img decoding=\"async\" src=\"\/wp-content\/uploads\/factory-07.webp\"\/><\/p>\n<h3>Pulberv\u00e4rvimise t\u00f6\u00f6koda<\/h3>\n<p><img decoding=\"async\" src=\"\/wp-content\/uploads\/factory-09.webp\"\/><\/p>\n<h3>Anodiseerimise t\u00f6\u00f6koda<\/h3>\n<p><img decoding=\"async\" src=\"\/wp-content\/uploads\/factory-10.webp\"\/><\/p>\n<h3>S\u00fcgavt\u00f6\u00f6tlemise t\u00f6\u00f6tuba<\/h3>\n<p><img decoding=\"async\" src=\"\/wp-content\/uploads\/factory-11.webp\"\/><\/p>\n<h3>CNC-t\u00e4ppist\u00f6\u00f6tlemise t\u00f6\u00f6koda<\/h3>\n<p><img decoding=\"async\" src=\"\/wp-content\/uploads\/factory-11.5.webp\"\/><\/p>\n<h3>Valmistoodete ja ekspordi ladu<\/h3>\n<p><img decoding=\"async\" src=\"\/wp-content\/uploads\/factory-12.webp\"\/><\/p>\n<p><img decoding=\"async\" src=\"\/wp-content\/uploads\/factory-13.webp\"\/><\/p>\n<p><img decoding=\"async\" src=\"\/wp-content\/uploads\/factory-14.webp\"\/><\/p>\n<h2>KKK<\/h2>\n<p><b>1.Milleks kasutatakse alumiiniumvarraste?<\/b><\/p>\n<p>Alumiiniumvarraste kasutatakse ehituses, tootmises, autot\u00f6\u00f6stuses ja dekoratiivsetes rakendustes konstruktsioonilise toe, raami ja esteetiliste aktsentidena.\n<\/p>\n<p><\/p>\n<p><b>2.Millised on alumiiniumvarraste eelised?<\/b><\/p>\n<p>Alumiiniumvarraste tugevuse ja kaalu suhe on k\u00f5rge, nad on suurep\u00e4rase korrosioonikindlusega ning suurep\u00e4rase soojus- ja elektrijuhtivusega.\n<\/p>\n<p><\/p>\n<p><b>3.Miks valida alumiiniumvarraste asemel teras- v\u00f5i plastvarraste?<\/b><\/p>\n<p>Alumiiniumvarraste on kergemad kui teras, vastupidavamad kui plastik ning pakuvad paremat korrosioonikindlust ja lihtsamat t\u00f6\u00f6tlemist.\n<\/p>\n<p><\/p>\n<p><b>4.Kas alumiiniumvarraste saab kohandada?<\/b><\/p>\n<p>Jah, alumiiniumvarraste saab l\u00f5igata, puurida ja pressida erinevatesse kujudesse, suurustesse ja sulamitesse, et vastata projekti spetsiifilistele n\u00f5uetele.\n<\/p>\n<p><\/p>\n<p><b>5.Millised pinnaviimistlused on saadaval alumiiniumvarraste puhul?<\/b><\/p>\n<p>Alumiiniumvarraste tavalised viimistlusviimistlused h\u00f5lmavad freesimist, anodeerimist, pulberv\u00e4rvimist ja mehaanilist poleerimist, et suurendada vastupidavust ja v\u00e4limust.\n<\/p>\n<p><\/p>\n<p><b>6.Kas alumiiniumist latid sobivad v\u00e4litingimustes kasutamiseks?<\/b><\/p>\n<p>Jah, anodeeritud v\u00f5i pulberv\u00e4rvitud alumiiniumist latid on vastupidavad UV-kiirgusele, niiskusele ja karmidele ilmastikutingimustele, mist\u00f5ttu on need ideaalsed v\u00e4litingimustes kasutamiseks.\n<\/p>\n<p><\/p>\n<p><b>7.Kuidas toetavad alumiiniumvardad s\u00e4\u00e4stvat tootmist?<\/b><\/p>\n<p>Alumiiniumvardad on 100% taaskasutatavad ja nende tootmine on energiat\u00f5hus, v\u00e4hendades materjali raiskamist ja keskkonnam\u00f5ju.\n<\/p>\n<p><\/p>\n<p><b>8.Millised t\u00f6\u00f6stusharud kasutavad tavaliselt alumiiniumvarraste?<\/b><\/p>\n<p>Sellised t\u00f6\u00f6stusharud nagu ehitus, lennundus, autot\u00f6\u00f6stus, elektroonika ja m\u00f6\u00f6bel tuginevad alumiiniumvarrastele nende kerge tugevuse ja mitmek\u00fclgsuse t\u00f5ttu.\n<\/p>\n<p><\/p>","protected":false},"featured_media":6463,"template":"","categories":[60],"class_list":["post-6464","product","type-product","status-publish","has-post-thumbnail","hentry","category-general-tubes-and-bars"],"meta_box":{"hilight_text_group":{"product_hilight_text":"<li>High-strength aluminum bars suitable for structural and industrial use<\/li>\r\r\n<li>Lightweight design reduces overall product weight and handling costs<\/li>\r\r\n<li>Excellent corrosion resistance for long-lasting performance<\/li>\r\r\n<li>Available in various shapes, sizes, and alloys<\/li>\r\r\n<li>Supports custom fabrication and bulk order fulfillment<\/li>","product_chanpin_blog":"<ul>\r\r\n<li><a href=\"https:\/\/sinoextrud.com\/t-slot-v-slot-differences\/\" target=\"_blank\">t slot vs v slot<\/a><\/li>\r\r\n<li><a href=\"https:\/\/sinoextrud.com\/what-is-4040-aluminium-extrud\/\" target=\"_blank\">4040 aluminium extrusion<\/a><\/li>\r\r\n<li><a href=\"https:\/\/sinoextrud.com\/what-is-4040-aluminium-extrud\/\" target=\"_blank\">aluminum extrusions for industrial racks<\/a><\/li>\r\r\n<li><a href=\"https:\/\/sinoextrud.com\/powder-coating-aluminium-process\/\" target=\"_blank\">powder coating aluminium<\/a><\/li>\r\r\n<li><a href=\"https:\/\/sinoextrud.com\/what-is-an-aluminium-strip-ceiling\/\" target=\"_blank\">aluminium strip ceiling<\/a><\/li>\r\r\n<li><a href=\"https:\/\/sinoextrud.com\/what-is-a-heat-sink\/\" target=\"_blank\">what is a heat sink<\/a><\/li>\r\r\n<\/ul>","product_chanpin_chanpin":"<li><a href=\"https:\/\/sinoextrud.com\/product\/triangle-aluminum-profile\/\" target=\"_blank\">Triangle Aluminum Profile<\/a><\/li>\r\n<li><a href=\"https:\/\/sinoextrud.com\/product\/extruded-aluminium-round-tube\/\" target=\"_blank\">Extruded Aluminium Round Tube<\/a><\/li>\r\n<li><a href=\"https:\/\/sinoextrud.com\/product\/u-shaped-aluminum-extrusion\/\" target=\"_blank\">U Shaped Aluminum Extrusion<\/a><\/li>\r\n<li><a href=\"https:\/\/sinoextrud.com\/product\/40-x-40-aluminium-extrusion\/\" target=\"_blank\">40 X 40 Aluminium Extrusion<\/a><\/li>\r\n<li><a href=\"https:\/\/sinoextrud.com\/product\/aluminium-bars\/\" target=\"_blank\">Aluminium Bars<\/a><\/li>\r\n<li><a href=\"https:\/\/sinoextrud.com\/product\/3003-aluminum-tube-and-pipe\/\" target=\"_blank\">3003 Aluminum Tube And Pipe<\/a><\/li>\r\n<li><a href=\"https:\/\/sinoextrud.com\/product\/triangle-champagne-aluminum-extruded-tube\/\" target=\"_blank\">Triangle Champagne Aluminum Extruded Tube<\/a><\/li>\r\n<li><a href=\"https:\/\/sinoextrud.com\/product\/6063-aluminum-pipe-fire-hydrant-aluminum-profile\/\" target=\"_blank\">6063 Aluminum Pipe Fire Hydrant Aluminum Profile<\/a><\/li>\r\n<li><a href=\"https:\/\/sinoextrud.com\/product\/aluminum-extrusion-electrophoresis-aluminum-tube\/\" target=\"_blank\">Aluminum Extrusion Electrophoresis Aluminum Tube<\/a><\/li>\r\n<li><a href=\"https:\/\/sinoextrud.com\/product\/polished-aluminium-profiles\/\" target=\"_blank\">Polished Aluminium Profiles<\/a><\/li>\r\n<li><a href=\"https:\/\/sinoextrud.com\/product\/extruded-aluminum-t-slot-channel\/\" target=\"_blank\">Extruded Aluminum T Slot Channel<\/a><\/li>"},"feature_list":[]},"_links":{"self":[{"href":"https:\/\/sinoextrud.com\/et\/wp-json\/wp\/v2\/product\/6464","targetHints":{"allow":["GET"]}}],"collection":[{"href":"https:\/\/sinoextrud.com\/et\/wp-json\/wp\/v2\/product"}],"about":[{"href":"https:\/\/sinoextrud.com\/et\/wp-json\/wp\/v2\/types\/product"}],"wp:featuredmedia":[{"embeddable":true,"href":"https:\/\/sinoextrud.com\/et\/wp-json\/wp\/v2\/media\/6463"}],"wp:attachment":[{"href":"https:\/\/sinoextrud.com\/et\/wp-json\/wp\/v2\/media?parent=6464"}],"wp:term":[{"taxonomy":"category","embeddable":true,"href":"https:\/\/sinoextrud.com\/et\/wp-json\/wp\/v2\/categories?post=6464"}],"curies":[{"name":"wp","href":"https:\/\/api.w.org\/{rel}","templated":true}]}}