{"id":6458,"date":"2025-05-29T02:22:36","date_gmt":"2025-05-29T02:22:36","guid":{"rendered":"https:\/\/sinoextrud.com\/product\/extruded-aluminium-round-tube\/"},"modified":"2025-06-24T06:10:56","modified_gmt":"2025-06-24T06:10:56","slug":"pressitud-alumiiniumist-umar-toru","status":"publish","type":"product","link":"https:\/\/sinoextrud.com\/et\/product\/extruded-aluminium-round-tube\/","title":{"rendered":"Ekstrudeeritud alumiiniumist \u00fcmmargune toru"},"content":{"rendered":"<h2>Toodete \u00fcksikasjad<\/h2>\n<table class=\"custom-table\">\n<tr>\n<td class=\"label\">Punkti<\/td>\n<td>Ekstrudeeritud alumiiniumist \u00fcmmargune toru<\/td>\n<\/tr>\n<tr>\n<td class=\"label\">Materjal<\/td>\n<td>6063, 6061, 6463, 6082<\/td>\n<\/tr>\n<tr>\n<td class=\"label\">Temper<\/td>\n<td>T4, T5, T6<\/td>\n<\/tr>\n<tr>\n<td class=\"label\">Suurus \/ paksus<\/td>\n<td>\u00dcldine profiilide paksus 0,8 kuni 5,0 mm v\u00f5i kohandatud, pikkus 1m-9m v\u00f5i kohandatud saadaval;<br \/>Anodeeritud kaitsekile paksus 8 ~ 20 um, pulberv\u00e4rvimine 40 ~ 120 um.<\/td>\n<\/tr>\n<tr>\n<td class=\"label\">Kuju<\/td>\n<td>ruudukujuline, \u00fcmmargune, ristk\u00fclikukujuline, kolmnurkne jne v\u00f5i kohandatud.<\/td>\n<\/tr>\n<tr>\n<td class=\"label\">Taotlus<\/td>\n<td>aknad ja uksed, dekoratsioonid, t\u00f6\u00f6stus, ehitus jne.<\/td>\n<\/tr>\n<tr>\n<td class=\"label\">Pinnat\u00f6\u00f6tlus<\/td>\n<td>pulberv\u00e4rvimine, PVDF, anodeeritud, puidumass, elektroforees, harjatud, poleerimine jne.<\/td>\n<\/tr>\n<tr>\n<td class=\"label\">V\u00e4rvid<\/td>\n<td>Ref pulberv\u00e4rvi leht ja kohandatud v\u00e4rvi saadaval<\/td>\n<\/tr>\n<tr>\n<td class=\"label\">S\u00fcgav protsess<\/td>\n<td>CNC, puurimine, freesimine, l\u00f5ikamine, keevitamine, painutamine, kokkupanek<\/td>\n<\/tr>\n<tr>\n<td class=\"label\">MOQ<\/td>\n<td>200 kg iga eseme kohta<\/td>\n<\/tr>\n<tr>\n<td class=\"label\">Pakendamise \u00fcksikasjad<\/td>\n<td>(1) Sisemine : pakitud kilega v\u00f5i kilekaitsekotiga<br \/>(2) V\u00e4ljaspool: M\u00e4hkida kimbud veekindla k\u00e4sit\u00f6\u00f6paberiga.<\/td>\n<\/tr>\n<tr>\n<td class=\"label\">Tarneaeg<\/td>\n<td>(1) Survematerjali v\u00e4ljat\u00f6\u00f6tamine ja proovide katsetamine: 10-15 p\u00e4eva<br \/>(2) Masstootmine l\u00f5petatud: 20-30 p\u00e4eva p\u00e4rast seda, kui ostja on proovi kinnitanud<\/td>\n<\/tr>\n<tr>\n<td class=\"label\">FOB sadam<\/td>\n<td>Guangzhou, Foshan, Shenzhen<\/td>\n<\/tr>\n<tr>\n<td class=\"label\">maksetingimused<\/td>\n<td>T\/T, 30% ettemaks ja saldo makstakse v\u00e4lja enne saatmist.<\/td>\n<\/tr>\n<tr>\n<td class=\"label\">Sertifitseerimine on v\u00f5imalik:<\/td>\n<td>ISO:9001, SONCAP, BV sertifikaat v\u00f5i kliendi sertifikaat saadaval<\/td>\n<\/tr>\n<tr>\n<td class=\"label\">Garantii<\/td>\n<td>Pinna v\u00e4rv v\u00f5ib olla stabiilne 10~20 aastat siseruumides kasutades<\/td>\n<\/tr>\n<\/table>\n<h2>Meie tootmisbaas<\/h2>\n<h3>Tehase panoraam<\/h3>\n<p><img decoding=\"async\" src=\"\/wp-content\/uploads\/factory-01.webp\"\/><\/p>\n<h3>Alumiiniumvarraste tootmise t\u00f6\u00f6koda<\/h3>\n<p><img decoding=\"async\" src=\"\/wp-content\/uploads\/factory-02.webp\"\/><\/p>\n<p><img decoding=\"async\" src=\"\/wp-content\/uploads\/factory-03.webp\"\/><\/p>\n<h3>hallituse ladustamise ladu<\/h3>\n<p><img decoding=\"async\" src=\"\/wp-content\/uploads\/factory-04.webp\"\/><\/p>\n<h3>43 alumiiniumi ekstrusiooniliini (500-5500 tonni)<\/h3>\n<p><img decoding=\"async\" src=\"\/wp-content\/uploads\/factory-05.webp\"\/><\/p>\n<p><img decoding=\"async\" src=\"\/wp-content\/uploads\/factory-06.webp\"\/><\/p>\n<p><img decoding=\"async\" src=\"\/wp-content\/uploads\/factory-07.webp\"\/><\/p>\n<h3>Pulberv\u00e4rvimise t\u00f6\u00f6koda<\/h3>\n<p><img decoding=\"async\" src=\"\/wp-content\/uploads\/factory-09.webp\"\/><\/p>\n<h3>Anodiseerimise t\u00f6\u00f6koda<\/h3>\n<p><img decoding=\"async\" src=\"\/wp-content\/uploads\/factory-10.webp\"\/><\/p>\n<h3>S\u00fcgavt\u00f6\u00f6tlemise t\u00f6\u00f6tuba<\/h3>\n<p><img decoding=\"async\" src=\"\/wp-content\/uploads\/factory-11.webp\"\/><\/p>\n<h3>CNC-t\u00e4ppist\u00f6\u00f6tlemise t\u00f6\u00f6koda<\/h3>\n<p><img decoding=\"async\" src=\"\/wp-content\/uploads\/factory-11.5.webp\"\/><\/p>\n<h3>Valmistoodete ja ekspordi ladu<\/h3>\n<p><img decoding=\"async\" src=\"\/wp-content\/uploads\/factory-12.webp\"\/><\/p>\n<p><img decoding=\"async\" src=\"\/wp-content\/uploads\/factory-13.webp\"\/><\/p>\n<p><img decoding=\"async\" src=\"\/wp-content\/uploads\/factory-14.webp\"\/><\/p>\n<h2>KKK<\/h2>\n<p><p><b>1.Milleks kasutatakse pressitud alumiiniumist \u00fcmarat toru?<\/b><\/p>\n<p>Survestatud alumiiniumist \u00fcmartorusid kasutatakse ehituses, autot\u00f6\u00f6stuses, m\u00f6\u00f6blis ja t\u00f6\u00f6stuslikes rakendustes nende tugevuse, kerguse ja mitmek\u00fclgse disaini t\u00f5ttu.<br \/>\n<\/p><br \/>\n<br \/>\n<p><b>2.Millised on ekstrudeeritud alumiiniumist \u00fcmmarguse toru peamised eelised?<\/b><\/p>\n<p>Survestatud alumiiniumist \u00fcmar toru pakub suurt tugevuse ja kaalu suhet, suurep\u00e4rast korrosioonikindlust, t\u00e4pseid m\u00f5\u00f5tmeid ja siledat pinna viimistlust, mis tagab usaldusv\u00e4\u00e4rse t\u00f6\u00f6.<br \/>\n<\/p><br \/>\n<br \/>\n<p><b>3.Miks valida ekstrudeeritud alumiiniumist \u00fcmar toru terase v\u00f5i plasttorude asemel?<\/b><\/p>\n<p>Survestatud alumiiniumist \u00fcmar toru on kergem kui teras, vastupidavam kui plastik ning tagab suurep\u00e4rase soojusjuhtivuse ja roostekindluse pikaajaliseks kasutamiseks.<br \/>\n<\/p><br \/>\n<br \/>\n<p><b>4.Kas ekstrudeeritud alumiiniumist \u00fcmmargune toru saab kohandada?<\/b><\/p>\n<p>Jah, ekstrudeeritud alumiiniumist \u00fcmbertorusid saab kohandada l\u00e4bim\u00f5\u00f5du, seina paksuse, sulami klassi, pikkuse ja pinnaviimistluse poolest vastavalt projekti spetsiifilistele n\u00f5uetele.<br \/>\n<\/p><br \/>\n<br \/>\n<p><b>5.Millised pinnaviimistlused on saadaval pressitud alumiiniumist \u00fcmarate torude jaoks?<\/b><\/p>\n<p>V\u00e4ljapressitud alumiiniumist \u00fcmarate torude tavaline viimistlus h\u00f5lmab korrosioonikaitse, vastupidavuse ja esteetilisuse parandamiseks anodeerimist ja pulberv\u00e4rvimist.<br \/>\n<\/p><br \/>\n<br \/>\n<p><b>6.Kas pressitud alumiiniumist \u00fcmarad torud sobivad kasutamiseks v\u00e4listingimustes?<\/b><\/p>\n<p>Jah, n\u00f5uetekohase pinnat\u00f6\u00f6tluse korral on pressitud alumiiniumist \u00fcmar toru vastupidav UV-kiirgusele, niiskusele ja karmidele ilmastikutingimustele, mist\u00f5ttu sobib see ideaalselt v\u00e4lis- ja merekeskkondadesse.<br \/>\n<\/p><br \/>\n<br \/>\n<p><b>7.Kuidas toetab pressitud alumiiniumist \u00fcmar toru s\u00e4\u00e4stvat disaini?<\/b><\/p>\n<p>Survestatud alumiiniumist \u00fcmar toru on 100% ringlussev\u00f5etav ja energiat\u00f5husa tootmisega, v\u00e4hendades materjali j\u00e4\u00e4tmeid ja toetades keskkonnas\u00f5bralikke ehitusalgatusi.<br \/>\n<\/p><br \/>\n<br \/>\n<p><b>8.Millised t\u00f6\u00f6stusharud saavad ekstrudeeritud alumiiniumist \u00fcmartorudest k\u00f5ige rohkem kasu?<\/b><\/p>\n<p>Sellised t\u00f6\u00f6stusharud nagu lennundus, autot\u00f6\u00f6stus, ehitus, HVAC ja m\u00f6\u00f6bel tuginevad pressitud alumiiniumist \u00fcmartorudele nende tugevuse, kerguse ja korrosioonikindluse kombinatsiooni t\u00f5ttu.<br \/>\n<\/p><br \/><\/p>","protected":false},"featured_media":6457,"template":"","categories":[60],"class_list":["post-6458","product","type-product","status-publish","has-post-thumbnail","hentry","category-general-tubes-and-bars"],"meta_box":{"hilight_text_group":{"product_hilight_text":"<li>Precision-extruded for consistent round shape and smooth surface finish<\/li>\r\r\n<li>Lightweight aluminum with high strength-to-weight ratio<\/li>\r\r\n<li>Excellent corrosion resistance for indoor and outdoor applications<\/li>\r\r\n<li>Available in various diameters, wall thicknesses, and custom lengths<\/li>\r\r\n<li>Supports bulk orders and OEM customization for diverse industries<\/li>","product_chanpin_blog":"<ul>\r\r\n<li><a href=\"https:\/\/sinoextrud.com\/t-slot-v-slot-differences\/\" target=\"_blank\">t slot vs v slot<\/a><\/li>\r\r\n<li><a href=\"https:\/\/sinoextrud.com\/what-is-4040-aluminium-extrud\/\" target=\"_blank\">4040 aluminium extrusion<\/a><\/li>\r\r\n<li><a href=\"https:\/\/sinoextrud.com\/what-is-4040-aluminium-extrud\/\" target=\"_blank\">aluminum extrusions for industrial racks<\/a><\/li>\r\r\n<li><a href=\"https:\/\/sinoextrud.com\/powder-coating-aluminium-process\/\" target=\"_blank\">powder coating aluminium<\/a><\/li>\r\r\n<li><a href=\"https:\/\/sinoextrud.com\/what-is-an-aluminium-strip-ceiling\/\" target=\"_blank\">aluminium strip ceiling<\/a><\/li>\r\r\n<li><a href=\"https:\/\/sinoextrud.com\/what-is-a-heat-sink\/\" target=\"_blank\">what is a heat sink<\/a><\/li>\r\r\n<\/ul>","product_chanpin_chanpin":"<li><a href=\"https:\/\/sinoextrud.com\/product\/thick-wall-large-diameter-aluminium-pipe\/\" target=\"_blank\">Thick Wall Large Diameter Aluminium Pipe<\/a><\/li>\r\n<li><a href=\"https:\/\/sinoextrud.com\/product\/triangle-aluminium-tube-factory-price\/\" target=\"_blank\">Triangle Aluminium Tube Factory Price<\/a><\/li>\r\n<li><a href=\"https:\/\/sinoextrud.com\/product\/oval-aluminum-tube\/\" target=\"_blank\">Oval Aluminum Tube<\/a><\/li>\r\n<li><a href=\"https:\/\/sinoextrud.com\/product\/triangle-aluminum-profile\/\" target=\"_blank\">Triangle Aluminum Profile<\/a><\/li>\r\n<li><a href=\"https:\/\/sinoextrud.com\/product\/extruded-aluminium-round-tube\/\" target=\"_blank\">Extruded Aluminium Round Tube<\/a><\/li>\r\n<li><a href=\"https:\/\/sinoextrud.com\/product\/u-shaped-aluminum-extrusion\/\" target=\"_blank\">U Shaped Aluminum Extrusion<\/a><\/li>\r\n<li><a href=\"https:\/\/sinoextrud.com\/product\/40-x-40-aluminium-extrusion\/\" target=\"_blank\">40 X 40 Aluminium Extrusion<\/a><\/li>\r\n<li><a href=\"https:\/\/sinoextrud.com\/product\/aluminium-bars\/\" target=\"_blank\">Aluminium Bars<\/a><\/li>\r\n<li><a href=\"https:\/\/sinoextrud.com\/product\/3003-aluminum-tube-and-pipe\/\" target=\"_blank\">3003 Aluminum Tube And Pipe<\/a><\/li>\r\n<li><a href=\"https:\/\/sinoextrud.com\/product\/factory-cnc-precision-aluminum-parts\/\" target=\"_blank\">Factory Cnc Precision Aluminum Parts<\/a><\/li>\r\n<li><a href=\"https:\/\/sinoextrud.com\/product\/wood-grain-finish-aluminium-profiles\/\" target=\"_blank\">Wood Grain Finish Aluminium Profiles<\/a><\/li>"},"feature_list":[]},"_links":{"self":[{"href":"https:\/\/sinoextrud.com\/et\/wp-json\/wp\/v2\/product\/6458","targetHints":{"allow":["GET"]}}],"collection":[{"href":"https:\/\/sinoextrud.com\/et\/wp-json\/wp\/v2\/product"}],"about":[{"href":"https:\/\/sinoextrud.com\/et\/wp-json\/wp\/v2\/types\/product"}],"wp:featuredmedia":[{"embeddable":true,"href":"https:\/\/sinoextrud.com\/et\/wp-json\/wp\/v2\/media\/6457"}],"wp:attachment":[{"href":"https:\/\/sinoextrud.com\/et\/wp-json\/wp\/v2\/media?parent=6458"}],"wp:term":[{"taxonomy":"category","embeddable":true,"href":"https:\/\/sinoextrud.com\/et\/wp-json\/wp\/v2\/categories?post=6458"}],"curies":[{"name":"wp","href":"https:\/\/api.w.org\/{rel}","templated":true}]}}