{"id":6456,"date":"2025-05-29T02:15:50","date_gmt":"2025-05-29T02:15:50","guid":{"rendered":"https:\/\/sinoextrud.com\/product\/triangle-aluminum-profile\/"},"modified":"2025-06-24T06:10:56","modified_gmt":"2025-06-24T06:10:56","slug":"kolmnurkne-alumiiniumprofiil","status":"publish","type":"product","link":"https:\/\/sinoextrud.com\/et\/product\/triangle-aluminum-profile\/","title":{"rendered":"Kolmnurkne alumiiniumprofiil"},"content":{"rendered":"<h2>Toodete \u00fcksikasjad<\/h2>\n<table class=\"custom-table\">\n<tr>\n<td class=\"label\">1. Objekt<\/td>\n<td>Kolmnurkne alumiiniumprofiil<\/td>\n<\/tr>\n<tr>\n<td class=\"label\">2. Sektsiooni kuju<\/td>\n<td>Kolmnurk<\/td>\n<\/tr>\n<tr>\n<td class=\"label\">3. Pinna t\u00f6\u00f6tlemine<\/td>\n<td>Veski viimistlus\/ anodeeritud\/ liivapritsimine\/ pulberv\u00e4rvimine\/ elektroforees\/ puidumass\/ poleerimine<\/td>\n<\/tr>\n<tr>\n<td class=\"label\">4. MOQ<\/td>\n<td>200KG iga eseme kohta<\/td>\n<\/tr>\n<tr>\n<td class=\"label\">5. Materjal<\/td>\n<td>100% sulam: 6063 T5 \/ 6061 T6<\/td>\n<\/tr>\n<tr>\n<td class=\"label\">6. Pikkus<\/td>\n<td>Tavaline = 6m, 1-9m v\u00f5i kohandatud<\/td>\n<\/tr>\n<tr>\n<td class=\"label\">7. Kvaliteedikontroll<\/td>\n<td>Meil on k\u00f5ige rangem kvaliteedikontrolli s\u00fcsteem, 100% kontroll enne saatmist<\/td>\n<\/tr>\n<tr>\n<td class=\"label\">8. Protsess<\/td>\n<td>P\u00e4ring - Proov v\u00f5i CAD joonis (klientide poolt) -CAD joonis (meie firma) -Joonise kinnitamine -Vormi valmistamine - n\u00e4idise konformatsioon - masstootmine - kontroll<\/td>\n<\/tr>\n<tr>\n<td class=\"label\">9. Sadam<\/td>\n<td>Shenzhen, Guangzhou, Foshan<\/td>\n<\/tr>\n<tr>\n<td class=\"label\">10. Maksmine<\/td>\n<td>T \/ T: 30% tagatisraha, saldo makstakse enne v\u00f5i p\u00e4rast saatmist (v\u00f5i k\u00f5ik s\u00f5ltub)<\/td>\n<\/tr>\n<tr>\n<td class=\"label\">11. Pakendamise \u00fcksikasjad<\/td>\n<td>Seestpoolt: Kilega pakitud, et kaitsta iga detaili<br \/>V\u00e4ljaspool: M\u00e4hkida kimbud veekindla k\u00e4sit\u00f6\u00f6paberiga v\u00f5i EPE-kilega. Kohandatud taotlus saadaval<\/td>\n<\/tr>\n<tr>\n<td class=\"label\">12. Juhtimisaeg<\/td>\n<td>Survet\u00f6\u00f6tlus ja proovide testimine: 8-15 p\u00e4eva<br \/>Masstootmine: 20-25 p\u00e4eva<\/td>\n<\/tr>\n<\/table>\n<h2>Meie tootmisbaas<\/h2>\n<h3>Tehase panoraam<\/h3>\n<p><img decoding=\"async\" src=\"\/wp-content\/uploads\/factory-01.webp\"\/><\/p>\n<h3>Alumiiniumvarraste tootmise t\u00f6\u00f6koda<\/h3>\n<p><img decoding=\"async\" src=\"\/wp-content\/uploads\/factory-02.webp\"\/><\/p>\n<\/p>\n<p><img decoding=\"async\" src=\"\/wp-content\/uploads\/factory-03.webp\"\/><\/p>\n<h3>hallituse ladustamise ladu<\/h3>\n<p><img decoding=\"async\" src=\"\/wp-content\/uploads\/factory-04.webp\"\/><\/p>\n<h3>43 alumiiniumi ekstrusiooniliini (500-5500 tonni)<\/h3>\n<p><img decoding=\"async\" src=\"\/wp-content\/uploads\/factory-05.webp\"\/><\/p>\n<p><img decoding=\"async\" src=\"\/wp-content\/uploads\/factory-06.webp\"\/><\/p>\n<p><img decoding=\"async\" src=\"\/wp-content\/uploads\/factory-07.webp\"\/><\/p>\n<h3>Pulberv\u00e4rvimise t\u00f6\u00f6koda<\/h3>\n<p><img decoding=\"async\" src=\"\/wp-content\/uploads\/factory-09.webp\"\/><\/p>\n<h3>Anodiseerimise t\u00f6\u00f6koda<\/h3>\n<p><img decoding=\"async\" src=\"\/wp-content\/uploads\/factory-10.webp\"\/><\/p>\n<h3>S\u00fcgavt\u00f6\u00f6tlemise t\u00f6\u00f6tuba<\/h3>\n<p><img decoding=\"async\" src=\"\/wp-content\/uploads\/factory-11.webp\"\/><\/p>\n<h3>CNC-t\u00e4ppist\u00f6\u00f6tlemise t\u00f6\u00f6koda<\/h3>\n<p><img decoding=\"async\" src=\"\/wp-content\/uploads\/factory-11.5.webp\"\/><\/p>\n<h3>Valmistoodete ja ekspordi ladu<\/h3>\n<p><img decoding=\"async\" src=\"\/wp-content\/uploads\/factory-12.webp\"\/><\/p>\n<p><img decoding=\"async\" src=\"\/wp-content\/uploads\/factory-13.webp\"\/><\/p>\n<p><img decoding=\"async\" src=\"\/wp-content\/uploads\/factory-14.webp\"\/><\/p>\n<h2>KKK<\/h2>\n<p><b>1.Milleks kasutatakse kolmnurkset alumiiniumprofiili?<\/b><\/p>\n<p>Triangle alumiiniumprofiile kasutatakse nende unikaalse geomeetria ja tugevuse t\u00f5ttu konstruktsiooniraamides, dekoratiivsete kaunistuste, valgustite ja siltide valmistamisel.\n<\/p>\n<p><\/p>\n<p><b>2.Millised on kolmnurkse alumiiniumprofiili peamised eelised?<\/b><\/p>\n<p>Kolmnurksed alumiiniumprofiilid pakuvad suurep\u00e4rast tugevuse ja kaalu suhet, korrosioonikindlust ja kaasaegset esteetilist v\u00e4limust mitmek\u00fclgsete rakenduste jaoks.\n<\/p>\n<p><\/p>\n<p><b>3.Miks valida kolmnurksed alumiiniumprofiilid tavap\u00e4raste ruudukujuliste v\u00f5i \u00fcmmarguste profiilide asemel?<\/b><\/p>\n<p>Kolmnurksed alumiiniumprofiilid pakuvad tavap\u00e4raste kujudega v\u00f5rreldes paremat koormusjaotust, erilisi disainiv\u00f5imalusi ja t\u00f5husat materjalikasutust.\n<\/p>\n<p><\/p>\n<p><b>4.Kas kolmnurkseid alumiiniumprofiile saab kohandada?<\/b><\/p>\n<p>Jah, kolmnurga alumiiniumprofiile saab kohandada m\u00f5\u00f5tmete, sulamiklassi, seinapaksuse ja pinnaviimistluse poolest vastavalt projekti erin\u00f5uetele.\n<\/p>\n<p><\/p>\n<p><b>5.Millised pinnaviimistlused on saadaval kolmnurkse alumiiniumprofiili jaoks?<\/b><\/p>\n<p>Tavalised viimistlusviisid on anodeerimine, pulberv\u00e4rvimine ja freesimine, mis parandavad korrosioonikaitset, vastupidavust ja visuaalset kvaliteeti.\n<\/p>\n<p><\/p>\n<p><b>6.Kas kolmnurksed alumiiniumprofiilid sobivad v\u00e4litingimustes kasutamiseks?<\/b><\/p>\n<p>Jah, korraliku pinnat\u00f6\u00f6tluse korral on kolmnurga alumiiniumprofiilid vastupidavad UV-kiirgusele, niiskusele ja karmidele ilmastikutingimustele, mist\u00f5ttu sobivad need ideaalselt v\u00e4lisseadmete paigaldamiseks.\n<\/p>\n<p><\/p>\n<p><b>7.Kuidas toetavad kolmnurksed alumiiniumprofiilid s\u00e4\u00e4stvat disaini?<\/b><\/p>\n<p>Triangle alumiiniumprofiilid on 100% ringlussev\u00f5etavad ja kerged, v\u00e4hendades materjalij\u00e4\u00e4tmeid ja transpordiemissioone keskkonnas\u00f5braliku ehituse tagamiseks.\n<\/p>\n<p><\/p>\n<p><b>8.Millised t\u00f6\u00f6stusharud kasutavad tavaliselt kolmnurkseid alumiiniumprofiile?<\/b><\/p>\n<p>Sellised t\u00f6\u00f6stusharud nagu arhitektuur, sildid, m\u00f6\u00f6bel ja LED-valgustus kasutavad kolmnurkseid alumiiniumprofiile nende struktuuriliste eeliste ja ainulaadse esteetika t\u00f5ttu.\n<\/p>\n<p><\/p>","protected":false},"featured_media":6455,"template":"","categories":[60],"class_list":["post-6456","product","type-product","status-publish","has-post-thumbnail","hentry","category-general-tubes-and-bars"],"meta_box":{"hilight_text_group":{"product_hilight_text":"<li>Unique triangle shape provides excellent strength and design flexibility<\/li>\r\r\n<li>Made from high-quality aluminum with superior corrosion resistance<\/li>\r\r\n<li>Lightweight and easy to machine for various industrial applications<\/li>\r\r\n<li>Available in custom sizes and surface finishes<\/li>\r\r\n<li>Supports bulk orders with reliable supply and competitive pricing<\/li>","product_chanpin_blog":"<ul>\r\r\n<li><a href=\"https:\/\/sinoextrud.com\/t-slot-v-slot-differences\/\" target=\"_blank\">t slot vs v slot<\/a><\/li>\r\r\n<li><a href=\"https:\/\/sinoextrud.com\/what-is-4040-aluminium-extrud\/\" target=\"_blank\">4040 aluminium extrusion<\/a><\/li>\r\r\n<li><a href=\"https:\/\/sinoextrud.com\/what-is-4040-aluminium-extrud\/\" target=\"_blank\">aluminum extrusions for industrial racks<\/a><\/li>\r\r\n<li><a href=\"https:\/\/sinoextrud.com\/powder-coating-aluminium-process\/\" target=\"_blank\">powder coating aluminium<\/a><\/li>\r\r\n<li><a href=\"https:\/\/sinoextrud.com\/what-is-an-aluminium-strip-ceiling\/\" target=\"_blank\">aluminium strip ceiling<\/a><\/li>\r\r\n<li><a href=\"https:\/\/sinoextrud.com\/what-is-a-heat-sink\/\" target=\"_blank\">what is a heat sink<\/a><\/li>\r\r\n<\/ul>","product_chanpin_chanpin":"<li><a href=\"https:\/\/sinoextrud.com\/product\/short-run-custom-aluminum-extrusions\/\" target=\"_blank\">Short Run Custom Aluminum Extrusions<\/a><\/li>\r\n<li><a href=\"https:\/\/sinoextrud.com\/product\/thick-wall-large-diameter-aluminium-pipe\/\" target=\"_blank\">Thick Wall Large Diameter Aluminium Pipe<\/a><\/li>\r\n<li><a href=\"https:\/\/sinoextrud.com\/product\/triangle-aluminium-tube-factory-price\/\" target=\"_blank\">Triangle Aluminium Tube Factory Price<\/a><\/li>\r\n<li><a href=\"https:\/\/sinoextrud.com\/product\/oval-aluminum-tube\/\" target=\"_blank\">Oval Aluminum Tube<\/a><\/li>\r\n<li><a href=\"https:\/\/sinoextrud.com\/product\/triangle-aluminum-profile\/\" target=\"_blank\">Triangle Aluminum Profile<\/a><\/li>\r\n<li><a href=\"https:\/\/sinoextrud.com\/product\/extruded-aluminium-round-tube\/\" target=\"_blank\">Extruded Aluminium Round Tube<\/a><\/li>\r\n<li><a href=\"https:\/\/sinoextrud.com\/product\/u-shaped-aluminum-extrusion\/\" target=\"_blank\">U Shaped Aluminum Extrusion<\/a><\/li>\r\n<li><a href=\"https:\/\/sinoextrud.com\/product\/40-x-40-aluminium-extrusion\/\" target=\"_blank\">40 X 40 Aluminium Extrusion<\/a><\/li>\r\n<li><a href=\"https:\/\/sinoextrud.com\/product\/aluminium-bars\/\" target=\"_blank\">Aluminium Bars<\/a><\/li>\r\n<li><a href=\"https:\/\/sinoextrud.com\/product\/aluminium-sliding-door-pictures-new-update-sliding-wardrobe-doors-profile-manufacturers-oem-value-frame-extrusion\/\" target=\"_blank\">aluminium sliding door pictures new update sliding wardrobe doors profile manufacturers OEM value frame extrusion<\/a><\/li>\r\n<li><a href=\"https:\/\/sinoextrud.com\/product\/3d-wood-grain-aluminium-battens\/\" target=\"_blank\">3D Wood Grain Aluminium Battens<\/a><\/li>"},"feature_list":[]},"_links":{"self":[{"href":"https:\/\/sinoextrud.com\/et\/wp-json\/wp\/v2\/product\/6456","targetHints":{"allow":["GET"]}}],"collection":[{"href":"https:\/\/sinoextrud.com\/et\/wp-json\/wp\/v2\/product"}],"about":[{"href":"https:\/\/sinoextrud.com\/et\/wp-json\/wp\/v2\/types\/product"}],"wp:featuredmedia":[{"embeddable":true,"href":"https:\/\/sinoextrud.com\/et\/wp-json\/wp\/v2\/media\/6455"}],"wp:attachment":[{"href":"https:\/\/sinoextrud.com\/et\/wp-json\/wp\/v2\/media?parent=6456"}],"wp:term":[{"taxonomy":"category","embeddable":true,"href":"https:\/\/sinoextrud.com\/et\/wp-json\/wp\/v2\/categories?post=6456"}],"curies":[{"name":"wp","href":"https:\/\/api.w.org\/{rel}","templated":true}]}}