{"id":6444,"date":"2025-05-29T01:57:14","date_gmt":"2025-05-29T01:57:14","guid":{"rendered":"https:\/\/sinoextrud.com\/product\/aluminum-u-profile\/"},"modified":"2025-06-24T06:10:54","modified_gmt":"2025-06-24T06:10:54","slug":"alumiiniumist-u-profiil","status":"publish","type":"product","link":"https:\/\/sinoextrud.com\/et\/product\/aluminum-u-profile\/","title":{"rendered":"Alumiinium U-profiil"},"content":{"rendered":"<h2>Toodete \u00fcksikasjad<\/h2>\n<table class=\"custom-table\">\n<tr>\n<td class=\"label\">Toote nimi<\/td>\n<td>V\u00e4ljapressitud alumiiniumist ruudukujuline toru<\/td>\n<\/tr>\n<tr>\n<td class=\"label\">Materjal<\/td>\n<td>6000\/7000 seeria<\/td>\n<\/tr>\n<tr>\n<td class=\"label\">Hinne<\/td>\n<td>6063T3-T8<\/td>\n<\/tr>\n<tr>\n<td class=\"label\">V\u00e4lisl\u00e4bim\u00f5\u00f5t<\/td>\n<td>Kohandatud<\/td>\n<\/tr>\n<tr>\n<td class=\"label\">Pikkus<\/td>\n<td>vastavalt vajadusele ,standar: 1m-9m<\/td>\n<\/tr>\n<tr>\n<td class=\"label\">Paksus<\/td>\n<td>kohandatud<\/td>\n<\/tr>\n<tr>\n<td class=\"label\">Kuju<\/td>\n<td>\u00dcmmargune, ruudukujuline, ristk\u00fclikukujuline jne.<\/td>\n<\/tr>\n<tr>\n<td class=\"label\">Standard<\/td>\n<td>DIN GB ISO JIS BA ANSI<\/td>\n<\/tr>\n<tr>\n<td class=\"label\">Pinnat\u00f6\u00f6tlus<\/td>\n<td>Anodeerimine, poleerimine, pulberv\u00e4rvimine, elektroforees, liivaprits, kattekile jne.<\/td>\n<\/tr>\n<tr>\n<td class=\"label\">Kohaletoimetamine<\/td>\n<td>20-25 p\u00e4eva<\/td>\n<\/tr>\n<\/table>\n<h2>Meie tootmisbaas<\/h2>\n<h3>Tehase panoraam<\/h3>\n<p><img decoding=\"async\" src=\"\/wp-content\/uploads\/factory-01.webp\"\/><\/p>\n<h3>Alumiiniumvarraste tootmise t\u00f6\u00f6koda<\/h3>\n<p><img decoding=\"async\" src=\"\/wp-content\/uploads\/factory-02.webp\"\/><\/p>\n<p><img decoding=\"async\" src=\"\/wp-content\/uploads\/factory-03.webp\"\/><\/p>\n<h3>hallituse ladustamise ladu<\/h3>\n<p><img decoding=\"async\" src=\"\/wp-content\/uploads\/factory-04.webp\"\/><\/p>\n<h3>43 alumiiniumi ekstrusiooniliini (500-5500 tonni)<\/h3>\n<p><img decoding=\"async\" src=\"\/wp-content\/uploads\/factory-05.webp\"\/><\/p>\n<p><img decoding=\"async\" src=\"\/wp-content\/uploads\/factory-06.webp\"\/><\/p>\n<p><img decoding=\"async\" src=\"\/wp-content\/uploads\/factory-07.webp\"\/><\/p>\n<h3>Pulberv\u00e4rvimise t\u00f6\u00f6koda<\/h3>\n<p><img decoding=\"async\" src=\"\/wp-content\/uploads\/factory-09.webp\"\/><\/p>\n<h3>Anodiseerimise t\u00f6\u00f6koda<\/h3>\n<p><img decoding=\"async\" src=\"\/wp-content\/uploads\/factory-10.webp\"\/><\/p>\n<h3>S\u00fcgavt\u00f6\u00f6tlemise t\u00f6\u00f6tuba<\/h3>\n<p><img decoding=\"async\" src=\"\/wp-content\/uploads\/factory-11.webp\"\/><\/p>\n<h3>CNC-t\u00e4ppist\u00f6\u00f6tlemise t\u00f6\u00f6koda<\/h3>\n<p><img decoding=\"async\" src=\"\/wp-content\/uploads\/factory-11.5.webp\"\/><\/p>\n<h3>Valmistoodete ja ekspordi ladu<\/h3>\n<p><img decoding=\"async\" src=\"\/wp-content\/uploads\/factory-12.webp\"\/><\/p>\n<p><img decoding=\"async\" src=\"\/wp-content\/uploads\/factory-13.webp\"\/><\/p>\n<p><img decoding=\"async\" src=\"\/wp-content\/uploads\/factory-14.webp\"\/><\/p>\n<h2>KKK<\/h2>\n<p><p><b>1.Milleks kasutatakse alumiiniumist U-profiili?<\/b><\/p>\n<p>Alumiiniumist U-profiili kasutatakse servakaitseks, raamimiseks, liuguritelgedeks ja dekoratiivseteks liistudeks ehituses, m\u00f6\u00f6blis ja arhitektuurses kasutuses.<br \/>\n<\/p><br \/>\n<br \/>\n<p><b>2.Millised on alumiiniumist U-profiili peamised eelised?<\/b><\/p>\n<p>Alumiiniumist U-profiil pakub suurt tugevuse ja kaalu suhet, suurep\u00e4rast korrosioonikindlust ja t\u00e4pset m\u00f5\u00f5tu, mis tagab usaldusv\u00e4\u00e4rse toimimise ja pikaealisuse.<br \/>\n<\/p><br \/>\n<br \/>\n<p><b>3.Miks valida alumiiniumist U-profiil teiste ekstrusioonivormide asemel?<\/b><\/p>\n<p>Alumiiniumist U-profiil pakub paremat kanalituge, lihtsat kokkupanekut ja elegantset esteetikat v\u00f5rreldes lamedate varraste v\u00f5i L-profiilidega.<br \/>\n<\/p><br \/>\n<br \/>\n<p><b>4.Kas alumiiniumist U-profiile saab kohandada?<\/b><\/p>\n<p>Jah, alumiiniumist U-profiile saab kohandada kanali laiuse, jala k\u00f5rguse, seina paksuse, sulami klassi ja pinnaviimistluse j\u00e4rgi, et t\u00e4ita konkreetseid projekteerimis- ja struktuurin\u00f5udeid.<br \/>\n<\/p><br \/>\n<br \/>\n<p><b>5.Millised pinnaviimistlused on saadaval alumiiniumist U-profiilidele?<\/b><\/p>\n<p>Alumiinium U-profiili tavalised viimistlused h\u00f5lmavad anodeerimist, pulberv\u00e4rvimist ja freesimist, mis parandavad korrosioonikaitset, vastupidavust ja visuaalset atraktiivsust.<br \/>\n<\/p><br \/>\n<br \/>\n<p><b>6.Kas alumiiniumist U-profiilid sobivad v\u00e4litingimustes kasutamiseks?<\/b><\/p>\n<p>Jah, anodeeritud v\u00f5i pulberv\u00e4rvitud viimistlusega alumiiniumist U-profiil on v\u00e4ga vastupidav UV-kiirgusele, niiskusele ja karmidele ilmastikutingimustele.<br \/>\n<\/p><br \/>\n<br \/>\n<p><b>7.Kuidas parandab alumiiniumist U-profiil paigaldamise t\u00f5husust?<\/b><\/p>\n<p>Alumiiniumist U-profiili \u00fchtlane kanal ja t\u00e4psed tolerantsid v\u00f5imaldavad paneelide, tihendite ja tarvikute kiiret, t\u00f6\u00f6riistadeta paigaldamist, v\u00e4hendades t\u00f6\u00f6aega.<br \/>\n<\/p><br \/>\n<br \/>\n<p><b>8.Kuidas toetavad alumiiniumist U-profiilid s\u00e4\u00e4stvat disaini?<\/b><\/p>\n<p>Alumiiniumist U-profiil on 100% taaskasutatav ja energiat\u00f5husam toota, v\u00e4hendades materjalij\u00e4\u00e4tmeid ja keskkonnam\u00f5ju rohelistes ehitusprojektides.<br \/>\n<\/p><br \/><\/p>","protected":false},"featured_media":6443,"template":"","categories":[60],"class_list":["post-6444","product","type-product","status-publish","has-post-thumbnail","hentry","category-general-tubes-and-bars"],"meta_box":{"hilight_text_group":{"product_hilight_text":"<li>U-shaped profile offers strong structural support and versatility<\/li>\r\r\n<li>Made from corrosion-resistant aluminum alloy for durability<\/li>\r\r\n<li>Precision extrusion ensures consistent dimensions and smooth finish<\/li>\r\r\n<li>Available in various sizes and thicknesses to suit different applications<\/li>\r\r\n<li>Ideal for construction, framing, and industrial fabrication projects<\/li>","product_chanpin_blog":"<ul>\r\r\n<li><a href=\"https:\/\/sinoextrud.com\/t-slot-v-slot-differences\/\" target=\"_blank\">t slot vs v slot<\/a><\/li>\r\r\n<li><a href=\"https:\/\/sinoextrud.com\/what-is-4040-aluminium-extrud\/\" target=\"_blank\">4040 aluminium extrusion<\/a><\/li>\r\r\n<li><a href=\"https:\/\/sinoextrud.com\/what-is-4040-aluminium-extrud\/\" target=\"_blank\">aluminum extrusions for industrial racks<\/a><\/li>\r\r\n<li><a href=\"https:\/\/sinoextrud.com\/powder-coating-aluminium-process\/\" target=\"_blank\">powder coating aluminium<\/a><\/li>\r\r\n<li><a href=\"https:\/\/sinoextrud.com\/what-is-an-aluminium-strip-ceiling\/\" target=\"_blank\">aluminium strip ceiling<\/a><\/li>\r\r\n<li><a href=\"https:\/\/sinoextrud.com\/what-is-a-heat-sink\/\" target=\"_blank\">what is a heat sink<\/a><\/li>\r\r\n<\/ul>","product_chanpin_chanpin":"<li><a href=\"https:\/\/sinoextrud.com\/product\/extruded-aluminum-z-bar\/\" target=\"_blank\">Extruded Aluminum Z Bar<\/a><\/li>\r\n<li><a href=\"https:\/\/sinoextrud.com\/product\/aluminium-extrusion-pipe\/\" target=\"_blank\">Aluminium Extrusion Pipe<\/a><\/li>\r\n<li><a href=\"https:\/\/sinoextrud.com\/product\/alloy-aluminium\/\" target=\"_blank\">Alloy Aluminium<\/a><\/li>\r\n<li><a href=\"https:\/\/sinoextrud.com\/product\/aluminium-piping\/\" target=\"_blank\">Aluminium Piping<\/a><\/li>\r\n<li><a href=\"https:\/\/sinoextrud.com\/product\/aluminum-u-profile\/\" target=\"_blank\">Aluminum U Profile<\/a><\/li>\r\n<li><a href=\"https:\/\/sinoextrud.com\/product\/short-run-custom-aluminum-extrusions\/\" target=\"_blank\">Short Run Custom Aluminum Extrusions<\/a><\/li>\r\n<li><a href=\"https:\/\/sinoextrud.com\/product\/thick-wall-large-diameter-aluminium-pipe\/\" target=\"_blank\">Thick Wall Large Diameter Aluminium Pipe<\/a><\/li>\r\n<li><a href=\"https:\/\/sinoextrud.com\/product\/triangle-aluminium-tube-factory-price\/\" target=\"_blank\">Triangle Aluminium Tube Factory Price<\/a><\/li>\r\n<li><a href=\"https:\/\/sinoextrud.com\/product\/oval-aluminum-tube\/\" target=\"_blank\">Oval Aluminum Tube<\/a><\/li>\r\n<li><a href=\"https:\/\/sinoextrud.com\/product\/aluminum-profile-led-light-strip-bar\/\" target=\"_blank\">Aluminum Profile LED Light Strip Bar<\/a><\/li>\r\n<li><a href=\"https:\/\/sinoextrud.com\/product\/aluminum-z-section-extrusions\/\" target=\"_blank\">Aluminum Z Section Extrusions<\/a><\/li>"},"feature_list":[]},"_links":{"self":[{"href":"https:\/\/sinoextrud.com\/et\/wp-json\/wp\/v2\/product\/6444","targetHints":{"allow":["GET"]}}],"collection":[{"href":"https:\/\/sinoextrud.com\/et\/wp-json\/wp\/v2\/product"}],"about":[{"href":"https:\/\/sinoextrud.com\/et\/wp-json\/wp\/v2\/types\/product"}],"wp:featuredmedia":[{"embeddable":true,"href":"https:\/\/sinoextrud.com\/et\/wp-json\/wp\/v2\/media\/6443"}],"wp:attachment":[{"href":"https:\/\/sinoextrud.com\/et\/wp-json\/wp\/v2\/media?parent=6444"}],"wp:term":[{"taxonomy":"category","embeddable":true,"href":"https:\/\/sinoextrud.com\/et\/wp-json\/wp\/v2\/categories?post=6444"}],"curies":[{"name":"wp","href":"https:\/\/api.w.org\/{rel}","templated":true}]}}