{"id":6442,"date":"2025-05-29T01:54:21","date_gmt":"2025-05-29T01:54:21","guid":{"rendered":"https:\/\/sinoextrud.com\/product\/aluminium-piping\/"},"modified":"2025-06-24T06:10:54","modified_gmt":"2025-06-24T06:10:54","slug":"alumiiniumtorustik","status":"publish","type":"product","link":"https:\/\/sinoextrud.com\/et\/product\/aluminium-piping\/","title":{"rendered":"Alumiiniumtorustik"},"content":{"rendered":"<h2>Toodete \u00fcksikasjad<\/h2>\n<table class=\"custom-table\">\n<tr>\n<td class=\"label\">Punkti<\/td>\n<td>Alumiiniumtorud Alumiiniumtorud\/-torud\/-torud Alumiiniumtorud\/-torud<\/td>\n<\/tr>\n<tr>\n<td class=\"label\">Materjal<\/td>\n<td>Alumiinium<\/td>\n<\/tr>\n<tr>\n<td class=\"label\">Hinne<\/td>\n<td>1000-seeria: 1050,1060,1070,1080,1100,1435, etc<br \/>2000 seeria: 2011,2014,2017,2024 jne.<br \/>3000 seeria: 3002,3003,3104,3204,3030 jne.<br \/>5000 seeria: 5005,5025,5040,5056,5083 jne.<br \/>6000-seeria: 6101,6003,6061,6063,6020,6201,6262,6082, etc<br \/>7000 seeria: 7003,7005,7050,7075 jne.<\/td>\n<\/tr>\n<tr>\n<td class=\"label\">standardid<\/td>\n<td>ASTM, ASME, EN, JIS, DIN, GB\/T jne.<\/td>\n<\/tr>\n<tr>\n<td class=\"label\">Suurus<\/td>\n<td>V\u00e4lisl\u00e4bim\u00f5\u00f5t: 3-250mm<br \/>Seina paksus: 0.3-50mm<br \/>Pikkus: 10mm -6000mm<\/td>\n<\/tr>\n<tr>\n<td class=\"label\">Kuju<\/td>\n<td>\u00dcmmargune\/ruut\/ruutk\u00fclikukujuline<\/td>\n<\/tr>\n<tr>\n<td class=\"label\">Pinnat\u00f6\u00f6tlus<\/td>\n<td>V\u00e4rvitud viimistlus<br \/>Anodeeritud<br \/>Elektroforees<br \/>Pulbriga katmine<br \/>Puidust tera<br \/>Liivapritsimine<\/td>\n<\/tr>\n<tr>\n<td class=\"label\">Pinna v\u00e4rvid<\/td>\n<td>Loodus, h\u00f5be, pronks, \u0161ampanja, must, gloden jne.<br \/>Nagu kohandatud<\/td>\n<\/tr>\n<tr>\n<td class=\"label\">Temper<\/td>\n<td>T3-T8<\/td>\n<\/tr>\n<tr>\n<td class=\"label\">Vormik\/muster<\/td>\n<td>1. Kasutades meie vorme, ei ole tasu<br \/>2. Kasutades kliendi joonist, avamine hallituse, tavaliselt umbes 5 tonni vormimise tasu on tasuta.<br \/>3. V\u00f5ib arutada.<\/td>\n<\/tr>\n<tr>\n<td class=\"label\">Taotlus<\/td>\n<td>1. Valgustus, p\u00e4ikesepeegelduse plaat.<br \/>2. arhitektuurne v\u00e4limus, sisekujundus: lagi, metoop, m\u00f6\u00f6bel, kapid ja nii edasi.<br \/>3.lift, nimeplaat, kotid.<br \/>4.automotive sise- ja v\u00e4liskujundus.<br \/>5. Sisekujundus: n\u00e4iteks pildiraam.<br \/>6.kodumasinad, k\u00fclmkapp, mikrolaineahi, heliseadmed.<br \/>7. Lennundus ja s\u00f5jalised aspektid.<br \/>8, masinaosade t\u00f6\u00f6tlemine, hallituse tootmine .<br \/>9. keemiline\/isolatsiooniline torustiku katmine.<\/td>\n<\/tr>\n<\/table>\n<h2>Meie tootmisbaas<\/h2>\n<h3>Tehase panoraam<\/h3>\n<p><img decoding=\"async\" src=\"\/wp-content\/uploads\/factory-01.webp\"\/><\/p>\n<h3>Alumiiniumvarraste tootmise t\u00f6\u00f6koda<\/h3>\n<p><img decoding=\"async\" src=\"\/wp-content\/uploads\/factory-02.webp\"\/><\/p>\n<p><img decoding=\"async\" src=\"\/wp-content\/uploads\/factory-03.webp\"\/><\/p>\n<h3>hallituse ladustamise ladu<\/h3>\n<p><img decoding=\"async\" src=\"\/wp-content\/uploads\/factory-04.webp\"\/><\/p>\n<h3>43 alumiiniumi ekstrusiooniliini (500-5500 tonni)<\/h3>\n<p><img decoding=\"async\" src=\"\/wp-content\/uploads\/factory-05.webp\"\/><\/p>\n<p><img decoding=\"async\" src=\"\/wp-content\/uploads\/factory-06.webp\"\/><\/p>\n<p><img decoding=\"async\" src=\"\/wp-content\/uploads\/factory-07.webp\"\/><\/p>\n<h3>Pulberv\u00e4rvimise t\u00f6\u00f6koda<\/h3>\n<p><img decoding=\"async\" src=\"\/wp-content\/uploads\/factory-09.webp\"\/><\/p>\n<h3>Anodiseerimise t\u00f6\u00f6koda<\/h3>\n<p><img decoding=\"async\" src=\"\/wp-content\/uploads\/factory-10.webp\"\/><\/p>\n<h3>S\u00fcgavt\u00f6\u00f6tlemise t\u00f6\u00f6tuba<\/h3>\n<p><img decoding=\"async\" src=\"\/wp-content\/uploads\/factory-11.webp\"\/><\/p>\n<h3>CNC-t\u00e4ppist\u00f6\u00f6tlemise t\u00f6\u00f6koda<\/h3>\n<p><img decoding=\"async\" src=\"\/wp-content\/uploads\/factory-11.5.webp\"\/><\/p>\n<h3>Valmistoodete ja ekspordi ladu<\/h3>\n<p><img decoding=\"async\" src=\"\/wp-content\/uploads\/factory-12.webp\"\/><\/p>\n<p><img decoding=\"async\" src=\"\/wp-content\/uploads\/factory-13.webp\"\/><\/p>\n<p><img decoding=\"async\" src=\"\/wp-content\/uploads\/factory-14.webp\"\/><\/p>\n<h2>KKK<\/h2>\n<p><p><b>1.Milleks kasutatakse alumiiniumtorusid?<\/b><\/p>\n<p>Alumiiniumtorusid kasutatakse torustikus, HVAC-s\u00fcsteemides, t\u00f6\u00f6stuslike vedelike transpordis ja autode jahutuskontuurides t\u00e4nu nende kergele tugevusele ja korrosioonikindlusele.<br \/>\n<\/p><br \/>\n<br \/>\n<p><b>2.Millised on alumiiniumtorude peamised eelised?<\/b><\/p>\n<p>Alumiiniumtorustik pakub suurt tugevuse ja kaalu suhet, suurep\u00e4rast korrosioonikindlust, soojusjuhtivust ja pikka kasutusiga minimaalse hooldusega.<br \/>\n<\/p><br \/>\n<br \/>\n<p><b>3.Miks valida alumiiniumtorustik terase v\u00f5i plastist alternatiivide asemel?<\/b><\/p>\n<p>Alumiiniumtorustik on kergem kui teras ja vastupidavam kui plastik, pakkudes paremat voolut\u00f5husust, v\u00e4iksemaid paigalduskulusid ja paremat korrosioonikindlust.<br \/>\n<\/p><br \/>\n<br \/>\n<p><b>4.Kas alumiiniumtorusid saab kohandada?<\/b><\/p>\n<p>Jah, alumiiniumtorusid saab pressida v\u00f5i t\u00f5mmata erinevate l\u00e4bim\u00f5\u00f5tude, seinapaksuste, pikkuste ja sulamite kvaliteediklassidega, et vastata konkreetsetele projekti- ja t\u00f6\u00f6stusstandarditele.<br \/>\n<\/p><br \/>\n<br \/>\n<p><b>5.Milliseid pinnat\u00f6\u00f6tlusi on alumiiniumtorude puhul v\u00f5imalik kasutada?<\/b><\/p>\n<p>Levinud pinnat\u00f6\u00f6tluse hulka kuuluvad anodeerimine, pulberv\u00e4rvimine ja freesimine, et suurendada korrosioonikaitset, kulumiskindlust ja esteetilist atraktiivsust.<br \/>\n<\/p><br \/>\n<br \/>\n<p><b>6.Kas alumiiniumtorud sobivad kasutamiseks v\u00e4listingimustes ja merel?<\/b><\/p>\n<p>Jah, korraliku pinnat\u00f6\u00f6tlusega alumiiniumtorustik on vastupidav UV-kiirgusele, soolapihustusele ja karmidele ilmastikutingimustele, mist\u00f5ttu on see ideaalne v\u00e4litingimustes ja meres kasutamiseks.<br \/>\n<\/p><br \/>\n<br \/>\n<p><b>7.Kuidas toetab alumiiniumtorustik t\u00f5husat soojusjuhtimist?<\/b><\/p>\n<p>Alumiiniumi k\u00f5rge soojusjuhtivus v\u00f5imaldab kiiret soojus\u00fclekannet HVAC-, jahutus- ja soojusvahetuss\u00fcsteemides, parandades \u00fcldist energiat\u00f5husust.<br \/>\n<\/p><br \/>\n<br \/>\n<p><b>8.Kuidas aitavad alumiiniumtorustikud kaasa s\u00e4\u00e4stvale projekteerimisele?<\/b><\/p>\n<p>Alumiinium on 100% ringlussev\u00f5etav ja energiat\u00f5husa tootmisega ning alumiiniumtorude kasutamine v\u00e4hendab materjalij\u00e4\u00e4tmeid ja keskkonnam\u00f5ju kogu eluts\u00fckli jooksul.<br \/>\n<\/p><br \/><\/p>","protected":false},"featured_media":6441,"template":"","categories":[60],"class_list":["post-6442","product","type-product","status-publish","has-post-thumbnail","hentry","category-general-tubes-and-bars"],"meta_box":{"hilight_text_group":{"product_hilight_text":"<li>Lightweight and durable, ideal for fluid transport and structural use<\/li>\r\r\n<li>Corrosion-resistant aluminum ensures long service life<\/li>\r\r\n<li>Available in various diameters, wall thicknesses, and lengths<\/li>\r\r\n<li>Easy to cut, weld, and fabricate for custom applications<\/li>\r\r\n<li>Supports bulk orders with consistent quality and timely delivery<\/li>","product_chanpin_blog":"<ul>\r\r\n<li><a href=\"https:\/\/sinoextrud.com\/t-slot-v-slot-differences\/\" target=\"_blank\">t slot vs v slot<\/a><\/li>\r\r\n<li><a href=\"https:\/\/sinoextrud.com\/what-is-4040-aluminium-extrud\/\" target=\"_blank\">4040 aluminium extrusion<\/a><\/li>\r\r\n<li><a href=\"https:\/\/sinoextrud.com\/what-is-4040-aluminium-extrud\/\" target=\"_blank\">aluminum extrusions for industrial racks<\/a><\/li>\r\r\n<li><a href=\"https:\/\/sinoextrud.com\/powder-coating-aluminium-process\/\" target=\"_blank\">powder coating aluminium<\/a><\/li>\r\r\n<li><a href=\"https:\/\/sinoextrud.com\/what-is-an-aluminium-strip-ceiling\/\" target=\"_blank\">aluminium strip ceiling<\/a><\/li>\r\r\n<li><a href=\"https:\/\/sinoextrud.com\/what-is-a-heat-sink\/\" target=\"_blank\">what is a heat sink<\/a><\/li>\r\r\n<\/ul>","product_chanpin_chanpin":"<li><a href=\"https:\/\/sinoextrud.com\/product\/thin-wall-extruded-aluminum-tubing\/\" target=\"_blank\">Thin Wall Extruded Aluminum Tubing<\/a><\/li>\r\n<li><a href=\"https:\/\/sinoextrud.com\/product\/extruded-aluminum-z-bar\/\" target=\"_blank\">Extruded Aluminum Z Bar<\/a><\/li>\r\n<li><a href=\"https:\/\/sinoextrud.com\/product\/aluminium-extrusion-pipe\/\" target=\"_blank\">Aluminium Extrusion Pipe<\/a><\/li>\r\n<li><a href=\"https:\/\/sinoextrud.com\/product\/alloy-aluminium\/\" target=\"_blank\">Alloy Aluminium<\/a><\/li>\r\n<li><a href=\"https:\/\/sinoextrud.com\/product\/aluminium-piping\/\" target=\"_blank\">Aluminium Piping<\/a><\/li>\r\n<li><a href=\"https:\/\/sinoextrud.com\/product\/aluminum-u-profile\/\" target=\"_blank\">Aluminum U Profile<\/a><\/li>\r\n<li><a href=\"https:\/\/sinoextrud.com\/product\/short-run-custom-aluminum-extrusions\/\" target=\"_blank\">Short Run Custom Aluminum Extrusions<\/a><\/li>\r\n<li><a href=\"https:\/\/sinoextrud.com\/product\/thick-wall-large-diameter-aluminium-pipe\/\" target=\"_blank\">Thick Wall Large Diameter Aluminium Pipe<\/a><\/li>\r\n<li><a href=\"https:\/\/sinoextrud.com\/product\/triangle-aluminium-tube-factory-price\/\" target=\"_blank\">Triangle Aluminium Tube Factory Price<\/a><\/li>\r\n<li><a href=\"https:\/\/sinoextrud.com\/product\/hook-type-sereen-ceiling-system\/\" target=\"_blank\">Hook Type Sereen Ceiling System<\/a><\/li>\r\n<li><a href=\"https:\/\/sinoextrud.com\/product\/o-shape-baffle-ceiling-system\/\" target=\"_blank\">O-shape Baffle Ceiling System<\/a><\/li>"},"feature_list":[]},"_links":{"self":[{"href":"https:\/\/sinoextrud.com\/et\/wp-json\/wp\/v2\/product\/6442","targetHints":{"allow":["GET"]}}],"collection":[{"href":"https:\/\/sinoextrud.com\/et\/wp-json\/wp\/v2\/product"}],"about":[{"href":"https:\/\/sinoextrud.com\/et\/wp-json\/wp\/v2\/types\/product"}],"wp:featuredmedia":[{"embeddable":true,"href":"https:\/\/sinoextrud.com\/et\/wp-json\/wp\/v2\/media\/6441"}],"wp:attachment":[{"href":"https:\/\/sinoextrud.com\/et\/wp-json\/wp\/v2\/media?parent=6442"}],"wp:term":[{"taxonomy":"category","embeddable":true,"href":"https:\/\/sinoextrud.com\/et\/wp-json\/wp\/v2\/categories?post=6442"}],"curies":[{"name":"wp","href":"https:\/\/api.w.org\/{rel}","templated":true}]}}