{"id":6436,"date":"2025-05-28T10:29:18","date_gmt":"2025-05-28T10:29:18","guid":{"rendered":"https:\/\/sinoextrud.com\/product\/alloy-aluminium\/"},"modified":"2025-06-24T06:10:55","modified_gmt":"2025-06-24T06:10:55","slug":"alumiiniumsulam","status":"publish","type":"product","link":"https:\/\/sinoextrud.com\/et\/product\/alloy-aluminium\/","title":{"rendered":"Alumiiniumsulam"},"content":{"rendered":"<h2>Toodete \u00fcksikasjad<\/h2>\n<table class=\"custom-table\">\n<tr>\n<td class=\"label\">Punkti<\/td>\n<td>Alumiiniumtorud Alumiiniumtorud\/torud\/torud Alumiiniumsulam<\/td>\n<\/tr>\n<tr>\n<td class=\"label\">Materjal<\/td>\n<td>Alumiinium<\/td>\n<\/tr>\n<tr>\n<td class=\"label\">Hinne<\/td>\n<td>1000-seeria: 1050,1060,1070,1080,1100,1435, etc<br \/>2000 seeria: 2011,2014,2017,2024 jne.<br \/>3000 seeria: 3002,3003,3104,3204,3030 jne.<br \/>5000 seeria: 5005,5025,5040,5056,5083 jne.<br \/>6000-seeria: 6101,6003,6061,6063,6020,6201,6262,6082, etc<br \/>7000 seeria: 7003,7005,7050,7075 jne.<\/td>\n<\/tr>\n<tr>\n<td class=\"label\">standardid<\/td>\n<td>ASTM, ASME, EN, JIS, DIN, GB\/T jne.<\/td>\n<\/tr>\n<tr>\n<td class=\"label\">Suurus<\/td>\n<td>V\u00e4lisl\u00e4bim\u00f5\u00f5t: 3-250mm<br \/>Seina paksus: 0.3-50mm<br \/>Pikkus: 10mm -6000mm<\/td>\n<\/tr>\n<tr>\n<td class=\"label\">Kuju<\/td>\n<td>\u00dcmmargune\/ruut\/ruutk\u00fclikukujuline<\/td>\n<\/tr>\n<tr>\n<td class=\"label\">Pinnat\u00f6\u00f6tlus<\/td>\n<td>V\u00e4rvitud viimistlus<br \/>Anodeeritud<br \/>Elektroforees<br \/>Pulbriga katmine<br \/>Puidust tera<br \/>Liivapritsimine<\/td>\n<\/tr>\n<tr>\n<td class=\"label\">Pinna v\u00e4rvid<\/td>\n<td>Loodus, h\u00f5be, pronks, \u0161ampanja, must, gloden jne.<br \/>Nagu kohandatud<\/td>\n<\/tr>\n<tr>\n<td class=\"label\">Temper<\/td>\n<td>T3-T8<\/td>\n<\/tr>\n<tr>\n<td class=\"label\">Vormik\/muster<\/td>\n<td>1. Kasutades meie vorme, ei ole tasu<br \/>2. Kasutades kliendi joonist, avamine hallituse, tavaliselt umbes 5 tonni vormimise tasu on tasuta.<br \/>3. Saab diguessed.<\/td>\n<\/tr>\n<tr>\n<td class=\"label\">Taotlus<\/td>\n<td>1. Valgustus, p\u00e4ikesepeegelduse plaat.<br \/>2. arhitektuurne v\u00e4limus, sisekujundus: lagi, metoop, m\u00f6\u00f6bel, kapid ja nii edasi.<br \/>3.lift, nimeplaat, kotid.<br \/>4.automotive sise- ja v\u00e4liskujundus.<br \/>5. Sisekujundus: n\u00e4iteks pildiraam.<br \/>6.kodumasinad, k\u00fclmkapp, mikrolaineahi, heliseadmed.<br \/>7. Lennundus ja s\u00f5jalised aspektid.<br \/>8, masinaosade t\u00f6\u00f6tlemine, hallituse tootmine .<br \/>9. keemiline\/isolatsiooniline torustiku katmine.<br \/>Erinevate pinnat\u00f6\u00f6tlusviiside omadused<\/td>\n<\/tr>\n<tr>\n<td class=\"label\">V\u00e4rvitud viimistlus<\/td>\n<td>Riikliku standardi alumiiniumist tooraine, mis on hiljem saadaval igasuguse pinnat\u00f6\u00f6tluse jaoks.<\/td>\n<\/tr>\n<tr>\n<td class=\"label\">Anodeerimine<\/td>\n<td>Oks\u00fcdatsioonikile paksus \u00fcle 13mu, \u00fchtlane v\u00e4rvus, ilma mehaaniliste joonteta, korrosioonikindlus, vastupidav s\u00e4ra ja dekoratiivsus. Saadaval erinevates v\u00e4rvides nagu metall h\u00f5be, \u0161ampanja, tume, pronks, must.......<\/td>\n<\/tr>\n<tr>\n<td class=\"label\">Elektroforees<\/td>\n<td>13 aastat kvaliteedi tagamist, v\u00e4rvi elegantselt ja \u00fchtlane v\u00e4rv, pind ilma teravilja l\u00e4ikiva pinnaga, korrosioonikindlus, k\u00f5rge kulumiskindlus, k\u00f5rge pind ja heledus. Saadaval erinevates v\u00e4rvides, nagu metallist h\u00f5bedane.<\/td>\n<\/tr>\n<tr>\n<td class=\"label\">Harjatud<\/td>\n<td>Valikuline v\u00e4rv l\u00f6\u00f6mingu kaunistamise eesm\u00e4rgil, n\u00e4iteks pildiraam, aken ja uks.<\/td>\n<\/tr>\n<tr>\n<td class=\"label\">Puidu tera<\/td>\n<td>1.Smooth pinna v\u00e4limus.<br \/>2. Katte suur k\u00f5vadus ja l\u00f6\u00f6gikindlus.<br \/>3. K\u00f5rge korrosioonikindlus, ilmastikukindlus, soojus ja alkli vastupidavus.<br \/>4. Uue p\u00f5lvkonna dekoratiivne materjal, mis annab loomuliku v\u00e4limuse.<\/td>\n<\/tr>\n<tr>\n<td class=\"label\">Pulbriga katmine<\/td>\n<td>1. \u00dchtne v\u00e4rvus.<br \/>2. Katte suur k\u00f5vadus ja tugev haarduvus.<br \/>3. K\u00f5rge korrosiooni-, ilmastiku-, soojus-, alkli- ja l\u00f6\u00f6gikindlus.<\/td>\n<\/tr>\n<\/table>\n<h2>Meie tootmisbaas<\/h2>\n<h3>Tehase panoraam<\/h3>\n<p><img decoding=\"async\" src=\"\/wp-content\/uploads\/factory-01.webp\"\/><\/p>\n<h3>Alumiiniumvarraste tootmise t\u00f6\u00f6koda<\/h3>\n<p><img decoding=\"async\" src=\"\/wp-content\/uploads\/factory-02.webp\"\/><\/p>\n<p><img decoding=\"async\" src=\"\/wp-content\/uploads\/factory-03.webp\"\/><\/p>\n<h3>hallituse ladustamise ladu<\/h3>\n<p><img decoding=\"async\" src=\"\/wp-content\/uploads\/factory-04.webp\"\/><\/p>\n<h3>43 alumiiniumi ekstrusiooniliini (500-5500 tonni)<\/h3>\n<p><img decoding=\"async\" src=\"\/wp-content\/uploads\/factory-05.webp\"\/><\/p>\n<p><img decoding=\"async\" src=\"\/wp-content\/uploads\/factory-06.webp\"\/><\/p>\n<p><img decoding=\"async\" src=\"\/wp-content\/uploads\/factory-07.webp\"\/><\/p>\n<h3>Pulberv\u00e4rvimise t\u00f6\u00f6koda<\/h3>\n<p><img decoding=\"async\" src=\"\/wp-content\/uploads\/factory-09.webp\"\/><\/p>\n<h3>Anodiseerimise t\u00f6\u00f6koda<\/h3>\n<p><img decoding=\"async\" src=\"\/wp-content\/uploads\/factory-10.webp\"\/><\/p>\n<h3>S\u00fcgavt\u00f6\u00f6tlemise t\u00f6\u00f6tuba<\/h3>\n<p><img decoding=\"async\" src=\"\/wp-content\/uploads\/factory-11.webp\"\/><\/p>\n<h3>CNC-t\u00e4ppist\u00f6\u00f6tlemise t\u00f6\u00f6koda<\/h3>\n<p><img decoding=\"async\" src=\"\/wp-content\/uploads\/factory-11.5.webp\"\/><\/p>\n<h3>Valmistoodete ja ekspordi ladu<\/h3>\n<p><img decoding=\"async\" src=\"\/wp-content\/uploads\/factory-12.webp\"\/><\/p>\n<p><img decoding=\"async\" src=\"\/wp-content\/uploads\/factory-13.webp\"\/><\/p>\n<p><img decoding=\"async\" src=\"\/wp-content\/uploads\/factory-14.webp\"\/><\/p>\n<h2>KKK<\/h2>\n<p><p><b>1.Milleks kasutatakse alumiiniumsulamit?<\/b><\/p>\n<p>Alumiiniumsulamit kasutatakse lennunduses, autot\u00f6\u00f6stuses, ehituses ja tarbeelektroonikas selle suurema tugevuse, kerguse ja mitmek\u00fclgsuse t\u00f5ttu.<br \/>\n<\/p><br \/>\n<br \/>\n<p><b>2.Millised on alumiiniumsulami peamised eelised?<\/b><\/p>\n<p>Alumiiniumsulam pakub parema tugevuse ja kaalu suhte, suurep\u00e4rast korrosioonikindlust ning paremat soojus- ja elektrijuhtivust v\u00f5rreldes puhta alumiiniumiga.<br \/>\n<\/p><br \/>\n<br \/>\n<p><b>3.Miks valida sulamalumiinium puhtast alumiiniumist?<\/b><\/p>\n<p>Alumiiniumisulam pakub suuremat mehaanilist tugevust, paremat v\u00e4simuskindlust ja kohandatud j\u00f5udlust erinevate legeerivate elementide, nagu r\u00e4ni, magneesium ja vask, abil.<br \/>\n<\/p><br \/>\n<br \/>\n<p><b>4.Kas alumiiniumsulamit saab kohandada konkreetsete rakenduste jaoks?<\/b><\/p>\n<p>Jah, sulamalumiiniumi saab formuleerida erinevate sulamit\u00fc\u00fcpidega (nt 6061, 7075, 2024), et optimeerida tugevust, keevitatavust ja pinna viimistlust sihtotstarbeliste t\u00f6\u00f6stusharude jaoks.<br \/>\n<\/p><br \/>\n<br \/>\n<p><b>5.Milliseid pinnat\u00f6\u00f6tlusi on v\u00f5imalik kasutada alumiiniumsulami puhul?<\/b><\/p>\n<p>Levinud t\u00f6\u00f6tlemisviisid on anodeerimine, pulberv\u00e4rvimine ja mehaaniline poleerimine, mis parandavad korrosioonikaitset, k\u00f5vadust ja esteetilist v\u00e4limust.<br \/>\n<\/p><br \/>\n<br \/>\n<p><b>6.Kuidas toetab sulamalumiinium s\u00e4\u00e4stvat tootmist?<\/b><\/p>\n<p>Alumiiniumsulam on 100% taaskasutatav, n\u00f5uab v\u00e4hem energiat ringlussev\u00f5etud materjali tootmiseks ja pikendab toote kasutusiga t\u00e4nu vastupidavale toimimisele, v\u00e4hendades keskkonnam\u00f5ju.<br \/>\n<\/p><br \/>\n<br \/>\n<p><b>7.Millised t\u00f6\u00f6stusharud saavad alumiiniumsulamist k\u00f5ige rohkem kasu?<\/b><\/p>\n<p>Sellised t\u00f6\u00f6stusharud nagu lennundus, autot\u00f6\u00f6stus, laevandus, ehitus ja elektroonika kasutavad alumiiniumisulamit kergete konstruktsioonide, k\u00fctuses\u00e4\u00e4stlikkuse ja t\u00e4ppisehituse jaoks.<br \/>\n<\/p><br \/><\/p>","protected":false},"featured_media":6435,"template":"","categories":[60],"class_list":["post-6436","product","type-product","status-publish","has-post-thumbnail","hentry","category-general-tubes-and-bars"],"meta_box":{"hilight_text_group":{"product_hilight_text":"<li>High-strength alloy composition ensures durability and performance<\/li>\r\r\n<li>Excellent corrosion resistance suitable for harsh environments<\/li>\r\r\n<li>Lightweight material reduces overall product weight and costs<\/li>\r\r\n<li>Versatile applications across automotive, aerospace, and construction<\/li>\r\r\n<li>Customizable grades and finishes to meet specific project needs<\/li>","product_chanpin_blog":"<ul>\r\r\n<li><a href=\"https:\/\/sinoextrud.com\/t-slot-v-slot-differences\/\" target=\"_blank\">t slot vs v slot<\/a><\/li>\r\r\n<li><a href=\"https:\/\/sinoextrud.com\/what-is-4040-aluminium-extrud\/\" target=\"_blank\">4040 aluminium extrusion<\/a><\/li>\r\r\n<li><a href=\"https:\/\/sinoextrud.com\/what-is-4040-aluminium-extrud\/\" target=\"_blank\">aluminum extrusions for industrial racks<\/a><\/li>\r\r\n<li><a href=\"https:\/\/sinoextrud.com\/powder-coating-aluminium-process\/\" target=\"_blank\">powder coating aluminium<\/a><\/li>\r\r\n<li><a href=\"https:\/\/sinoextrud.com\/what-is-an-aluminium-strip-ceiling\/\" target=\"_blank\">aluminium strip ceiling<\/a><\/li>\r\r\n<li><a href=\"https:\/\/sinoextrud.com\/what-is-a-heat-sink\/\" target=\"_blank\">what is a heat sink<\/a><\/li>\r\r\n<\/ul>","product_chanpin_chanpin":"<li><a href=\"https:\/\/sinoextrud.com\/product\/aluminium-angles\/\" target=\"_blank\">Aluminium Angles<\/a><\/li>\r\n<li><a href=\"https:\/\/sinoextrud.com\/product\/thin-wall-extruded-aluminum-tubing\/\" target=\"_blank\">Thin Wall Extruded Aluminum Tubing<\/a><\/li>\r\n<li><a href=\"https:\/\/sinoextrud.com\/product\/extruded-aluminum-z-bar\/\" target=\"_blank\">Extruded Aluminum Z Bar<\/a><\/li>\r\n<li><a href=\"https:\/\/sinoextrud.com\/product\/aluminium-extrusion-pipe\/\" target=\"_blank\">Aluminium Extrusion Pipe<\/a><\/li>\r\n<li><a href=\"https:\/\/sinoextrud.com\/product\/alloy-aluminium\/\" target=\"_blank\">Alloy Aluminium<\/a><\/li>\r\n<li><a href=\"https:\/\/sinoextrud.com\/product\/aluminium-piping\/\" target=\"_blank\">Aluminium Piping<\/a><\/li>\r\n<li><a href=\"https:\/\/sinoextrud.com\/product\/aluminum-u-profile\/\" target=\"_blank\">Aluminum U Profile<\/a><\/li>\r\n<li><a href=\"https:\/\/sinoextrud.com\/product\/short-run-custom-aluminum-extrusions\/\" target=\"_blank\">Short Run Custom Aluminum Extrusions<\/a><\/li>\r\n<li><a href=\"https:\/\/sinoextrud.com\/product\/thick-wall-large-diameter-aluminium-pipe\/\" target=\"_blank\">Thick Wall Large Diameter Aluminium Pipe<\/a><\/li>\r\n<li><a href=\"https:\/\/sinoextrud.com\/product\/aluminium-extrusion-machining\/\" target=\"_blank\">Aluminium Extrusion Machining<\/a><\/li>\r\n<li><a href=\"https:\/\/sinoextrud.com\/product\/standard-aluminium-sections-for-partition\/\" target=\"_blank\">Standard Aluminium Sections For Partition<\/a><\/li>"},"feature_list":[]},"_links":{"self":[{"href":"https:\/\/sinoextrud.com\/et\/wp-json\/wp\/v2\/product\/6436","targetHints":{"allow":["GET"]}}],"collection":[{"href":"https:\/\/sinoextrud.com\/et\/wp-json\/wp\/v2\/product"}],"about":[{"href":"https:\/\/sinoextrud.com\/et\/wp-json\/wp\/v2\/types\/product"}],"wp:featuredmedia":[{"embeddable":true,"href":"https:\/\/sinoextrud.com\/et\/wp-json\/wp\/v2\/media\/6435"}],"wp:attachment":[{"href":"https:\/\/sinoextrud.com\/et\/wp-json\/wp\/v2\/media?parent=6436"}],"wp:term":[{"taxonomy":"category","embeddable":true,"href":"https:\/\/sinoextrud.com\/et\/wp-json\/wp\/v2\/categories?post=6436"}],"curies":[{"name":"wp","href":"https:\/\/api.w.org\/{rel}","templated":true}]}}