{"id":6434,"date":"2025-05-28T10:25:11","date_gmt":"2025-05-28T10:25:11","guid":{"rendered":"https:\/\/sinoextrud.com\/product\/aluminium-extrusion-pipe\/"},"modified":"2025-06-24T06:10:53","modified_gmt":"2025-06-24T06:10:53","slug":"alumiiniumist-ekstrusioonitoru-2","status":"publish","type":"product","link":"https:\/\/sinoextrud.com\/et\/product\/aluminium-extrusion-pipe\/","title":{"rendered":"Alumiiniumist ekstrusioonitoru"},"content":{"rendered":"<h2>Toodete \u00fcksikasjad<\/h2>\n<table class=\"custom-table\">\n<tr>\n<td class=\"label\">Nimi<\/td>\n<td>Alumiiniumist ekstrusioonitoru<\/td>\n<\/tr>\n<tr>\n<td class=\"label\">Br\u00e4nd<\/td>\n<td>Sinoextrud<\/td>\n<\/tr>\n<tr>\n<td class=\"label\">Kategooria<\/td>\n<td>Alumiiniumi ekstrusioon<\/td>\n<\/tr>\n<tr>\n<td class=\"label\">Materjal<\/td>\n<td>6063 on laialdaselt kasutusel. Saadaval on ka 6061, 6463, 6005, 6082.<\/td>\n<\/tr>\n<tr>\n<td class=\"label\">Temper<\/td>\n<td>T5-T8<\/td>\n<\/tr>\n<tr>\n<td class=\"label\">Pikkus<\/td>\n<td>Ready Cargo on 6 m, v\u00f5i kohandamine<\/td>\n<\/tr>\n<tr>\n<td class=\"label\">Suurus (mm)<\/td>\n<td>Kohandatud<\/td>\n<\/tr>\n<tr>\n<td class=\"label\">Kuju<\/td>\n<td>Kohandamine<\/td>\n<\/tr>\n<tr>\n<td class=\"label\">Pinnat\u00f6\u00f6tlus<\/td>\n<td>Power coating; Mill valmis, anodeeritud, liivapritsimine, Electrophoresis on ka saadaval<\/td>\n<\/tr>\n<tr>\n<td class=\"label\">V\u00e4rv<\/td>\n<td>H\u00f5be, must, kuld, Champange, pronks, punane. sinine ja me saame kohandada v\u00e4rve vastavalt klientide proovidele.<\/td>\n<\/tr>\n<tr>\n<td class=\"label\">Garantii<\/td>\n<td>BV , TUV ,ISO<\/td>\n<\/tr>\n<tr>\n<td class=\"label\">Standard<\/td>\n<td>Keskmine ja k\u00f5rge kvaliteet<\/td>\n<\/tr>\n<tr>\n<td class=\"label\">MOQ<\/td>\n<td>200KGS iga eseme kohta<\/td>\n<\/tr>\n<tr>\n<td class=\"label\">Alates<\/td>\n<td>Guangdong, Hiina<\/td>\n<\/tr>\n<tr>\n<td class=\"label\">Taotlus<\/td>\n<td>T\u00f6\u00f6stus, ehitus<\/td>\n<\/tr>\n<tr>\n<td class=\"label\">S\u00fcgav t\u00f6\u00f6tlemine<\/td>\n<td>L\u00f5ikamine, puurimine, mehaaniline t\u00f6\u00f6tlemine, l\u00f6\u00f6mine, painutamine, koputades jne.<\/td>\n<\/tr>\n<tr>\n<td class=\"label\">Pakett<\/td>\n<td>Seestpoolt kaitsekile, plastmassist kokkut\u00f5mbekile v\u00f5i PE-vaht. V\u00e4ljaspool karbi, kartongi v\u00f5i puitkarkassiga v\u00f5i kohandatud.<\/td>\n<\/tr>\n<tr>\n<td class=\"label\">Tarneaeg<\/td>\n<td>Vormi v\u00e4ljat\u00f6\u00f6tamine ja n\u00e4idise kujundamine on 12-18 p\u00e4eva, seej\u00e4rel tootmise kestus on 25-30 p\u00e4eva p\u00e4rast ostjalt tagatisraha saamist.<\/td>\n<\/tr>\n<tr>\n<td class=\"label\">Toote maht<\/td>\n<td>10000+ tonni \/ kuu<\/td>\n<\/tr>\n<\/table>\n<h2>Meie tootmisbaas<\/h2>\n<h3>Tehase panoraam<\/h3>\n<p><img decoding=\"async\" src=\"\/wp-content\/uploads\/factory-01.webp\"\/><\/p>\n<h3>Alumiiniumvarraste tootmise t\u00f6\u00f6koda<\/h3>\n<p><img decoding=\"async\" src=\"\/wp-content\/uploads\/factory-02.webp\"\/><\/p>\n<p><img decoding=\"async\" src=\"\/wp-content\/uploads\/factory-03.webp\"\/><\/p>\n<h3>hallituse ladustamise ladu<\/h3>\n<p><img decoding=\"async\" src=\"\/wp-content\/uploads\/factory-04.webp\"\/><\/p>\n<h3>43 alumiiniumi ekstrusiooniliini (500-5500 tonni)<\/h3>\n<p><img decoding=\"async\" src=\"\/wp-content\/uploads\/factory-05.webp\"\/><\/p>\n<p><img decoding=\"async\" src=\"\/wp-content\/uploads\/factory-06.webp\"\/><\/p>\n<p><img decoding=\"async\" src=\"\/wp-content\/uploads\/factory-07.webp\"\/><\/p>\n<h3>Pulberv\u00e4rvimise t\u00f6\u00f6koda<\/h3>\n<p><img decoding=\"async\" src=\"\/wp-content\/uploads\/factory-09.webp\"\/><\/p>\n<h3>Anodiseerimise t\u00f6\u00f6koda<\/h3>\n<p><img decoding=\"async\" src=\"\/wp-content\/uploads\/factory-10.webp\"\/><\/p>\n<h3>S\u00fcgavt\u00f6\u00f6tlemise t\u00f6\u00f6tuba<\/h3>\n<p><img decoding=\"async\" src=\"\/wp-content\/uploads\/factory-11.webp\"\/><\/p>\n<h3>CNC-t\u00e4ppist\u00f6\u00f6tlemise t\u00f6\u00f6koda<\/h3>\n<p><img decoding=\"async\" src=\"\/wp-content\/uploads\/factory-11.5.webp\"\/><\/p>\n<h3>Valmistoodete ja ekspordi ladu<\/h3>\n<p><img decoding=\"async\" src=\"\/wp-content\/uploads\/factory-12.webp\"\/><\/p>\n<p><img decoding=\"async\" src=\"\/wp-content\/uploads\/factory-13.webp\"\/><\/p>\n<p><img decoding=\"async\" src=\"\/wp-content\/uploads\/factory-14.webp\"\/><\/p>\n<h2>KKK<\/h2>\n<p><p><b>1. milleks kasutatakse alumiiniumist ekstrusioonitoru?<\/b><\/p>\n<p>Alumiiniumist ekstrusioonitorusid kasutatakse ehituses, torustikus, HVAC-s\u00fcsteemides, autot\u00f6\u00f6stuses ja t\u00f6\u00f6stuslikes raamistikes nende kerge tugevuse ja t\u00e4psete m\u00f5\u00f5tmete t\u00f5ttu.<br \/>\n<\/p><br \/>\n<br \/>\n<p><b>2.Millised on alumiiniumist pressitud torude peamised eelised?<\/b><\/p>\n<p>Alumiiniumist ekstrusioonitorud pakuvad suurt tugevuse ja kaalu suhet, suurep\u00e4rast korrosioonikindlust, \u00fchtlast ristl\u00f5iku ja lihtsat valmistamist, mis tagab j\u00e4rjepideva toimivuse.<br \/>\n<\/p><br \/>\n<br \/>\n<p><b>3.Miks valida alumiiniumist ekstrusioonitorud keevitatud v\u00f5i valatud torude asemel?<\/b><\/p>\n<p>Sulatatud alumiiniumtorud pakuvad \u00f5mblusteta seinu, siledamat pinnaviimistlust ja rangemaid tolerantse v\u00f5rreldes keevitatud v\u00f5i valatud alternatiividega, tagades t\u00f6\u00f6kindluse ja esteetilise kvaliteedi.<br \/>\n<\/p><br \/>\n<br \/>\n<p><b>4.Kas alumiiniumist pressitud torusid saab kohandada?<\/b><\/p>\n<p>Jah, alumiiniumist ekstrusioonitorusid saab kohandada vastavalt projekti spetsiifilistele n\u00f5uetele sulami klassi, l\u00e4bim\u00f5\u00f5du, seina paksuse, pikkuse ja pinnaviimistluse j\u00e4rgi.<br \/>\n<\/p><br \/>\n<br \/>\n<p><b>5.Milline pinnat\u00f6\u00f6tlus on saadaval alumiiniumist pressitud torude jaoks?<\/b><\/p>\n<p>Levinud viimistlused h\u00f5lmavad anodeerimist, pulberv\u00e4rvimist ja freesimist, mis parandavad korrosioonikaitset, kulumiskindlust ja visuaalset atraktiivsust.<br \/>\n<\/p><br \/>\n<br \/>\n<p><b>6.Kas alumiiniumist pressitud torud sobivad v\u00e4litingimustes kasutamiseks?<\/b><\/p>\n<p>Jah, korraliku pinnat\u00f6\u00f6tluse korral on alumiiniumist pressitud torud vastupidavad UV-kiirgusele, niiskusele ja karmidele ilmastikutingimustele, mist\u00f5ttu sobivad need ideaalselt v\u00e4lis- ja merekeskkondadesse.<br \/>\n<\/p><br \/>\n<br \/>\n<p><b>7.Kuidas parandab ekstrusiooniprotsess alumiiniumtorude kvaliteeti?<\/b><\/p>\n<p>Ekstrusiooniprotsess tagab \u00fchtlase seinapaksuse, t\u00e4psed m\u00f5\u00f5tmed ja minimaalse sisepinge, mille tulemuseks on tugevamad ja usaldusv\u00e4\u00e4rsemad alumiiniumtorud.<br \/>\n<\/p><br \/>\n<br \/>\n<p><b>8.Kuidas toetavad alumiiniumist ekstrusioonitorud j\u00e4tkusuutlikku inseneritehnikat?<\/b><\/p>\n<p>Alumiinium on 100% ringlussev\u00f5etav ja energiat\u00f5husa tootmisega ning ekstrusioon v\u00e4hendab materjalij\u00e4\u00e4tmeid, mist\u00f5ttu on ekstrusioontorud keskkonnas\u00f5bralik valik rohelise ehituse jaoks.<br \/>\n<\/p><br \/><\/p>","protected":false},"featured_media":6433,"template":"","categories":[60],"class_list":["post-6434","product","type-product","status-publish","has-post-thumbnail","hentry","category-general-tubes-and-bars"],"meta_box":{"hilight_text_group":{"product_hilight_text":"<li>High-quality aluminum extrusion ensures strength and durability<\/li>\r\r\n<li>Lightweight design reduces transportation and installation costs<\/li>\r\r\n<li>Excellent corrosion resistance for indoor and outdoor use<\/li>\r\r\n<li>Available in multiple diameters, wall thicknesses, and lengths<\/li>\r\r\n<li>Supports custom fabrication and bulk supply for industrial projects<\/li>","product_chanpin_blog":"<ul>\r\r\n<li><a href=\"https:\/\/sinoextrud.com\/t-slot-v-slot-differences\/\" target=\"_blank\">t slot vs v slot<\/a><\/li>\r\r\n<li><a href=\"https:\/\/sinoextrud.com\/what-is-4040-aluminium-extrud\/\" target=\"_blank\">4040 aluminium extrusion<\/a><\/li>\r\r\n<li><a href=\"https:\/\/sinoextrud.com\/what-is-4040-aluminium-extrud\/\" target=\"_blank\">aluminum extrusions for industrial racks<\/a><\/li>\r\r\n<li><a href=\"https:\/\/sinoextrud.com\/powder-coating-aluminium-process\/\" target=\"_blank\">powder coating aluminium<\/a><\/li>\r\r\n<li><a href=\"https:\/\/sinoextrud.com\/what-is-an-aluminium-strip-ceiling\/\" target=\"_blank\">aluminium strip ceiling<\/a><\/li>\r\r\n<li><a href=\"https:\/\/sinoextrud.com\/what-is-a-heat-sink\/\" target=\"_blank\">what is a heat sink<\/a><\/li>\r\r\n<\/ul>","product_chanpin_chanpin":"<li><a href=\"https:\/\/sinoextrud.com\/product\/rectangular-aluminum-tube\/\" target=\"_blank\">Rectangular Aluminum Tube<\/a><\/li>\r\n<li><a href=\"https:\/\/sinoextrud.com\/product\/aluminium-angles\/\" target=\"_blank\">Aluminium Angles<\/a><\/li>\r\n<li><a href=\"https:\/\/sinoextrud.com\/product\/thin-wall-extruded-aluminum-tubing\/\" target=\"_blank\">Thin Wall Extruded Aluminum Tubing<\/a><\/li>\r\n<li><a href=\"https:\/\/sinoextrud.com\/product\/extruded-aluminum-z-bar\/\" target=\"_blank\">Extruded Aluminum Z Bar<\/a><\/li>\r\n<li><a href=\"https:\/\/sinoextrud.com\/product\/aluminium-extrusion-pipe\/\" target=\"_blank\">Aluminium Extrusion Pipe<\/a><\/li>\r\n<li><a href=\"https:\/\/sinoextrud.com\/product\/alloy-aluminium\/\" target=\"_blank\">Alloy Aluminium<\/a><\/li>\r\n<li><a href=\"https:\/\/sinoextrud.com\/product\/aluminium-piping\/\" target=\"_blank\">Aluminium Piping<\/a><\/li>\r\n<li><a href=\"https:\/\/sinoextrud.com\/product\/aluminum-u-profile\/\" target=\"_blank\">Aluminum U Profile<\/a><\/li>\r\n<li><a href=\"https:\/\/sinoextrud.com\/product\/short-run-custom-aluminum-extrusions\/\" target=\"_blank\">Short Run Custom Aluminum Extrusions<\/a><\/li>\r\n<li><a href=\"https:\/\/sinoextrud.com\/product\/cnc-aluminium\/\" target=\"_blank\">Cnc Aluminium<\/a><\/li>\r\n<li><a href=\"https:\/\/sinoextrud.com\/product\/aluminum-quarter-round-trim\/\" target=\"_blank\">Aluminum Quarter Round Trim<\/a><\/li>"},"feature_list":[]},"_links":{"self":[{"href":"https:\/\/sinoextrud.com\/et\/wp-json\/wp\/v2\/product\/6434","targetHints":{"allow":["GET"]}}],"collection":[{"href":"https:\/\/sinoextrud.com\/et\/wp-json\/wp\/v2\/product"}],"about":[{"href":"https:\/\/sinoextrud.com\/et\/wp-json\/wp\/v2\/types\/product"}],"wp:featuredmedia":[{"embeddable":true,"href":"https:\/\/sinoextrud.com\/et\/wp-json\/wp\/v2\/media\/6433"}],"wp:attachment":[{"href":"https:\/\/sinoextrud.com\/et\/wp-json\/wp\/v2\/media?parent=6434"}],"wp:term":[{"taxonomy":"category","embeddable":true,"href":"https:\/\/sinoextrud.com\/et\/wp-json\/wp\/v2\/categories?post=6434"}],"curies":[{"name":"wp","href":"https:\/\/api.w.org\/{rel}","templated":true}]}}