{"id":6430,"date":"2025-05-28T09:01:25","date_gmt":"2025-05-28T09:01:25","guid":{"rendered":"https:\/\/sinoextrud.com\/product\/thin-wall-extruded-aluminum-tubing\/"},"modified":"2025-06-24T06:10:53","modified_gmt":"2025-06-24T06:10:53","slug":"ohukese-seinaga-pressitud-alumiiniumtorud","status":"publish","type":"product","link":"https:\/\/sinoextrud.com\/et\/product\/thin-wall-extruded-aluminum-tubing\/","title":{"rendered":"\u00d5hukese seinaga pressitud alumiiniumtorud"},"content":{"rendered":"<h2>Toodete \u00fcksikasjad<\/h2>\n<table class=\"custom-table\">\n<tr>\n<td class=\"label\">Nimi<\/td>\n<td>\u00d5hukese seinaga pressitud alumiiniumtorud<\/td>\n<\/tr>\n<tr>\n<td class=\"label\">Kategooria<\/td>\n<td>Alumiinium raam<\/td>\n<\/tr>\n<tr>\n<td class=\"label\">Materjal<\/td>\n<td>6063 on laialdaselt kasutusel. Saadaval on ka 6061, 6463, 6005, 6082.<\/td>\n<\/tr>\n<tr>\n<td class=\"label\">Temper<\/td>\n<td>T5-T8<\/td>\n<\/tr>\n<tr>\n<td class=\"label\">Pikkus<\/td>\n<td>5.8m 20ft jaoks, 5.9m \/6.0m 40'GP jaoks v\u00f5i kohandamine.<\/td>\n<\/tr>\n<tr>\n<td class=\"label\">Suurus (mm)<\/td>\n<td>Erinevad suurused, v\u00f5ite v\u00f5tta \u00fchendust detailide saamiseks.<\/td>\n<\/tr>\n<tr>\n<td class=\"label\">Paksus<\/td>\n<td>Vastavalt teie taotlusele<\/td>\n<\/tr>\n<tr>\n<td class=\"label\">Kuju<\/td>\n<td>Kohandamine<\/td>\n<\/tr>\n<tr>\n<td class=\"label\">Pinnat\u00f6\u00f6tlus<\/td>\n<td>Veski valmis, anodeeritud, liivapritsimine, elektroforeesimine, elektrikate jne.<\/td>\n<\/tr>\n<tr>\n<td class=\"label\">V\u00e4rv<\/td>\n<td>H\u00f5bedane, must, valge, punane, kollane, \u0161ampanja v\u00f5i kohandatud v\u00e4rvus.<\/td>\n<\/tr>\n<tr>\n<td class=\"label\">Standard<\/td>\n<td>ASTM, GB, DIN<\/td>\n<\/tr>\n<tr>\n<td class=\"label\">Alates<\/td>\n<td>Guangdong, Hiina<\/td>\n<\/tr>\n<tr>\n<td class=\"label\">Taotlus<\/td>\n<td>Dekoratsioon, t\u00f6\u00f6stus, ehitus<\/td>\n<\/tr>\n<\/table>\n<h2>Meie tootmisbaas<\/h2>\n<h3>Tehase panoraam<\/h3>\n<p><img decoding=\"async\" src=\"\/wp-content\/uploads\/factory-01.webp\"\/><\/p>\n<h3>Alumiiniumvarraste tootmise t\u00f6\u00f6koda<\/h3>\n<p><img decoding=\"async\" src=\"\/wp-content\/uploads\/factory-02.webp\"\/><\/p>\n<p><img decoding=\"async\" src=\"\/wp-content\/uploads\/factory-03.webp\"\/><\/p>\n<h3>hallituse ladustamise ladu<\/h3>\n<p><img decoding=\"async\" src=\"\/wp-content\/uploads\/factory-04.webp\"\/><\/p>\n<h3>43 alumiiniumi ekstrusiooniliini (500-5500 tonni)<\/h3>\n<p><img decoding=\"async\" src=\"\/wp-content\/uploads\/factory-05.webp\"\/><\/p>\n<p><img decoding=\"async\" src=\"\/wp-content\/uploads\/factory-06.webp\"\/><\/p>\n<p><img decoding=\"async\" src=\"\/wp-content\/uploads\/factory-07.webp\"\/><\/p>\n<h3>Pulberv\u00e4rvimise t\u00f6\u00f6koda<\/h3>\n<p><img decoding=\"async\" src=\"\/wp-content\/uploads\/factory-09.webp\"\/><\/p>\n<h3>Anodiseerimise t\u00f6\u00f6koda<\/h3>\n<p><img decoding=\"async\" src=\"\/wp-content\/uploads\/factory-10.webp\"\/><\/p>\n<h3>S\u00fcgavt\u00f6\u00f6tlemise t\u00f6\u00f6tuba<\/h3>\n<p><img decoding=\"async\" src=\"\/wp-content\/uploads\/factory-11.webp\"\/><\/p>\n<h3>CNC-t\u00e4ppist\u00f6\u00f6tlemise t\u00f6\u00f6koda<\/h3>\n<p><img decoding=\"async\" src=\"\/wp-content\/uploads\/factory-11.5.webp\"\/><\/p>\n<h3>Valmistoodete ja ekspordi ladu<\/h3>\n<p><img decoding=\"async\" src=\"\/wp-content\/uploads\/factory-12.webp\"\/><\/p>\n<p><img decoding=\"async\" src=\"\/wp-content\/uploads\/factory-13.webp\"\/><\/p>\n<p><img decoding=\"async\" src=\"\/wp-content\/uploads\/factory-14.webp\"\/><\/p>\n<h2>KKK<\/h2>\n<p><p><b>1.Mis on \u00f5hukese seinaga pressitud alumiiniumtorud, mida kasutatakse?<\/b><\/p>\n<p>\u00d5hukese seinaga pressitud alumiiniumtorusid kasutatakse rakendustes, mis n\u00f5uavad kerget struktuurilist tuge, n\u00e4iteks kosmoses\u00f5idukite osad, autode raamid, elektroonikakarbid ja LED-valgustid.<br \/>\n<\/p><br \/>\n<br \/>\n<p><b>2.Millised on \u00f5hukese seinaga pressitud alumiiniumtorude peamised eelised?<\/b><\/p>\n<p>\u00d5hukese seinaga pressitud alumiiniumtorud pakuvad suurt tugevuse ja kaalu suhet, suurep\u00e4rast soojuse hajutamist ja materjali kokkuhoidu kulut\u00f5husate ja kergete konstruktsioonide jaoks.<br \/>\n<\/p><br \/>\n<br \/>\n<p><b>3.Miks valida \u00f5hukese seinaga pressitud alumiiniumtorud tavap\u00e4raste torude asemel?<\/b><\/p>\n<p>\u00d5hukese seinaga pressitud alumiiniumtorud v\u00e4hendavad \u00fcldist kaalu ja materjalikulusid, s\u00e4ilitades samas struktuurilise terviklikkuse v\u00f5rreldes paksemate seintega alternatiividega.<br \/>\n<\/p><br \/>\n<br \/>\n<p><b>4.Kas \u00f5hukese seinaga pressitud alumiiniumtorusid saab kohandada?<\/b><\/p>\n<p>Jah, \u00f5hukese seinaga pressitud alumiiniumtorusid saab kohandada l\u00e4bim\u00f5\u00f5du, seinapaksuse, sulami klassi ja pinnaviimistluse poolest, et vastata t\u00e4psetele insener-tehnilistele ja disainin\u00f5uetele.<br \/>\n<\/p><br \/>\n<br \/>\n<p><b>5.Millised pinnaviimistlused on saadaval \u00f5hukese seinaga pressitud alumiiniumtorude jaoks?<\/b><\/p>\n<p>Levinud viimistlused h\u00f5lmavad anodeerimist, pulberv\u00e4rvimist ja freesimist, mis k\u00f5ik suurendavad korrosioonikindlust, vastupidavust ja visuaalset atraktiivsust.<br \/>\n<\/p><br \/>\n<br \/>\n<p><b>6.Kas \u00f5hukese seinaga pressitud alumiiniumtorud sobivad v\u00e4litingimustes kasutamiseks?<\/b><\/p>\n<p>Jah, sobiva pinnat\u00f6\u00f6tluse korral on \u00f5hukese seinaga pressitud alumiiniumtorud vastupidavad UV-kiirgusele, niiskusele ja karmidele keskkonnatingimustele v\u00e4lis- ja merekasutuses.<br \/>\n<\/p><br \/>\n<br \/>\n<p><b>7.Kuidas toetavad \u00f5hukese seinaga pressitud alumiiniumtorud soojusjuhtimist?<\/b><\/p>\n<p>\u00d5huke seinakujundus koos alumiiniumi k\u00f5rge soojusjuhtivusega v\u00f5imaldab t\u00f5husat soojuse hajutamist elektroonikas, valgustuses ja soojusvahetuss\u00fcsteemides.<br \/>\n<\/p><br \/>\n<br \/>\n<p><b>8.Kuidas aitavad \u00f5hukese seinaga pressitud alumiiniumtorud kaasa s\u00e4\u00e4stvale disainile?<\/b><\/p>\n<p>Alumiinium on 100% ringlussev\u00f5etav ning \u00f5hukese seinaga pressitud alumiiniumtorude kasutamine v\u00e4hendab materjalikasutust ja energiatarbimist, toetades keskkonnas\u00f5bralikke ja keskkonnas\u00f5bralikke ehitusprojekte.<br \/>\n<\/p><br \/><\/p>","protected":false},"featured_media":6429,"template":"","categories":[60],"class_list":["post-6430","product","type-product","status-publish","has-post-thumbnail","hentry","category-general-tubes-and-bars"],"meta_box":{"hilight_text_group":{"product_hilight_text":"<li>Lightweight thin-wall design reduces material usage without compromising strength<\/li>\r\r\n<li>Precision extrusion ensures consistent wall thickness and dimensional accuracy<\/li>\r\r\n<li>High-quality aluminum alloy offers excellent corrosion resistance<\/li>\r\r\n<li>Ideal for automotive, aerospace, and lightweight structural applications<\/li>\r\r\n<li>Supports custom sizes, finishes, and bulk orders with reliable supply<\/li>","product_chanpin_blog":"<ul>\r\r\n<li><a href=\"https:\/\/sinoextrud.com\/t-slot-v-slot-differences\/\" target=\"_blank\">t slot vs v slot<\/a><\/li>\r\r\n<li><a href=\"https:\/\/sinoextrud.com\/what-is-4040-aluminium-extrud\/\" target=\"_blank\">4040 aluminium extrusion<\/a><\/li>\r\r\n<li><a href=\"https:\/\/sinoextrud.com\/what-is-4040-aluminium-extrud\/\" target=\"_blank\">aluminum extrusions for industrial racks<\/a><\/li>\r\r\n<li><a href=\"https:\/\/sinoextrud.com\/powder-coating-aluminium-process\/\" target=\"_blank\">powder coating aluminium<\/a><\/li>\r\r\n<li><a href=\"https:\/\/sinoextrud.com\/what-is-an-aluminium-strip-ceiling\/\" target=\"_blank\">aluminium strip ceiling<\/a><\/li>\r\r\n<li><a href=\"https:\/\/sinoextrud.com\/what-is-a-heat-sink\/\" target=\"_blank\">what is a heat sink<\/a><\/li>\r\r\n<\/ul>","product_chanpin_chanpin":"<li><a href=\"https:\/\/sinoextrud.com\/product\/40x40-aluminium-profile\/\" target=\"_blank\">40\u00c3\u201440 Aluminium Profile<\/a><\/li>\r\n<li><a href=\"https:\/\/sinoextrud.com\/product\/aluminium-profile-channel\/\" target=\"_blank\">Aluminium Profile Channel<\/a><\/li>\r\n<li><a href=\"https:\/\/sinoextrud.com\/product\/rectangular-aluminum-tube\/\" target=\"_blank\">Rectangular Aluminum Tube<\/a><\/li>\r\n<li><a href=\"https:\/\/sinoextrud.com\/product\/aluminium-angles\/\" target=\"_blank\">Aluminium Angles<\/a><\/li>\r\n<li><a href=\"https:\/\/sinoextrud.com\/product\/thin-wall-extruded-aluminum-tubing\/\" target=\"_blank\">Thin Wall Extruded Aluminum Tubing<\/a><\/li>\r\n<li><a href=\"https:\/\/sinoextrud.com\/product\/extruded-aluminum-z-bar\/\" target=\"_blank\">Extruded Aluminum Z Bar<\/a><\/li>\r\n<li><a href=\"https:\/\/sinoextrud.com\/product\/aluminium-extrusion-pipe\/\" target=\"_blank\">Aluminium Extrusion Pipe<\/a><\/li>\r\n<li><a href=\"https:\/\/sinoextrud.com\/product\/alloy-aluminium\/\" target=\"_blank\">Alloy Aluminium<\/a><\/li>\r\n<li><a href=\"https:\/\/sinoextrud.com\/product\/aluminium-piping\/\" target=\"_blank\">Aluminium Piping<\/a><\/li>\r\n<li><a href=\"https:\/\/sinoextrud.com\/product\/round-extruded-aluminum\/\" target=\"_blank\">Round Extruded Aluminum<\/a><\/li>\r\n<li><a href=\"https:\/\/sinoextrud.com\/product\/t-shaped-aluminium-profile\/\" target=\"_blank\">T Shaped Aluminium Profile<\/a><\/li>"},"feature_list":[]},"_links":{"self":[{"href":"https:\/\/sinoextrud.com\/et\/wp-json\/wp\/v2\/product\/6430","targetHints":{"allow":["GET"]}}],"collection":[{"href":"https:\/\/sinoextrud.com\/et\/wp-json\/wp\/v2\/product"}],"about":[{"href":"https:\/\/sinoextrud.com\/et\/wp-json\/wp\/v2\/types\/product"}],"wp:featuredmedia":[{"embeddable":true,"href":"https:\/\/sinoextrud.com\/et\/wp-json\/wp\/v2\/media\/6429"}],"wp:attachment":[{"href":"https:\/\/sinoextrud.com\/et\/wp-json\/wp\/v2\/media?parent=6430"}],"wp:term":[{"taxonomy":"category","embeddable":true,"href":"https:\/\/sinoextrud.com\/et\/wp-json\/wp\/v2\/categories?post=6430"}],"curies":[{"name":"wp","href":"https:\/\/api.w.org\/{rel}","templated":true}]}}