{"id":6367,"date":"2025-05-27T06:16:05","date_gmt":"2025-05-27T06:16:05","guid":{"rendered":"https:\/\/sinoextrud.com\/product\/aluminium-precision-tubing\/"},"modified":"2025-06-24T06:10:51","modified_gmt":"2025-06-24T06:10:51","slug":"alumiiniumist-tappistorud","status":"publish","type":"product","link":"https:\/\/sinoextrud.com\/et\/product\/aluminium-precision-tubing\/","title":{"rendered":"Alumiiniumist t\u00e4ppistorud"},"content":{"rendered":"<h2>Toodete \u00fcksikasjad<\/h2>\n<table class=\"custom-table\">\n<tr>\n<td class=\"label\">Toode<\/td>\n<td>OEM ODM kohandatud Square toru fabricationhigh precision square pipe by stamping pipe fabrication service<\/td>\n<\/tr>\n<tr>\n<td class=\"label\">M\u00f5\u00f5de<\/td>\n<td>20 mm - 700 mm<\/td>\n<\/tr>\n<tr>\n<td class=\"label\">WT<\/td>\n<td>1,65 mm - 33,5 mm<\/td>\n<\/tr>\n<tr>\n<td class=\"label\">Pikkus<\/td>\n<td>0,5 m - 20 m<\/td>\n<\/tr>\n<tr>\n<td class=\"label\">Kasutamine<\/td>\n<td>Teraskonstruktsiooniprojekt, sillaehitus, maanteede t\u00f5kkepuu, laevaehitus, kokkupandavad elamuprojektid,<\/td>\n<\/tr>\n<\/table>\n<h2>Meie tootmisbaas<\/h2>\n<h3>Tehase panoraam<\/h3>\n<p><img decoding=\"async\" src=\"\/wp-content\/uploads\/factory-01.webp\"\/><\/p>\n<h3>Alumiiniumvarraste tootmise t\u00f6\u00f6koda<\/h3>\n<p><img decoding=\"async\" src=\"\/wp-content\/uploads\/factory-02.webp\"\/><\/p>\n<p><img decoding=\"async\" src=\"\/wp-content\/uploads\/factory-03.webp\"\/><\/p>\n<h3>hallituse ladustamise ladu<\/h3>\n<p><img decoding=\"async\" src=\"\/wp-content\/uploads\/factory-04.webp\"\/><\/p>\n<h3>43 alumiiniumi ekstrusiooniliini (500-5500 tonni)<\/h3>\n<p><img decoding=\"async\" src=\"\/wp-content\/uploads\/factory-05.webp\"\/><\/p>\n<p><img decoding=\"async\" src=\"\/wp-content\/uploads\/factory-06.webp\"\/><\/p>\n<p><img decoding=\"async\" src=\"\/wp-content\/uploads\/factory-07.webp\"\/><\/p>\n<h3>Pulberv\u00e4rvimise t\u00f6\u00f6koda<\/h3>\n<p><img decoding=\"async\" src=\"\/wp-content\/uploads\/factory-09.webp\"\/><\/p>\n<h3>Anodiseerimise t\u00f6\u00f6koda<\/h3>\n<p><img decoding=\"async\" src=\"\/wp-content\/uploads\/factory-10.webp\"\/><\/p>\n<h3>S\u00fcgavt\u00f6\u00f6tlemise t\u00f6\u00f6tuba<\/h3>\n<p><img decoding=\"async\" src=\"\/wp-content\/uploads\/factory-11.webp\"\/><\/p>\n<h3>CNC-t\u00e4ppist\u00f6\u00f6tlemise t\u00f6\u00f6koda<\/h3>\n<p><img decoding=\"async\" src=\"\/wp-content\/uploads\/factory-11.5.webp\"\/><\/p>\n<h3>Valmistoodete ja ekspordi ladu<\/h3>\n<p><img decoding=\"async\" src=\"\/wp-content\/uploads\/factory-12.webp\"\/><\/p>\n<p><img decoding=\"async\" src=\"\/wp-content\/uploads\/factory-13.webp\"\/><\/p>\n<p><img decoding=\"async\" src=\"\/wp-content\/uploads\/factory-14.webp\"\/><\/p>\n<h2>KKK<\/h2>\n<p><p><b>1. milleks kasutatakse alumiiniumist t\u00e4ppistorusid?<\/b><\/p>\n<p>Alumiiniumist t\u00e4ppistorusid kasutatakse lennunduses, meditsiiniseadmetes, instrumentides ja t\u00e4ppismasinates, mille puhul on kriitilise t\u00e4htsusega ranged tolerantsid ja j\u00e4rjepidevus.<br \/>\n<\/p><br \/>\n<br \/>\n<p><b>2.Millised on alumiiniumist t\u00e4ppistorude peamised eelised?<\/b><\/p>\n<p>Alumiiniumist t\u00e4ppistorud pakuvad erakordset m\u00f5\u00f5tmete t\u00e4psust, suurt tugevuse ja kaalu suhet, korrosioonikindlust ning siledaid sisepindu, mis tagavad usaldusv\u00e4\u00e4rse vedeliku ja gaasi voolu.<br \/>\n<\/p><br \/>\n<br \/>\n<p><b>3.Miks valida alumiiniumist t\u00e4ppistorud standardtorude asemel?<\/b><\/p>\n<p>Alumiiniumist t\u00e4ppistorud tagavad t\u00e4psemad tolerantsid (sageli \u00b10,01 mm), parema \u00fcmaruse ja \u00fchtlase seinapaksuse, mis tagab optimaalse sobivuse ja j\u00f5udluse t\u00e4ppiskoostude puhul.<br \/>\n<\/p><br \/>\n<br \/>\n<p><b>4.Kas alumiiniumist t\u00e4ppistorusid saab kohandada?<\/b><\/p>\n<p>Jah, alumiiniumist t\u00e4ppistorusid saab pressida v\u00f5i t\u00f5mmata konkreetsete l\u00e4bim\u00f5\u00f5tude, seinapaksuste, pikkuste ja sulamiklasside j\u00e4rgi, et vastata t\u00e4psetele tehnilistele n\u00f5uetele.<br \/>\n<\/p><br \/>\n<br \/>\n<p><b>5.Millised pinnaviimistlused on saadaval alumiiniumist t\u00e4ppistorude jaoks?<\/b><\/p>\n<p>Levinud viimistlusviimistlused h\u00f5lmavad heledat l\u00f5\u00f5mutamist, freesimist ja anodeerimist, mis parandavad korrosioonikaitset, pinna kvaliteeti ja esteetilist atraktiivsust.<br \/>\n<\/p><br \/>\n<br \/>\n<p><b>6.Millised t\u00f6\u00f6stusharud saavad alumiiniumist t\u00e4ppistorudest k\u00f5ige rohkem kasu?<\/b><\/p>\n<p>Sellised t\u00f6\u00f6stusharud nagu lennundus, autot\u00f6\u00f6stus, meditsiin, m\u00f5\u00f5teriistad ja robootika tuginevad alumiiniumist t\u00e4ppistorudele nende t\u00e4psuse, usaldusv\u00e4\u00e4rsuse ja kerguse t\u00f5ttu.<br \/>\n<\/p><br \/>\n<br \/>\n<p><b>7.Kuidas toetavad alumiiniumist t\u00e4ppistorud t\u00f5husat tootmist?<\/b><\/p>\n<p>T\u00e4nu p\u00fcsivale kvaliteedile ja rangetele tolerantsidele v\u00e4hendavad alumiiniumist t\u00e4ppistorud t\u00f6\u00f6tlemisaega, v\u00e4hendavad praaki ja kiirendavad koosteprotsesse.<br \/>\n<\/p><br \/>\n<br \/>\n<p><b>8.Kas alumiiniumist t\u00e4ppistorud on keskkonnas\u00f5bralikud?<\/b><\/p>\n<p>Jah, alumiinium on t\u00e4ielikult taaskasutatav ja selle tootmine on energias\u00e4\u00e4stlik ning t\u00e4ppistorud v\u00e4hendavad materjalij\u00e4\u00e4tmeid t\u00e4nu kontrollitud ekstrusioonile ja t\u00f6\u00f6tlemisele.<br \/>\n<\/p><br \/><\/p>","protected":false},"featured_media":6366,"template":"","categories":[60],"class_list":["post-6367","product","type-product","status-publish","has-post-thumbnail","hentry","category-general-tubes-and-bars"],"meta_box":{"hilight_text_group":{"product_hilight_text":"<li>High dimensional accuracy for precise engineering and assembly<\/li>\r\r\n<li>Made from premium aluminum alloys with excellent corrosion resistance<\/li>\r\r\n<li>Consistent wall thickness ensures reliable mechanical performance<\/li>\r\r\n<li>Suitable for aerospace, automotive, and medical industries<\/li>\r\r\n<li>Supports custom sizes, finishes, and bulk orders<\/li>","product_chanpin_blog":"<ul>\r\r\n<li><a href=\"https:\/\/sinoextrud.com\/t-slot-v-slot-differences\/\" target=\"_blank\">t slot vs v slot<\/a><\/li>\r\r\n<li><a href=\"https:\/\/sinoextrud.com\/what-is-4040-aluminium-extrud\/\" target=\"_blank\">4040 aluminium extrusion<\/a><\/li>\r\r\n<li><a href=\"https:\/\/sinoextrud.com\/what-is-4040-aluminium-extrud\/\" target=\"_blank\">aluminum extrusions for industrial racks<\/a><\/li>\r\r\n<li><a href=\"https:\/\/sinoextrud.com\/powder-coating-aluminium-process\/\" target=\"_blank\">powder coating aluminium<\/a><\/li>\r\r\n<li><a href=\"https:\/\/sinoextrud.com\/what-is-an-aluminium-strip-ceiling\/\" target=\"_blank\">aluminium strip ceiling<\/a><\/li>\r\r\n<li><a href=\"https:\/\/sinoextrud.com\/what-is-a-heat-sink\/\" target=\"_blank\">what is a heat sink<\/a><\/li>\r\r\n<\/ul>","product_chanpin_chanpin":"<li><a href=\"https:\/\/sinoextrud.com\/product\/extruded-aluminium-square-tube\/\" target=\"_blank\">Extruded Aluminium Square Tube<\/a><\/li>\r\n<li><a href=\"https:\/\/sinoextrud.com\/product\/extruded-aluminium-retangular-tube\/\" target=\"_blank\">Extruded Aluminium Retangular Tube<\/a><\/li>\r\n<li><a href=\"https:\/\/sinoextrud.com\/product\/anodized-aluminium-tube\/\" target=\"_blank\">anodized aluminium tube<\/a><\/li>\r\n<li><a href=\"https:\/\/sinoextrud.com\/product\/40x40-aluminium-extrusion\/\" target=\"_blank\">40\u00d740 Aluminium Extrusion<\/a><\/li>\r\n<li><a href=\"https:\/\/sinoextrud.com\/product\/aluminium-precision-tubing\/\" target=\"_blank\">Aluminium Precision Tubing<\/a><\/li>\r\n<li><a href=\"https:\/\/sinoextrud.com\/product\/aluminium-pipes-tubes\/\" target=\"_blank\">Aluminium Pipes Tubes<\/a><\/li>\r\n<li><a href=\"https:\/\/sinoextrud.com\/product\/extruded-aluminum-t-bar\/\" target=\"_blank\">Extruded Aluminum T Bar<\/a><\/li>\r\n<li><a href=\"https:\/\/sinoextrud.com\/product\/round-aluminum-tube\/\" target=\"_blank\">Round Aluminum Tube<\/a><\/li>\r\n<li><a href=\"https:\/\/sinoextrud.com\/product\/40x40-aluminium-profile\/\" target=\"_blank\">40\u00d740 Aluminium Profile<\/a><\/li>\r\n<li><a href=\"https:\/\/sinoextrud.com\/product\/aluminium-u-channel\/\" target=\"_blank\">Aluminium U Channel<\/a><\/li>\r\n<li><a href=\"https:\/\/sinoextrud.com\/product\/aluminium-profile-channel\/\" target=\"_blank\">Aluminium Profile Channel<\/a><\/li>"},"feature_list":[]},"_links":{"self":[{"href":"https:\/\/sinoextrud.com\/et\/wp-json\/wp\/v2\/product\/6367","targetHints":{"allow":["GET"]}}],"collection":[{"href":"https:\/\/sinoextrud.com\/et\/wp-json\/wp\/v2\/product"}],"about":[{"href":"https:\/\/sinoextrud.com\/et\/wp-json\/wp\/v2\/types\/product"}],"wp:featuredmedia":[{"embeddable":true,"href":"https:\/\/sinoextrud.com\/et\/wp-json\/wp\/v2\/media\/6366"}],"wp:attachment":[{"href":"https:\/\/sinoextrud.com\/et\/wp-json\/wp\/v2\/media?parent=6367"}],"wp:term":[{"taxonomy":"category","embeddable":true,"href":"https:\/\/sinoextrud.com\/et\/wp-json\/wp\/v2\/categories?post=6367"}],"curies":[{"name":"wp","href":"https:\/\/api.w.org\/{rel}","templated":true}]}}