{"id":6365,"date":"2025-05-27T03:48:38","date_gmt":"2025-05-27T03:48:38","guid":{"rendered":"https:\/\/sinoextrud.com\/product\/40x40-aluminium-extrusion\/"},"modified":"2025-06-24T06:10:50","modified_gmt":"2025-06-24T06:10:50","slug":"40x40-alumiiniumprofiil","status":"publish","type":"product","link":"https:\/\/sinoextrud.com\/et\/product\/40x40-aluminium-extrusion\/","title":{"rendered":"40\u00d740 alumiiniumist ekstrusioon"},"content":{"rendered":"<h2>Toodete \u00fcksikasjad<\/h2>\n<table class=\"custom-table\">\n<tr>\n<td class=\"label\">Punkti<\/td>\n<td>40\u00d740 alumiiniumist ekstrusioon, 40\u00d740 alumiiniumist ekstrusioonitoru, 40\u00d740 alumiiniumist ekstrusioonitoru, 40\u00d740 alumiiniumist ekstrusioonitoru, 40\u00d740 alumiiniumist ekstrusioonitoru<\/td>\n<\/tr>\n<tr>\n<td class=\"label\">Materjal<\/td>\n<td>6000seeriaAlumiinium \uff086063, 6061, 6463, 6082)<\/td>\n<\/tr>\n<tr>\n<td class=\"label\">Temper<\/td>\n<td>T4,T5,T6<\/td>\n<\/tr>\n<tr>\n<td class=\"label\">Suurus\/paksus<\/td>\n<td>\u00dcldised profiilid paksus 0,9 kuni 3,0 mm v\u00f5i kohandatud, pikkus 1m-9m v\u00f5i kohandatud saadaval\uff1b Anodiseeritud kaitsekile paksus 8 ~ 20um, pulberv\u00e4rvimine 40 ~ 120um.<\/td>\n<\/tr>\n<tr>\n<td class=\"label\">Kuju<\/td>\n<td>ruudukujuline v\u00f5i kohandatud<\/td>\n<\/tr>\n<tr>\n<td class=\"label\">Taotlus<\/td>\n<td>M\u00f6\u00f6bel, aknad ja uksed, dekoratsioonid, t\u00f6\u00f6stus, ehitus jne.<\/td>\n<\/tr>\n<tr>\n<td class=\"label\">Surfacetreatment<\/td>\n<td>pulberv\u00e4rvimine, PVDF, anodeeritud, woodengrain, elektroforees, harjatud, poleerimine jne.<\/td>\n<\/tr>\n<tr>\n<td class=\"label\">V\u00e4rvid<\/td>\n<td>Refpowdercoatingcolorsheetandcustomizedcoloravailable<\/td>\n<\/tr>\n<tr>\n<td class=\"label\">Deepprocess<\/td>\n<td>CNC, puurimine, freesimine, l\u00f5ikamine, keevitamine, painutamine, kokkupanek<\/td>\n<\/tr>\n<tr>\n<td class=\"label\">MOQ<\/td>\n<td>200 kg iga artikli kohta<\/td>\n<\/tr>\n<tr>\n<td class=\"label\">PackingDetails<\/td>\n<td>(1) Sees: pakitud plastist kaitsekilega v\u00f5i kilekaitsekotiga<\/td>\n<\/tr>\n<tr>\n<td class=\"label\"><\/td>\n<td>(2) V\u00e4ljaspool: Pakendage kimpud veekindla paberi abil.<\/td>\n<\/tr>\n<tr>\n<td class=\"label\">Deliverytime<\/td>\n<td>(1) DieDevelopingandSampletesting:10-15p\u00e4eva<\/td>\n<\/tr>\n<tr>\n<td class=\"label\"><\/td>\n<td>(2) Massiline tootmine on l\u00f5pule viidud: 20-30 p\u00e4eva p\u00e4rast seda, kui ostja on kinnitanud n\u00e4idise.<\/td>\n<\/tr>\n<tr>\n<td class=\"label\">FOBPort<\/td>\n<td>Guangzhou, Foshan, Shenzhen<\/td>\n<\/tr>\n<tr>\n<td class=\"label\">maksetingimused<\/td>\n<td>T\/T,30%downpayment ja saldod makstakse v\u00e4lja enne saatmist.<\/td>\n<\/tr>\n<tr>\n<td class=\"label\">settlementterm<\/td>\n<td>Tasu l\u00f5pliku tegeliku kaalu v\u00f5i teoreetilise kaalu j\u00e4rgi<\/td>\n<\/tr>\n<tr>\n<td class=\"label\">tootmisv\u00f5imsus<\/td>\n<td>2400-3000Metrictonespermonth<\/td>\n<\/tr>\n<tr>\n<td class=\"label\">T\u00f6\u00f6tlemine<\/td>\n<td>P\u00e4ring-mustri v\u00f5i CAD-joonise (kliendi poolt) -CAD-joonise (meie firma) -joonise kinnitamine -vormi valmistamine - n\u00e4idise vormimine - massi tootmine - kontroll.<\/td>\n<td>Kohaletoimetamine<\/td>\n<\/tr>\n<tr>\n<td class=\"label\">Sertifitseerimisv\u00f5imalus:<\/td>\n<td>ISO:9001, SONCAP, BVC-sertifikaat v\u00f5i kliendi sertifikaat on saadaval.<\/td>\n<\/tr>\n<tr>\n<td class=\"label\">Garantii<\/td>\n<td>Pinnav\u00e4rv v\u00f5ib olla parim 10~20aastaseks kasutamiseks siseruumides.<\/td>\n<\/tr>\n<\/table>\n<h2>Meie tootmisbaas<\/h2>\n<h3>Tehase panoraam<\/h3>\n<p><img decoding=\"async\" src=\"\/wp-content\/uploads\/factory-01.webp\"\/><\/p>\n<h3>Alumiiniumvarraste tootmise t\u00f6\u00f6koda<\/h3>\n<p><img decoding=\"async\" src=\"\/wp-content\/uploads\/factory-02.webp\"\/><\/p>\n<p><img decoding=\"async\" src=\"\/wp-content\/uploads\/factory-03.webp\"\/><\/p>\n<h3>hallituse ladustamise ladu<\/h3>\n<p><img decoding=\"async\" src=\"\/wp-content\/uploads\/factory-04.webp\"\/><\/p>\n<h3>43 alumiiniumi ekstrusiooniliini (500-5500 tonni)<\/h3>\n<p><img decoding=\"async\" src=\"\/wp-content\/uploads\/factory-05.webp\"\/><\/p>\n<p><img decoding=\"async\" src=\"\/wp-content\/uploads\/factory-06.webp\"\/><\/p>\n<p><img decoding=\"async\" src=\"\/wp-content\/uploads\/factory-07.webp\"\/><\/p>\n<h3>Pulberv\u00e4rvimise t\u00f6\u00f6koda<\/h3>\n<p><img decoding=\"async\" src=\"\/wp-content\/uploads\/factory-09.webp\"\/><\/p>\n<h3>Anodiseerimise t\u00f6\u00f6koda<\/h3>\n<p><img decoding=\"async\" src=\"\/wp-content\/uploads\/factory-10.webp\"\/><\/p>\n<h3>S\u00fcgavt\u00f6\u00f6tlemise t\u00f6\u00f6tuba<\/h3>\n<p><img decoding=\"async\" src=\"\/wp-content\/uploads\/factory-11.webp\"\/><\/p>\n<h3>CNC-t\u00e4ppist\u00f6\u00f6tlemise t\u00f6\u00f6koda<\/h3>\n<p><img decoding=\"async\" src=\"\/wp-content\/uploads\/factory-11.5.webp\"\/><\/p>\n<h3>Valmistoodete ja ekspordi ladu<\/h3>\n<p><img decoding=\"async\" src=\"\/wp-content\/uploads\/factory-12.webp\"\/><\/p>\n<p><img decoding=\"async\" src=\"\/wp-content\/uploads\/factory-13.webp\"\/><\/p>\n<p><img decoding=\"async\" src=\"\/wp-content\/uploads\/factory-14.webp\"\/><\/p>\n<h2>KKK<\/h2>\n<p><p><b>1.Milleks kasutatakse 40\u00d740 alumiiniumprofiili?<\/b><\/p>\n<p>40\u00d740 alumiiniumprofiili kasutatakse laialdaselt moodulraamides, masinate kaitseseinades, t\u00f6\u00f6kohtades ja DIY-projektides t\u00e4nu selle standardiseeritud m\u00f5\u00f5tmetele ja mitmek\u00fclgsusele.<br \/>\n<\/p><br \/>\n<br \/>\n<p><b>2.Millised on 40\u00d740 alumiiniumist pressimise peamised eelised?<\/b><\/p>\n<p>40\u00d740 alumiiniumprofiil pakub suurt tugevuse ja kaalu suhet, korrosioonikindlust ja t\u00e4pseid tolerantse, mis tagavad usaldusv\u00e4\u00e4rse konstruktsiooni toimimise.<br \/>\n<\/p><br \/>\n<br \/>\n<p><b>3.Miks valida 40\u00d740 alumiiniumprofiil teiste profiilide asemel?<\/b><\/p>\n<p>40\u00d740 alumiiniumprofiil pakub optimaalset tasakaalu stabiilsuse ja kompaktse suuruse vahel, mis muudab selle ideaalseks piiratud ruumiga rakendusteks ja lihtsaks integreerimiseks lisaseadmetega.<br \/>\n<\/p><br \/>\n<br \/>\n<p><b>4.Kas 40\u00d740 alumiiniumist pressimist saab kohandada?<\/b><\/p>\n<p>Jah, 40\u00d740 alumiiniumprofiili saab l\u00f5igata pikaks, puurida ja \u00fchendada \u00fchenduspunktide v\u00f5i T-ava kinnitustega, et t\u00e4ita konkreetseid projekteerimis- ja montaa\u017ein\u00f5udeid.<br \/>\n<\/p><br \/>\n<br \/>\n<p><b>5.Millised pinnaviimistlused on saadaval 40\u00d740 alumiiniumprofiili puhul?<\/b><\/p>\n<p>Levinud viimistlused h\u00f5lmavad anodeeritud, pulberv\u00e4rvimist ja freesimist, mis parandavad korrosioonikaitset, esteetikat ja kulumiskindlust.<br \/>\n<\/p><br \/>\n<br \/>\n<p><b>6.Kas 40\u00d740 alumiiniumprofiilid sobivad kasutamiseks rasketes tingimustes?<\/b><\/p>\n<p>Jah, 40\u00d740 alumiiniumprofiilid suudavad kanda m\u00e4rkimisv\u00e4\u00e4rseid koormusi, kui neid kombineeritakse sobivate liitmike ja tugevdustega, mis tagavad vastupidava toimivuse t\u00f6\u00f6stuslikes tingimustes.<br \/>\n<\/p><br \/>\n<br \/>\n<p><b>7.Kuidas toetab 40\u00d740 alumiiniumprofiili kiire kokkupanek?<\/b><\/p>\n<p>40\u00d740 alumiiniumprofiilist T-ava v\u00f5imaldab t\u00f6\u00f6riistavaba reguleerimist ning paneelide, kronsteinide ja tarvikute lihtsat kinnitamist kiireks ja modulaarseks ehitamiseks.<br \/>\n<\/p><br \/>\n<br \/>\n<p><b>8.Kuidas aitab 40\u00d740 alumiiniumprofiil kaasa s\u00e4\u00e4stvale disainile?<\/b><\/p>\n<p>Alumiinium on 100% ringlussev\u00f5etav ja energiat\u00f5husa tootmisega ning 40\u00d740 ekstrusioon v\u00e4hendab materjali raiskamist t\u00e4nu t\u00e4psele ekstrusioonile ja modulaarsele taaskasutusele.<br \/>\n<\/p><br \/><\/p>","protected":false},"featured_media":6364,"template":"","categories":[60],"class_list":["post-6365","product","type-product","status-publish","has-post-thumbnail","hentry","category-general-tubes-and-bars"],"meta_box":{"hilight_text_group":{"product_hilight_text":"<li>Standard 40x40 profile ideal for modular framing and structural applications<\/li>\r\r\n<li>Made from durable aluminum alloy with excellent corrosion resistance<\/li>\r\r\n<li>Precision extrusion ensures consistent dimensions and quality<\/li>\r\r\n<li>Compatible with a wide range of connectors and accessories<\/li>\r\r\n<li>Supports custom lengths and surface finishes for diverse projects<\/li>","product_chanpin_blog":"<ul>\r\r\n<li><a href=\"https:\/\/sinoextrud.com\/t-slot-v-slot-differences\/\" target=\"_blank\">t slot vs v slot<\/a><\/li>\r\r\n<li><a href=\"https:\/\/sinoextrud.com\/what-is-4040-aluminium-extrud\/\" target=\"_blank\">4040 aluminium extrusion<\/a><\/li>\r\r\n<li><a href=\"https:\/\/sinoextrud.com\/what-is-4040-aluminium-extrud\/\" target=\"_blank\">aluminum extrusions for industrial racks<\/a><\/li>\r\r\n<li><a href=\"https:\/\/sinoextrud.com\/powder-coating-aluminium-process\/\" target=\"_blank\">powder coating aluminium<\/a><\/li>\r\r\n<li><a href=\"https:\/\/sinoextrud.com\/what-is-an-aluminium-strip-ceiling\/\" target=\"_blank\">aluminium strip ceiling<\/a><\/li>\r\r\n<li><a href=\"https:\/\/sinoextrud.com\/what-is-a-heat-sink\/\" target=\"_blank\">what is a heat sink<\/a><\/li>\r\r\n<\/ul>","product_chanpin_chanpin":"<li><a href=\"https:\/\/sinoextrud.com\/product\/aluminium-pipe\/\" target=\"_blank\">Aluminium Pipe<\/a><\/li>\r\n<li><a href=\"https:\/\/sinoextrud.com\/product\/extruded-aluminium-square-tube\/\" target=\"_blank\">Extruded Aluminium Square Tube<\/a><\/li>\r\n<li><a href=\"https:\/\/sinoextrud.com\/product\/extruded-aluminium-retangular-tube\/\" target=\"_blank\">Extruded Aluminium Retangular Tube<\/a><\/li>\r\n<li><a href=\"https:\/\/sinoextrud.com\/product\/anodized-aluminium-tube\/\" target=\"_blank\">anodized aluminium tube<\/a><\/li>\r\n<li><a href=\"https:\/\/sinoextrud.com\/product\/40x40-aluminium-extrusion\/\" target=\"_blank\">40\u00c3\u201440 Aluminium Extrusion<\/a><\/li>\r\n<li><a href=\"https:\/\/sinoextrud.com\/product\/aluminium-precision-tubing\/\" target=\"_blank\">Aluminium Precision Tubing<\/a><\/li>\r\n<li><a href=\"https:\/\/sinoextrud.com\/product\/aluminium-pipes-tubes\/\" target=\"_blank\">Aluminium Pipes Tubes<\/a><\/li>\r\n<li><a href=\"https:\/\/sinoextrud.com\/product\/extruded-aluminum-t-bar\/\" target=\"_blank\">Extruded Aluminum T Bar<\/a><\/li>\r\n<li><a href=\"https:\/\/sinoextrud.com\/product\/round-aluminum-tube\/\" target=\"_blank\">Round Aluminum Tube<\/a><\/li>\r\n<li><a href=\"https:\/\/sinoextrud.com\/product\/aluminium-profile-quarter-round-bar\/\" target=\"_blank\">Aluminium Profile Quarter Round Bar<\/a><\/li>\r\n<li><a href=\"https:\/\/sinoextrud.com\/product\/square-aluminium-extrusion\/\" target=\"_blank\">Square Aluminium Extrusion<\/a><\/li>"},"feature_list":[]},"_links":{"self":[{"href":"https:\/\/sinoextrud.com\/et\/wp-json\/wp\/v2\/product\/6365","targetHints":{"allow":["GET"]}}],"collection":[{"href":"https:\/\/sinoextrud.com\/et\/wp-json\/wp\/v2\/product"}],"about":[{"href":"https:\/\/sinoextrud.com\/et\/wp-json\/wp\/v2\/types\/product"}],"wp:featuredmedia":[{"embeddable":true,"href":"https:\/\/sinoextrud.com\/et\/wp-json\/wp\/v2\/media\/6364"}],"wp:attachment":[{"href":"https:\/\/sinoextrud.com\/et\/wp-json\/wp\/v2\/media?parent=6365"}],"wp:term":[{"taxonomy":"category","embeddable":true,"href":"https:\/\/sinoextrud.com\/et\/wp-json\/wp\/v2\/categories?post=6365"}],"curies":[{"name":"wp","href":"https:\/\/api.w.org\/{rel}","templated":true}]}}