{"id":6355,"date":"2025-05-27T03:30:10","date_gmt":"2025-05-27T03:30:10","guid":{"rendered":"https:\/\/sinoextrud.com\/product\/20mm-x-20mm-aluminum-extrusion\/"},"modified":"2025-06-24T06:10:49","modified_gmt":"2025-06-24T06:10:49","slug":"20mm-x-20mm-alumiiniumprofiil","status":"publish","type":"product","link":"https:\/\/sinoextrud.com\/et\/product\/20mm-x-20mm-aluminum-extrusion\/","title":{"rendered":"20mm X 20mm alumiinium ekstrusioon"},"content":{"rendered":"<h2>Toodete \u00fcksikasjad<\/h2>\n<table class=\"custom-table\">\n<tr>\n<td class=\"label\">Toote nimi<\/td>\n<td>20mm x 20mm alumiiniumprofiil<\/td>\n<\/tr>\n<tr>\n<td class=\"label\">Materjali klass<\/td>\n<td>6000 seeria<\/td>\n<\/tr>\n<tr>\n<td class=\"label\">Kuju<\/td>\n<td>Ruut<\/td>\n<\/tr>\n<tr>\n<td class=\"label\">Paksus<\/td>\n<td>0.7mm-10mm<\/td>\n<\/tr>\n<tr>\n<td class=\"label\">Suurus<\/td>\n<td>Nagu kohandatud<\/td>\n<\/tr>\n<tr>\n<td class=\"label\">T\u00fc\u00fcpilised rakendused<\/td>\n<td>T\u00f6\u00f6stus, m\u00f6\u00f6bel, arhitektuur, dekoreerimine jne.<\/td>\n<\/tr>\n<tr>\n<td class=\"label\">Br\u00e4nd<\/td>\n<td>Sinoextrud<\/td>\n<\/tr>\n<tr>\n<td class=\"label\">Rohkem protsessi<\/td>\n<td>CNC freesimine, puurimine, augustamine, puurimine, koputades, painutamine, painutamine<\/td>\n<\/tr>\n<tr>\n<td class=\"label\">Pinnat\u00f6\u00f6tlus<\/td>\n<td>Valmis, puidumass, anodeeritud, pulberv\u00e4rvimine, elektroforees, PVDF-kate, harjatud jne.<\/td>\n<\/tr>\n<tr>\n<td class=\"label\">Garantii<\/td>\n<td>ISO9001, ISO4001, CQM, SGS, CE, BV jne.<\/td>\n<\/tr>\n<\/table>\n<h2>Meie tootmisbaas<\/h2>\n<h3>Tehase panoraam<\/h3>\n<p><img decoding=\"async\" src=\"\/wp-content\/uploads\/factory-01.webp\"\/><\/p>\n<h3>Alumiiniumvarraste tootmise t\u00f6\u00f6koda<\/h3>\n<p><img decoding=\"async\" src=\"\/wp-content\/uploads\/factory-02.webp\"\/><\/p>\n<p><img decoding=\"async\" src=\"\/wp-content\/uploads\/factory-03.webp\"\/><\/p>\n<h3>hallituse ladustamise ladu<\/h3>\n<p><img decoding=\"async\" src=\"\/wp-content\/uploads\/factory-04.webp\"\/><\/p>\n<h3>43 alumiiniumi ekstrusiooniliini (500-5500 tonni)<\/h3>\n<p><img decoding=\"async\" src=\"\/wp-content\/uploads\/factory-05.webp\"\/><\/p>\n<p><img decoding=\"async\" src=\"\/wp-content\/uploads\/factory-06.webp\"\/><\/p>\n<p><img decoding=\"async\" src=\"\/wp-content\/uploads\/factory-07.webp\"\/><\/p>\n<h3>Pulberv\u00e4rvimise t\u00f6\u00f6koda<\/h3>\n<p><img decoding=\"async\" src=\"\/wp-content\/uploads\/factory-09.webp\"\/><\/p>\n<h3>Anodiseerimise t\u00f6\u00f6koda<\/h3>\n<p><img decoding=\"async\" src=\"\/wp-content\/uploads\/factory-10.webp\"\/><\/p>\n<h3>S\u00fcgavt\u00f6\u00f6tlemise t\u00f6\u00f6tuba<\/h3>\n<p><img decoding=\"async\" src=\"\/wp-content\/uploads\/factory-11.webp\"\/><\/p>\n<h3>CNC-t\u00e4ppist\u00f6\u00f6tlemise t\u00f6\u00f6koda<\/h3>\n<p><img decoding=\"async\" src=\"\/wp-content\/uploads\/factory-11.5.webp\"\/><\/p>\n<h3>Valmistoodete ja ekspordi ladu<\/h3>\n<p><img decoding=\"async\" src=\"\/wp-content\/uploads\/factory-12.webp\"\/><\/p>\n<p><img decoding=\"async\" src=\"\/wp-content\/uploads\/factory-13.webp\"\/><\/p>\n<p><img decoding=\"async\" src=\"\/wp-content\/uploads\/factory-14.webp\"\/><\/p>\n<h2>KKK<\/h2>\n<p><p><b>1.What on 20mm x 20mm alumiinium ekstrusiooni kasutatakse?<\/b><\/p>\n<p>20 mm x 20 mm alumiiniumist pressprofiili kasutatakse t\u00e4nu selle kompaktsele suurusele ja modulaarsele disainile tavaliselt kergete raamide, DIY-projektide, 3D-printerite ja automaatikas\u00fcsteemide valmistamisel.<br \/>\n<\/p><br \/>\n<br \/>\n<p><b>2.Millised on 20mm x 20mm alumiiniumi ekstrusiooni peamised eelised?<\/b><\/p>\n<p>20 mm x 20 mm alumiiniumist pressprofiil pakub suurep\u00e4rast tugevuse ja kaalu suhet, korrosioonikindlust ning lihtsat kokkupanekut standardsete liitmike ja tarvikutega.<br \/>\n<\/p><br \/>\n<br \/>\n<p><b>3.Miks valida 20mm x 20mm alumiiniumprofiil teiste suuruste asemel?<\/b><\/p>\n<p>20 mm x 20 mm profiil on ideaalne piiratud ruumiga rakenduste jaoks, pakkudes struktuurilist stabiilsust, s\u00e4ilitades samal ajal kogu s\u00fcsteemi kompaktsuse ja kerguse.<br \/>\n<\/p><br \/>\n<br \/>\n<p><b>4.Can 20mm x 20mm alumiiniumprofiilide kohandada?<\/b><\/p>\n<p>Jah, neid saab kohandada pikkuse, pinna viimistluse ja eelpuuritud aukude v\u00f5i piludega, et vastata konkreetsetele disaini- ja paigaldusvajadustele.<br \/>\n<\/p><br \/>\n<br \/>\n<p><b>5.Millised pinnaviimistlused on saadaval 20mm x 20mm alumiiniumprofiilidele?<\/b><\/p>\n<p>Saadaval on anodeerimine, pulberv\u00e4rvimine ja freespind, et parandada korrosioonikindlust, vastupidavust ja visuaalset atraktiivsust.<br \/>\n<\/p><br \/>\n<br \/>\n<p><b>6.Kas 20mm x 20mm alumiiniumprofiilid sobivad kasutamiseks v\u00e4listingimustes?<\/b><\/p>\n<p>Jah, anodeeritud v\u00f5i pulberv\u00e4rvitud viimistlusega 20 mm x 20 mm alumiiniumprofiilid on ilmastikukindlad ja sobivad v\u00e4litingimustes v\u00f5i pooleldi eksponeeritud keskkondades.<br \/>\n<\/p><br \/>\n<br \/>\n<p><b>7.Kuidas toetab 20mm x 20mm alumiiniumprofiil modulaarseid konstruktsioone?<\/b><\/p>\n<p>Selle standardiseeritud m\u00f5\u00f5tmed ja \u00fchilduvus T-pesaga tarvikutega muudavad selle ideaalseks modulaarsete koostude, automaatika raamistike ja protot\u00fc\u00fcbis\u00fcsteemide jaoks.<br \/>\n<\/p><br \/><\/p>","protected":false},"featured_media":6354,"template":"","categories":[60],"class_list":["post-6355","product","type-product","status-publish","has-post-thumbnail","hentry","category-general-tubes-and-bars"],"meta_box":{"hilight_text_group":{"product_hilight_text":"<li>Compact 20mm x 20mm profile ideal for lightweight framing systems<\/li>\r\r\n<li>Made from high-quality aluminum with excellent strength and durability<\/li>\r\r\n<li>Corrosion-resistant and suitable for both indoor and outdoor use<\/li>\r\r\n<li>Easy to assemble with standard connectors and accessories<\/li>\r\r\n<li>Widely used in automation, DIY projects, and display structures<\/li>","product_chanpin_blog":"<ul>\r\r\n<li><a href=\"https:\/\/sinoextrud.com\/t-slot-v-slot-differences\/\" target=\"_blank\">t slot vs v slot<\/a><\/li>\r\r\n<li><a href=\"https:\/\/sinoextrud.com\/what-is-4040-aluminium-extrud\/\" target=\"_blank\">4040 aluminium extrusion<\/a><\/li>\r\r\n<li><a href=\"https:\/\/sinoextrud.com\/what-is-4040-aluminium-extrud\/\" target=\"_blank\">aluminum extrusions for industrial racks<\/a><\/li>\r\r\n<li><a href=\"https:\/\/sinoextrud.com\/powder-coating-aluminium-process\/\" target=\"_blank\">powder coating aluminium<\/a><\/li>\r\r\n<li><a href=\"https:\/\/sinoextrud.com\/what-is-an-aluminium-strip-ceiling\/\" target=\"_blank\">aluminium strip ceiling<\/a><\/li>\r\r\n<li><a href=\"https:\/\/sinoextrud.com\/what-is-a-heat-sink\/\" target=\"_blank\">what is a heat sink<\/a><\/li>\r\r\n<\/ul>","product_chanpin_chanpin":"<li><a href=\"https:\/\/sinoextrud.com\/product\/oval-aluminum-extrusion\/\" target=\"_blank\">Oval Aluminum Extrusion<\/a><\/li>\r\n<li><a href=\"https:\/\/sinoextrud.com\/product\/powder-coated-aluminum-tube\/\" target=\"_blank\">Powder Coated Aluminum Tube<\/a><\/li>\r\n<li><a href=\"https:\/\/sinoextrud.com\/product\/3003-round-aluminum-tube-extrusion-in-stock\/\" target=\"_blank\">3003 Round Aluminum Tube Extrusion In Stock<\/a><\/li>\r\n<li><a href=\"https:\/\/sinoextrud.com\/product\/aluminum-round-tube-extrusion\/\" target=\"_blank\">Aluminum Round Tube Extrusion<\/a><\/li>\r\n<li><a href=\"https:\/\/sinoextrud.com\/product\/20mm-x-20mm-aluminum-extrusion\/\" target=\"_blank\">20mm X 20mm Aluminum Extrusion<\/a><\/li>\r\n<li><a href=\"https:\/\/sinoextrud.com\/product\/aluminium-pipe\/\" target=\"_blank\">Aluminium Pipe<\/a><\/li>\r\n<li><a href=\"https:\/\/sinoextrud.com\/product\/extruded-aluminium-square-tube\/\" target=\"_blank\">Extruded Aluminium Square Tube<\/a><\/li>\r\n<li><a href=\"https:\/\/sinoextrud.com\/product\/extruded-aluminium-retangular-tube\/\" target=\"_blank\">Extruded Aluminium Retangular Tube<\/a><\/li>\r\n<li><a href=\"https:\/\/sinoextrud.com\/product\/anodized-aluminium-tube\/\" target=\"_blank\">anodized aluminium tube<\/a><\/li>\r\n<li><a href=\"https:\/\/sinoextrud.com\/product\/aluminum-extrusions-stock-shapes\/\" target=\"_blank\">Aluminum Extrusions Stock Shapes<\/a><\/li>\r\n<li><a href=\"https:\/\/sinoextrud.com\/product\/slotted-extruded-aluminum-u-shaped-bending-punching\/\" target=\"_blank\">Slotted Extruded Aluminum U Shaped Bending Punching<\/a><\/li>"},"feature_list":[]},"_links":{"self":[{"href":"https:\/\/sinoextrud.com\/et\/wp-json\/wp\/v2\/product\/6355","targetHints":{"allow":["GET"]}}],"collection":[{"href":"https:\/\/sinoextrud.com\/et\/wp-json\/wp\/v2\/product"}],"about":[{"href":"https:\/\/sinoextrud.com\/et\/wp-json\/wp\/v2\/types\/product"}],"wp:featuredmedia":[{"embeddable":true,"href":"https:\/\/sinoextrud.com\/et\/wp-json\/wp\/v2\/media\/6354"}],"wp:attachment":[{"href":"https:\/\/sinoextrud.com\/et\/wp-json\/wp\/v2\/media?parent=6355"}],"wp:term":[{"taxonomy":"category","embeddable":true,"href":"https:\/\/sinoextrud.com\/et\/wp-json\/wp\/v2\/categories?post=6355"}],"curies":[{"name":"wp","href":"https:\/\/api.w.org\/{rel}","templated":true}]}}