{"id":6351,"date":"2025-05-27T03:20:26","date_gmt":"2025-05-27T03:20:26","guid":{"rendered":"https:\/\/sinoextrud.com\/product\/3003-round-aluminum-tube-extrusion-in-stock\/"},"modified":"2025-06-24T06:10:49","modified_gmt":"2025-06-24T06:10:49","slug":"3003-ummargune-alumiiniumtoru-ekstrusioon-laos","status":"publish","type":"product","link":"https:\/\/sinoextrud.com\/et\/product\/3003-round-aluminum-tube-extrusion-in-stock\/","title":{"rendered":"3003 \u00fcmmargune alumiiniumtoru ekstrusioon laos"},"content":{"rendered":"<h2>Toodete \u00fcksikasjad<\/h2>\n<table class=\"custom-table\">\n<tr>\n<td class=\"label\">Objekt:<\/td>\n<td>3003 \u00fcmmargune alumiiniumtoru ekstrusioon laos<\/td>\n<\/tr>\n<tr>\n<td class=\"label\">Laos v\u00f5i mitte:<\/td>\n<td>Laos<\/td>\n<\/tr>\n<tr>\n<td class=\"label\">Kuju:<\/td>\n<td>Toru, ovaalne, ruudukujuline v\u00f5i kohandatud<\/td>\n<\/tr>\n<tr>\n<td class=\"label\">Sallivus:<\/td>\n<td>\u00b10,01mm<\/td>\n<\/tr>\n<tr>\n<td class=\"label\">Funktsioon:<\/td>\n<td>ilma igasuguse k\u00f5vaduseta<\/td>\n<\/tr>\n<tr>\n<td class=\"label\">Tarneaeg:<\/td>\n<td>15-20 p\u00e4eva<\/td>\n<\/tr>\n<tr>\n<td class=\"label\">Makset\u00e4htaeg:<\/td>\n<td>T \/ T (30% tagatisraha, 70% saldo enne saatmist), L \/ C<\/td>\n<\/tr>\n<tr>\n<td class=\"label\">Sadam:<\/td>\n<td>FOB Guangzhou, Shenzhen, Foshan<\/td>\n<\/tr>\n<tr>\n<td class=\"label\">Standard:<\/td>\n<td>Rahvusvaheline standard<\/td>\n<\/tr>\n<tr>\n<td class=\"label\">Materjal:<\/td>\n<td>3000 seeria, 3003<\/td>\n<\/tr>\n<tr>\n<td class=\"label\">P\u00e4ritolukoht:<\/td>\n<td>Foshan, Guangdong<\/td>\n<\/tr>\n<tr>\n<td class=\"label\">Sulam v\u00f5i mitte:<\/td>\n<td>Alumiiniumsulam<\/td>\n<\/tr>\n<tr>\n<td class=\"label\">Br\u00e4ndi:<\/td>\n<td>Sinoextrud<\/td>\n<\/tr>\n<tr>\n<td class=\"label\">Pinnat\u00f6\u00f6tlus:<\/td>\n<td>Anodeeritud, elektroforees, ?poleerimine, liivapritsitud<\/td>\n<\/tr>\n<tr>\n<td class=\"label\">MOQ:<\/td>\n<td>200 kg iga eseme kohta<\/td>\n<\/tr>\n<tr>\n<td class=\"label\">T\u00f6\u00f6tlemisteenus:<\/td>\n<td>Puurimine, keevitamine, stantsimine, l\u00f5ikamine<\/td>\n<\/tr>\n<tr>\n<td class=\"label\">Pikkus:<\/td>\n<td>1-9m v\u00f5i kohandatud<\/td>\n<\/tr>\n<\/table>\n<h2>Meie tootmisbaas<\/h2>\n<h3>Tehase panoraam<\/h3>\n<p><img decoding=\"async\" src=\"\/wp-content\/uploads\/factory-01.webp\"\/><\/p>\n<h3>Alumiiniumvarraste tootmise t\u00f6\u00f6koda<\/h3>\n<p><img decoding=\"async\" src=\"\/wp-content\/uploads\/factory-02.webp\"\/><\/p>\n<p><img decoding=\"async\" src=\"\/wp-content\/uploads\/factory-03.webp\"\/><\/p>\n<h3>hallituse ladustamise ladu<\/h3>\n<p><img decoding=\"async\" src=\"\/wp-content\/uploads\/factory-04.webp\"\/><\/p>\n<h3>43 alumiiniumi ekstrusiooniliini (500-5500 tonni)<\/h3>\n<p><img decoding=\"async\" src=\"\/wp-content\/uploads\/factory-05.webp\"\/><\/p>\n<p><img decoding=\"async\" src=\"\/wp-content\/uploads\/factory-06.webp\"\/><\/p>\n<p><img decoding=\"async\" src=\"\/wp-content\/uploads\/factory-07.webp\"\/><\/p>\n<h3>Pulberv\u00e4rvimise t\u00f6\u00f6koda<\/h3>\n<p><img decoding=\"async\" src=\"\/wp-content\/uploads\/factory-09.webp\"\/><\/p>\n<h3>Anodiseerimise t\u00f6\u00f6koda<\/h3>\n<p><img decoding=\"async\" src=\"\/wp-content\/uploads\/factory-10.webp\"\/><\/p>\n<h3>S\u00fcgavt\u00f6\u00f6tlemise t\u00f6\u00f6tuba<\/h3>\n<p><img decoding=\"async\" src=\"\/wp-content\/uploads\/factory-11.webp\"\/><\/p>\n<h3>CNC-t\u00e4ppist\u00f6\u00f6tlemise t\u00f6\u00f6koda<\/h3>\n<p><img decoding=\"async\" src=\"\/wp-content\/uploads\/factory-11.5.webp\"\/><\/p>\n<h3>Valmistoodete ja ekspordi ladu<\/h3>\n<p><img decoding=\"async\" src=\"\/wp-content\/uploads\/factory-12.webp\"\/><\/p>\n<p><img decoding=\"async\" src=\"\/wp-content\/uploads\/factory-13.webp\"\/><\/p>\n<p><img decoding=\"async\" src=\"\/wp-content\/uploads\/factory-14.webp\"\/><\/p>\n<h2>KKK<\/h2>\n<p><p><b>1.Mis on 3003 \u00fcmmargune alumiiniumist ekstrusioonitoru, mida kasutatakse?<\/b><\/p>\n<p>3003 \u00fcmmargune alumiiniumist pressitud toru on t\u00e4nu oma suurep\u00e4rasele korrosioonikindlusele ja vormitavusele \u00fcldkasutatav HVAC-, katuse-, torustiku- ja dekoratiivsetes rakendustes.<br \/>\n<\/p><br \/>\n<br \/>\n<p><b>2.Millised on 3003 \u00fcmmarguse alumiiniumtoru ekstrusiooni peamised eelised?<\/b><\/p>\n<p>3003 alumiiniumtorud pakuvad k\u00f5rget korrosioonikindlust, head keevitatavust ja suurep\u00e4rast t\u00f6\u00f6deldavust, mist\u00f5ttu sobivad need ideaalselt nii konstruktsioonilisteks kui ka funktsionaalseteks rakendusteks.<br \/>\n<\/p><br \/>\n<br \/>\n<p><b>3.Miks valida 3003 sulam \u00fcmmarguse alumiiniumtoru ekstrusiooni jaoks?<\/b><\/p>\n<p>3003 sulam pakub suurep\u00e4rast vastupidavust atmosf\u00e4\u00e4ri- ja keemilisele korrosioonile, eriti mere- ja t\u00f6\u00f6stuskeskkonnas.<br \/>\n<\/p><br \/>\n<br \/>\n<p><b>4.Kas 3003 \u00fcmmargune alumiiniumtoru ekstrusioon on laos saadaval?<\/b><\/p>\n<p>Jah, paljud tarnijad hoiavad 3003 \u00fcmmarguse alumiiniumtoru ekstrusioone laos, et neid kiiresti tarnida, toetades projektide kiiret valmimisaega.<br \/>\n<\/p><br \/>\n<br \/>\n<p><b>5.Can 3003 \u00fcmmargused alumiiniumtorud on kohandatud?<\/b><\/p>\n<p>Jah, nende l\u00e4bim\u00f5\u00f5tu, seinapaksust ja pikkust saab kohandada vastavalt konkreetsetele projekteerimis- v\u00f5i tehnilistele n\u00f5uetele.<br \/>\n<\/p><br \/>\n<br \/>\n<p><b>6.Millised viimistlused on saadaval 3003 \u00fcmmarguste alumiiniumtorude jaoks?<\/b><\/p>\n<p>Korrosioonikaitse ja v\u00e4limuse parandamiseks on saadaval sellised viimistlused nagu freesimine, anodeerimine ja pulberv\u00e4rvimine.<br \/>\n<\/p><br \/>\n<br \/>\n<p><b>7.Kas 3003 \u00fcmmargused alumiiniumtorud sobivad v\u00e4litingimustes kasutamiseks?<\/b><\/p>\n<p>Jah, t\u00e4nu oma suurep\u00e4rasele korrosioonikindlusele sobivad 3003 \u00fcmmargused alumiiniumtorud ideaalselt v\u00e4lis-, mere- ja niisketesse keskkondadesse.<br \/>\n<\/p><br \/>\n<br \/>\n<p><b>8.Kuidas toetab 3003 \u00fcmmargune alumiiniumtoru ekstrusioon j\u00e4tkusuutlikkust?<\/b><\/p>\n<p>Alumiinium on 100% ringlussev\u00f5etav ja 3003 sulami vastupidavus v\u00e4hendab hooldusvajadust, mist\u00f5ttu on see j\u00e4tkusuutlik valik pikaajaliseks kasutamiseks.<br \/>\n<\/p><br \/><\/p>","protected":false},"featured_media":6350,"template":"","categories":[60],"class_list":["post-6351","product","type-product","status-publish","has-post-thumbnail","hentry","category-general-tubes-and-bars"],"meta_box":{"hilight_text_group":{"product_hilight_text":"<li>Made from 3003 aluminum alloy with excellent corrosion resistance<\/li>\r\r\n<li>Round tube design suitable for fluid handling and structural support<\/li>\r\r\n<li>In-stock availability ensures fast delivery and reduced lead times<\/li>\r\r\n<li>Good formability and weldability for easy processing<\/li>\r\r\n<li>Ideal for HVAC, marine, and general industrial applications<\/li>","product_chanpin_blog":"<ul>\r\r\n<li><a href=\"https:\/\/sinoextrud.com\/t-slot-v-slot-differences\/\" target=\"_blank\">t slot vs v slot<\/a><\/li>\r\r\n<li><a href=\"https:\/\/sinoextrud.com\/what-is-4040-aluminium-extrud\/\" target=\"_blank\">4040 aluminium extrusion<\/a><\/li>\r\r\n<li><a href=\"https:\/\/sinoextrud.com\/what-is-4040-aluminium-extrud\/\" target=\"_blank\">aluminum extrusions for industrial racks<\/a><\/li>\r\r\n<li><a href=\"https:\/\/sinoextrud.com\/powder-coating-aluminium-process\/\" target=\"_blank\">powder coating aluminium<\/a><\/li>\r\r\n<li><a href=\"https:\/\/sinoextrud.com\/what-is-an-aluminium-strip-ceiling\/\" target=\"_blank\">aluminium strip ceiling<\/a><\/li>\r\r\n<li><a href=\"https:\/\/sinoextrud.com\/what-is-a-heat-sink\/\" target=\"_blank\">what is a heat sink<\/a><\/li>\r\r\n<\/ul>","product_chanpin_chanpin":"<li><a href=\"https:\/\/sinoextrud.com\/product\/aluminium-profile-10x10\/\" target=\"_blank\">Aluminium Profile 10\u00c3\u201410<\/a><\/li>\r\n<li><a href=\"https:\/\/sinoextrud.com\/product\/aluminium-square-tubes\/\" target=\"_blank\">Aluminium Square tubes<\/a><\/li>\r\n<li><a href=\"https:\/\/sinoextrud.com\/product\/oval-aluminum-extrusion\/\" target=\"_blank\">Oval Aluminum Extrusion<\/a><\/li>\r\n<li><a href=\"https:\/\/sinoextrud.com\/product\/powder-coated-aluminum-tube\/\" target=\"_blank\">Powder Coated Aluminum Tube<\/a><\/li>\r\n<li><a href=\"https:\/\/sinoextrud.com\/product\/3003-round-aluminum-tube-extrusion-in-stock\/\" target=\"_blank\">3003 Round Aluminum Tube Extrusion In Stock<\/a><\/li>\r\n<li><a href=\"https:\/\/sinoextrud.com\/product\/aluminum-round-tube-extrusion\/\" target=\"_blank\">Aluminum Round Tube Extrusion<\/a><\/li>\r\n<li><a href=\"https:\/\/sinoextrud.com\/product\/20mm-x-20mm-aluminum-extrusion\/\" target=\"_blank\">20mm X 20mm Aluminum Extrusion<\/a><\/li>\r\n<li><a href=\"https:\/\/sinoextrud.com\/product\/aluminium-pipe\/\" target=\"_blank\">Aluminium Pipe<\/a><\/li>\r\n<li><a href=\"https:\/\/sinoextrud.com\/product\/extruded-aluminium-square-tube\/\" target=\"_blank\">Extruded Aluminium Square Tube<\/a><\/li>\r\n<li><a href=\"https:\/\/sinoextrud.com\/product\/extruded-aluminium-profiles-heat-sink\/\" target=\"_blank\">Extruded Aluminium Profiles Heat Sink<\/a><\/li>\r\n<li><a href=\"https:\/\/sinoextrud.com\/product\/custom-extruded-aluminum-shapes-sunflower-heat-sink\/\" target=\"_blank\">Custom Extruded Aluminum Shapes Sunflower Heat Sink<\/a><\/li>"},"feature_list":[]},"_links":{"self":[{"href":"https:\/\/sinoextrud.com\/et\/wp-json\/wp\/v2\/product\/6351","targetHints":{"allow":["GET"]}}],"collection":[{"href":"https:\/\/sinoextrud.com\/et\/wp-json\/wp\/v2\/product"}],"about":[{"href":"https:\/\/sinoextrud.com\/et\/wp-json\/wp\/v2\/types\/product"}],"wp:featuredmedia":[{"embeddable":true,"href":"https:\/\/sinoextrud.com\/et\/wp-json\/wp\/v2\/media\/6350"}],"wp:attachment":[{"href":"https:\/\/sinoextrud.com\/et\/wp-json\/wp\/v2\/media?parent=6351"}],"wp:term":[{"taxonomy":"category","embeddable":true,"href":"https:\/\/sinoextrud.com\/et\/wp-json\/wp\/v2\/categories?post=6351"}],"curies":[{"name":"wp","href":"https:\/\/api.w.org\/{rel}","templated":true}]}}