{"id":6347,"date":"2025-05-27T03:09:45","date_gmt":"2025-05-27T03:09:45","guid":{"rendered":"https:\/\/sinoextrud.com\/product\/oval-aluminum-extrusion\/"},"modified":"2025-06-24T06:10:48","modified_gmt":"2025-06-24T06:10:48","slug":"ovaalne-alumiinium-ekstrusioon","status":"publish","type":"product","link":"https:\/\/sinoextrud.com\/et\/product\/oval-aluminum-extrusion\/","title":{"rendered":"Ovaalne alumiiniumi ekstrusioon"},"content":{"rendered":"<h2>Toodete \u00fcksikasjad<\/h2>\n<table class=\"custom-table\">\n<tr>\n<td class=\"label\">Toote nimi:<\/td>\n<td>Ovaalne alumiinium ekstrusioon<\/td>\n<\/tr>\n<tr>\n<td class=\"label\">Sulam:<\/td>\n<td>6063, 6060, 6005, 6061, 6082, 6101, 6106 jne.<\/td>\n<\/tr>\n<tr>\n<td class=\"label\">Sertifikaat:<\/td>\n<td>CE, ISO9001,OHSAS18001,ISO14001<\/td>\n<\/tr>\n<tr>\n<td class=\"label\">Pinnat\u00f6\u00f6tlus:<\/td>\n<td>Anodeerimine, pulberv\u00e4rvimine, puidu katmine, elektroforees, PVDF jne.<\/td>\n<\/tr>\n<tr>\n<td class=\"label\">Suurus:<\/td>\n<td>0.5m - 11.85m, kohandatud.<\/td>\n<\/tr>\n<tr>\n<td class=\"label\">Kuju:<\/td>\n<td>Kohandatud.<\/td>\n<\/tr>\n<tr>\n<td class=\"label\">Paksus:<\/td>\n<td>Kohandatud.<\/td>\n<\/tr>\n<tr>\n<td class=\"label\">Taotlus:<\/td>\n<td>Arhitektuuriline, t\u00f6\u00f6stuslik, dekoratsioon jne.<\/td>\n<\/tr>\n<tr>\n<td class=\"label\">Protsess:<\/td>\n<td>Puurimine, painutamine, keevitamine, t\u00e4pne l\u00f5ikamine, stantsimine jne.<\/td>\n<\/tr>\n<\/table>\n<h2>Meie tootmisbaas<\/h2>\n<h3>Tehase panoraam<\/h3>\n<p><img decoding=\"async\" src=\"\/wp-content\/uploads\/factory-01.webp\"\/><\/p>\n<h3>Alumiiniumvarraste tootmise t\u00f6\u00f6koda<\/h3>\n<p><img decoding=\"async\" src=\"\/wp-content\/uploads\/factory-02.webp\"\/><\/p>\n<p><img decoding=\"async\" src=\"\/wp-content\/uploads\/factory-03.webp\"\/><\/p>\n<h3>hallituse ladustamise ladu<\/h3>\n<p><img decoding=\"async\" src=\"\/wp-content\/uploads\/factory-04.webp\"\/><\/p>\n<h3>43 alumiiniumi ekstrusiooniliini (500-5500 tonni)<\/h3>\n<p><img decoding=\"async\" src=\"\/wp-content\/uploads\/factory-05.webp\"\/><\/p>\n<p><img decoding=\"async\" src=\"\/wp-content\/uploads\/factory-06.webp\"\/><\/p>\n<p><img decoding=\"async\" src=\"\/wp-content\/uploads\/factory-07.webp\"\/><\/p>\n<h3>Pulberv\u00e4rvimise t\u00f6\u00f6koda<\/h3>\n<p><img decoding=\"async\" src=\"\/wp-content\/uploads\/factory-09.webp\"\/><\/p>\n<h3>Anodiseerimise t\u00f6\u00f6koda<\/h3>\n<p><img decoding=\"async\" src=\"\/wp-content\/uploads\/factory-10.webp\"\/><\/p>\n<h3>S\u00fcgavt\u00f6\u00f6tlemise t\u00f6\u00f6tuba<\/h3>\n<p><img decoding=\"async\" src=\"\/wp-content\/uploads\/factory-11.webp\"\/><\/p>\n<h3>CNC-t\u00e4ppist\u00f6\u00f6tlemise t\u00f6\u00f6koda<\/h3>\n<p><img decoding=\"async\" src=\"\/wp-content\/uploads\/factory-11.5.webp\"\/><\/p>\n<h3>Valmistoodete ja ekspordi ladu<\/h3>\n<p><img decoding=\"async\" src=\"\/wp-content\/uploads\/factory-12.webp\"\/><\/p>\n<p><img decoding=\"async\" src=\"\/wp-content\/uploads\/factory-13.webp\"\/><\/p>\n<p><img decoding=\"async\" src=\"\/wp-content\/uploads\/factory-14.webp\"\/><\/p>\n<h2>KKK<\/h2>\n<p><p><b>1.What on ovaalne alumiinium ekstrusiooni kasutatakse?<\/b><\/p>\n<p>Ovaalset alumiiniumprofiili kasutatakse tavaliselt m\u00f6\u00f6bli-, auto-, mere- ja arhitektuurirakendustes t\u00e4nu selle aerod\u00fcnaamilisele kujule ja kaasaegsele v\u00e4limusele.<br \/>\n<\/p><br \/>\n<br \/>\n<p><b>2.Millised on ovaalse alumiiniumi ekstrusiooni peamised eelised?<\/b><\/p>\n<p>Ovaalsed alumiiniumprofiilid pakuvad kerget tugevust, korrosioonikindlust, elegantset esteetikat ja paremat aerod\u00fcnaamikat nii funktsionaalseks kui ka dekoratiivseks kasutuseks.<br \/>\n<\/p><br \/>\n<br \/>\n<p><b>3.Miks valida ovaalne alumiiniumprofiil \u00fcmmarguse v\u00f5i ruudukujulise profiili asemel?<\/b><\/p>\n<p>Ovaalsed profiilid pakuvad ainulaadset v\u00e4limust, paremat \u00f5huvoolu j\u00f5udlust ja struktuurilist terviklikkust, mist\u00f5ttu on need ideaalsed disainitundlike ja tulemuslikkusega seotud rakenduste jaoks.<br \/>\n<\/p><br \/>\n<br \/>\n<p><b>4.Kas ovaalsed alumiiniumprofiilid saab kohandada?<\/b><\/p>\n<p>Jah, ovaalseid alumiiniumprofiile saab kohandada suuruse, seina paksuse, sulami ja pinnaviimistluse poolest, et need vastaksid projekti spetsiifilistele n\u00f5uetele.<br \/>\n<\/p><br \/>\n<br \/>\n<p><b>5.Millised pinnaviimistlused on saadaval ovaalsete alumiiniumprofiilide jaoks?<\/b><\/p>\n<p>Saadaval on anodeerimine, pulberv\u00e4rvimine ja freesimine, mis k\u00f5ik suurendavad korrosioonikindlust, vastupidavust ja visuaalset atraktiivsust.<br \/>\n<\/p><br \/>\n<br \/>\n<p><b>6.Kas ovaalsed alumiiniumprofiilid sobivad v\u00e4litingimustes kasutamiseks?<\/b><\/p>\n<p>Jah, n\u00f5uetekohase pinnat\u00f6\u00f6tluse korral on ovaalsed alumiiniumprofiilid v\u00e4ga vastupidavad ilmastikutingimustele, UV-kiirgusele ja korrosioonile v\u00e4liskeskkonnas.<br \/>\n<\/p><br \/>\n<br \/>\n<p><b>7.Kuidas toetavad ovaalsed alumiiniumprofiilid s\u00e4\u00e4stvat disaini?<\/b><\/p>\n<p>Alumiinium on 100% ringlussev\u00f5etav ja kerge, mist\u00f5ttu on ovaalsed pressprofiilid keskkonnas\u00e4\u00e4stlikuks ja energiat\u00f5husaks valikuks rohelise ehituse ja tootedisaini jaoks.<br \/>\n<\/p><br \/><\/p>","protected":false},"featured_media":6346,"template":"","categories":[60],"class_list":["post-6347","product","type-product","status-publish","has-post-thumbnail","hentry","category-general-tubes-and-bars"],"meta_box":{"hilight_text_group":{"product_hilight_text":"<li>Sleek oval design ideal for aesthetic and aerodynamic applications<\/li>\r\r\n<li>Made from high-quality aluminum for strength and durability<\/li>\r\r\n<li>Corrosion-resistant surface suitable for indoor and outdoor use<\/li>\r\r\n<li>Available in custom sizes, wall thicknesses, and finishes<\/li>\r\r\n<li>Supports OEM services and bulk production for various industries<\/li>","product_chanpin_blog":"<ul>\r\r\n<li><a href=\"https:\/\/sinoextrud.com\/t-slot-v-slot-differences\/\" target=\"_blank\">t slot vs v slot<\/a><\/li>\r\r\n<li><a href=\"https:\/\/sinoextrud.com\/what-is-4040-aluminium-extrud\/\" target=\"_blank\">4040 aluminium extrusion<\/a><\/li>\r\r\n<li><a href=\"https:\/\/sinoextrud.com\/what-is-4040-aluminium-extrud\/\" target=\"_blank\">aluminum extrusions for industrial racks<\/a><\/li>\r\r\n<li><a href=\"https:\/\/sinoextrud.com\/powder-coating-aluminium-process\/\" target=\"_blank\">powder coating aluminium<\/a><\/li>\r\r\n<li><a href=\"https:\/\/sinoextrud.com\/what-is-an-aluminium-strip-ceiling\/\" target=\"_blank\">aluminium strip ceiling<\/a><\/li>\r\r\n<li><a href=\"https:\/\/sinoextrud.com\/what-is-a-heat-sink\/\" target=\"_blank\">what is a heat sink<\/a><\/li>\r\r\n<\/ul>","product_chanpin_chanpin":"<li><a href=\"https:\/\/sinoextrud.com\/product\/quarter-round-aluminum-extrusion\/\" target=\"_blank\">Quarter Round Aluminum Extrusion<\/a><\/li>\r\n<li><a href=\"https:\/\/sinoextrud.com\/product\/extruded-aluminum-bar\/\" target=\"_blank\">Extruded Aluminum Bar<\/a><\/li>\r\n<li><a href=\"https:\/\/sinoextrud.com\/product\/aluminium-profile-10x10\/\" target=\"_blank\">Aluminium Profile 10\u00c3\u201410<\/a><\/li>\r\n<li><a href=\"https:\/\/sinoextrud.com\/product\/aluminium-square-tubes\/\" target=\"_blank\">Aluminium Square tubes<\/a><\/li>\r\n<li><a href=\"https:\/\/sinoextrud.com\/product\/oval-aluminum-extrusion\/\" target=\"_blank\">Oval Aluminum Extrusion<\/a><\/li>\r\n<li><a href=\"https:\/\/sinoextrud.com\/product\/powder-coated-aluminum-tube\/\" target=\"_blank\">Powder Coated Aluminum Tube<\/a><\/li>\r\n<li><a href=\"https:\/\/sinoextrud.com\/product\/3003-round-aluminum-tube-extrusion-in-stock\/\" target=\"_blank\">3003 Round Aluminum Tube Extrusion In Stock<\/a><\/li>\r\n<li><a href=\"https:\/\/sinoextrud.com\/product\/aluminum-round-tube-extrusion\/\" target=\"_blank\">Aluminum Round Tube Extrusion<\/a><\/li>\r\n<li><a href=\"https:\/\/sinoextrud.com\/product\/20mm-x-20mm-aluminum-extrusion\/\" target=\"_blank\">20mm X 20mm Aluminum Extrusion<\/a><\/li>\r\n<li><a href=\"https:\/\/sinoextrud.com\/product\/aluminium-sliding-door-matt-grey\/\" target=\"_blank\">Aluminium Sliding Door Matt Grey<\/a><\/li>\r\n<li><a href=\"https:\/\/sinoextrud.com\/product\/oem-aluminum-extrusion-profile-for-windows-and-doors\/\" target=\"_blank\">OEM Aluminum Extrusion Profile for Windows and Doors<\/a><\/li>"},"feature_list":[]},"_links":{"self":[{"href":"https:\/\/sinoextrud.com\/et\/wp-json\/wp\/v2\/product\/6347","targetHints":{"allow":["GET"]}}],"collection":[{"href":"https:\/\/sinoextrud.com\/et\/wp-json\/wp\/v2\/product"}],"about":[{"href":"https:\/\/sinoextrud.com\/et\/wp-json\/wp\/v2\/types\/product"}],"wp:featuredmedia":[{"embeddable":true,"href":"https:\/\/sinoextrud.com\/et\/wp-json\/wp\/v2\/media\/6346"}],"wp:attachment":[{"href":"https:\/\/sinoextrud.com\/et\/wp-json\/wp\/v2\/media?parent=6347"}],"wp:term":[{"taxonomy":"category","embeddable":true,"href":"https:\/\/sinoextrud.com\/et\/wp-json\/wp\/v2\/categories?post=6347"}],"curies":[{"name":"wp","href":"https:\/\/api.w.org\/{rel}","templated":true}]}}