{"id":6339,"date":"2025-05-27T02:53:10","date_gmt":"2025-05-27T02:53:10","guid":{"rendered":"https:\/\/sinoextrud.com\/product\/extruded-aluminum-bar\/"},"modified":"2025-06-24T06:10:47","modified_gmt":"2025-06-24T06:10:47","slug":"pressitud-alumiiniumist-varras","status":"publish","type":"product","link":"https:\/\/sinoextrud.com\/et\/product\/extruded-aluminum-bar\/","title":{"rendered":"V\u00e4ljapressitud alumiiniumist varras"},"content":{"rendered":"<h2>Toodete \u00fcksikasjad<\/h2>\n<table class=\"custom-table\">\n<tr>\n<td class=\"label\">Nimi<\/td>\n<td>Pressitud alumiiniumist varras<\/td>\n<\/tr>\n<tr>\n<td class=\"label\">Br\u00e4nd<\/td>\n<td>Sinoextrud<\/td>\n<\/tr>\n<tr>\n<td class=\"label\">Kategooria<\/td>\n<td>Alumiiniumprofiilid<\/td>\n<\/tr>\n<tr>\n<td class=\"label\">T\u00fc\u00fcp<\/td>\n<td>Saadaval on raske v\u00f5i kerge t\u00fc\u00fcp<\/td>\n<\/tr>\n<tr>\n<td class=\"label\">Materjal<\/td>\n<td>6061 on laialdaselt kasutusel. Saadaval on ka 6063, 6463, 6005, 6082.<\/td>\n<\/tr>\n<tr>\n<td class=\"label\">Temper<\/td>\n<td>T5-T8<\/td>\n<\/tr>\n<tr>\n<td class=\"label\">Pikkus<\/td>\n<td>1-9m v\u00f5i kohandamine<\/td>\n<\/tr>\n<tr>\n<td class=\"label\">Suurus (mm)<\/td>\n<td>Vastavalt joonisele<\/td>\n<\/tr>\n<tr>\n<td class=\"label\">Kuju<\/td>\n<td>Lattvarras\/L kuju \/U kuju \/ T kuju \/ Y kuju \/ kohandamine<\/td>\n<\/tr>\n<tr>\n<td class=\"label\">Pinnat\u00f6\u00f6tlus<\/td>\n<td>Veski valmis, anodeeritud, liivapritsimine, elektroforeesimine, elektrikate jne.<\/td>\n<\/tr>\n<tr>\n<td class=\"label\">V\u00e4rv<\/td>\n<td>H\u00f5bedane, must, valge, punane, kollane, \u0161ampanja v\u00f5i kohandatud v\u00e4rvus.<\/td>\n<\/tr>\n<tr>\n<td class=\"label\">Standard<\/td>\n<td>ASTM, GB, DIN<\/td>\n<\/tr>\n<tr>\n<td class=\"label\">Alates<\/td>\n<td>Guangdong, Hiina<\/td>\n<\/tr>\n<tr>\n<td class=\"label\">Taotlus<\/td>\n<td>T\u00f6\u00f6stuse profiil, ehitus, sisekujundus, aknad ja uksed<\/td>\n<\/tr>\n<tr>\n<td class=\"label\"><\/td>\n<td><\/td>\n<\/tr>\n<\/table>\n<h2>Meie tootmisbaas<\/h2>\n<h3>Tehase panoraam<\/h3>\n<p><img decoding=\"async\" src=\"\/wp-content\/uploads\/factory-01.webp\"\/><\/p>\n<h3>Alumiiniumvarraste tootmise t\u00f6\u00f6koda<\/h3>\n<p><img decoding=\"async\" src=\"\/wp-content\/uploads\/factory-02.webp\"\/><\/p>\n<\/p>\n<p><img decoding=\"async\" src=\"\/wp-content\/uploads\/factory-03.webp\"\/><\/p>\n<h3>hallituse ladustamise ladu<\/h3>\n<p><img decoding=\"async\" src=\"\/wp-content\/uploads\/factory-04.webp\"\/><\/p>\n<h3>43 alumiiniumi ekstrusiooniliini (500-5500 tonni)<\/h3>\n<p><img decoding=\"async\" src=\"\/wp-content\/uploads\/factory-05.webp\"\/><\/p>\n<p><img decoding=\"async\" src=\"\/wp-content\/uploads\/factory-06.webp\"\/><\/p>\n<p><img decoding=\"async\" src=\"\/wp-content\/uploads\/factory-07.webp\"\/><\/p>\n<h3>Pulberv\u00e4rvimise t\u00f6\u00f6koda<\/h3>\n<p><img decoding=\"async\" src=\"\/wp-content\/uploads\/factory-09.webp\"\/><\/p>\n<h3>Anodiseerimise t\u00f6\u00f6koda<\/h3>\n<p><img decoding=\"async\" src=\"\/wp-content\/uploads\/factory-10.webp\"\/><\/p>\n<h3>S\u00fcgavt\u00f6\u00f6tlemise t\u00f6\u00f6tuba<\/h3>\n<p><img decoding=\"async\" src=\"\/wp-content\/uploads\/factory-11.webp\"\/><\/p>\n<h3>CNC-t\u00e4ppist\u00f6\u00f6tlemise t\u00f6\u00f6koda<\/h3>\n<p><img decoding=\"async\" src=\"\/wp-content\/uploads\/factory-11.5.webp\"\/><\/p>\n<h3>Valmistoodete ja ekspordi ladu<\/h3>\n<p><img decoding=\"async\" src=\"\/wp-content\/uploads\/factory-12.webp\"\/><\/p>\n<p><img decoding=\"async\" src=\"\/wp-content\/uploads\/factory-13.webp\"\/><\/p>\n<p><img decoding=\"async\" src=\"\/wp-content\/uploads\/factory-14.webp\"\/><\/p>\n<h2>KKK<\/h2>\n<p><b>1. milleks kasutatakse pressitud alumiiniumist baari?<\/b><\/p>\n<p>Profileeritud alumiiniumvarraste kasutatakse laialdaselt ehituses, transpordis, masinates ja tootmises t\u00e4nu nende tugevusele, t\u00f6\u00f6deldavusele ja kergusele.\n<\/p>\n<p><\/p>\n<p><b>2.Millised on pressitud alumiiniumvarraste peamised eelised?<\/b><\/p>\n<p>Pressitud alumiiniumvarraste tugevuse ja kaalu suhe, korrosioonikindlus ja m\u00f5\u00f5tmete t\u00e4psus on suurep\u00e4rased, mist\u00f5ttu sobivad need ideaalselt konstruktsiooni- ja t\u00f6\u00f6stusrakendusteks.\n<\/p>\n<p><\/p>\n<p><b>3.Miks valida pressitud alumiiniumist vardad teiste metallvarraste asemel?<\/b><\/p>\n<p>Alumiiniumvarraste on kergemad, korrosioonikindlamad ja kergemini t\u00f6\u00f6deldavad kui teras v\u00f5i vask, pakkudes kuluefektiivset ja vastupidavat j\u00f5udlust.\n<\/p>\n<p><\/p>\n<p><b>4.Kas pressitud alumiiniumist varraste saab kohandada?<\/b><\/p>\n<p>Jah, pressitud alumiiniumvarraste saab kohandada kuju, suuruse, sulami klassi ja pinnaviimistluse poolest, et vastata konkreetsetele inseneri- ja disainin\u00f5uetele.\n<\/p>\n<p><\/p>\n<p><b>5.Millised pinnaviimistlused on saadaval pressitud alumiiniumvarraste jaoks?<\/b><\/p>\n<p>Saadaval on anodeerimine, pulberv\u00e4rvimine ja freesimine, et parandada v\u00e4limust, kulumiskindlust ja korrosioonikaitset.\n<\/p>\n<p><\/p>\n<p><b>6.Kas pressitud alumiiniumist vardad sobivad v\u00e4litingimustes kasutamiseks?<\/b><\/p>\n<p>Jah, n\u00f5uetekohase pinnat\u00f6\u00f6tluse korral on pressitud alumiiniumist latid v\u00e4ga vastupidavad ilmastiku-, niiskus- ja UV-kiirguse suhtes, mist\u00f5ttu on need ideaalsed v\u00e4litingimustes kasutamiseks.\n<\/p>\n<p><\/p>\n<p><b>7.Kuidas toetavad pressitud alumiiniumist vardad s\u00e4\u00e4stvat tootmist?<\/b><\/p>\n<p>Alumiinium on 100% ringlussev\u00f5etav ja energiat\u00f5husa tootmisega, mist\u00f5ttu on pressitud alumiiniumvarraste kasutamine kaasaegse t\u00f6\u00f6stuse jaoks keskkonnas\u00f5bralik valik.\n<\/p>\n<p><\/p>","protected":false},"featured_media":6338,"template":"","categories":[60],"class_list":["post-6339","product","type-product","status-publish","has-post-thumbnail","hentry","category-general-tubes-and-bars"],"meta_box":{"hilight_text_group":{"product_hilight_text":"<li>High-strength extruded aluminum bar for structural and industrial use<\/li>\r\r\n<li>Precision manufacturing ensures uniform shape and size<\/li>\r\r\n<li>Corrosion-resistant and suitable for indoor and outdoor environments<\/li>\r\r\n<li>Available in various alloys, lengths, and cross-section shapes<\/li>\r\r\n<li>Supports custom fabrication and large-volume orders<\/li>","product_chanpin_blog":"<ul>\r\r\n<li><a href=\"https:\/\/sinoextrud.com\/t-slot-v-slot-differences\/\" target=\"_blank\">t slot vs v slot<\/a><\/li>\r\r\n<li><a href=\"https:\/\/sinoextrud.com\/what-is-4040-aluminium-extrud\/\" target=\"_blank\">4040 aluminium extrusion<\/a><\/li>\r\r\n<li><a href=\"https:\/\/sinoextrud.com\/what-is-4040-aluminium-extrud\/\" target=\"_blank\">aluminum extrusions for industrial racks<\/a><\/li>\r\r\n<li><a href=\"https:\/\/sinoextrud.com\/powder-coating-aluminium-process\/\" target=\"_blank\">powder coating aluminium<\/a><\/li>\r\r\n<li><a href=\"https:\/\/sinoextrud.com\/what-is-an-aluminium-strip-ceiling\/\" target=\"_blank\">aluminium strip ceiling<\/a><\/li>\r\r\n<li><a href=\"https:\/\/sinoextrud.com\/what-is-a-heat-sink\/\" target=\"_blank\">what is a heat sink<\/a><\/li>\r\r\n<\/ul>","product_chanpin_chanpin":"<li><a href=\"https:\/\/sinoextrud.com\/product\/extruded-aluminum-tubing-shapes\/\" target=\"_blank\">Extruded Aluminum Tubing Shapes<\/a><\/li>\r\n<li><a href=\"https:\/\/sinoextrud.com\/product\/aluminum-triangle-tube-profile\/\" target=\"_blank\">Aluminum Triangle Tube Profile<\/a><\/li>\r\n<li><a href=\"https:\/\/sinoextrud.com\/product\/aluminum-tube-suppliers\/\" target=\"_blank\">Aluminum Tube Suppliers<\/a><\/li>\r\n<li><a href=\"https:\/\/sinoextrud.com\/product\/quarter-round-aluminum-extrusion\/\" target=\"_blank\">Quarter Round Aluminum Extrusion<\/a><\/li>\r\n<li><a href=\"https:\/\/sinoextrud.com\/product\/extruded-aluminum-bar\/\" target=\"_blank\">Extruded Aluminum Bar<\/a><\/li>\r\n<li><a href=\"https:\/\/sinoextrud.com\/product\/aluminium-profile-10x10\/\" target=\"_blank\">Aluminium Profile 10\u00c3\u201410<\/a><\/li>\r\n<li><a href=\"https:\/\/sinoextrud.com\/product\/aluminium-square-tubes\/\" target=\"_blank\">Aluminium Square tubes<\/a><\/li>\r\n<li><a href=\"https:\/\/sinoextrud.com\/product\/oval-aluminum-extrusion\/\" target=\"_blank\">Oval Aluminum Extrusion<\/a><\/li>\r\n<li><a href=\"https:\/\/sinoextrud.com\/product\/powder-coated-aluminum-tube\/\" target=\"_blank\">Powder Coated Aluminum Tube<\/a><\/li>\r\n<li><a href=\"https:\/\/sinoextrud.com\/product\/aluminum-profile-for-cnc\/\" target=\"_blank\">Aluminum Profile For CNC<\/a><\/li>\r\n<li><a href=\"https:\/\/sinoextrud.com\/product\/extruded-aluminum-rail-system\/\" target=\"_blank\">Extruded Aluminum Rail System<\/a><\/li>"},"feature_list":[]},"_links":{"self":[{"href":"https:\/\/sinoextrud.com\/et\/wp-json\/wp\/v2\/product\/6339","targetHints":{"allow":["GET"]}}],"collection":[{"href":"https:\/\/sinoextrud.com\/et\/wp-json\/wp\/v2\/product"}],"about":[{"href":"https:\/\/sinoextrud.com\/et\/wp-json\/wp\/v2\/types\/product"}],"wp:featuredmedia":[{"embeddable":true,"href":"https:\/\/sinoextrud.com\/et\/wp-json\/wp\/v2\/media\/6338"}],"wp:attachment":[{"href":"https:\/\/sinoextrud.com\/et\/wp-json\/wp\/v2\/media?parent=6339"}],"wp:term":[{"taxonomy":"category","embeddable":true,"href":"https:\/\/sinoextrud.com\/et\/wp-json\/wp\/v2\/categories?post=6339"}],"curies":[{"name":"wp","href":"https:\/\/api.w.org\/{rel}","templated":true}]}}