{"id":6327,"date":"2025-05-26T15:06:45","date_gmt":"2025-05-26T15:06:45","guid":{"rendered":"https:\/\/sinoextrud.com\/product\/square-tube-standard-aluminium-sections\/"},"modified":"2025-06-24T06:10:45","modified_gmt":"2025-06-24T06:10:45","slug":"ruudukujulised-alumiiniumist-standardprofiilid","status":"publish","type":"product","link":"https:\/\/sinoextrud.com\/et\/product\/square-tube-standard-aluminium-sections\/","title":{"rendered":"Nelinurkse toru standard alumiiniumprofiilid"},"content":{"rendered":"<h2>Toodete \u00fcksikasjad<\/h2>\n<table class=\"custom-table\">\n<tr>\n<td class=\"label\">Nimi<\/td>\n<td>Standardsed alumiiniumprofiilid , Nelinurkne toru?standardsed alumiiniumprofiilid<\/td>\n<\/tr>\n<tr>\n<td class=\"label\">Br\u00e4nd<\/td>\n<td>Sinoextrud<\/td>\n<\/tr>\n<tr>\n<td class=\"label\">Kategooria<\/td>\n<td>Alumiiniumprofiilid<\/td>\n<\/tr>\n<tr>\n<td class=\"label\">Materjal<\/td>\n<td>Spetsialiseerunud sulamite tootmisele ? 6061. Me saame teha ka sulam 6063, 6463, 6005, 6082<\/td>\n<\/tr>\n<tr>\n<td class=\"label\">Temper<\/td>\n<td>T5-T8<\/td>\n<\/tr>\n<tr>\n<td class=\"label\">Pikkus<\/td>\n<td>1-9m v\u00f5i kohandatud l\u00f5ikamine<\/td>\n<\/tr>\n<tr>\n<td class=\"label\">Suurus (mm)<\/td>\n<td>Rohkem kui 300 t\u00fc\u00fcpi suurust v\u00f5i kohandamist<\/td>\n<\/tr>\n<tr>\n<td class=\"label\">Paksus<\/td>\n<td>0,5-5mm<\/td>\n<\/tr>\n<tr>\n<td class=\"label\">Kuju<\/td>\n<td>Ruut \/ ristk\u00fclik \/ \u00fcmmargune \/ kohandamine<\/td>\n<\/tr>\n<tr>\n<td class=\"label\">Pinnat\u00f6\u00f6tlus<\/td>\n<td>Veski viimistlus, anodeeritud, liivapritsimine, ? poleerimine, elektroforees, elektrikate, puidumass, fluoros\u00fcsivesinikud jne.<\/td>\n<\/tr>\n<tr>\n<td class=\"label\">V\u00e4rv<\/td>\n<td>Kuigi, must, h\u00f5be, pronks, kuld, ? \u0161ampanja, tume, vask , jne.<\/td>\n<\/tr>\n<tr>\n<td class=\"label\">Sertifikaat<\/td>\n<td>TUV, ASTM, GB<\/td>\n<\/tr>\n<tr>\n<td class=\"label\">Alates<\/td>\n<td>Guangdong, Hiina<\/td>\n<\/tr>\n<tr>\n<td class=\"label\">Taotlus<\/td>\n<td>T\u00f6\u00f6stus, ehitus, sisekujundus<\/td>\n<\/tr>\n<\/table>\n<h2>Meie tootmisbaas<\/h2>\n<h3>Tehase panoraam<\/h3>\n<p><img decoding=\"async\" src=\"\/wp-content\/uploads\/factory-01.webp\"\/><\/p>\n<h3>Alumiiniumvarraste tootmise t\u00f6\u00f6koda<\/h3>\n<p><img decoding=\"async\" src=\"\/wp-content\/uploads\/factory-02.webp\"\/><\/p>\n<p><img decoding=\"async\" src=\"\/wp-content\/uploads\/factory-03.webp\"\/><\/p>\n<h3>hallituse ladustamise ladu<\/h3>\n<p><img decoding=\"async\" src=\"\/wp-content\/uploads\/factory-04.webp\"\/><\/p>\n<h3>43 alumiiniumi ekstrusiooniliini (500-5500 tonni)<\/h3>\n<p><img decoding=\"async\" src=\"\/wp-content\/uploads\/factory-05.webp\"\/><\/p>\n<p><img decoding=\"async\" src=\"\/wp-content\/uploads\/factory-06.webp\"\/><\/p>\n<p><img decoding=\"async\" src=\"\/wp-content\/uploads\/factory-07.webp\"\/><\/p>\n<h3>Pulberv\u00e4rvimise t\u00f6\u00f6koda<\/h3>\n<p><img decoding=\"async\" src=\"\/wp-content\/uploads\/factory-09.webp\"\/><\/p>\n<h3>Anodiseerimise t\u00f6\u00f6koda<\/h3>\n<p><img decoding=\"async\" src=\"\/wp-content\/uploads\/factory-10.webp\"\/><\/p>\n<h3>S\u00fcgavt\u00f6\u00f6tlemise t\u00f6\u00f6tuba<\/h3>\n<p><img decoding=\"async\" src=\"\/wp-content\/uploads\/factory-11.webp\"\/><\/p>\n<h3>CNC-t\u00e4ppist\u00f6\u00f6tlemise t\u00f6\u00f6koda<\/h3>\n<p><img decoding=\"async\" src=\"\/wp-content\/uploads\/factory-11.5.webp\"\/><\/p>\n<h3>Valmistoodete ja ekspordi ladu<\/h3>\n<p><img decoding=\"async\" src=\"\/wp-content\/uploads\/factory-12.webp\"\/><\/p>\n<p><img decoding=\"async\" src=\"\/wp-content\/uploads\/factory-13.webp\"\/><\/p>\n<p><img decoding=\"async\" src=\"\/wp-content\/uploads\/factory-14.webp\"\/><\/p>\n<h2>KKK<\/h2>\n<p><p><b>1.Milleks kasutatakse ruudukujulisi alumiiniumist standardprofiile?<\/b><\/p>\n<p>Nelinurkset alumiiniumist standardprofiili kasutatakse laialdaselt ehituses, m\u00f6\u00f6blis, raamides ja mehaanilistes konstruktsioonides t\u00e4nu nende \u00fchtlasele kujule ja tugevusele.<br \/>\n<\/p><br \/>\n<br \/>\n<p><b>2.Millised on ruudukujulise toru standardse alumiiniumprofiili peamised eelised?<\/b><\/p>\n<p>Need alumiiniumprofiilid pakuvad suurt tugevuse ja kaalu suhet, suurep\u00e4rast korrosioonikindlust ning \u00fchtlasi ka \u00fchtlasi lihtsat kokkupanekut ja pikaajalist vastupidavust.<br \/>\n<\/p><br \/>\n<br \/>\n<p><b>3.Miks valida ruudukujuline alumiiniumist standardprofiilide asemel kohandatud profiilid?<\/b><\/p>\n<p>Standardsed alumiiniumprofiilid on kergesti k\u00e4ttesaadavad, kulut\u00f5husad ja sobivad paljude t\u00f6\u00f6stuslike ja arhitektuuriliste rakenduste jaoks.<br \/>\n<\/p><br \/>\n<br \/>\n<p><b>4.Kas ruudukujulise toru standardseid alumiiniumprofiile saab h\u00f5lpsasti l\u00f5igata v\u00f5i muuta?<\/b><\/p>\n<p>Jah, alumiiniumi on lihtne l\u00f5igata, puurida ja t\u00f6\u00f6delda, mis v\u00f5imaldab ruudukujulisi toruprofiile kiiresti kohandada konkreetsetele projektivajadustele.<br \/>\n<\/p><br \/>\n<br \/>\n<p><b>5.Millised pinnaviimistlused on saadaval ruudukujuliste alumiiniumist standardprofiilide puhul?<\/b><\/p>\n<p>Levinud viimistlused h\u00f5lmavad anodeerimist, pulberv\u00e4rvimist ja freesimist, mis parandavad korrosioonikindlust, v\u00e4limust ja pikaealisust.<br \/>\n<\/p><br \/>\n<br \/>\n<p><b>6.Kas ruudukujulised alumiiniumprofiilid sobivad v\u00e4litingimustes kasutamiseks?<\/b><\/p>\n<p>Jah, korraliku pinnat\u00f6\u00f6tluse korral sobivad kandilised alumiiniumtoruprofiilid t\u00e4nu oma ilmastikukindlusele ja UV-kindlusele ideaalselt v\u00e4litingimustes kasutamiseks.<br \/>\n<\/p><br \/>\n<br \/>\n<p><b>7.Kuidas toetavad ruudukujulised alumiiniumist standardprofiilid s\u00e4\u00e4stvat ehitust?<\/b><\/p>\n<p>Alumiinium on 100% ringlussev\u00f5etav ja kerge, mist\u00f5ttu on need standardprofiilid j\u00e4tkusuutlik ja energiat\u00f5hus valik keskkonnateadlikuks ehitamiseks.<br \/>\n<\/p><br \/><\/p>","protected":false},"featured_media":6326,"template":"","categories":[60],"class_list":["post-6327","product","type-product","status-publish","has-post-thumbnail","hentry","category-general-tubes-and-bars"],"meta_box":{"hilight_text_group":{"product_hilight_text":"<li>Standard square tube design for easy integration into various structures<\/li>\r\r\n<li>Made from high-quality aluminum with excellent corrosion resistance<\/li>\r\r\n<li>Available in multiple sizes and wall thicknesses<\/li>\r\r\n<li>Suitable for construction, furniture, and industrial applications<\/li>\r\r\n<li>Supports bulk supply with stable quality and timely delivery<\/li>","product_chanpin_blog":"<ul>\r\r\n<li><a href=\"https:\/\/sinoextrud.com\/product\/aluminum-extrusion-6061-6063-aluminum-profile-for-lamppost\/\" target=\"_blank\">Aluminum Extrusion 6061 6063 Aluminum Profile For Lamppost<\/a><\/li>\r\r\n<li><a href=\"https:\/\/sinoextrud.com\/product\/6061-6063-6082-street-lamp-column-aluminum-profile\/#brxe-a0f13f\" target=\"_blank\">6061 6063 6082 Street Lamp Column Aluminum Profile<\/a><\/li>\r\r\n<li><a href=\"https:\/\/sinoextrud.com\/product\/aluminum-extrusion-linear-led-lighting-aluminum-profile\/\" target=\"_blank\">Aluminum Extrusion Linear LED Lighting Aluminum Profile<\/a><\/li>\r\r\n<li><a href=\"https:\/\/sinoextrud.com\/product\/aluminum-extrusion-electroplated-shower-room-aluminum-profile\/\" target=\"_blank\">Aluminum Extrusion Electroplated Shower Room Aluminum Profile<\/a><\/li>\r\r\n<li><a href=\"https:\/\/sinoextrud.com\/product\/aluminum-extrusion-hard-anodizing-aluminum-profiles\/\" target=\"_blank\">Aluminum Extrusion Hard Anodizing Aluminum Profiles<\/a><\/li>\r\r\n<li><a href=\"https:\/\/sinoextrud.com\/product\/aluminum-extrusion-2024-7001-7003-aluminum-profile\/\" target=\"_blank\">Aluminum Extrusion 2024 7001 7003 Aluminum Profile<\/a><\/li>\r\r\n<\/ul>","product_chanpin_chanpin":"<li><a href=\"https:\/\/sinoextrud.com\/product\/aluminium-tube-profiles\/\" target=\"_blank\">Aluminium Tube Profiles<\/a><\/li>\r\n<li><a href=\"https:\/\/sinoextrud.com\/product\/aluminum-rectangular-extrusion\/\" target=\"_blank\">Aluminum Rectangular Extrusion<\/a><\/li>\r\n<li><a href=\"https:\/\/sinoextrud.com\/product\/aluminum-channel\/\" target=\"_blank\">Aluminum Channel<\/a><\/li>\r\n<li><a href=\"https:\/\/sinoextrud.com\/product\/square-extruded-aluminum\/\" target=\"_blank\">Square Extruded Aluminum<\/a><\/li>\r\n<li><a href=\"https:\/\/sinoextrud.com\/product\/square-tube-standard-aluminium-sections\/\" target=\"_blank\">Square Tube Standard Aluminium Sections<\/a><\/li>\r\n<li><a href=\"https:\/\/sinoextrud.com\/product\/extruded-aluminum-tubing-shapes\/\" target=\"_blank\">Extruded Aluminum Tubing Shapes<\/a><\/li>\r\n<li><a href=\"https:\/\/sinoextrud.com\/product\/aluminum-triangle-tube-profile\/\" target=\"_blank\">Aluminum Triangle Tube Profile<\/a><\/li>\r\n<li><a href=\"https:\/\/sinoextrud.com\/product\/aluminum-tube-suppliers\/\" target=\"_blank\">Aluminum Tube Suppliers<\/a><\/li>\r\n<li><a href=\"https:\/\/sinoextrud.com\/product\/quarter-round-aluminum-extrusion\/\" target=\"_blank\">Quarter Round Aluminum Extrusion<\/a><\/li>\r\n<li><a href=\"https:\/\/sinoextrud.com\/product\/aluminum-extrusion-housing\/\" target=\"_blank\">Aluminum Extrusion Housing<\/a><\/li>\r\n<li><a href=\"https:\/\/sinoextrud.com\/product\/customized-industrial-aluminum-heat-sink\/\" target=\"_blank\">Customized Industrial Aluminum Heat Sink<\/a><\/li>"},"feature_list":[]},"_links":{"self":[{"href":"https:\/\/sinoextrud.com\/et\/wp-json\/wp\/v2\/product\/6327","targetHints":{"allow":["GET"]}}],"collection":[{"href":"https:\/\/sinoextrud.com\/et\/wp-json\/wp\/v2\/product"}],"about":[{"href":"https:\/\/sinoextrud.com\/et\/wp-json\/wp\/v2\/types\/product"}],"wp:featuredmedia":[{"embeddable":true,"href":"https:\/\/sinoextrud.com\/et\/wp-json\/wp\/v2\/media\/6326"}],"wp:attachment":[{"href":"https:\/\/sinoextrud.com\/et\/wp-json\/wp\/v2\/media?parent=6327"}],"wp:term":[{"taxonomy":"category","embeddable":true,"href":"https:\/\/sinoextrud.com\/et\/wp-json\/wp\/v2\/categories?post=6327"}],"curies":[{"name":"wp","href":"https:\/\/api.w.org\/{rel}","templated":true}]}}