{"id":6325,"date":"2025-05-26T15:04:21","date_gmt":"2025-05-26T15:04:21","guid":{"rendered":"https:\/\/sinoextrud.com\/product\/square-extruded-aluminum\/"},"modified":"2025-06-24T06:10:45","modified_gmt":"2025-06-24T06:10:45","slug":"ruudukujuline-pressitud-alumiinium","status":"publish","type":"product","link":"https:\/\/sinoextrud.com\/et\/product\/square-extruded-aluminum\/","title":{"rendered":"Ruudukujuline pressitud alumiinium"},"content":{"rendered":"<h2>Toodete \u00fcksikasjad<\/h2>\n<table class=\"custom-table\">\n<tr>\n<td class=\"label\">Punkti<\/td>\n<td>Pressitud alumiiniumtoru, pressitud alumiiniumtoru, pressitud alumiiniumist ruudukujuline toru, pressitud alumiiniumist ruudukujuline toru, pressitud alumiiniumist ruudukujuline toru<\/td>\n<\/tr>\n<tr>\n<td class=\"label\">Materjal<\/td>\n<td>6000-seeria alumiinium \uff086063, 6061, 6463, 6082)<\/td>\n<\/tr>\n<tr>\n<td class=\"label\">Temper<\/td>\n<td>T4, T5, T6<\/td>\n<\/tr>\n<tr>\n<td class=\"label\">Suurus \/ paksus<\/td>\n<td>\u00dcldine profiilide paksus 0,8 kuni 5,0 mm v\u00f5i kohandatud, pikkus 3m-6m v\u00f5i kohandatud saadaval\uff1b Anodeeritud kaitsekile paksus 8 ~ 20 um, pulberv\u00e4rvimine 40 ~ 120 um.<\/td>\n<\/tr>\n<tr>\n<td class=\"label\">Kuju<\/td>\n<td>ruudukujuline, \u00fcmmargune, ristk\u00fclikukujuline, kolmnurkne jne v\u00f5i kohandatud.<\/td>\n<\/tr>\n<tr>\n<td class=\"label\">Taotlus<\/td>\n<td>M\u00f6\u00f6bel, aknad ja uksed, dekoratsioonid, t\u00f6\u00f6stus, ehitus jne.<\/td>\n<\/tr>\n<tr>\n<td class=\"label\">Pinnat\u00f6\u00f6tlus<\/td>\n<td>pulberv\u00e4rvimine, PVDF, anodeeritud, puidumass, elektroforees, harjatud, poleerimine jne.<\/td>\n<\/tr>\n<tr>\n<td class=\"label\">V\u00e4rvid<\/td>\n<td>Ref pulberv\u00e4rvi leht ja kohandatud v\u00e4rvi saadaval<\/td>\n<\/tr>\n<tr>\n<td class=\"label\">S\u00fcgav protsess<\/td>\n<td>CNC, puurimine, freesimine, l\u00f5ikamine, keevitamine, painutamine, kokkupanek<\/td>\n<\/tr>\n<tr>\n<td class=\"label\">MOQ<\/td>\n<td>200 kg iga eseme kohta<\/td>\n<\/tr>\n<tr>\n<td class=\"label\">Pakendamise \u00fcksikasjad<\/td>\n<td>(1) Sisemine : pakitud kilega v\u00f5i kilekaitsekotiga<\/td>\n<\/tr>\n<tr>\n<td class=\"label\"><\/td>\n<td>(2) V\u00e4ljaspool: M\u00e4hkida kimbud veekindla k\u00e4sit\u00f6\u00f6paberiga.<\/td>\n<\/tr>\n<tr>\n<td class=\"label\">Tarneaeg<\/td>\n<td>(1) Survematerjali v\u00e4ljat\u00f6\u00f6tamine ja proovide katsetamine: 10-15 p\u00e4eva<\/td>\n<\/tr>\n<tr>\n<td class=\"label\"><\/td>\n<td>(2) Masstootmine l\u00f5petatud: 20-30 p\u00e4eva p\u00e4rast seda, kui ostja on proovi kinnitanud<\/td>\n<\/tr>\n<tr>\n<td class=\"label\">FOB sadam<\/td>\n<td>Guangzhou, Foshan, Shenzhen<\/td>\n<\/tr>\n<tr>\n<td class=\"label\">maksetingimused<\/td>\n<td>T\/T, 30% ettemaks ja saldo makstakse v\u00e4lja enne saatmist.<\/td>\n<\/tr>\n<\/table>\n<h2>Meie tootmisbaas<\/h2>\n<h3>Tehase panoraam<\/h3>\n<p><img decoding=\"async\" src=\"\/wp-content\/uploads\/factory-01.webp\"\/><\/p>\n<h3>Alumiiniumvarraste tootmise t\u00f6\u00f6koda<\/h3>\n<p><img decoding=\"async\" src=\"\/wp-content\/uploads\/factory-02.webp\"\/><\/p>\n<p><img decoding=\"async\" src=\"\/wp-content\/uploads\/factory-03.webp\"\/><\/p>\n<h3>hallituse ladustamise ladu<\/h3>\n<p><img decoding=\"async\" src=\"\/wp-content\/uploads\/factory-04.webp\"\/><\/p>\n<h3>43 alumiiniumi ekstrusiooniliini (500-5500 tonni)<\/h3>\n<p><img decoding=\"async\" src=\"\/wp-content\/uploads\/factory-05.webp\"\/><\/p>\n<p><img decoding=\"async\" src=\"\/wp-content\/uploads\/factory-06.webp\"\/><\/p>\n<p><img decoding=\"async\" src=\"\/wp-content\/uploads\/factory-07.webp\"\/><\/p>\n<h3>Pulberv\u00e4rvimise t\u00f6\u00f6koda<\/h3>\n<p><img decoding=\"async\" src=\"\/wp-content\/uploads\/factory-09.webp\"\/><\/p>\n<h3>Anodiseerimise t\u00f6\u00f6koda<\/h3>\n<p><img decoding=\"async\" src=\"\/wp-content\/uploads\/factory-10.webp\"\/><\/p>\n<h3>S\u00fcgavt\u00f6\u00f6tlemise t\u00f6\u00f6tuba<\/h3>\n<p><img decoding=\"async\" src=\"\/wp-content\/uploads\/factory-11.webp\"\/><\/p>\n<h3>CNC-t\u00e4ppist\u00f6\u00f6tlemise t\u00f6\u00f6koda<\/h3>\n<p><img decoding=\"async\" src=\"\/wp-content\/uploads\/factory-11.5.webp\"\/><\/p>\n<h3>Valmistoodete ja ekspordi ladu<\/h3>\n<p><img decoding=\"async\" src=\"\/wp-content\/uploads\/factory-12.webp\"\/><\/p>\n<p><img decoding=\"async\" src=\"\/wp-content\/uploads\/factory-13.webp\"\/><\/p>\n<p><img decoding=\"async\" src=\"\/wp-content\/uploads\/factory-14.webp\"\/><\/p>\n<h2>KKK<\/h2>\n<p><p><b>1.Mis on ruudukujuline pressitud alumiinium, mida kasutatakse?<\/b><\/p>\n<p>Nelinurkset pressitud alumiiniumit kasutatakse laialdaselt ehituses, raamistikes, m\u00f6\u00f6blis ja t\u00f6\u00f6stuslikes rakendustes t\u00e4nu selle struktuurilisele tugevusele ja puhtale geomeetrilisele kujule.<br \/>\n<\/p><br \/>\n<br \/>\n<p><b>2.Millised on ruudukujulise pressitud alumiiniumi peamised eelised?<\/b><\/p>\n<p>Nelinurkne pressitud alumiinium pakub suurt tugevuse ja kaalu suhet, suurep\u00e4rast korrosioonikindlust ja t\u00e4pset m\u00f5\u00f5tmete tolerantsust erinevate konstruktsiooniliste kasutusviiside jaoks.<br \/>\n<\/p><br \/>\n<br \/>\n<p><b>3.Miks valida ruudukujuline pressitud alumiinium teiste materjalide asemel?<\/b><\/p>\n<p>Nelinurkne pressitud alumiinium on kergem kui teras, vastupidavam kui plastik ning kergemini t\u00f6\u00f6deldav ja kokkupandav, mist\u00f5ttu on see kuluefektiivne ja mitmek\u00fclgne valik.<br \/>\n<\/p><br \/>\n<br \/>\n<p><b>4.Kas ruudukujuline pressitud alumiinium saab kohandada?<\/b><\/p>\n<p>Jah, ruudukujulist pressitud alumiiniumi saab kohandada suuruse, seina paksuse, sulami klassi ja pinnaviimistluse poolest, et vastata konkreetsetele projektin\u00f5uetele.<br \/>\n<\/p><br \/>\n<br \/>\n<p><b>5.Millised pinnaviimistlused on saadaval ruudukujulise pressitud alumiiniumi puhul?<\/b><\/p>\n<p>Saadaval on anodeerimine, pulberv\u00e4rvimine ja freesimine, mis parandavad korrosioonikindlust, vastupidavust ja esteetilist v\u00e4limust.<br \/>\n<\/p><br \/>\n<br \/>\n<p><b>6.Kas ruudukujuline pressitud alumiinium sobib v\u00e4litingimustes kasutamiseks?<\/b><\/p>\n<p>Jah, anodeeritud v\u00f5i pulberv\u00e4rvitud pinnakattega kandiline pressitud alumiinium on v\u00e4ga vastupidav ilmastikule, roostetamisele ja UV-kiirgusele, mis on ideaalne v\u00e4litingimustes kasutamiseks.<br \/>\n<\/p><br \/>\n<br \/>\n<p><b>7.Kuidas toetab ruudukujuline pressitud alumiinium s\u00e4\u00e4stvat disaini?<\/b><\/p>\n<p>Alumiinium on 100% ringlussev\u00f5etav ja energiat\u00f5husa tootmisega, mist\u00f5ttu on ruudukujuline pressitud alumiinium keskkonnas\u00f5bralik valik keskkonnas\u00f5bralikuks ehitamiseks ja tootmiseks.<br \/>\n<\/p><br \/><\/p>","protected":false},"featured_media":6324,"template":"","categories":[60],"class_list":["post-6325","product","type-product","status-publish","has-post-thumbnail","hentry","category-general-tubes-and-bars"],"meta_box":{"hilight_text_group":{"product_hilight_text":"<li>Square shape offers excellent strength and load-bearing capability<\/li>\r\r\n<li>Extruded with high precision for uniform dimensions<\/li>\r\r\n<li>Corrosion-resistant and suitable for indoor and outdoor use<\/li>\r\r\n<li>Customizable in size, wall thickness, and surface finish<\/li>\r\r\n<li>Ideal for construction, framing, and machinery applications<\/li>","product_chanpin_blog":"<ul>\r\r\n<li><a href=\"https:\/\/sinoextrud.com\/product\/aluminum-extrusion-6061-6063-aluminum-profile-for-lamppost\/\" target=\"_blank\">Aluminum Extrusion 6061 6063 Aluminum Profile For Lamppost<\/a><\/li>\r\r\n<li><a href=\"https:\/\/sinoextrud.com\/product\/6061-6063-6082-street-lamp-column-aluminum-profile\/#brxe-a0f13f\" target=\"_blank\">6061 6063 6082 Street Lamp Column Aluminum Profile<\/a><\/li>\r\r\n<li><a href=\"https:\/\/sinoextrud.com\/product\/aluminum-extrusion-linear-led-lighting-aluminum-profile\/\" target=\"_blank\">Aluminum Extrusion Linear LED Lighting Aluminum Profile<\/a><\/li>\r\r\n<li><a href=\"https:\/\/sinoextrud.com\/product\/aluminum-extrusion-electroplated-shower-room-aluminum-profile\/\" target=\"_blank\">Aluminum Extrusion Electroplated Shower Room Aluminum Profile<\/a><\/li>\r\r\n<li><a href=\"https:\/\/sinoextrud.com\/product\/aluminum-extrusion-hard-anodizing-aluminum-profiles\/\" target=\"_blank\">Aluminum Extrusion Hard Anodizing Aluminum Profiles<\/a><\/li>\r\r\n<li><a href=\"https:\/\/sinoextrud.com\/product\/aluminum-extrusion-2024-7001-7003-aluminum-profile\/\" target=\"_blank\">Aluminum Extrusion 2024 7001 7003 Aluminum Profile<\/a><\/li>\r\r\n<\/ul>","product_chanpin_chanpin":"<li><a href=\"https:\/\/sinoextrud.com\/product\/extruded-aluminum-stock-shapes\/\" target=\"_blank\">Extruded Aluminum Stock Shapes<\/a><\/li>\r\n<li><a href=\"https:\/\/sinoextrud.com\/product\/aluminium-tube-profiles\/\" target=\"_blank\">Aluminium Tube Profiles<\/a><\/li>\r\n<li><a href=\"https:\/\/sinoextrud.com\/product\/aluminum-rectangular-extrusion\/\" target=\"_blank\">Aluminum Rectangular Extrusion<\/a><\/li>\r\n<li><a href=\"https:\/\/sinoextrud.com\/product\/aluminum-channel\/\" target=\"_blank\">Aluminum Channel<\/a><\/li>\r\n<li><a href=\"https:\/\/sinoextrud.com\/product\/square-extruded-aluminum\/\" target=\"_blank\">Square Extruded Aluminum<\/a><\/li>\r\n<li><a href=\"https:\/\/sinoextrud.com\/product\/square-tube-standard-aluminium-sections\/\" target=\"_blank\">Square Tube Standard Aluminium Sections<\/a><\/li>\r\n<li><a href=\"https:\/\/sinoextrud.com\/product\/extruded-aluminum-tubing-shapes\/\" target=\"_blank\">Extruded Aluminum Tubing Shapes<\/a><\/li>\r\n<li><a href=\"https:\/\/sinoextrud.com\/product\/aluminum-triangle-tube-profile\/\" target=\"_blank\">Aluminum Triangle Tube Profile<\/a><\/li>\r\n<li><a href=\"https:\/\/sinoextrud.com\/product\/aluminum-tube-suppliers\/\" target=\"_blank\">Aluminum Tube Suppliers<\/a><\/li>\r\n<li><a href=\"https:\/\/sinoextrud.com\/product\/aluminium-t-extrusion\/\" target=\"_blank\">Aluminium T Extrusion<\/a><\/li>\r\n<li><a href=\"https:\/\/sinoextrud.com\/product\/aluminum-extrusion-high-strength-cnc-drilling-7003-aluminum-round-pipe\/\" target=\"_blank\">Aluminum Extrusion High-strength CNC Drilling 7003 Aluminum Round Pipe<\/a><\/li>"},"feature_list":[]},"_links":{"self":[{"href":"https:\/\/sinoextrud.com\/et\/wp-json\/wp\/v2\/product\/6325","targetHints":{"allow":["GET"]}}],"collection":[{"href":"https:\/\/sinoextrud.com\/et\/wp-json\/wp\/v2\/product"}],"about":[{"href":"https:\/\/sinoextrud.com\/et\/wp-json\/wp\/v2\/types\/product"}],"wp:featuredmedia":[{"embeddable":true,"href":"https:\/\/sinoextrud.com\/et\/wp-json\/wp\/v2\/media\/6324"}],"wp:attachment":[{"href":"https:\/\/sinoextrud.com\/et\/wp-json\/wp\/v2\/media?parent=6325"}],"wp:term":[{"taxonomy":"category","embeddable":true,"href":"https:\/\/sinoextrud.com\/et\/wp-json\/wp\/v2\/categories?post=6325"}],"curies":[{"name":"wp","href":"https:\/\/api.w.org\/{rel}","templated":true}]}}