{"id":6320,"date":"2025-05-26T10:00:53","date_gmt":"2025-05-26T10:00:53","guid":{"rendered":"https:\/\/sinoextrud.com\/product\/aluminum-rectangular-extrusion\/"},"modified":"2025-06-24T06:10:42","modified_gmt":"2025-06-24T06:10:42","slug":"alumiiniumist-ristkulikukujuline-ekstrusioon","status":"publish","type":"product","link":"https:\/\/sinoextrud.com\/et\/product\/aluminum-rectangular-extrusion\/","title":{"rendered":"Alumiinium ristk\u00fclikukujuline ekstrusioon"},"content":{"rendered":"<h2>Toodete \u00fcksikasjad<\/h2>\n<table class=\"custom-table\">\n<tr>\n<td class=\"label\">Mudel nr.:<\/td>\n<td>6061 6063 6082<\/td>\n<\/tr>\n<tr>\n<td class=\"label\">Temperament:<\/td>\n<td>T3 - T8<\/td>\n<\/tr>\n<tr>\n<td class=\"label\">Pinnat\u00f6\u00f6tlus:<\/td>\n<td>Mill viimistlus, kohandatud kate saadaval.<\/td>\n<\/tr>\n<tr>\n<td class=\"label\">Sulam:<\/td>\n<td>Sulam<\/td>\n<\/tr>\n<tr>\n<td class=\"label\">Kaubam\u00e4rk:<\/td>\n<td>OEM<\/td>\n<\/tr>\n<tr>\n<td class=\"label\">P\u00e4ritolu:<\/td>\n<td>Guangdong Hiina<\/td>\n<\/tr>\n<tr>\n<td class=\"label\">Kuju:<\/td>\n<td>ruudukujuline toru<\/td>\n<\/tr>\n<tr>\n<td class=\"label\">Protsess:<\/td>\n<td>Ekstrusioon<\/td>\n<\/tr>\n<tr>\n<td class=\"label\">Taotlus:<\/td>\n<td>lennundus-, lennundus, autot\u00f6\u00f6stus, masinat\u00f6\u00f6stus, merendus- ja keemiat\u00f6\u00f6stus.<\/td>\n<\/tr>\n<tr>\n<td class=\"label\">Suurus:<\/td>\n<td>25*25 mm<\/td>\n<\/tr>\n<tr>\n<td class=\"label\">HS-kood:<\/td>\n<td>7604299000<\/td>\n<\/tr>\n<tr>\n<td class=\"label\">Seina paksus:<\/td>\n<td>1,0-1,4 mm. Kohandatud saadaval<\/td>\n<\/tr>\n<tr>\n<td class=\"label\">M\u00e4rkused:<\/td>\n<td>Konkreetseid n\u00f5udeid sulami, temperatuuri v\u00f5i spetsifikatsiooni kohta v\u00f5ib arutada teie soovil.<\/td>\n<\/tr>\n<\/table>\n<h2>Meie tootmisbaas<\/h2>\n<h3>Tehase panoraam<\/h3>\n<p><img decoding=\"async\" src=\"\/wp-content\/uploads\/factory-01.webp\"\/><\/p>\n<h3>Alumiiniumvarraste tootmise t\u00f6\u00f6koda<\/h3>\n<p><img decoding=\"async\" src=\"\/wp-content\/uploads\/factory-02.webp\"\/><\/p>\n<p><img decoding=\"async\" src=\"\/wp-content\/uploads\/factory-03.webp\"\/><\/p>\n<h3>hallituse ladustamise ladu<\/h3>\n<p><img decoding=\"async\" src=\"\/wp-content\/uploads\/factory-04.webp\"\/><\/p>\n<h3>43 alumiiniumi ekstrusiooniliini (500-5500 tonni)<\/h3>\n<p><img decoding=\"async\" src=\"\/wp-content\/uploads\/factory-05.webp\"\/><\/p>\n<p><img decoding=\"async\" src=\"\/wp-content\/uploads\/factory-06.webp\"\/><\/p>\n<p><img decoding=\"async\" src=\"\/wp-content\/uploads\/factory-07.webp\"\/><\/p>\n<h3>Pulberv\u00e4rvimise t\u00f6\u00f6koda<\/h3>\n<p><img decoding=\"async\" src=\"\/wp-content\/uploads\/factory-09.webp\"\/><\/p>\n<h3>Anodiseerimise t\u00f6\u00f6koda<\/h3>\n<p><img decoding=\"async\" src=\"\/wp-content\/uploads\/factory-10.webp\"\/><\/p>\n<h3>S\u00fcgavt\u00f6\u00f6tlemise t\u00f6\u00f6tuba<\/h3>\n<p><img decoding=\"async\" src=\"\/wp-content\/uploads\/factory-11.webp\"\/><\/p>\n<h3>CNC-t\u00e4ppist\u00f6\u00f6tlemise t\u00f6\u00f6koda<\/h3>\n<p><img decoding=\"async\" src=\"\/wp-content\/uploads\/factory-11.5.webp\"\/><\/p>\n<h3>Valmistoodete ja ekspordi ladu<\/h3>\n<p><img decoding=\"async\" src=\"\/wp-content\/uploads\/factory-12.webp\"\/><\/p>\n<p><img decoding=\"async\" src=\"\/wp-content\/uploads\/factory-13.webp\"\/><\/p>\n<p><img decoding=\"async\" src=\"\/wp-content\/uploads\/factory-14.webp\"\/><\/p>\n<h2>KKK<\/h2>\n<p><p><b>1.Mis on alumiiniumist ristk\u00fclikukujuline ekstrusioon, mida kasutatakse?<\/b><\/p>\n<p>Alumiiniumist ristk\u00fclikukujulist ekstrusiooni kasutatakse t\u00e4nu selle suurele tugevusele ja struktuurilisele t\u00f5hususele tavaliselt ehituses, raami- ja transpordisektoris ning masinates.<br \/>\n<\/p><br \/>\n<br \/>\n<p><b>2.Millised on alumiiniumi ristk\u00fclikukujulise ekstrusiooni peamised eelised?<\/b><\/p>\n<p>Alumiiniumist ristk\u00fclikukujuline ekstrusioon pakub suurep\u00e4rast tugevuse ja kaalu suhet, korrosioonikindlust ja m\u00f5\u00f5tmete t\u00e4psust mitmek\u00fclgsete t\u00f6\u00f6stuslike rakenduste jaoks.<br \/>\n<\/p><br \/>\n<br \/>\n<p><b>3.Miks valida alumiiniumist ristk\u00fclikukujulised ekstrusioonid terase asemel?<\/b><\/p>\n<p>Alumiiniumist ristk\u00fclikukujulised ekstrusioonid on kergemad, korrosioonikindlamad ja kergemini t\u00f6\u00f6deldavad kui teras, mille tulemuseks on v\u00e4iksemad paigaldus- ja hoolduskulud.<br \/>\n<\/p><br \/>\n<br \/>\n<p><b>4.Kas alumiiniumist ristk\u00fclikukujulisi ekstrusioone saab kohandada?<\/b><\/p>\n<p>Jah, alumiiniumist ristk\u00fclikukujulisi pressprofiile saab kohandada laiuse, k\u00f5rguse, seina paksuse ja pinnaviimistluse poolest, et vastata konkreetsetele projektivajadustele.<br \/>\n<\/p><br \/>\n<br \/>\n<p><b>5.Millised pinnaviimistlused on saadaval alumiiniumist ristk\u00fclikukujulisele ekstrusioonile?<\/b><\/p>\n<p>Saadaval on anodeerimine, pulberv\u00e4rvimine ja freesimine, mis suurendavad vastupidavust, korrosioonikaitset ja visuaalset atraktiivsust.<br \/>\n<\/p><br \/>\n<br \/>\n<p><b>6.Kas alumiiniumist ristk\u00fclikukujulised pressprofiilid sobivad kasutamiseks v\u00e4listingimustes?<\/b><\/p>\n<p>Jah, anodeeritud v\u00f5i kaetud viimistlusega alumiiniumist ristk\u00fclikukujulised profiilid pakuvad pikaajalist vastupidavust ilmastiku, UV-kiirguse ja keskkonnatingimuste suhtes.<br \/>\n<\/p><br \/>\n<br \/>\n<p><b>7.Kuidas toetavad alumiiniumist ristk\u00fclikukujulised pressprofiilid s\u00e4\u00e4stvat disaini?<\/b><\/p>\n<p>Alumiinium on t\u00e4ielikult taaskasutatav ja kerge, mist\u00f5ttu on ristk\u00fclikukujulised profiilid keskkonnas\u00f5bralik lahendus energiat\u00f5husate ja keskkonnateadlike projektide jaoks.<br \/>\n<\/p><br \/><\/p>","protected":false},"featured_media":6319,"template":"","categories":[60],"class_list":["post-6320","product","type-product","status-publish","has-post-thumbnail","hentry","category-general-tubes-and-bars"],"meta_box":{"hilight_text_group":{"product_hilight_text":"<li>Rectangular shape offers high strength and structural stability<\/li>\r\r\n<li>Precision-extruded for consistent dimensions and quality<\/li>\r\r\n<li>Corrosion-resistant aluminum ideal for indoor and outdoor use<\/li>\r\r\n<li>Custom sizes, lengths, and finishes available<\/li>\r\r\n<li>Suitable for construction, framing, and industrial fabrication<\/li>","product_chanpin_chanpin":"<li><a href=\"https:\/\/sinoextrud.com\/product\/aluminium-extrusion-channel-profiles\/\" target=\"_blank\">Aluminium Extrusion Channel Profiles<\/a><\/li>\r\n<li><a href=\"https:\/\/sinoextrud.com\/product\/round-aluminum-extrusion-profiles\/\" target=\"_blank\">Round Aluminum Extrusion Profiles<\/a><\/li>\r\n<li><a href=\"https:\/\/sinoextrud.com\/product\/extruded-aluminum-stock-shapes\/\" target=\"_blank\">Extruded Aluminum Stock Shapes<\/a><\/li>\r\n<li><a href=\"https:\/\/sinoextrud.com\/product\/aluminium-tube-profiles\/\" target=\"_blank\">Aluminium Tube Profiles<\/a><\/li>\r\n<li><a href=\"https:\/\/sinoextrud.com\/product\/aluminum-rectangular-extrusion\/\" target=\"_blank\">Aluminum Rectangular Extrusion<\/a><\/li>\r\n<li><a href=\"https:\/\/sinoextrud.com\/product\/aluminum-channel\/\" target=\"_blank\">Aluminum Channel<\/a><\/li>\r\n<li><a href=\"https:\/\/sinoextrud.com\/product\/square-extruded-aluminum\/\" target=\"_blank\">Square Extruded Aluminum<\/a><\/li>\r\n<li><a href=\"https:\/\/sinoextrud.com\/product\/square-tube-standard-aluminium-sections\/\" target=\"_blank\">Square Tube Standard Aluminium Sections<\/a><\/li>\r\n<li><a href=\"https:\/\/sinoextrud.com\/product\/extruded-aluminum-tubing-shapes\/\" target=\"_blank\">Extruded Aluminum Tubing Shapes<\/a><\/li>\r\n<li><a href=\"https:\/\/sinoextrud.com\/product\/aluminum-extrusion-hard-anodizing-aluminum-profiles\/\" target=\"_blank\">Aluminum Extrusion Hard Anodizing Aluminum Profiles<\/a><\/li>\r\n<li><a href=\"https:\/\/sinoextrud.com\/product\/aluminum-angle-channel-bright-polished-mirror\/\" target=\"_blank\">Aluminum Angle Channel Bright Polished Mirror<\/a><\/li>"},"feature_list":[]},"_links":{"self":[{"href":"https:\/\/sinoextrud.com\/et\/wp-json\/wp\/v2\/product\/6320","targetHints":{"allow":["GET"]}}],"collection":[{"href":"https:\/\/sinoextrud.com\/et\/wp-json\/wp\/v2\/product"}],"about":[{"href":"https:\/\/sinoextrud.com\/et\/wp-json\/wp\/v2\/types\/product"}],"wp:featuredmedia":[{"embeddable":true,"href":"https:\/\/sinoextrud.com\/et\/wp-json\/wp\/v2\/media\/6319"}],"wp:attachment":[{"href":"https:\/\/sinoextrud.com\/et\/wp-json\/wp\/v2\/media?parent=6320"}],"wp:term":[{"taxonomy":"category","embeddable":true,"href":"https:\/\/sinoextrud.com\/et\/wp-json\/wp\/v2\/categories?post=6320"}],"curies":[{"name":"wp","href":"https:\/\/api.w.org\/{rel}","templated":true}]}}