{"id":6318,"date":"2025-05-26T09:58:00","date_gmt":"2025-05-26T09:58:00","guid":{"rendered":"https:\/\/sinoextrud.com\/product\/aluminium-tube-profiles\/"},"modified":"2025-06-24T06:10:42","modified_gmt":"2025-06-24T06:10:42","slug":"alumiiniumtorude-profiilid","status":"publish","type":"product","link":"https:\/\/sinoextrud.com\/et\/product\/aluminium-tube-profiles\/","title":{"rendered":"Alumiiniumtorude profiilid"},"content":{"rendered":"<h2>Toodete \u00fcksikasjad<\/h2>\n<table class=\"custom-table\">\n<tr>\n<td class=\"label\">Mudel nr.:<\/td>\n<td>6063 Alumiiniumtoru profiilid<\/td>\n<\/tr>\n<tr>\n<td class=\"label\">Temperament:<\/td>\n<td>T3 - T8<\/td>\n<\/tr>\n<tr>\n<td class=\"label\">Pinnat\u00f6\u00f6tlus:<\/td>\n<td>anodeeritud h\u00f5be<\/td>\n<\/tr>\n<tr>\n<td class=\"label\">Sulam:<\/td>\n<td>Sulam<\/td>\n<\/tr>\n<tr>\n<td class=\"label\">T\u00fc\u00fcp:<\/td>\n<td>Alumiiniumprofiilid kaunistamiseks, lae, kardinaseina jne.<\/td>\n<\/tr>\n<tr>\n<td class=\"label\">Tehnika:<\/td>\n<td>V\u00e4ljapressitud<\/td>\n<\/tr>\n<tr>\n<td class=\"label\">Kaubam\u00e4rk:<\/td>\n<td>OEM<\/td>\n<\/tr>\n<tr>\n<td class=\"label\">P\u00e4ritolu:<\/td>\n<td>Guangdong Hiina<\/td>\n<\/tr>\n<tr>\n<td class=\"label\">Kuju:<\/td>\n<td>ristk\u00fclikukujuline ja ruudukujuline<\/td>\n<\/tr>\n<tr>\n<td class=\"label\">Sertifitseerimine:<\/td>\n<td>EN, ASTM, GB\/T<\/td>\n<\/tr>\n<tr>\n<td class=\"label\">Suurus:<\/td>\n<td>koos:10-300mm * pikkus:10-500mm<\/td>\n<\/tr>\n<tr>\n<td class=\"label\">HS-kood:<\/td>\n<td>7604299000<\/td>\n<\/tr>\n<tr>\n<td class=\"label\">Muu v\u00e4rv:<\/td>\n<td>kuldharjaga harjatud, puidunahaline.<\/td>\n<\/tr>\n<\/table>\n<h2>Meie tootmisbaas<\/h2>\n<h3>Tehase panoraam<\/h3>\n<p><img decoding=\"async\" src=\"\/wp-content\/uploads\/factory-01.webp\"\/><\/p>\n<h3>Alumiiniumvarraste tootmise t\u00f6\u00f6koda<\/h3>\n<p><img decoding=\"async\" src=\"\/wp-content\/uploads\/factory-02.webp\"\/><\/p>\n<\/p>\n<p><img decoding=\"async\" src=\"\/wp-content\/uploads\/factory-03.webp\"\/><\/p>\n<h3>hallituse ladustamise ladu<\/h3>\n<p><img decoding=\"async\" src=\"\/wp-content\/uploads\/factory-04.webp\"\/><\/p>\n<h3>43 alumiiniumi ekstrusiooniliini (500-5500 tonni)<\/h3>\n<p><img decoding=\"async\" src=\"\/wp-content\/uploads\/factory-05.webp\"\/><\/p>\n<p><img decoding=\"async\" src=\"\/wp-content\/uploads\/factory-06.webp\"\/><\/p>\n<p><img decoding=\"async\" src=\"\/wp-content\/uploads\/factory-07.webp\"\/><\/p>\n<h3>Pulberv\u00e4rvimise t\u00f6\u00f6koda<\/h3>\n<p><img decoding=\"async\" src=\"\/wp-content\/uploads\/factory-09.webp\"\/><\/p>\n<h3>Anodiseerimise t\u00f6\u00f6koda<\/h3>\n<p><img decoding=\"async\" src=\"\/wp-content\/uploads\/factory-10.webp\"\/><\/p>\n<h3>S\u00fcgavt\u00f6\u00f6tlemise t\u00f6\u00f6tuba<\/h3>\n<p><img decoding=\"async\" src=\"\/wp-content\/uploads\/factory-11.webp\"\/><\/p>\n<h3>CNC-t\u00e4ppist\u00f6\u00f6tlemise t\u00f6\u00f6koda<\/h3>\n<p><img decoding=\"async\" src=\"\/wp-content\/uploads\/factory-11.5.webp\"\/><\/p>\n<h3>Valmistoodete ja ekspordi ladu<\/h3>\n<p><img decoding=\"async\" src=\"\/wp-content\/uploads\/factory-12.webp\"\/><\/p>\n<p><img decoding=\"async\" src=\"\/wp-content\/uploads\/factory-13.webp\"\/><\/p>\n<p><img decoding=\"async\" src=\"\/wp-content\/uploads\/factory-14.webp\"\/><\/p>\n<h2>KKK<\/h2>\n<p><b>1.Milleks kasutatakse alumiiniumtorude profiile?<\/b><\/p>\n<p>Alumiiniumist toruprofiile kasutatakse laialdaselt ehitus-, auto-, m\u00f6\u00f6bli- ja t\u00f6\u00f6stusrakendustes t\u00e4nu nende kergele tugevusele ja korrosioonikindlusele.\n<\/p>\n<p><\/p>\n<p><b>2.Millised on alumiiniumtorude profiilide peamised eelised?<\/b><\/p>\n<p>Alumiiniumtorude profiilid pakuvad suurt tugevuse ja kaalu suhet, suurep\u00e4rast korrosioonikindlust ja lihtsat valmistamist nii konstruktsiooniliseks kui ka dekoratiivseks otstarbeks.\n<\/p>\n<p><\/p>\n<p><b>3.Miks valida alumiiniumist toruprofiilid terase v\u00f5i plastist variantide asemel?<\/b><\/p>\n<p>Alumiiniumist toruprofiilid on kergemad kui teras ja vastupidavamad kui plastik, pakkudes t\u00e4iuslikku tasakaalu j\u00f5udluse, kuluefektiivsuse ja pikaealisuse vahel.\n<\/p>\n<p><\/p>\n<p><b>4.Kas alumiiniumtorude profiile saab kohandada?<\/b><\/p>\n<p>Jah, alumiiniumist toruprofiile saab kohandada kuju, suuruse, seinapaksuse ja pinnaviimistluse poolest vastavalt projekti ja disaini erin\u00f5uetele.\n<\/p>\n<p><\/p>\n<p><b>5.Millised pinnaviimistlused on saadaval alumiiniumtorude profiilide puhul?<\/b><\/p>\n<p>Levinud viimistlused h\u00f5lmavad anodeerimist, pulberv\u00e4rvimist ja freesimist, mis parandavad v\u00e4limust, korrosioonikaitset ja vastupidavust.\n<\/p>\n<p><\/p>\n<p><b>6.Kas alumiiniumtorude profiilid sobivad kasutamiseks v\u00e4listingimustes?<\/b><\/p>\n<p>Jah, korraliku pinnat\u00f6\u00f6tluse korral on alumiiniumtorude profiilid suurep\u00e4rase ilmastiku- ja UV-kindlusega, mis muudab need ideaalseks kasutamiseks v\u00e4listingimustes ja meres.\n<\/p>\n<p><\/p>\n<p><b>7.Kuidas toetavad alumiiniumtorude profiilid keskkonnas\u00f5bralikku ehitust?<\/b><\/p>\n<p>Alumiinium on 100% ringlussev\u00f5etav ja energiat\u00f5husa tootmisega, mist\u00f5ttu on alumiiniumtorude profiilid s\u00e4\u00e4stev valik keskkonnas\u00e4\u00e4stlikuks ehitamiseks ja projekteerimiseks.\n<\/p>\n<p><\/p>","protected":false},"featured_media":6317,"template":"","categories":[60],"class_list":["post-6318","product","type-product","status-publish","has-post-thumbnail","hentry","category-general-tubes-and-bars"],"meta_box":{"hilight_text_group":{"product_hilight_text":"<li>Lightweight and strong, ideal for structural and architectural use<\/li>\r\r\n<li>Excellent corrosion resistance for indoor and outdoor applications<\/li>\r\r\n<li>Available in round, square, and rectangular profiles<\/li>\r\r\n<li>Customizable sizes, wall thicknesses, and surface finishes<\/li>\r\r\n<li>Easy to cut, weld, and machine for various fabrication needs<\/li>","product_chanpin_chanpin":"<li><a href=\"https:\/\/sinoextrud.com\/product\/anodized-aluminum-alloy-pipe-supplier\/\" target=\"_blank\">Anodized Aluminum Alloy Pipe Supplier<\/a><\/li>\r\n<li><a href=\"https:\/\/sinoextrud.com\/product\/aluminium-extrusion-channel-profiles\/\" target=\"_blank\">Aluminium Extrusion Channel Profiles<\/a><\/li>\r\n<li><a href=\"https:\/\/sinoextrud.com\/product\/round-aluminum-extrusion-profiles\/\" target=\"_blank\">Round Aluminum Extrusion Profiles<\/a><\/li>\r\n<li><a href=\"https:\/\/sinoextrud.com\/product\/extruded-aluminum-stock-shapes\/\" target=\"_blank\">Extruded Aluminum Stock Shapes<\/a><\/li>\r\n<li><a href=\"https:\/\/sinoextrud.com\/product\/aluminium-tube-profiles\/\" target=\"_blank\">Aluminium Tube Profiles<\/a><\/li>\r\n<li><a href=\"https:\/\/sinoextrud.com\/product\/aluminum-rectangular-extrusion\/\" target=\"_blank\">Aluminum Rectangular Extrusion<\/a><\/li>\r\n<li><a href=\"https:\/\/sinoextrud.com\/product\/aluminum-channel\/\" target=\"_blank\">Aluminum Channel<\/a><\/li>\r\n<li><a href=\"https:\/\/sinoextrud.com\/product\/square-extruded-aluminum\/\" target=\"_blank\">Square Extruded Aluminum<\/a><\/li>\r\n<li><a href=\"https:\/\/sinoextrud.com\/product\/square-tube-standard-aluminium-sections\/\" target=\"_blank\">Square Tube Standard Aluminium Sections<\/a><\/li>\r\n<li><a href=\"https:\/\/sinoextrud.com\/product\/aluminum-profile-wardrobe-hanging-rail\/\" target=\"_blank\">Aluminum Profile Wardrobe Hanging Rail<\/a><\/li>\r\n<li><a href=\"https:\/\/sinoextrud.com\/product\/aluminum-thermal-break-profile-for-window-and-door\/\" target=\"_blank\">Aluminum Thermal Break Profile for Window And Door<\/a><\/li>"},"feature_list":[]},"_links":{"self":[{"href":"https:\/\/sinoextrud.com\/et\/wp-json\/wp\/v2\/product\/6318","targetHints":{"allow":["GET"]}}],"collection":[{"href":"https:\/\/sinoextrud.com\/et\/wp-json\/wp\/v2\/product"}],"about":[{"href":"https:\/\/sinoextrud.com\/et\/wp-json\/wp\/v2\/types\/product"}],"wp:featuredmedia":[{"embeddable":true,"href":"https:\/\/sinoextrud.com\/et\/wp-json\/wp\/v2\/media\/6317"}],"wp:attachment":[{"href":"https:\/\/sinoextrud.com\/et\/wp-json\/wp\/v2\/media?parent=6318"}],"wp:term":[{"taxonomy":"category","embeddable":true,"href":"https:\/\/sinoextrud.com\/et\/wp-json\/wp\/v2\/categories?post=6318"}],"curies":[{"name":"wp","href":"https:\/\/api.w.org\/{rel}","templated":true}]}}