{"id":6316,"date":"2025-05-26T09:55:17","date_gmt":"2025-05-26T09:55:17","guid":{"rendered":"https:\/\/sinoextrud.com\/product\/extruded-aluminum-stock-shapes\/"},"modified":"2025-06-24T06:10:42","modified_gmt":"2025-06-24T06:10:42","slug":"pressitud-alumiiniumist-vormid","status":"publish","type":"product","link":"https:\/\/sinoextrud.com\/et\/product\/extruded-aluminum-stock-shapes\/","title":{"rendered":"V\u00e4ljapressitud alumiiniumist varu kujundeid"},"content":{"rendered":"<h2>Toodete \u00fcksikasjad<\/h2>\n<table class=\"custom-table\">\n<tr>\n<td class=\"label\">Punkti<\/td>\n<td>Profileeritud alumiiniumtoru, Profileeritud alumiiniumtoru, Profileeritud alumiiniumist ruudukujuline toru, Profileeritud alumiiniumist ruudukujuline toru, Profileeritud alumiiniumist varu kujundeid<\/td>\n<\/tr>\n<tr>\n<td class=\"label\">Materjal<\/td>\n<td>6000-seeria alumiinium (6063, 6061, 6463, 6082)<\/td>\n<\/tr>\n<tr>\n<td class=\"label\">Temper<\/td>\n<td>T4, T5, T6<\/td>\n<\/tr>\n<tr>\n<td class=\"label\">Suurus \/ paksus<\/td>\n<td>\u00dcldine profiilide paksus 0,8 kuni 5,0 mm v\u00f5i kohandatud, pikkus 3m-6m v\u00f5i kohandatud; anodeeritud kaitsekile paksus 8 ~ 20 um, pulberv\u00e4rvimine 40 ~ 120 um.<\/td>\n<\/tr>\n<tr>\n<td class=\"label\">Kuju<\/td>\n<td>ruudukujuline, \u00fcmmargune, ristk\u00fclikukujuline, kolmnurkne jne v\u00f5i kohandatud.<\/td>\n<\/tr>\n<tr>\n<td class=\"label\">Taotlus<\/td>\n<td>M\u00f6\u00f6bel, aknad ja uksed, dekoratsioonid, t\u00f6\u00f6stus, ehitus jne.<\/td>\n<\/tr>\n<tr>\n<td class=\"label\">Pinnat\u00f6\u00f6tlus<\/td>\n<td>pulberv\u00e4rvimine, PVDF, anodeeritud, puidumass, elektroforees, harjatud, poleerimine jne.<\/td>\n<\/tr>\n<\/table>\n<h2>Meie tootmisbaas<\/h2>\n<h3>Tehase panoraam<\/h3>\n<p><img decoding=\"async\" src=\"\/wp-content\/uploads\/factory-01.webp\"\/><\/p>\n<h3>Alumiiniumvarraste tootmise t\u00f6\u00f6koda<\/h3>\n<p><img decoding=\"async\" src=\"\/wp-content\/uploads\/factory-02.webp\"\/><\/p>\n<p><img decoding=\"async\" src=\"\/wp-content\/uploads\/factory-03.webp\"\/><\/p>\n<h3>hallituse ladustamise ladu<\/h3>\n<p><img decoding=\"async\" src=\"\/wp-content\/uploads\/factory-04.webp\"\/><\/p>\n<h3>43 alumiiniumi ekstrusiooniliini (500-5500 tonni)<\/h3>\n<p><img decoding=\"async\" src=\"\/wp-content\/uploads\/factory-05.webp\"\/><\/p>\n<p><img decoding=\"async\" src=\"\/wp-content\/uploads\/factory-06.webp\"\/><\/p>\n<p><img decoding=\"async\" src=\"\/wp-content\/uploads\/factory-07.webp\"\/><\/p>\n<h3>Pulberv\u00e4rvimise t\u00f6\u00f6koda<\/h3>\n<p><img decoding=\"async\" src=\"\/wp-content\/uploads\/factory-09.webp\"\/><\/p>\n<h3>Anodiseerimise t\u00f6\u00f6koda<\/h3>\n<p><img decoding=\"async\" src=\"\/wp-content\/uploads\/factory-10.webp\"\/><\/p>\n<h3>S\u00fcgavt\u00f6\u00f6tlemise t\u00f6\u00f6tuba<\/h3>\n<p><img decoding=\"async\" src=\"\/wp-content\/uploads\/factory-11.webp\"\/><\/p>\n<h3>CNC-t\u00e4ppist\u00f6\u00f6tlemise t\u00f6\u00f6koda<\/h3>\n<p><img decoding=\"async\" src=\"\/wp-content\/uploads\/factory-11.5.webp\"\/><\/p>\n<h3>Valmistoodete ja ekspordi ladu<\/h3>\n<p><img decoding=\"async\" src=\"\/wp-content\/uploads\/factory-12.webp\"\/><\/p>\n<p><img decoding=\"async\" src=\"\/wp-content\/uploads\/factory-13.webp\"\/><\/p>\n<p><img decoding=\"async\" src=\"\/wp-content\/uploads\/factory-14.webp\"\/><\/p>\n<h2>KKK<\/h2>\n<p><p><b>1. milleks kasutatakse pressitud alumiiniumist vormid?<\/b><\/p>\n<p>Sulatatud alumiiniumist toorikuid kasutatakse ehituses, transpordis, elektroonikas ja tootmises nende kerge tugevuse ja t\u00e4pse kuju t\u00f5ttu.<br \/>\n<\/p><br \/>\n<br \/>\n<p><b>2.Millised on pressitud alumiiniumist vormide peamised eelised?<\/b><\/p>\n<p>Pressitud alumiiniumist vormid pakuvad suurt tugevuse ja kaalu suhet, korrosioonikindlust ja disaini paindlikkust paljude rakenduste jaoks.<br \/>\n<\/p><br \/>\n<br \/>\n<p><b>3.Miks valida ekstrudeeritud alumiiniumist vormid teiste materjalide asemel?<\/b><\/p>\n<p>Alumiiniumist toorikuid on lihtsam t\u00f6\u00f6delda, nad on korrosioonikindlamad ja kergemad kui teras, mist\u00f5ttu on need ideaalsed kulut\u00f5husate ja vastupidavate konstruktsioonide jaoks.<br \/>\n<\/p><br \/>\n<br \/>\n<p><b>4.Mis t\u00fc\u00fcpi pressitud alumiiniumist vormid on saadaval?<\/b><\/p>\n<p>Tavaliste vormide hulka kuuluvad nurgad, kanalid, torud, vardad, latid ja kohandatud profiilid, mis k\u00f5ik on toodetud tihedate tolerantside ja suure j\u00e4rjepidevusega.<br \/>\n<\/p><br \/>\n<br \/>\n<p><b>5.Kas pressitud alumiiniumist varude kuju saab kohandada?<\/b><\/p>\n<p>Jah, ekstrudeeritud toormaterjali kujundeid saab kohandada sulami t\u00fc\u00fcbi, ristl\u00f5ike kujunduse, m\u00f5\u00f5tmete ja pinnaviimistluse poolest, et need vastaksid konkreetsetele n\u00f5uetele.<br \/>\n<\/p><br \/>\n<br \/>\n<p><b>6.Milliseid pinnaviimistlusi pakutakse alumiiniumist vormide jaoks?<\/b><\/p>\n<p>Viimistlused, nagu anodeerimine, pulberv\u00e4rvimine ja freesimine, parandavad korrosioonikaitset, v\u00e4limust ja kulumiskindlust.<br \/>\n<\/p><br \/>\n<br \/>\n<p><b>7.Kas pressitud alumiiniumist vormid sobivad v\u00e4lis- ja t\u00f6\u00f6stuslikuks kasutamiseks?<\/b><\/p>\n<p>Jah, pressitud alumiiniumvormid sobivad t\u00e4nu oma vastupidavusele ja ilmastikukindlatele omadustele ideaalselt nii v\u00e4lis- kui ka t\u00f6\u00f6stuskeskkondadesse.<br \/>\n<\/p><br \/>\n<br \/>\n<p><b>8.Kuidas toetavad pressitud alumiiniumist vormid s\u00e4\u00e4stvat disaini?<\/b><\/p>\n<p>Alumiinium on 100% ringlussev\u00f5etav ja kerge, mist\u00f5ttu on pressitud profiilid keskkonnas\u00f5bralik valik energiat\u00f5husate ja s\u00e4\u00e4stvate projektide jaoks.<br \/>\n<\/p><br \/><\/p>","protected":false},"featured_media":6315,"template":"","categories":[60],"class_list":["post-6316","product","type-product","status-publish","has-post-thumbnail","hentry","category-general-tubes-and-bars"],"meta_box":{"hilight_text_group":{"product_hilight_text":"<li>Wide variety of standard shapes ready for immediate use<\/li>\r\r\n<li>High dimensional accuracy from advanced extrusion processes<\/li>\r\r\n<li>Durable and lightweight for versatile industrial applications<\/li>\r\r\n<li>Available in different alloys, sizes, and surface finishes<\/li>\r\r\n<li>Supports bulk orders with fast lead times and stable supply<\/li>","product_chanpin_chanpin":"<li><a href=\"https:\/\/sinoextrud.com\/product\/aluminum-oval-tubing-with-competitive-price\/\" target=\"_blank\">Aluminum Oval Tubing With Competitive Price<\/a><\/li>\r\n<li><a href=\"https:\/\/sinoextrud.com\/product\/anodized-aluminum-alloy-pipe-supplier\/\" target=\"_blank\">Anodized Aluminum Alloy Pipe Supplier<\/a><\/li>\r\n<li><a href=\"https:\/\/sinoextrud.com\/product\/aluminium-extrusion-channel-profiles\/\" target=\"_blank\">Aluminium Extrusion Channel Profiles<\/a><\/li>\r\n<li><a href=\"https:\/\/sinoextrud.com\/product\/round-aluminum-extrusion-profiles\/\" target=\"_blank\">Round Aluminum Extrusion Profiles<\/a><\/li>\r\n<li><a href=\"https:\/\/sinoextrud.com\/product\/extruded-aluminum-stock-shapes\/\" target=\"_blank\">Extruded Aluminum Stock Shapes<\/a><\/li>\r\n<li><a href=\"https:\/\/sinoextrud.com\/product\/aluminium-tube-profiles\/\" target=\"_blank\">Aluminium Tube Profiles<\/a><\/li>\r\n<li><a href=\"https:\/\/sinoextrud.com\/product\/aluminum-rectangular-extrusion\/\" target=\"_blank\">Aluminum Rectangular Extrusion<\/a><\/li>\r\n<li><a href=\"https:\/\/sinoextrud.com\/product\/aluminum-channel\/\" target=\"_blank\">Aluminum Channel<\/a><\/li>\r\n<li><a href=\"https:\/\/sinoextrud.com\/product\/square-extruded-aluminum\/\" target=\"_blank\">Square Extruded Aluminum<\/a><\/li>\r\n<li><a href=\"https:\/\/sinoextrud.com\/product\/aluminum-profile-for-office-partition-catalog\/\" target=\"_blank\">Aluminum Profile For Office Partition Catalog<\/a><\/li>\r\n<li><a href=\"https:\/\/sinoextrud.com\/product\/aluminium-t-track-extrusions\/\" target=\"_blank\">Aluminium T Track Extrusions<\/a><\/li>"},"feature_list":[]},"_links":{"self":[{"href":"https:\/\/sinoextrud.com\/et\/wp-json\/wp\/v2\/product\/6316","targetHints":{"allow":["GET"]}}],"collection":[{"href":"https:\/\/sinoextrud.com\/et\/wp-json\/wp\/v2\/product"}],"about":[{"href":"https:\/\/sinoextrud.com\/et\/wp-json\/wp\/v2\/types\/product"}],"wp:featuredmedia":[{"embeddable":true,"href":"https:\/\/sinoextrud.com\/et\/wp-json\/wp\/v2\/media\/6315"}],"wp:attachment":[{"href":"https:\/\/sinoextrud.com\/et\/wp-json\/wp\/v2\/media?parent=6316"}],"wp:term":[{"taxonomy":"category","embeddable":true,"href":"https:\/\/sinoextrud.com\/et\/wp-json\/wp\/v2\/categories?post=6316"}],"curies":[{"name":"wp","href":"https:\/\/api.w.org\/{rel}","templated":true}]}}