{"id":6312,"date":"2025-05-26T09:45:24","date_gmt":"2025-05-26T09:45:24","guid":{"rendered":"https:\/\/sinoextrud.com\/product\/aluminium-extrusion-channel-profiles\/"},"modified":"2025-06-24T06:10:42","modified_gmt":"2025-06-24T06:10:42","slug":"alumiiniumist-ekstrusioonikanali-profiilid","status":"publish","type":"product","link":"https:\/\/sinoextrud.com\/et\/product\/aluminium-extrusion-channel-profiles\/","title":{"rendered":"Alumiiniumist ekstrusioonikanali profiilid"},"content":{"rendered":"<h2>Toodete \u00fcksikasjad<\/h2>\n<table class=\"custom-table\">\n<tr>\n<td class=\"label\">Objekt:<\/td>\n<td>Alumiiniumist ekstrusioonikanali profiilid<\/td>\n<\/tr>\n<tr>\n<td class=\"label\">Sulam:<\/td>\n<td>6063\/6061\/661\/6005\/6060\\ (Teie n\u00f5udmistel v\u00f5ib valmistada erisulamit.)<\/td>\n<\/tr>\n<tr>\n<td class=\"label\">Temperament:<\/td>\n<td>T5-T8<\/td>\n<\/tr>\n<tr>\n<td class=\"label\">Standard:<\/td>\n<td>Hiina GB k\u00f5rge t\u00e4psuse standard.<\/td>\n<\/tr>\n<tr>\n<td class=\"label\">Paksus:<\/td>\n<td>Vastavalt teie n\u00f5uetele.<\/td>\n<\/tr>\n<tr>\n<td class=\"label\">Pikkus:<\/td>\n<td>5,8m sobib laadimiseks ja tarnimiseks. Ja me saame toota mis tahes pikkust, mida soovite.<\/td>\n<\/tr>\n<tr>\n<td class=\"label\">MOQ:<\/td>\n<td>Tavaliselt 10~12 tonni 1*20GP ja 20~23 tonni 1*40HQ puhul.<\/td>\n<\/tr>\n<tr>\n<td class=\"label\">Pinna viimistlus:<\/td>\n<td>Veskiviimistlus, anodeerimine, pulberv\u00e4rvimine, puidumass, poleerimine, harjamine, elektroforees.<\/td>\n<\/tr>\n<tr>\n<td class=\"label\">Color We Can Do:<\/td>\n<td>H\u00f5be, must, valge, pronks, \u0161ampanja, roheline, hall, kuldkollane, nikkel v\u00f5i kohandatud.<\/td>\n<\/tr>\n<tr>\n<td class=\"label\">Kile paksus:<\/td>\n<td>Anodeeritud: Kohandatud. Tavaline paksus: \u22658 um.<\/td>\n<\/tr>\n<tr>\n<td class=\"label\">Pulbriga katmine:<\/td>\n<td>Kohandatud. Tavaline paksus: 40-120 um.<br \/>Elektroforeesikomplekskile: Tavaline paksus: 16 um.<br \/>Puidujoon: Kohandatud. Tavaline paksus: 60-120 um.<\/td>\n<\/tr>\n<tr>\n<td class=\"label\">Puitmaterjal:<\/td>\n<td>a). Imporditud Itaalia MENPHIS \u00fclekandetr\u00fcki paber.<br \/>b). Kvaliteetne Hiina \u00fclekandepaberi br\u00e4ndi.<br \/>c). Erinevad hinnad.<\/td>\n<\/tr>\n<tr>\n<td class=\"label\">Keemiline koostis ja j\u00f5udlus:<\/td>\n<td>T\u00e4itmine ja vastavad Hiina GB k\u00f5rge t\u00e4psuse tasemele.<\/td>\n<\/tr>\n<tr>\n<td class=\"label\">T\u00f6\u00f6tlemine:<\/td>\n<td>L\u00f5ikamine, stantsimine, puurimine, painutamine, keevitamine, veski, CNC jne.<\/td>\n<\/tr>\n<tr>\n<td class=\"label\">Pakkimine:<\/td>\n<td>1. Plastkile ja j\u00f5upaber.<br \/>2. Vajadusel on ka iga profiilit\u00fcki kaitsekile ok, kui see on vajalik.<br \/>3.catons, puitkarkass v\u00f5i kaubaalus vastavalt vajadusele<\/td>\n<\/tr>\n<\/table>\n<h2>Meie tootmisbaas<\/h2>\n<h3>Tehase panoraam<\/h3>\n<p><img decoding=\"async\" src=\"\/wp-content\/uploads\/factory-01.webp\"\/><\/p>\n<h3>Alumiiniumvarraste tootmise t\u00f6\u00f6koda<\/h3>\n<p><img decoding=\"async\" src=\"\/wp-content\/uploads\/factory-02.webp\"\/><\/p>\n<p><img decoding=\"async\" src=\"\/wp-content\/uploads\/factory-03.webp\"\/><\/p>\n<h3>hallituse ladustamise ladu<\/h3>\n<p><img decoding=\"async\" src=\"\/wp-content\/uploads\/factory-04.webp\"\/><\/p>\n<h3>43 alumiiniumi ekstrusiooniliini (500-5500 tonni)<\/h3>\n<p><img decoding=\"async\" src=\"\/wp-content\/uploads\/factory-05.webp\"\/><\/p>\n<p><img decoding=\"async\" src=\"\/wp-content\/uploads\/factory-06.webp\"\/><\/p>\n<p><img decoding=\"async\" src=\"\/wp-content\/uploads\/factory-07.webp\"\/><\/p>\n<h3>Pulberv\u00e4rvimise t\u00f6\u00f6koda<\/h3>\n<p><img decoding=\"async\" src=\"\/wp-content\/uploads\/factory-09.webp\"\/><\/p>\n<h3>Anodiseerimise t\u00f6\u00f6koda<\/h3>\n<p><img decoding=\"async\" src=\"\/wp-content\/uploads\/factory-10.webp\"\/><\/p>\n<h3>S\u00fcgavt\u00f6\u00f6tlemise t\u00f6\u00f6tuba<\/h3>\n<p><img decoding=\"async\" src=\"\/wp-content\/uploads\/factory-11.webp\"\/><\/p>\n<h3>CNC-t\u00e4ppist\u00f6\u00f6tlemise t\u00f6\u00f6koda<\/h3>\n<p><img decoding=\"async\" src=\"\/wp-content\/uploads\/factory-11.5.webp\"\/><\/p>\n<h3>Valmistoodete ja ekspordi ladu<\/h3>\n<p><img decoding=\"async\" src=\"\/wp-content\/uploads\/factory-12.webp\"\/><\/p>\n<p><img decoding=\"async\" src=\"\/wp-content\/uploads\/factory-13.webp\"\/><\/p>\n<p><img decoding=\"async\" src=\"\/wp-content\/uploads\/factory-14.webp\"\/><\/p>\n<h2>KKK<\/h2>\n<p><p><b>1.Milleks kasutatakse alumiiniumist ekstrusioonikanalite profiile?<\/b><\/p>\n<p>Alumiiniumist ekstrusioonikanalite profiile kasutatakse t\u00e4nu nende tugevusele ja mitmek\u00fclgsusele laialdaselt ehituses, raamides, LED-korpustes ja arhitektuurirakendustes.<br \/>\n<\/p><br \/>\n<br \/>\n<p><b>2.Millised on alumiiniumist pressitud kanaliprofiilide peamised eelised?<\/b><\/p>\n<p>Alumiiniumist kanaliprofiilid pakuvad kerget vastupidavust, korrosioonikindlust ja lihtsat paigaldamist, mist\u00f5ttu on need ideaalsed nii konstruktsiooniliseks kui ka dekoratiivseks kasutuseks.<br \/>\n<\/p><br \/>\n<br \/>\n<p><b>3.Miks valida alumiiniumist ekstrusioon teiste materjalide asemel kanaliprofiilide jaoks?<\/b><\/p>\n<p>Alumiiniumi ekstrusioon tagab j\u00e4rjepideva kuju, suure tugevuse ja kaalu suhte ning suurep\u00e4rase mehaanilise t\u00f6\u00f6deldavuse v\u00f5rreldes terase v\u00f5i plastiga.<br \/>\n<\/p><br \/>\n<br \/>\n<p><b>4.Kas alumiiniumist ekstrusioonikanali profiilid on kohandatavad?<\/b><\/p>\n<p>Jah, alumiiniumist kanaliprofiile saab kohandada laiuse, s\u00fcgavuse, seina paksuse ja pinnaviimistluse poolest vastavalt projekti spetsiifilistele n\u00f5uetele.<br \/>\n<\/p><br \/>\n<br \/>\n<p><b>5.Millised pinnaviimistlused on saadaval alumiiniumist kanaliprofiilidele?<\/b><\/p>\n<p>Tavalised viimistlusviisid on anodeerimine, pulberv\u00e4rvimine ja freesimine, mis parandavad v\u00e4limust, korrosioonikaitset ja kulumiskindlust.<br \/>\n<\/p><br \/>\n<br \/>\n<p><b>6.Kas alumiiniumist kanaliprofiilid sobivad v\u00e4litingimustes kasutamiseks?<\/b><\/p>\n<p>Jah, anodeeritud v\u00f5i kaetud alumiiniumist ekstrusioonikanalite profiilid pakuvad v\u00e4listingimustes kasutamiseks suurep\u00e4rast ilmastiku- ja UV-kindlust.<br \/>\n<\/p><br \/>\n<br \/>\n<p><b>7.Kuidas toetavad alumiiniumist kanaliprofiilid kaasaegset disaini ja ehitust?<\/b><\/p>\n<p>Alumiiniumist ekstrusioonikanalid tagavad elegantsed jooned, struktuurilise toe ja paindlikud disainiv\u00f5imalused, mist\u00f5ttu on need ideaalsed nii funktsionaalsete kui ka esteetiliste ehituselementide jaoks.<br \/>\n<\/p><br \/><\/p>","protected":false},"featured_media":6311,"template":"","categories":[60],"class_list":["post-6312","product","type-product","status-publish","has-post-thumbnail","hentry","category-general-tubes-and-bars"],"meta_box":{"hilight_text_group":{"product_hilight_text":"<li>Precision-extruded for consistent dimensions and structural integrity<\/li>\r\r\n<li>Available in a wide range of sizes and channel types<\/li>\r\r\n<li>Lightweight, durable, and easy to machine or fabricate<\/li>\r\r\n<li>Surface options include anodizing, powder coating, and mill finish<\/li>\r\r\n<li>Ideal for construction, framing, and industrial assembly applications<\/li>","product_chanpin_chanpin":"<li><a href=\"https:\/\/sinoextrud.com\/product\/extruded-aluminum-pipe\/\" target=\"_blank\">Extruded Aluminum Pipe<\/a><\/li>\r\n<li><a href=\"https:\/\/sinoextrud.com\/product\/large-diameter-aluminum-pipe-for-sale\/\" target=\"_blank\">Large Diameter Aluminum Pipe For Sale<\/a><\/li>\r\n<li><a href=\"https:\/\/sinoextrud.com\/product\/aluminum-oval-tubing-with-competitive-price\/\" target=\"_blank\">Aluminum Oval Tubing With Competitive Price<\/a><\/li>\r\n<li><a href=\"https:\/\/sinoextrud.com\/product\/anodized-aluminum-alloy-pipe-supplier\/\" target=\"_blank\">Anodized Aluminum Alloy Pipe Supplier<\/a><\/li>\r\n<li><a href=\"https:\/\/sinoextrud.com\/product\/aluminium-extrusion-channel-profiles\/\" target=\"_blank\">Aluminium Extrusion Channel Profiles<\/a><\/li>\r\n<li><a href=\"https:\/\/sinoextrud.com\/product\/round-aluminum-extrusion-profiles\/\" target=\"_blank\">Round Aluminum Extrusion Profiles<\/a><\/li>\r\n<li><a href=\"https:\/\/sinoextrud.com\/product\/extruded-aluminum-stock-shapes\/\" target=\"_blank\">Extruded Aluminum Stock Shapes<\/a><\/li>\r\n<li><a href=\"https:\/\/sinoextrud.com\/product\/aluminium-tube-profiles\/\" target=\"_blank\">Aluminium Tube Profiles<\/a><\/li>\r\n<li><a href=\"https:\/\/sinoextrud.com\/product\/aluminum-rectangular-extrusion\/\" target=\"_blank\">Aluminum Rectangular Extrusion<\/a><\/li>\r\n<li><a href=\"https:\/\/sinoextrud.com\/product\/aluminium-profile-lock\/\" target=\"_blank\">Aluminium Profile Lock<\/a><\/li>\r\n<li><a href=\"https:\/\/sinoextrud.com\/product\/eco-friendly-water-borne-fluorocarbon-spraying-decorative-aluminum-profile-for-outdoor-project\/\" target=\"_blank\">ECO-Friendly Water-borne Fluorocarbon Spraying Decorative Aluminum Profile For Outdoor Project<\/a><\/li>"},"feature_list":[]},"_links":{"self":[{"href":"https:\/\/sinoextrud.com\/et\/wp-json\/wp\/v2\/product\/6312","targetHints":{"allow":["GET"]}}],"collection":[{"href":"https:\/\/sinoextrud.com\/et\/wp-json\/wp\/v2\/product"}],"about":[{"href":"https:\/\/sinoextrud.com\/et\/wp-json\/wp\/v2\/types\/product"}],"wp:featuredmedia":[{"embeddable":true,"href":"https:\/\/sinoextrud.com\/et\/wp-json\/wp\/v2\/media\/6311"}],"wp:attachment":[{"href":"https:\/\/sinoextrud.com\/et\/wp-json\/wp\/v2\/media?parent=6312"}],"wp:term":[{"taxonomy":"category","embeddable":true,"href":"https:\/\/sinoextrud.com\/et\/wp-json\/wp\/v2\/categories?post=6312"}],"curies":[{"name":"wp","href":"https:\/\/api.w.org\/{rel}","templated":true}]}}