{"id":6308,"date":"2025-05-26T09:38:20","date_gmt":"2025-05-26T09:38:20","guid":{"rendered":"https:\/\/sinoextrud.com\/product\/aluminum-oval-tubing-with-competitive-price\/"},"modified":"2025-06-24T06:10:40","modified_gmt":"2025-06-24T06:10:40","slug":"alumiiniumist-ovaalsed-torud-konkurentsivoimelise-hinnaga","status":"publish","type":"product","link":"https:\/\/sinoextrud.com\/et\/product\/aluminum-oval-tubing-with-competitive-price\/","title":{"rendered":"Alumiiniumist ovaalne toru konkurentsiv\u00f5imelise hinnaga"},"content":{"rendered":"<h2>Toodete \u00fcksikasjad<\/h2>\n<table class=\"custom-table\">\n<tr>\n<td class=\"label\">Punkti<\/td>\n<td>Alumiiniumist ovaalne toru konkurentsiv\u00f5imelise hinnaga<\/td>\n<\/tr>\n<tr>\n<td class=\"label\">Materjal<\/td>\n<td>Sulam 6063 T5<\/td>\n<\/tr>\n<tr>\n<td class=\"label\">Taotlus<\/td>\n<td>Alumiiniumist ovaalsed torud ehitamiseks<\/td>\n<\/tr>\n<tr>\n<td class=\"label\">Sertifikaat<\/td>\n<td>ISO9001, ISO14001<\/td>\n<\/tr>\n<tr>\n<td class=\"label\">V\u00f5imekus<\/td>\n<td>Aastane toodang \u00fcle 60 000 tonni<\/td>\n<\/tr>\n<tr>\n<td class=\"label\">V\u00e4rv<\/td>\n<td>Kohandatud saadaval<\/td>\n<\/tr>\n<tr>\n<td class=\"label\">Pikkus<\/td>\n<td>1-9 meetrit v\u00f5i kohandatud<\/td>\n<\/tr>\n<tr>\n<td class=\"label\">Paksus<\/td>\n<td>Kohandatud<\/td>\n<\/tr>\n<tr>\n<td class=\"label\">Pinna viimistlus<\/td>\n<td>veski viimistlus, anodeerimine, pulberv\u00e4rvimine, puiduribaline \u00fclekanne, katmine jne.<\/td>\n<\/tr>\n<tr>\n<td class=\"label\">Taotlus<\/td>\n<td>akna- ja uksel\u00f5iked, k\u00e4sipuu, kardinaseinad<br \/>Laadimine , Foshani sadam<\/td>\n<\/tr>\n<tr>\n<td class=\"label\">Maksmine<\/td>\n<td>T\/T, 30% ettemaks, samas kui saldo makstakse v\u00e4lja enne tarnimist<\/td>\n<\/tr>\n<tr>\n<td class=\"label\">Pakett<\/td>\n<td>1.Inside: pakitud plastist kaitsekilega, et kaitsta iga profiili<br \/>2.V\u00e4ljaspool: pakitud veekindla k\u00e4sit\u00f6\u00f6paberiga<\/td>\n<\/tr>\n<tr>\n<td class=\"label\">Kohaletoimetamine<\/td>\n<td>25-30 p\u00e4eva p\u00e4rast ettemaksu tasumist<\/td>\n<\/tr>\n<tr>\n<td class=\"label\">J\u00e4rjekord<\/td>\n<td>1. Kinnitage joonised, pinnat\u00f6\u00f6tlus ja hind;<br \/>2. Makske vormi tasu ja me alustame vormide valmistamist;<br \/>3. Saadame teile kinnituse saamiseks proovid;<br \/>4. Tehke makse 30% tagatisraha, alustage tootmist;<\/td>\n<\/tr>\n<\/table>\n<h2>Meie tootmisbaas<\/h2>\n<h3>Tehase panoraam<\/h3>\n<p><img decoding=\"async\" src=\"\/wp-content\/uploads\/factory-01.webp\"\/><\/p>\n<h3>Alumiiniumvarraste tootmise t\u00f6\u00f6koda<\/h3>\n<p><img decoding=\"async\" src=\"\/wp-content\/uploads\/factory-02.webp\"\/><\/p>\n<p><img decoding=\"async\" src=\"\/wp-content\/uploads\/factory-03.webp\"\/><\/p>\n<h3>hallituse ladustamise ladu<\/h3>\n<p><img decoding=\"async\" src=\"\/wp-content\/uploads\/factory-04.webp\"\/><\/p>\n<h3>43 alumiiniumi ekstrusiooniliini (500-5500 tonni)<\/h3>\n<p><img decoding=\"async\" src=\"\/wp-content\/uploads\/factory-05.webp\"\/><\/p>\n<p><img decoding=\"async\" src=\"\/wp-content\/uploads\/factory-06.webp\"\/><\/p>\n<p><img decoding=\"async\" src=\"\/wp-content\/uploads\/factory-07.webp\"\/><\/p>\n<h3>Pulberv\u00e4rvimise t\u00f6\u00f6koda<\/h3>\n<p><img decoding=\"async\" src=\"\/wp-content\/uploads\/factory-09.webp\"\/><\/p>\n<h3>Anodiseerimise t\u00f6\u00f6koda<\/h3>\n<p><img decoding=\"async\" src=\"\/wp-content\/uploads\/factory-10.webp\"\/><\/p>\n<h3>S\u00fcgavt\u00f6\u00f6tlemise t\u00f6\u00f6tuba<\/h3>\n<p><img decoding=\"async\" src=\"\/wp-content\/uploads\/factory-11.webp\"\/><\/p>\n<h3>CNC-t\u00e4ppist\u00f6\u00f6tlemise t\u00f6\u00f6koda<\/h3>\n<p><img decoding=\"async\" src=\"\/wp-content\/uploads\/factory-11.5.webp\"\/><\/p>\n<h3>Valmistoodete ja ekspordi ladu<\/h3>\n<p><img decoding=\"async\" src=\"\/wp-content\/uploads\/factory-12.webp\"\/><\/p>\n<p><img decoding=\"async\" src=\"\/wp-content\/uploads\/factory-13.webp\"\/><\/p>\n<p><img decoding=\"async\" src=\"\/wp-content\/uploads\/factory-14.webp\"\/><\/p>\n<h2>KKK<\/h2>\n<p><p><b>1.Mis on alumiiniumist ovaalne torustik, mida kasutatakse?<\/b><\/p>\n<p>Alumiiniumist ovaalsed torud on tavaliselt kasutusel m\u00f6\u00f6bli-, auto-, mere- ja arhitektuurirakendustes oma unikaalse kuju, tugevuse ja kerguse t\u00f5ttu.<br \/>\n<\/p><br \/>\n<br \/>\n<p><b>2.Millised on alumiiniumist ovaalsete torude peamised eelised konkurentsiv\u00f5imelise hinnaga?<\/b><\/p>\n<p>Alumiiniumist ovaalsed torud pakuvad suurep\u00e4rast tasakaalu tugevuse, korrosioonikindluse ja kuluefektiivsuse vahel, mist\u00f5ttu on need ideaalsed nii funktsionaalseks kui ka dekoratiivseks kasutamiseks.<br \/>\n<\/p><br \/>\n<br \/>\n<p><b>3.Miks valida alumiiniumist ovaalsed torud \u00fcmmarguste v\u00f5i ruudukujuliste torude asemel?<\/b><\/p>\n<p>Alumiiniumist ovaalsed torud tagavad voolujoonelise, esteetilise v\u00e4limuse ja parema aerod\u00fcnaamika, mist\u00f5ttu sobivad need kaasaegse disaini ja j\u00f5udlusele suunatud projektidesse.<br \/>\n<\/p><br \/>\n<br \/>\n<p><b>4.Kas alumiiniumist ovaalsed torud on saadaval konkurentsiv\u00f5imelise hinnaga?<\/b><\/p>\n<p>Jah, paljud tarnijad pakuvad alumiiniumist ovaalseid torusid konkurentsiv\u00f5imeliste hindadega, s\u00e4ilitades samal ajal kvaliteetsed standardid ja kohandatavad v\u00f5imalused.<br \/>\n<\/p><br \/>\n<br \/>\n<p><b>5.Kas alumiiniumist ovaalsed torud saab kohandada konkreetsete rakenduste jaoks?<\/b><\/p>\n<p>Jah, alumiiniumist ovaalseid torusid saab kohandada suuruse, seinapaksuse, sulami ja pinnaviimistluse poolest, et need vastaksid spetsiifilistele inseneri- v\u00f5i disainin\u00f5uetele.<br \/>\n<\/p><br \/>\n<br \/>\n<p><b>6.Millised pinnaviimistlused on saadaval alumiiniumist ovaalsete torude jaoks?<\/b><\/p>\n<p>Levinud viimistlused h\u00f5lmavad anodeerimist, pulberv\u00e4rvimist ja freesimist, mis suurendavad korrosioonikindlust, vastupidavust ja visuaalset atraktiivsust.<br \/>\n<\/p><br \/>\n<br \/>\n<p><b>7.Kas alumiiniumist ovaalsed torud sobivad v\u00e4lis- v\u00f5i merekeskkondadesse?<\/b><\/p>\n<p>Jah, alumiiniumist ovaalsed torud on v\u00e4ga vastupidavad roostetamisele ja ilmastikutingimustele, mist\u00f5ttu on need ideaalsed kasutamiseks v\u00e4litingimustes ja merel, kus need on pikaajalise toimimisega.<br \/>\n<\/p><br \/><\/p>","protected":false},"featured_media":6307,"template":"","categories":[60],"class_list":["post-6308","product","type-product","status-publish","has-post-thumbnail","hentry","category-general-tubes-and-bars"],"meta_box":{"hilight_text_group":{"product_hilight_text":"<li>Unique oval shape ideal for decorative and structural applications<\/li>\r\r\n<li>Lightweight with good strength and corrosion resistance<\/li>\r\r\n<li>Offered at competitive prices for cost-effective solutions<\/li>\r\r\n<li>Available in various sizes, finishes, and wall thicknesses<\/li>\r\r\n<li>Supports OEM customization and bulk supply<\/li>","product_chanpin_chanpin":"<li><a href=\"https:\/\/sinoextrud.com\/product\/aluminum-irrigation-pipe-for-sale\/\" target=\"_blank\">Aluminum Irrigation Pipe For Sale<\/a><\/li>\r\n<li><a href=\"https:\/\/sinoextrud.com\/product\/professional-aluminium-tubing\/\" target=\"_blank\">Professional Aluminium Tubing<\/a><\/li>\r\n<li><a href=\"https:\/\/sinoextrud.com\/product\/extruded-aluminum-pipe\/\" target=\"_blank\">Extruded Aluminum Pipe<\/a><\/li>\r\n<li><a href=\"https:\/\/sinoextrud.com\/product\/large-diameter-aluminum-pipe-for-sale\/\" target=\"_blank\">Large Diameter Aluminum Pipe For Sale<\/a><\/li>\r\n<li><a href=\"https:\/\/sinoextrud.com\/product\/aluminum-oval-tubing-with-competitive-price\/\" target=\"_blank\">Aluminum Oval Tubing With Competitive Price<\/a><\/li>\r\n<li><a href=\"https:\/\/sinoextrud.com\/product\/anodized-aluminum-alloy-pipe-supplier\/\" target=\"_blank\">Anodized Aluminum Alloy Pipe Supplier<\/a><\/li>\r\n<li><a href=\"https:\/\/sinoextrud.com\/product\/aluminium-extrusion-channel-profiles\/\" target=\"_blank\">Aluminium Extrusion Channel Profiles<\/a><\/li>\r\n<li><a href=\"https:\/\/sinoextrud.com\/product\/round-aluminum-extrusion-profiles\/\" target=\"_blank\">Round Aluminum Extrusion Profiles<\/a><\/li>\r\n<li><a href=\"https:\/\/sinoextrud.com\/product\/extruded-aluminum-stock-shapes\/\" target=\"_blank\">Extruded Aluminum Stock Shapes<\/a><\/li>\r\n<li><a href=\"https:\/\/sinoextrud.com\/product\/thick-wall-large-diameter-aluminium-pipe\/\" target=\"_blank\">Thick Wall Large Diameter Aluminium Pipe<\/a><\/li>\r\n<li><a href=\"https:\/\/sinoextrud.com\/product\/aluminum-profile-t-slot-led-frame\/\" target=\"_blank\">Aluminum Profile T Slot Led Frame<\/a><\/li>"},"feature_list":[]},"_links":{"self":[{"href":"https:\/\/sinoextrud.com\/et\/wp-json\/wp\/v2\/product\/6308","targetHints":{"allow":["GET"]}}],"collection":[{"href":"https:\/\/sinoextrud.com\/et\/wp-json\/wp\/v2\/product"}],"about":[{"href":"https:\/\/sinoextrud.com\/et\/wp-json\/wp\/v2\/types\/product"}],"wp:featuredmedia":[{"embeddable":true,"href":"https:\/\/sinoextrud.com\/et\/wp-json\/wp\/v2\/media\/6307"}],"wp:attachment":[{"href":"https:\/\/sinoextrud.com\/et\/wp-json\/wp\/v2\/media?parent=6308"}],"wp:term":[{"taxonomy":"category","embeddable":true,"href":"https:\/\/sinoextrud.com\/et\/wp-json\/wp\/v2\/categories?post=6308"}],"curies":[{"name":"wp","href":"https:\/\/api.w.org\/{rel}","templated":true}]}}