{"id":6304,"date":"2025-05-26T09:26:14","date_gmt":"2025-05-26T09:26:14","guid":{"rendered":"https:\/\/sinoextrud.com\/product\/extruded-aluminum-pipe\/"},"modified":"2025-06-24T06:10:40","modified_gmt":"2025-06-24T06:10:40","slug":"pressitud-alumiiniumtoru","status":"publish","type":"product","link":"https:\/\/sinoextrud.com\/et\/product\/extruded-aluminum-pipe\/","title":{"rendered":"V\u00e4ljapressitud alumiiniumtoru"},"content":{"rendered":"<h2>Toodete \u00fcksikasjad<\/h2>\n<table class=\"custom-table\">\n<tr>\n<td class=\"label\">Pinnat\u00f6\u00f6tlus:<\/td>\n<td>Anodeeritud, puidumass, poleeritud, harjatud jne.<\/td>\n<\/tr>\n<tr>\n<td class=\"label\">Sulam:<\/td>\n<td>Sulam<\/td>\n<\/tr>\n<tr>\n<td class=\"label\">Garantii:<\/td>\n<td>Pinna v\u00e4rv on v\u00f5imeline 10 ~ 20 aastat<\/td>\n<\/tr>\n<tr>\n<td class=\"label\">Materjal:<\/td>\n<td>6063-T5, 6061-T6, 6463-T5, 7075-T6, 6082.<\/td>\n<\/tr>\n<tr>\n<td class=\"label\">Kaubam\u00e4rk:<\/td>\n<td>OEM<\/td>\n<\/tr>\n<tr>\n<td class=\"label\">Spetsifikatsioon:<\/td>\n<td>1m-9m v\u00f5i kohandatud suurus<\/td>\n<\/tr>\n<tr>\n<td class=\"label\">HS-kood:<\/td>\n<td>76042100<\/td>\n<\/tr>\n<tr>\n<td class=\"label\">Kuju:<\/td>\n<td>Ruudukujuline, \u00fcmmargune, kohandatud<\/td>\n<\/tr>\n<tr>\n<td class=\"label\">MOQ:<\/td>\n<td>200KG iga eseme kohta. Instock torud saadaval.<\/td>\n<\/tr>\n<\/table>\n<h2>Meie tootmisbaas<\/h2>\n<h3>Tehase panoraam<\/h3>\n<p><img decoding=\"async\" src=\"\/wp-content\/uploads\/factory-01.webp\"\/><\/p>\n<h3>Alumiiniumvarraste tootmise t\u00f6\u00f6koda<\/h3>\n<p><img decoding=\"async\" src=\"\/wp-content\/uploads\/factory-02.webp\"\/><\/p>\n<p><img decoding=\"async\" src=\"\/wp-content\/uploads\/factory-03.webp\"\/><\/p>\n<h3>hallituse ladustamise ladu<\/h3>\n<p><img decoding=\"async\" src=\"\/wp-content\/uploads\/factory-04.webp\"\/><\/p>\n<h3>43 alumiiniumi ekstrusiooniliini (500-5500 tonni)<\/h3>\n<p><img decoding=\"async\" src=\"\/wp-content\/uploads\/factory-05.webp\"\/><\/p>\n<p><img decoding=\"async\" src=\"\/wp-content\/uploads\/factory-06.webp\"\/><\/p>\n<p><img decoding=\"async\" src=\"\/wp-content\/uploads\/factory-07.webp\"\/><\/p>\n<h3>Pulberv\u00e4rvimise t\u00f6\u00f6koda<\/h3>\n<p><img decoding=\"async\" src=\"\/wp-content\/uploads\/factory-09.webp\"\/><\/p>\n<h3>Anodiseerimise t\u00f6\u00f6koda<\/h3>\n<p><img decoding=\"async\" src=\"\/wp-content\/uploads\/factory-10.webp\"\/><\/p>\n<h3>S\u00fcgavt\u00f6\u00f6tlemise t\u00f6\u00f6tuba<\/h3>\n<p><img decoding=\"async\" src=\"\/wp-content\/uploads\/factory-11.webp\"\/><\/p>\n<h3>CNC-t\u00e4ppist\u00f6\u00f6tlemise t\u00f6\u00f6koda<\/h3>\n<p><img decoding=\"async\" src=\"\/wp-content\/uploads\/factory-11.5.webp\"\/><\/p>\n<h3>Valmistoodete ja ekspordi ladu<\/h3>\n<p><img decoding=\"async\" src=\"\/wp-content\/uploads\/factory-12.webp\"\/><\/p>\n<p><img decoding=\"async\" src=\"\/wp-content\/uploads\/factory-13.webp\"\/><\/p>\n<p><img decoding=\"async\" src=\"\/wp-content\/uploads\/factory-14.webp\"\/><\/p>\n<h2>KKK<\/h2>\n<p><p><b>1.Milleks kasutatakse pressitud alumiiniumtorusid?<\/b><\/p>\n<p>Pressitud alumiiniumtorusid kasutatakse tavaliselt ehituses, autot\u00f6\u00f6stuses, lennunduses ja merenduses t\u00e4nu nende tugevusele, kergusele ja korrosioonikindlusele.<br \/>\n<\/p><br \/>\n<br \/>\n<p><b>2.Millised on pressitud alumiiniumtorude peamised eelised?<\/b><\/p>\n<p>Pressitud alumiiniumtoru pakub suurt tugevuse ja kaalu suhet, suurep\u00e4rast korrosioonikindlust ja t\u00e4pseid m\u00f5\u00f5tmeid, mis tagavad usaldusv\u00e4\u00e4rse toimimise.<br \/>\n<\/p><br \/>\n<br \/>\n<p><b>3.Miks valida ekstrudeeritud alumiiniumtoru keevitatud v\u00f5i valatud alternatiivide asemel?<\/b><\/p>\n<p>Sulatatud alumiiniumtorud pakuvad \u00fchtlast ristl\u00f5iku, siledamat pinnaviimistlust ja paremaid mehaanilisi omadusi v\u00f5rreldes keevitatud v\u00f5i valatud torudega.<br \/>\n<\/p><br \/>\n<br \/>\n<p><b>4.Kas pressitud alumiiniumtorusid saab kohandada konkreetsete rakenduste jaoks?<\/b><\/p>\n<p>Jah, pressitud alumiiniumtorusid saab kohandada l\u00e4bim\u00f5\u00f5du, seinapaksuse ja pikkuse poolest vastavalt teie projekti v\u00f5i t\u00f6\u00f6stusharu t\u00e4psetele vajadustele.<br \/>\n<\/p><br \/>\n<br \/>\n<p><b>5.Milline pinnat\u00f6\u00f6tlus on saadaval pressitud alumiiniumtorude jaoks?<\/b><\/p>\n<p>Saadaval on anodeerimine, pulberv\u00e4rvimine ja freesimine, mis suurendavad korrosioonikindlust, vastupidavust ja v\u00e4limust.<br \/>\n<\/p><br \/>\n<br \/>\n<p><b>6.Kas pressitud alumiiniumtorud sobivad v\u00e4litingimustes kasutamiseks?<\/b><\/p>\n<p>Jah, korraliku pinnat\u00f6\u00f6tluse korral toimivad pressitud alumiiniumtorud erakordselt h\u00e4sti v\u00e4litingimustes ja karmides tingimustes.<br \/>\n<\/p><br \/>\n<br \/>\n<p><b>7.Kuidas parandab ekstrusioon alumiiniumtorude kvaliteeti?<\/b><\/p>\n<p>Ekstrusiooniprotsess tagab \u00fchtlased m\u00f5\u00f5tmed, parema tugevuse ja \u00f5mblusteta pinna, mist\u00f5ttu on pressitud alumiiniumtoru ideaalne k\u00f5rgtehnoloogiliste rakenduste jaoks.<br \/>\n<\/p><br \/><\/p>","protected":false},"featured_media":6303,"template":"","categories":[60],"class_list":["post-6304","product","type-product","status-publish","has-post-thumbnail","hentry","category-general-tubes-and-bars"],"meta_box":{"hilight_text_group":{"product_hilight_text":"<li>High-precision extrusion ensures consistent dimensions and smooth surface<\/li>\r\r\n<li>Lightweight yet durable, ideal for structural and fluid transport applications<\/li>\r\r\n<li>Excellent corrosion resistance for indoor and outdoor use<\/li>\r\r\n<li>Available in various sizes, wall thicknesses, and alloys<\/li>\r\r\n<li>Supports custom fabrication and bulk supply for industrial projects<\/li>","product_chanpin_chanpin":"<li><a href=\"https:\/\/sinoextrud.com\/product\/aluminium-hollow-tube\/\" target=\"_blank\">Aluminium Hollow Tube<\/a><\/li>\r\n<li><a href=\"https:\/\/sinoextrud.com\/product\/customized-6063-extruded-aluminum-flat-bar\/\" target=\"_blank\">Customized 6063 Extruded Aluminum Flat Bar<\/a><\/li>\r\n<li><a href=\"https:\/\/sinoextrud.com\/product\/aluminum-irrigation-pipe-for-sale\/\" target=\"_blank\">Aluminum Irrigation Pipe For Sale<\/a><\/li>\r\n<li><a href=\"https:\/\/sinoextrud.com\/product\/professional-aluminium-tubing\/\" target=\"_blank\">Professional Aluminium Tubing<\/a><\/li>\r\n<li><a href=\"https:\/\/sinoextrud.com\/product\/extruded-aluminum-pipe\/\" target=\"_blank\">Extruded Aluminum Pipe<\/a><\/li>\r\n<li><a href=\"https:\/\/sinoextrud.com\/product\/large-diameter-aluminum-pipe-for-sale\/\" target=\"_blank\">Large Diameter Aluminum Pipe For Sale<\/a><\/li>\r\n<li><a href=\"https:\/\/sinoextrud.com\/product\/aluminum-oval-tubing-with-competitive-price\/\" target=\"_blank\">Aluminum Oval Tubing With Competitive Price<\/a><\/li>\r\n<li><a href=\"https:\/\/sinoextrud.com\/product\/anodized-aluminum-alloy-pipe-supplier\/\" target=\"_blank\">Anodized Aluminum Alloy Pipe Supplier<\/a><\/li>\r\n<li><a href=\"https:\/\/sinoextrud.com\/product\/aluminium-extrusion-channel-profiles\/\" target=\"_blank\">Aluminium Extrusion Channel Profiles<\/a><\/li>\r\n<li><a href=\"https:\/\/sinoextrud.com\/product\/types-of-aluminum-profiles\/\" target=\"_blank\">Types Of Aluminum Profiles<\/a><\/li>\r\n<li><a href=\"https:\/\/sinoextrud.com\/product\/aluminum-profile-doors\/\" target=\"_blank\">Aluminum Profile Doors<\/a><\/li>"},"feature_list":[]},"_links":{"self":[{"href":"https:\/\/sinoextrud.com\/et\/wp-json\/wp\/v2\/product\/6304","targetHints":{"allow":["GET"]}}],"collection":[{"href":"https:\/\/sinoextrud.com\/et\/wp-json\/wp\/v2\/product"}],"about":[{"href":"https:\/\/sinoextrud.com\/et\/wp-json\/wp\/v2\/types\/product"}],"wp:featuredmedia":[{"embeddable":true,"href":"https:\/\/sinoextrud.com\/et\/wp-json\/wp\/v2\/media\/6303"}],"wp:attachment":[{"href":"https:\/\/sinoextrud.com\/et\/wp-json\/wp\/v2\/media?parent=6304"}],"wp:term":[{"taxonomy":"category","embeddable":true,"href":"https:\/\/sinoextrud.com\/et\/wp-json\/wp\/v2\/categories?post=6304"}],"curies":[{"name":"wp","href":"https:\/\/api.w.org\/{rel}","templated":true}]}}